{"id":18312,"date":"2026-03-18T22:38:50","date_gmt":"2026-03-18T21:38:50","guid":{"rendered":"https:\/\/gltestm.webology.pl\/produkt\/lucznik-tg-2018-elektrogrill\/"},"modified":"2026-03-22T21:52:01","modified_gmt":"2026-03-22T20:52:01","slug":"lucznik-tg-2018-elektrogrill","status":"publish","type":"product","link":"https:\/\/gltestm.webology.pl\/de\/produkt\/lucznik-tg-2018-elektrogrill\/","title":{"rendered":"Lucznik TG-2018 Elektrogrill"},"content":{"rendered":"<h2>Grillen bei jedem Wetter<\/h2>\n<p>Grillen muss nicht nur im Fr\u00fchling und Sommer und nur im Freien sein! Archer erweitert dieses Mal die kulinarischen M\u00f6glichkeiten mit der Einf\u00fchrung des <strong>TG-2018 Elektrogrills. <\/strong>Wenn Sie schon immer davon getr\u00e4umt haben, das ganze Jahr \u00fcber im Sommer zu grillen ( ), k\u00f6nnen Sie sich diesen Traum nun endlich erf\u00fcllen. Unser <strong>Elektrogrill <\/strong>ist sowohl f\u00fcr den Innen- als auch f\u00fcr den Au\u00dfenbereich geeignet, sofern Sie die M\u00f6glichkeit haben, ihn an eine Stromquelle anzuschlie\u00dfen. Von nun an k\u00f6nnen Sie sich in der K\u00fcche deutlich abheben, indem Sie Ihren G\u00e4sten unglaublich leckere Gerichte servieren, die Sie nicht jeden Tag essen. Die Freude und der Dank Ihrer G\u00e4ste sind Ihnen gewiss.<\/p>\n<p><img fetchpriority=\"high\" decoding=\"async\" src=\"\/data\/include\/cms\/.product\/5\/9\/795\/1.jpg\" alt=\"grill elektryczny 1600 W\" width=\"768\" height=\"480\" \/><\/p>\n<h2>Wichtigste Merkmale<\/h2>\n<ul>\n<li>1600 W Leistung<\/li>\n<li>Stufenlos einstellbare Temperaturregelung 120\u00b0C &#8211; 220\u00b0C<\/li>\n<li>Zwei Kochplatten<\/li>\n<li>M\u00f6glichkeit, den Grill flach zu legen (180o)<\/li>\n<li>Doppelte Teflonbeschichtung<\/li>\n<li>Leichte Reinigung<\/li>\n<li>Vorw\u00e4rm-Indikator<\/li>\n<li>24-monatige Garantie<\/li>\n<\/ul>\n<h2>Einstellbare Temperaturregelung f\u00fcr perfektes Braten von Speisen<\/h2>\n<p>Der<strong>ElektrogrillTG-2018 verf\u00fcgt \u00fcber einen einstellbaren Thermostat, der <\/strong>perfekte Ergebnisse und eine gro\u00dfe Auswahl an M\u00f6glichkeiten bei der Zubereitung von Speisen gew\u00e4hrleistet. Der gro\u00dfe Temperaturbereich (von 120\u00b0C bis 220\u00b0C) erm\u00f6glicht es Ihnen, f\u00fcr jede Zutat die richtige Temperatur zu w\u00e4hlen, und garantiert so erstaunliche Ergebnisse f\u00fcr jedes Gericht. Sie m\u00fcssen nicht mehr blind <strong>grillen <\/strong>. Jetzt m\u00fcssen Sie nur noch wissen oder lernen, bei welcher Temperatur und wie lange ein Gericht am besten gegart wird, damit es Sie mit seinem wunderbaren Geschmack und Aroma verzaubert.<\/p>\n<p><img decoding=\"async\" src=\"\/data\/include\/cms\/.product\/5\/9\/795\/2.jpg\" alt=\"grill elektryczny 1600 W\" width=\"768\" height=\"480\" \/><\/p>\n<h2>Zum richtigen Zeitpunkt mit dem Grillen beginnen<\/h2>\n<p><strong>Die Bereitschaftsanzeige des<\/strong> Ger\u00e4ts zeigt Ihnen an, wann der Grill die h\u00f6chste Temperatur erreicht hat, und sorgt daf\u00fcr, dass Sie den perfekten Moment nicht verpassen, um Ihr Essen genau so zu braten, wie Sie es m\u00f6gen! Von nun an wird jede Wurst, jedes Filet oder jede andere K\u00f6stlichkeit genau den<strong> wunderbaren Geschmack<\/strong> haben, den Sie lieben. Und das gilt jedes Mal.<\/p>\n<h2><strong>Flach zusammenklappbare <\/strong><strong>Kochplatten<\/strong><\/h2>\n<p><strong>DerElektrogrill<\/strong> verf\u00fcgt \u00fcber <strong>zwei<\/strong> Kochplatten mit einer Gesamtfl\u00e4che von 0,1 m2.  Durch die M\u00f6glichkeit, den <strong>Grill<\/strong> in einem Winkel von 180\u00b0 zu \u00f6ffnen, k\u00f6nnen Sie die Fl\u00e4che f\u00fcr die Zubereitung von Speisen mit einer H\u00f6chsttemperatur von bis zu 160\u00b0 C vergr\u00f6\u00dfern. <\/p>\n<p>Die sehr<strong>hei\u00dfe Platte des Elektrogrills<\/strong> erm\u00f6glicht die Zubereitung von saftigen und geschmackvollen Gerichten. Sobald das Grillgut die Oberfl\u00e4che des <strong>Grills<\/strong> ber\u00fchrt, beginnt es zu brutzeln und zu br\u00e4unen, wodurch eine k\u00f6stliche, knusprige Kruste entsteht, die den gesamten Geschmack und das Aroma im Inneren bewahrt. So kann Ihr Gaumen<strong> den ausgepr\u00e4gten Geschmack der<\/strong> Speisen genie\u00dfen.<\/p>\n<p><img decoding=\"async\" src=\"\/data\/include\/cms\/.product\/5\/9\/795\/3.jpg\" alt=\"grill elektryczny 1600 W\" width=\"768\" height=\"480\" \/><\/p>\n<h2>Sauber und antihaftbeschichtet dank der doppelten Teflonbeschichtung<\/h2>\n<p>Anstelle eines Grillrosts ist der <strong>Elektrogrill<\/strong> mit <strong>einer doppelschichtigen Teflon-Antihaftplatte<\/strong> ausgestattet, die sich leicht reinigen l\u00e4sst. Das Fett kondensiert nicht in der Heizung, sondern in speziellen Rinnen. Dank seines Designs bietet er au\u00dferdem eine gro\u00dfe Kochfl\u00e4che und ist gleichzeitig leicht zu reinigen. Sie m\u00fcssen nicht mehr viel Zeit f\u00fcr die Reinigung <strong>des Gr<\/strong>ills aufwenden. Im Vergleich zu einem gew\u00f6hnlichen <strong>Grill<\/strong> k\u00f6nnen Sie unseren <strong>Elektrogrill <\/strong>viel schneller und einfacher reinigen.<\/p>\n","protected":false},"excerpt":{"rendered":"<p>Eklektischer Grill mit einer Leistung von 1600 Watt. Temperaturregelung, flach zusammenklappbare Platten und doppelte Teflonbeschichtung, die das Anhaften von Speisen verhindert.<\/p>\n","protected":false},"featured_media":15768,"comment_status":"open","ping_status":"closed","template":"","meta":[],"product_brand":[],"product_cat":[585],"product_tag":[],"class_list":{"0":"post-18312","1":"product","2":"type-product","3":"status-publish","4":"has-post-thumbnail","6":"product_cat-tostery-i-opiekacze","8":"first","9":"instock","10":"taxable","11":"shipping-taxable","12":"product-type-simple"},"_links":{"self":[{"href":"https:\/\/gltestm.webology.pl\/de\/wp-json\/wp\/v2\/product\/18312","targetHints":{"allow":["GET"]}}],"collection":[{"href":"https:\/\/gltestm.webology.pl\/de\/wp-json\/wp\/v2\/product"}],"about":[{"href":"https:\/\/gltestm.webology.pl\/de\/wp-json\/wp\/v2\/types\/product"}],"replies":[{"embeddable":true,"href":"https:\/\/gltestm.webology.pl\/de\/wp-json\/wp\/v2\/comments?post=18312"}],"version-history":[{"count":0,"href":"https:\/\/gltestm.webology.pl\/de\/wp-json\/wp\/v2\/product\/18312\/revisions"}],"wp:featuredmedia":[{"embeddable":true,"href":"https:\/\/gltestm.webology.pl\/de\/wp-json\/wp\/v2\/media\/15768"}],"wp:attachment":[{"href":"https:\/\/gltestm.webology.pl\/de\/wp-json\/wp\/v2\/media?parent=18312"}],"wp:term":[{"taxonomy":"product_brand","embeddable":true,"href":"https:\/\/gltestm.webology.pl\/de\/wp-json\/wp\/v2\/product_brand?post=18312"},{"taxonomy":"product_cat","embeddable":true,"href":"https:\/\/gltestm.webology.pl\/de\/wp-json\/wp\/v2\/product_cat?post=18312"},{"taxonomy":"product_tag","embeddable":true,"href":"https:\/\/gltestm.webology.pl\/de\/wp-json\/wp\/v2\/product_tag?post=18312"}],"curies":[{"name":"wp","href":"https:\/\/api.w.org\/{rel}","templated":true}]}}