{"id":18296,"date":"2026-03-18T22:38:48","date_gmt":"2026-03-18T21:38:48","guid":{"rendered":"https:\/\/gltestm.webology.pl\/produkt\/elektrische-fussfeile-at-15\/"},"modified":"2026-03-22T21:48:47","modified_gmt":"2026-03-22T20:48:47","slug":"elektrische-fussfeile-at-15","status":"publish","type":"product","link":"https:\/\/gltestm.webology.pl\/de\/produkt\/elektrische-fussfeile-at-15\/","title":{"rendered":"Elektrische Fu\u00dffeile AT-15"},"content":{"rendered":"<h2><strong>Elektrische Fu\u00dffeile AT-15<\/strong><\/h2>\n<p>Gepflegte F\u00fc\u00dfe, die in Sommersandalen sch\u00f6n aussehen, sind ein Attribut jeder eleganten Frau. <strong>Die AT-15 Fu\u00dffeile<\/strong> erleichtert die Pedik\u00fcre zu Hause erheblich. Die schnellen Rotationen erm\u00f6glichen ein m\u00fcheloses, komfortables Peeling, \u00e4hnlich wie bei der Reinigung der Haut in einem professionellen Sch\u00f6nheitssalon. Die speziellen Peelingspitzen entfernen effektiv abgestorbene Haut, machen die Haut samtig glatt und bereiten sie auf weitere Hautpflegema\u00dfnahmen vor.<\/p>\n<p>Die<strong>AT-15-Fu\u00dffeile<\/strong> eignet sich auch sehr gut f\u00fcr die Behandlung verschiedener Arten von Fersenbeschwerden &#8211; nur wenige Minuten pro Tag machen Ihre F\u00fc\u00dfe so glatt und weich wie nie zuvor.<\/p>\n<h2>Detaillierte Informationen \u00fcber das Produkt<\/h2>\n<p><strong>Die elektrische Fu\u00dffeile AT-15 <\/strong>ist eine revolution\u00e4re und schnelle Methode zur Entfernung von verh\u00e4rteter Epidermis dank ihrer <strong>mit Mikroperlen besetzten Rollen<\/strong>, die <strong>sich bis zu 30 Mal pro Sekunde drehen. <\/strong>Dar\u00fcber hinaus ist es eine sehr sichere Methode, da sie die F\u00fc\u00dfe nicht verletzt, im Gegensatz zu <strong>Metalls\u00e4gen <\/strong>oder anderen Ger\u00e4ten. <strong>Die AT-15 Fu\u00dffeile<\/strong> hat eine bequeme, ergonomische Form und eine wiederaufladbare Stromversorgung, die f\u00fcr <strong>30 Minuten<\/strong> Dauerbetrieb des Ger\u00e4ts ausreicht. Wenn der <span>Akku leer ist, kann die Feile \u00fcber ein Kabel mit Strom versorgt werden. Wir empfehlen, die Feile nach dem Gebrauch an das Ladeger\u00e4t anzuschlie\u00dfen, um sie vollst\u00e4ndig aufzuladen.<\/span><\/p>\n<p>Bei regelm\u00e4\u00dfiger Anwendung sorgt die Feile f\u00fcr ein<strong> perfektes Aussehen<\/strong> Ihrer <strong>F\u00fc\u00dfe<\/strong>, so dass Sie sie ohne Bedenken am Strand oder im Schwimmbad pr\u00e4sentieren k\u00f6nnen. Im Lieferumfang enthalten sind ein Ladeger\u00e4t, eine B\u00fcrste zum Reinigen der Rollen und <a href=\"https:\/\/galerialucznik.pl\/product-pol-377-Wymienne-rolki-do-pilnika-do-stop-AT14A-i-AT15.html\" target=\"_blank\" rel=\"noopener\"><strong>zwei austauschbare Rollen<\/strong><\/a>, die unter Wasser gereinigt werden k\u00f6nnen.<\/p>\n<h2>24-monatige Produktgarantie<\/h2>\n<p>Die<strong>elektrische Fu\u00dffeile AT-15<\/strong> wird mit einer <strong>24-monatigen Garantie<\/strong> und einer <strong>Bedienungsanleitung in polnischer<\/strong> Sprache geliefert, die Sie vor der ersten Benutzung des Ger\u00e4ts lesen sollten.<\/p>\n","protected":false},"excerpt":{"rendered":"<p>Die AT15-Fu\u00dffeile hat eine bequeme ergonomische Form und ist mit einem wiederaufladbaren Netzteil ausgestattet.<\/p>\n","protected":false},"featured_media":14508,"comment_status":"open","ping_status":"closed","template":"","meta":[],"product_brand":[],"product_cat":[690],"product_tag":[],"class_list":{"0":"post-18296","1":"product","2":"type-product","3":"status-publish","4":"has-post-thumbnail","6":"product_cat-pilniki-i-frezarki-do-stop","8":"first","9":"instock","10":"taxable","11":"shipping-taxable","12":"product-type-simple"},"_links":{"self":[{"href":"https:\/\/gltestm.webology.pl\/de\/wp-json\/wp\/v2\/product\/18296","targetHints":{"allow":["GET"]}}],"collection":[{"href":"https:\/\/gltestm.webology.pl\/de\/wp-json\/wp\/v2\/product"}],"about":[{"href":"https:\/\/gltestm.webology.pl\/de\/wp-json\/wp\/v2\/types\/product"}],"replies":[{"embeddable":true,"href":"https:\/\/gltestm.webology.pl\/de\/wp-json\/wp\/v2\/comments?post=18296"}],"version-history":[{"count":0,"href":"https:\/\/gltestm.webology.pl\/de\/wp-json\/wp\/v2\/product\/18296\/revisions"}],"wp:featuredmedia":[{"embeddable":true,"href":"https:\/\/gltestm.webology.pl\/de\/wp-json\/wp\/v2\/media\/14508"}],"wp:attachment":[{"href":"https:\/\/gltestm.webology.pl\/de\/wp-json\/wp\/v2\/media?parent=18296"}],"wp:term":[{"taxonomy":"product_brand","embeddable":true,"href":"https:\/\/gltestm.webology.pl\/de\/wp-json\/wp\/v2\/product_brand?post=18296"},{"taxonomy":"product_cat","embeddable":true,"href":"https:\/\/gltestm.webology.pl\/de\/wp-json\/wp\/v2\/product_cat?post=18296"},{"taxonomy":"product_tag","embeddable":true,"href":"https:\/\/gltestm.webology.pl\/de\/wp-json\/wp\/v2\/product_tag?post=18296"}],"curies":[{"name":"wp","href":"https:\/\/api.w.org\/{rel}","templated":true}]}}