{"id":18284,"date":"2026-03-18T22:38:46","date_gmt":"2026-03-18T21:38:46","guid":{"rendered":"https:\/\/gltestm.webology.pl\/produkt\/lucznik-bl-566-bechermixer-2\/"},"modified":"2026-03-22T21:39:07","modified_gmt":"2026-03-22T20:39:07","slug":"lucznik-bl-566-bechermixer-2","status":"publish","type":"product","link":"https:\/\/gltestm.webology.pl\/de\/produkt\/lucznik-bl-566-bechermixer-2\/","title":{"rendered":"Lucznik BL-566 Bechermixer"},"content":{"rendered":"<h2>Lucznik BL-566 Bechermixer<\/h2>\n<p>M\u00f6gen Sie Gem\u00fcse- und Fruchtsmoothies, sowie Suppen-Cremes? Wenn Sie bisher noch keine Gelegenheit hatten, sie selbst zu machen, haben Sie jetzt die M\u00f6glichkeit dazu. Mit <strong>dem BL-566 Bechermixer <\/strong>k\u00f6nnen Sie k\u00f6stliche Smoothies und Suppencremes zubereiten. Die einzige Einschr\u00e4nkung ist Ihre Fantasie. W\u00e4hlen Sie einfach die Gem\u00fcse- und Obstsorten aus, die Ihnen zusagen, und <strong>der Mixer <\/strong>\u00fcbernimmt den gr\u00f6\u00dften Teil der Arbeit f\u00fcr Sie.<\/p>\n<h2>Die wichtigsten Merkmale des BL-566 Mixers<\/h2>\n<ul>\n<li><strong>Betriebsarten: <\/strong>normal, <strong>turbo<\/strong>, <strong>pulse<\/strong><\/li>\n<li><strong>Design:<\/strong> Kunststoff, <strong>Edelstahl,<\/strong> Metall,<strong> geh\u00e4rtetes Glas<\/strong><\/li>\n<li><strong>Fassungsverm\u00f6gen des Mixerbeh\u00e4lters:<\/strong>  1<strong>,5 l<\/strong><\/li>\n<li><strong>Hintergrundbeleuchtung: <\/strong>ja, LED<\/li>\n<li><strong>Maximale Leistung:<\/strong> 500 W<\/li>\n<li><strong>Farbe: <\/strong>Stahl und schwarz<\/li>\n<li><strong>Gewicht des Ger\u00e4ts: <\/strong>3000 g<\/li>\n<li><strong>Stromanschluss: <\/strong>220-240 V ~50 HZ<\/li>\n<li><strong>Material der Schale: <\/strong>geh\u00e4rtetes Glas<\/li>\n<\/ul>\n<h2>Gesundheitliche Vorteile<\/h2>\n<p>Der<strong>Mixer<\/strong> ist auch ein Synonym f\u00fcr eine <strong>gesunde Ern\u00e4hrung<\/strong>. Dank ihm k\u00f6nnen Sie sich um Ihre <strong>Gesundheit <\/strong>und <strong>Sch\u00f6nheit<\/strong> k\u00fcmmern. In nur wenigen Minuten k\u00f6nnen Sie eine schmackhafte und vor allem leicht zu verzehrende Mahlzeit zubereiten, die reich an<strong> Vitaminen und Mineralien<\/strong> ist. Dies wird sich in verschiedenen <strong>gesundheitlichen Vorteilen<\/strong> niederschlagen, wie z. B. der <strong>Reinigung des K\u00f6rpers von<\/strong> Giftstoffen, der <strong>Gewichtsabnahme<\/strong> und der Steigerung der Energie. Je nachdem, welche <strong>Gem\u00fcse-<\/strong> oder <strong>Obstsorten <\/strong>Sie f\u00fcr Ihre <strong>schmackhafte Mahlzeit<\/strong> ausw\u00e4hlen, k\u00f6nnen Sie von den folgenden Vorteilen profitieren.<\/p>\n<h2>Drei Mixer-Modi<\/h2>\n<p><strong>Der<\/strong> Standmixer hat eine <strong>Leistung von 500 Watt<\/strong> und arbeitet in<strong> drei Modi<\/strong>: Standard, Turbo und Puls. Mit diesen<strong> drei Modi<\/strong> ist dieser <strong>Mixer<\/strong> ideal f\u00fcr die Zubereitung von Frucht- und Milch-Smoothies, zum Crushen von Eis oder zum Mixen von Suppen und Cremes.<\/p>\n<h2>Langlebig und leicht zu reinigen<\/h2>\n<p>Das Geh\u00e4use des <strong>Mixers<\/strong> ist aus Edelstahl gefertigt, was nicht nur <strong>Langlebigkeit und einfache Reinigung<\/strong> garantiert, sondern auch ein ansprechendes, modernes Aussehen. Der <strong>Mixerbeh\u00e4lter <\/strong>mit einem Fassungsverm\u00f6gen von 1,5 l ist aus dickem, <strong>geh\u00e4rtetem Glas<\/strong> gefertigt <strong>.<\/strong><\/p>\n<h2>Intuitive Bedienung und Sicherheit<\/h2>\n<p>Die Bedienung des Ger\u00e4ts ist einfach und intuitiv und erfolgt \u00fcber einen mechanischen Drehknopf<strong> mit LED-Hintergrundbeleuchtung. <\/strong>Das Ger\u00e4t verf\u00fcgt \u00fcber eine <strong>Sicherheitsfunktion<\/strong>, die es nicht erlaubt, die Messer einzuschalten, ohne die Tasse anzuschlie\u00dfen. So m\u00fcssen Sie nicht bef\u00fcrchten, dass das Ger\u00e4t versehentlich von Kindern in Betrieb genommen wird.<\/p>\n<h2>24-monatige Garantie<\/h2>\n<p><strong>Der BL-566 Bechermixer<\/strong> wird mit einer <strong>24-monatigen Garantie<\/strong> und einer Anleitung in polnischer Sprache geliefert, die Sie vor der Benutzung des Ger\u00e4ts lesen sollten.<\/p>\n","protected":false},"excerpt":{"rendered":"<p>K\u00fcchenmixer mit einem Fassungsverm\u00f6gen von 1,5 l mit drei verf\u00fcgbaren Modi und einer beleuchteten Steuerung. Mit dem Bechermixer k\u00f6nnen Sie k\u00f6stliche Smoothies sowie Suppen-Cremes zubereiten. Der Mixer ist auch ein Synonym f\u00fcr eine gesunde Ern\u00e4hrung.<\/p>\n","protected":false},"featured_media":13757,"comment_status":"open","ping_status":"closed","template":"","meta":[],"product_brand":[],"product_cat":[605],"product_tag":[],"class_list":{"0":"post-18284","1":"product","2":"type-product","3":"status-publish","4":"has-post-thumbnail","6":"product_cat-blendery","8":"first","9":"instock","10":"taxable","11":"shipping-taxable","12":"product-type-simple"},"_links":{"self":[{"href":"https:\/\/gltestm.webology.pl\/de\/wp-json\/wp\/v2\/product\/18284","targetHints":{"allow":["GET"]}}],"collection":[{"href":"https:\/\/gltestm.webology.pl\/de\/wp-json\/wp\/v2\/product"}],"about":[{"href":"https:\/\/gltestm.webology.pl\/de\/wp-json\/wp\/v2\/types\/product"}],"replies":[{"embeddable":true,"href":"https:\/\/gltestm.webology.pl\/de\/wp-json\/wp\/v2\/comments?post=18284"}],"version-history":[{"count":0,"href":"https:\/\/gltestm.webology.pl\/de\/wp-json\/wp\/v2\/product\/18284\/revisions"}],"wp:featuredmedia":[{"embeddable":true,"href":"https:\/\/gltestm.webology.pl\/de\/wp-json\/wp\/v2\/media\/13757"}],"wp:attachment":[{"href":"https:\/\/gltestm.webology.pl\/de\/wp-json\/wp\/v2\/media?parent=18284"}],"wp:term":[{"taxonomy":"product_brand","embeddable":true,"href":"https:\/\/gltestm.webology.pl\/de\/wp-json\/wp\/v2\/product_brand?post=18284"},{"taxonomy":"product_cat","embeddable":true,"href":"https:\/\/gltestm.webology.pl\/de\/wp-json\/wp\/v2\/product_cat?post=18284"},{"taxonomy":"product_tag","embeddable":true,"href":"https:\/\/gltestm.webology.pl\/de\/wp-json\/wp\/v2\/product_tag?post=18284"}],"curies":[{"name":"wp","href":"https:\/\/api.w.org\/{rel}","templated":true}]}}