{"id":18256,"date":"2026-03-18T22:05:36","date_gmt":"2026-03-18T21:05:36","guid":{"rendered":"https:\/\/gltestm.webology.pl\/produkt\/zwillingsnadel-stretch-75-4-organ\/"},"modified":"2026-03-22T21:19:51","modified_gmt":"2026-03-22T20:19:51","slug":"zwillingsnadel-stretch-75-4-organ","status":"publish","type":"product","link":"https:\/\/gltestm.webology.pl\/de\/produkt\/zwillingsnadel-stretch-75-4-organ\/","title":{"rendered":"Zwillingsnadel STRETCH 75\/4 ORGAN"},"content":{"rendered":"<p><strong>Doppelnadel<\/strong><\/p>\n<p>Die Doppelnadel wird am h\u00e4ufigsten zum Unterf\u00fcttern von \u00c4rmeln und Unterteilen von Blusen sowie f\u00fcr dekorative N\u00e4hte verwendet (z. B. zum N\u00e4hen mit zwei verschiedenen Garnfarben).<br \/>Beim N\u00e4hen mit einer Doppelnadel werden zwei parallele Geradstiche und ein Zickzackstich darunter gen\u00e4ht.<\/p>\n<p><strong>Die Doppelnadel passt auf alle Maschinen aus dem aktuellen Angebot<\/strong><br \/><strong>halbflach<\/strong><br \/><strong>dicke: 75,<\/strong><br \/><strong>abstand: 4 mm.<\/strong><\/p>\n<p>Um sie zu verwenden, m\u00fcssen wir im Handbuch nachsehen, ob unsere Maschine f\u00fcr das N\u00e4hen mit einer Doppelnadel geeignet ist. Die Maschine muss auf jeden Fall \u00fcber einen Zickzackstich verf\u00fcgen, um eine solche Nadel verwenden zu k\u00f6nnen (dies ist aber nicht das einzige Kriterium, daher m\u00fcssen Sie die Anleitung lesen).<\/p>\n<p><strong>MERKEN SIE SICH DAS!<\/strong><br \/>\u00dcberpr\u00fcfen Sie auch regelm\u00e4\u00dfig die Nadelspitze. Wenn Sie Abnutzungserscheinungen feststellen, sollten Sie die Nadel durch eine neue ersetzen. Der Zustand der Nadel wirkt sich auf die Qualit\u00e4t des Stichs aus, eine besch\u00e4digte Nadelspitze kann den gen\u00e4hten Stoff besch\u00e4digen. Nadeln sollten in ihrer Originalverpackung aufbewahrt werden, um Sch\u00e4den zu vermeiden.<\/p>\n","protected":false},"excerpt":{"rendered":"<p>Japanische Organ Stretch Zwillingsnadel mit 4 mm Nadelabstand. Ideal f\u00fcr das elastische Vers\u00e4ubern von Wirkwaren, Stretch und Lycra. Flachkolbensystem.<\/p>\n","protected":false},"featured_media":14123,"comment_status":"open","ping_status":"closed","template":"","meta":[],"product_brand":[],"product_cat":[520],"product_tag":[],"class_list":{"0":"post-18256","1":"product","2":"type-product","3":"status-publish","4":"has-post-thumbnail","6":"product_cat-igly-do-maszyn","8":"first","9":"instock","10":"taxable","11":"shipping-taxable","12":"purchasable","13":"product-type-simple"},"_links":{"self":[{"href":"https:\/\/gltestm.webology.pl\/de\/wp-json\/wp\/v2\/product\/18256","targetHints":{"allow":["GET"]}}],"collection":[{"href":"https:\/\/gltestm.webology.pl\/de\/wp-json\/wp\/v2\/product"}],"about":[{"href":"https:\/\/gltestm.webology.pl\/de\/wp-json\/wp\/v2\/types\/product"}],"replies":[{"embeddable":true,"href":"https:\/\/gltestm.webology.pl\/de\/wp-json\/wp\/v2\/comments?post=18256"}],"version-history":[{"count":0,"href":"https:\/\/gltestm.webology.pl\/de\/wp-json\/wp\/v2\/product\/18256\/revisions"}],"wp:featuredmedia":[{"embeddable":true,"href":"https:\/\/gltestm.webology.pl\/de\/wp-json\/wp\/v2\/media\/14123"}],"wp:attachment":[{"href":"https:\/\/gltestm.webology.pl\/de\/wp-json\/wp\/v2\/media?parent=18256"}],"wp:term":[{"taxonomy":"product_brand","embeddable":true,"href":"https:\/\/gltestm.webology.pl\/de\/wp-json\/wp\/v2\/product_brand?post=18256"},{"taxonomy":"product_cat","embeddable":true,"href":"https:\/\/gltestm.webology.pl\/de\/wp-json\/wp\/v2\/product_cat?post=18256"},{"taxonomy":"product_tag","embeddable":true,"href":"https:\/\/gltestm.webology.pl\/de\/wp-json\/wp\/v2\/product_tag?post=18256"}],"curies":[{"name":"wp","href":"https:\/\/api.w.org\/{rel}","templated":true}]}}