{"id":18252,"date":"2026-03-18T22:05:35","date_gmt":"2026-03-18T21:05:35","guid":{"rendered":"https:\/\/gltestm.webology.pl\/produkt\/organ-jeans-nadelset-5-stk\/"},"modified":"2026-03-22T21:19:49","modified_gmt":"2026-03-22T20:19:49","slug":"organ-jeans-nadelset-5-stk","status":"publish","type":"product","link":"https:\/\/gltestm.webology.pl\/de\/produkt\/organ-jeans-nadelset-5-stk\/","title":{"rendered":"ORGAN Jeans-Nadelset 5 Stk."},"content":{"rendered":"<div>\n<div>\n<p><!--StartFragment--><\/p>\n<p><!--StartFragment--><\/p>\n<p><strong>Organ Jeansnadeln 130\/705H-J \u2013 Ihr Verb\u00fcndeter gegen Denim (5 Stk.)<\/strong><\/p>\n<p>Das N\u00e4hen von dicken und fest gewebten Stoffen erfordert Werkzeuge f\u00fcr Spezialaufgaben. <strong>Japanische Organ Jeansnadeln<\/strong> wurden entwickelt, damit Ihre Maschine m\u00fchelos mehrere Lagen Denim, Drell oder technische Stoffe bew\u00e4ltigen kann. Vergessen Sie abbrechende Nadeln \u2013 setzen Sie auf eine professionelle L\u00f6sung.<\/p>\n<p><strong>Kraft in der Spitze<\/strong> Der Schl\u00fcssel zum Erfolg beim N\u00e4hen von Jeans ist die <strong>besonders scharfe Spitze<\/strong>. Organ Jeansnadeln sind so geformt, dass sie starke Fasern leicht durchdringen, ohne sie zu besch\u00e4digen. Dank der verst\u00e4rkten Konstruktion bleibt die Nadel auch bei hohen N\u00e4hgeschwindigkeiten stabil und verhindert Fehlstiche.<\/p>\n<p><strong>Japanische Zuverl\u00e4ssigkeit und Ordnung<\/strong> Diese in Japan hergestellten Nadeln zeichnen sich durch h\u00f6chste Pr\u00e4zision aus. Zur einfachen Identifizierung sind die Kolben der Jeansnadeln <strong>blau markiert<\/strong>. Das Flachkolbensystem garantiert eine perfekte Passform f\u00fcr die meisten Haushaltsn\u00e4hmaschinen, einschlie\u00dflich aller \u0141ucznik-Modelle.<\/p>\n<p><strong>Wichtigste Informationen:<\/strong><\/p>\n<ul>\n<li>\n<p><strong>Hersteller:<\/strong> Organ Needles (Japan)<\/p>\n<\/li>\n<li>\n<p><strong>Nadeltyp:<\/strong> JEANS (f\u00fcr Denim und schwere Stoffe)<\/p>\n<\/li>\n<li>\n<p><strong>System:<\/strong> 130\/705 H-J (Flachkolben)<\/p>\n<\/li>\n<li>\n<p><strong>Inhalt:<\/strong> 5 St\u00fcck<\/p>\n<\/li>\n<li>\n<p><strong>Gr\u00f6\u00dfen im Set:<\/strong> 2x 100\/16 (dicker Denim), 3x 90\/14 (Standard-Jeans).<\/p>\n<\/li>\n<\/ul>\n<p><!--EndFragment--> <\/p>\n<p><!--EndFragment--> <\/p>\n<\/div>\n<\/div>\n","protected":false},"excerpt":{"rendered":"<p>Set mit 5 japanischen Organ-Nadeln, spezialisiert auf Denim und schwere Stoffe. Flachkolbensystem.<\/p>\n","protected":false},"featured_media":15940,"comment_status":"open","ping_status":"closed","template":"","meta":[],"product_brand":[],"product_cat":[520],"product_tag":[],"class_list":{"0":"post-18252","1":"product","2":"type-product","3":"status-publish","4":"has-post-thumbnail","6":"product_cat-igly-do-maszyn","8":"first","9":"instock","10":"taxable","11":"shipping-taxable","12":"purchasable","13":"product-type-simple"},"_links":{"self":[{"href":"https:\/\/gltestm.webology.pl\/de\/wp-json\/wp\/v2\/product\/18252","targetHints":{"allow":["GET"]}}],"collection":[{"href":"https:\/\/gltestm.webology.pl\/de\/wp-json\/wp\/v2\/product"}],"about":[{"href":"https:\/\/gltestm.webology.pl\/de\/wp-json\/wp\/v2\/types\/product"}],"replies":[{"embeddable":true,"href":"https:\/\/gltestm.webology.pl\/de\/wp-json\/wp\/v2\/comments?post=18252"}],"version-history":[{"count":0,"href":"https:\/\/gltestm.webology.pl\/de\/wp-json\/wp\/v2\/product\/18252\/revisions"}],"wp:featuredmedia":[{"embeddable":true,"href":"https:\/\/gltestm.webology.pl\/de\/wp-json\/wp\/v2\/media\/15940"}],"wp:attachment":[{"href":"https:\/\/gltestm.webology.pl\/de\/wp-json\/wp\/v2\/media?parent=18252"}],"wp:term":[{"taxonomy":"product_brand","embeddable":true,"href":"https:\/\/gltestm.webology.pl\/de\/wp-json\/wp\/v2\/product_brand?post=18252"},{"taxonomy":"product_cat","embeddable":true,"href":"https:\/\/gltestm.webology.pl\/de\/wp-json\/wp\/v2\/product_cat?post=18252"},{"taxonomy":"product_tag","embeddable":true,"href":"https:\/\/gltestm.webology.pl\/de\/wp-json\/wp\/v2\/product_tag?post=18252"}],"curies":[{"name":"wp","href":"https:\/\/api.w.org\/{rel}","templated":true}]}}