{"id":18248,"date":"2026-03-18T22:05:35","date_gmt":"2026-03-18T21:05:35","guid":{"rendered":"https:\/\/gltestm.webology.pl\/produkt\/organ-combi-nadelset-10-stk\/"},"modified":"2026-03-22T21:19:48","modified_gmt":"2026-03-22T20:19:48","slug":"organ-combi-nadelset-10-stk","status":"publish","type":"product","link":"https:\/\/gltestm.webology.pl\/de\/produkt\/organ-combi-nadelset-10-stk\/","title":{"rendered":"ORGAN COMBI-Nadelset 10 Stk."},"content":{"rendered":"<div>\n<div>\n<p><!--StartFragment--><\/p>\n<p><strong>Organ COMBI Nadeln \u2013 Ihr komplettes Must-have-Set (10 Stk.)<\/strong><\/p>\n<p>Dies ist das vielseitigste Nadelset, das Sie Ihrer Maschine g\u00f6nnen k\u00f6nnen. <strong>Organ COMBI<\/strong> ist eine intelligente Kombination aus drei Nadeltypen in einer Packung, damit Sie Ihre Arbeit nie mangels passenden Zubeh\u00f6rs unterbrechen m\u00fcssen. Die japanische Antwort auf die Bed\u00fcrfnisse des modernen Heimn\u00e4hens.<\/p>\n<p><strong>Eine Packung \u2013 unbegrenzte M\u00f6glichkeiten<\/strong> Anstatt mehrere separate Sets zu kaufen, w\u00e4hlen Sie eines, das Ihre Werkstatt umfassend abdeckt. Damit meistern Sie problemlos:<\/p>\n<ul>\n<li>\n<p><strong>Jeans und Drell<\/strong> \u2013 speziell verst\u00e4rkte Nadeln bew\u00e4ltigen m\u00fchelos dicke N\u00e4hte.<\/p>\n<\/li>\n<li>\n<p><strong>Wirkwaren und elastische Stoffe<\/strong> \u2013 Stretch-Nadeln verhindern l\u00e4stige Fehlstiche.<\/p>\n<\/li>\n<li>\n<p><strong>Klassische Baumwolle und Leinen<\/strong> \u2013 Universalnadeln sorgen f\u00fcr ein perfektes Stichbild bei Alltagsprojekten.<\/p>\n<\/li>\n<\/ul>\n<p><strong>Farbmarkierung \u2013 Intelligenter n\u00e4hen<\/strong> Schluss mit dem m\u00fchsamen Begutachten der Nadeln unter der Lupe! Jeder Nadeltyp im Set verf\u00fcgt \u00fcber eine <strong>einzigartige Farbkennzeichnung am Kolben<\/strong>. So erkennen Sie sofort, welche Nadel f\u00fcr Jeans und welche f\u00fcr feinen Jersey bestimmt ist.<\/p>\n<p><strong>Wichtigste Informationen:<\/strong><\/p>\n<ul>\n<li>\n<p><strong>Set-Typ:<\/strong> COMBI (Jeans \/ Universal \/ Stretch)<\/p>\n<\/li>\n<li>\n<p><strong>Inhalt:<\/strong> 10 St\u00fcck<\/p>\n<\/li>\n<li>\n<p><strong>System:<\/strong> Flachkolben (130\/705H) \u2013 passend f\u00fcr die meisten Haushaltsn\u00e4hmaschinen.<\/p>\n<\/li>\n<li>\n<p><strong>Set-Zusammensetzung:<\/strong> Universal (70, 80, 90), Stretch (75, 90), Jeans (90, 100).<\/p>\n<\/li>\n<li>\n<p><strong>Besonderheiten:<\/strong> Farbcodierung der Nadeltypen, japanische Pr\u00e4zision, glattes \u00d6hr zur Schonung des Fadens.<\/p>\n<\/li>\n<\/ul>\n<p><!--EndFragment--> <\/p>\n<\/div>\n<\/div>\n","protected":false},"excerpt":{"rendered":"<p>Vielseitiges Set mit 10 hochwertigen japanischen Nadeln f\u00fcr Universal-, Jeans- und Stretchstoffe.<\/p>\n","protected":false},"featured_media":15625,"comment_status":"open","ping_status":"closed","template":"","meta":[],"product_brand":[],"product_cat":[520],"product_tag":[],"class_list":{"0":"post-18248","1":"product","2":"type-product","3":"status-publish","4":"has-post-thumbnail","6":"product_cat-igly-do-maszyn","8":"first","9":"instock","10":"taxable","11":"shipping-taxable","12":"purchasable","13":"product-type-simple"},"_links":{"self":[{"href":"https:\/\/gltestm.webology.pl\/de\/wp-json\/wp\/v2\/product\/18248","targetHints":{"allow":["GET"]}}],"collection":[{"href":"https:\/\/gltestm.webology.pl\/de\/wp-json\/wp\/v2\/product"}],"about":[{"href":"https:\/\/gltestm.webology.pl\/de\/wp-json\/wp\/v2\/types\/product"}],"replies":[{"embeddable":true,"href":"https:\/\/gltestm.webology.pl\/de\/wp-json\/wp\/v2\/comments?post=18248"}],"version-history":[{"count":0,"href":"https:\/\/gltestm.webology.pl\/de\/wp-json\/wp\/v2\/product\/18248\/revisions"}],"wp:featuredmedia":[{"embeddable":true,"href":"https:\/\/gltestm.webology.pl\/de\/wp-json\/wp\/v2\/media\/15625"}],"wp:attachment":[{"href":"https:\/\/gltestm.webology.pl\/de\/wp-json\/wp\/v2\/media?parent=18248"}],"wp:term":[{"taxonomy":"product_brand","embeddable":true,"href":"https:\/\/gltestm.webology.pl\/de\/wp-json\/wp\/v2\/product_brand?post=18248"},{"taxonomy":"product_cat","embeddable":true,"href":"https:\/\/gltestm.webology.pl\/de\/wp-json\/wp\/v2\/product_cat?post=18248"},{"taxonomy":"product_tag","embeddable":true,"href":"https:\/\/gltestm.webology.pl\/de\/wp-json\/wp\/v2\/product_tag?post=18248"}],"curies":[{"name":"wp","href":"https:\/\/api.w.org\/{rel}","templated":true}]}}