{"id":18244,"date":"2026-03-18T22:05:35","date_gmt":"2026-03-18T21:05:35","guid":{"rendered":"https:\/\/gltestm.webology.pl\/produkt\/organ-leder-nadelset-5-stk\/"},"modified":"2026-03-22T21:19:46","modified_gmt":"2026-03-22T20:19:46","slug":"organ-leder-nadelset-5-stk","status":"publish","type":"product","link":"https:\/\/gltestm.webology.pl\/de\/produkt\/organ-leder-nadelset-5-stk\/","title":{"rendered":"ORGAN Leder-Nadelset 5 Stk."},"content":{"rendered":"<div>\n<div>\n<p><!--StartFragment--><\/p>\n<p><strong>Organ LEDER Nadeln \u2013 Set (5 Stk.)<\/strong><\/p>\n<p><strong>Meisterhafte Pr\u00e4zision beim N\u00e4hen von Leder und schweren Stoffen!<\/strong> Das N\u00e4hen von Leder ist eine Herausforderung, die das richtige Werkzeug erfordert. Vergessen Sie Fehlstiche oder abgebrochene Nadeln. <strong>Japanische Organ Ledernadeln<\/strong> wurden entwickelt, um den Widerstand von Naturleder, Kunstleder und dickem Skai m\u00fchelos zu \u00fcberwinden und eine \u00e4sthetische, haltbare Naht zu garantieren.<\/p>\n<p><strong>Warum sind Organ LEATHER Nadeln so besonders?<\/strong><\/p>\n<ul>\n<li>\n<p><strong>SPEZIALSPITZE:<\/strong> Die Nadeln haben eine spezielle Schneidspitze (Keilform), die das Eindringen in das Material erleichtert. Dadurch gleitet die Nadel mit geringerem Widerstand durch das Leder und sorgt f\u00fcr einen sauberen Einstich.<\/p>\n<\/li>\n<li>\n<p><strong>ROBUSTHEIT UND SCH\u00c4RFE:<\/strong> Hergestellt in Japan aus hochwertigem Stahl, zeichnen sie sich durch h\u00f6chste Pr\u00e4zision aus.<\/p>\n<\/li>\n<li>\n<p><strong>FLACHKOLBEN:<\/strong> Das universelle Montagesystem sorgt daf\u00fcr, dass die Nadeln f\u00fcr die meisten Haushaltsn\u00e4hmaschinen geeignet sind.<\/p>\n<\/li>\n<\/ul>\n<p><strong>Wichtigste Informationen:<\/strong><\/p>\n<ul>\n<li>\n<p><strong>Hersteller:<\/strong> Organ Needles (Japan)<\/p>\n<\/li>\n<li>\n<p><strong>Nadeltyp:<\/strong> F\u00fcr Leder und leder\u00e4hnliche Materialien (LEATHER \/ LEDER)<\/p>\n<\/li>\n<li>\n<p><strong>System:<\/strong> 130\/705 H (Flachkolben)<\/p>\n<\/li>\n<li>\n<p><strong>Inhalt:<\/strong> 5 St\u00fcck<\/p>\n<\/li>\n<li>\n<p><strong>Gr\u00f6\u00dfen im Set:<\/strong> 100\/16 (f\u00fcr dickes Leder), 90\/14 (f\u00fcr d\u00fcnneres Leder und weiches Kunstleder).<\/p>\n<\/li>\n<\/ul>\n<p><!--EndFragment--> <\/p>\n<\/div>\n<\/div>\n","protected":false},"excerpt":{"rendered":"<p>Professionelle japanische Nadeln mit Schneidspitze, entwickelt f\u00fcr das N\u00e4hen von Natur- und Kunstleder.<\/p>\n","protected":false},"featured_media":13440,"comment_status":"open","ping_status":"closed","template":"","meta":[],"product_brand":[],"product_cat":[520],"product_tag":[],"class_list":{"0":"post-18244","1":"product","2":"type-product","3":"status-publish","4":"has-post-thumbnail","6":"product_cat-igly-do-maszyn","8":"first","9":"instock","10":"taxable","11":"shipping-taxable","12":"purchasable","13":"product-type-simple"},"_links":{"self":[{"href":"https:\/\/gltestm.webology.pl\/de\/wp-json\/wp\/v2\/product\/18244","targetHints":{"allow":["GET"]}}],"collection":[{"href":"https:\/\/gltestm.webology.pl\/de\/wp-json\/wp\/v2\/product"}],"about":[{"href":"https:\/\/gltestm.webology.pl\/de\/wp-json\/wp\/v2\/types\/product"}],"replies":[{"embeddable":true,"href":"https:\/\/gltestm.webology.pl\/de\/wp-json\/wp\/v2\/comments?post=18244"}],"version-history":[{"count":0,"href":"https:\/\/gltestm.webology.pl\/de\/wp-json\/wp\/v2\/product\/18244\/revisions"}],"wp:featuredmedia":[{"embeddable":true,"href":"https:\/\/gltestm.webology.pl\/de\/wp-json\/wp\/v2\/media\/13440"}],"wp:attachment":[{"href":"https:\/\/gltestm.webology.pl\/de\/wp-json\/wp\/v2\/media?parent=18244"}],"wp:term":[{"taxonomy":"product_brand","embeddable":true,"href":"https:\/\/gltestm.webology.pl\/de\/wp-json\/wp\/v2\/product_brand?post=18244"},{"taxonomy":"product_cat","embeddable":true,"href":"https:\/\/gltestm.webology.pl\/de\/wp-json\/wp\/v2\/product_cat?post=18244"},{"taxonomy":"product_tag","embeddable":true,"href":"https:\/\/gltestm.webology.pl\/de\/wp-json\/wp\/v2\/product_tag?post=18244"}],"curies":[{"name":"wp","href":"https:\/\/api.w.org\/{rel}","templated":true}]}}