{"id":18228,"date":"2026-03-18T22:05:33","date_gmt":"2026-03-18T21:05:33","guid":{"rendered":"https:\/\/gltestm.webology.pl\/produkt\/schwarze-schneiderschere-24-cm-mit-nahttrenner\/"},"modified":"2026-03-22T21:19:40","modified_gmt":"2026-03-22T20:19:40","slug":"schwarze-schneiderschere-24-cm-mit-nahttrenner","status":"publish","type":"product","link":"https:\/\/gltestm.webology.pl\/de\/produkt\/schwarze-schneiderschere-24-cm-mit-nahttrenner\/","title":{"rendered":"Schwarze Schneiderschere 24 cm mit Nahttrenner"},"content":{"rendered":"<p><strong>Hochwertige<\/strong> <strong>Metall-N\u00e4hschere<\/strong>, die<strong> das perfekte Werkzeug<\/strong> f\u00fcr alle N\u00e4h- und Schneiderbegeisterten sein wird. Diese multifunktionale Schere ist aus langlebigem Edelstahl gefertigt und erm\u00f6glicht Ihnen ein pr\u00e4zises und genaues Schneiden von Materialien. Sie wird Ihre Arbeit viel <strong>einfacher<\/strong> und <strong>schneller<\/strong> machen.<\/p>\n<h2>Sauberes und einfaches Schneiden<\/h2>\n<p>Diese <strong>professionelle<\/strong> N\u00e4hschere ist unverzichtbar f\u00fcr das Schneiden von Materialien aller Art. Ob Sie nun mit empfindlichen <strong>Stoffen<\/strong> oder <strong>dickeren<\/strong> Materialien arbeiten, diese Schere ist jeder Aufgabe gewachsen. Ihre scharfen Klingen sorgen f\u00fcr einen <strong>sauberen<\/strong> und <strong>gleichm\u00e4\u00dfigen<\/strong> Schnitt, ohne das Risiko, das Material <strong>zu besch\u00e4digen<\/strong>.<\/p>\n<h2>Elegantes Design und ergonomischer Griff<\/h2>\n<p>Die Schere verf\u00fcgt \u00fcber einen <strong>komfortablen<\/strong> und <strong>robusten<\/strong> Metallgriff in einer eleganten <strong>Goldfarbe<\/strong>, der nicht nur zu ihrem eleganten Aussehen beitr\u00e4gt, sondern auch einen <strong>sicheren<\/strong> und <strong>bequemen Griff<\/strong> bietet. Dank des <strong>ergonomischen<\/strong> Designs k\u00f6nnen Sie stundenlang arbeiten, ohne sich dabei unwohl zu f\u00fchlen.<\/p>\n<h2>Bequemes Schneiden <\/h2>\n<p>Mit einer L\u00e4nge von<strong>24 cm<\/strong> bietet<strong>diese Schere<\/strong> genau die richtige Klingenl\u00e4nge, um bequem schneiden zu k\u00f6nnen. Ganz gleich, ob Sie Ihre eigenen Designs entwerfen, Kleidung \u00e4ndern oder Dekorationen anfertigen, diese Schere ist das <strong>perfekte Werkzeug<\/strong> f\u00fcr Sie.<\/p>\n<p>Verschwenden Sie keine Zeit mehr damit, Material mit ungenauen Werkzeugen zu schneiden. Bestellen Sie jetzt <strong>goldene N\u00e4hscheren<\/strong> und genie\u00dfen Sie einfacheres, schnelleres und pr\u00e4ziseres N\u00e4hen. Verleihen Sie Ihrem N\u00e4hzimmer mit einer goldfarbenen Schere einen Hauch von Eleganz.<\/p>\n<h2>Was zeichnet eine Schneiderschere aus?<\/h2>\n<p>Eine<strong>gute Schneiderschere<\/strong> ist ein unverzichtbares Accessoire in jedem N\u00e4hatelier, auch in den eigenen vier W\u00e4nden. Sie sind aus hochwertigem rostfreiem <strong>Stahl<\/strong> gefertigt, so dass sie uns \u00fcber Jahre hinweg gute Dienste leisten. Sie sind f\u00fcr das Schneiden <strong>einer Vielzahl von Materialien<\/strong> geeignet, von Wolle \u00fcber Polstermaterialien bis hin zu klassischer Baumwolle. Eine solche <strong>professionelle Schneiderschere<\/strong> erleichtert und beschleunigt unsere Arbeit. Sie sind sehr scharf und haben einen bequemen und haltbaren Metallgriff in einer eleganten Goldfarbe.<\/p>\n<h2>Richtige Anwendung<\/h2>\n<p>Bevor Sie mit dem Schneiden des Stoffes beginnen, sollten Sie darauf achten, dass Sie die Schere richtig halten &#8211; <strong>Ihr Daumen<\/strong> sollte sich in der <strong>kleineren \u00d6ffnung<\/strong> befinden. Auf diese Weise schneidet die Schere besser. Es ist wichtig, daran zu denken, dass wir eine solche Schere <strong>nur<\/strong> f\u00fcr <strong>Stoff<\/strong> verwenden. Lassen Sie sich nicht dazu verleiten, sie f\u00fcr Papier oder andere nicht n\u00e4hende Arbeiten zu verwenden. Wenn sie eine Investition f\u00fcr eine lange Zeit sein soll, sollten wir sie gut pflegen und bestimmungsgem\u00e4\u00df verwenden.<\/p>\n","protected":false},"excerpt":{"rendered":"<p>Schneiderschere aus hochwertigem rostfreiem Stahl in Goldfarbe.<\/p>\n","protected":false},"featured_media":14291,"comment_status":"open","ping_status":"closed","template":"","meta":[],"product_brand":[],"product_cat":[770],"product_tag":[],"class_list":{"0":"post-18228","1":"product","2":"type-product","3":"status-publish","4":"has-post-thumbnail","6":"product_cat-nozyce-i-obcinaczki","8":"first","9":"instock","10":"taxable","11":"shipping-taxable","12":"purchasable","13":"product-type-simple"},"_links":{"self":[{"href":"https:\/\/gltestm.webology.pl\/de\/wp-json\/wp\/v2\/product\/18228","targetHints":{"allow":["GET"]}}],"collection":[{"href":"https:\/\/gltestm.webology.pl\/de\/wp-json\/wp\/v2\/product"}],"about":[{"href":"https:\/\/gltestm.webology.pl\/de\/wp-json\/wp\/v2\/types\/product"}],"replies":[{"embeddable":true,"href":"https:\/\/gltestm.webology.pl\/de\/wp-json\/wp\/v2\/comments?post=18228"}],"version-history":[{"count":0,"href":"https:\/\/gltestm.webology.pl\/de\/wp-json\/wp\/v2\/product\/18228\/revisions"}],"wp:featuredmedia":[{"embeddable":true,"href":"https:\/\/gltestm.webology.pl\/de\/wp-json\/wp\/v2\/media\/14291"}],"wp:attachment":[{"href":"https:\/\/gltestm.webology.pl\/de\/wp-json\/wp\/v2\/media?parent=18228"}],"wp:term":[{"taxonomy":"product_brand","embeddable":true,"href":"https:\/\/gltestm.webology.pl\/de\/wp-json\/wp\/v2\/product_brand?post=18228"},{"taxonomy":"product_cat","embeddable":true,"href":"https:\/\/gltestm.webology.pl\/de\/wp-json\/wp\/v2\/product_cat?post=18228"},{"taxonomy":"product_tag","embeddable":true,"href":"https:\/\/gltestm.webology.pl\/de\/wp-json\/wp\/v2\/product_tag?post=18228"}],"curies":[{"name":"wp","href":"https:\/\/api.w.org\/{rel}","templated":true}]}}