{"id":18220,"date":"2026-03-18T22:05:33","date_gmt":"2026-03-18T21:05:33","guid":{"rendered":"https:\/\/gltestm.webology.pl\/produkt\/elektrischer-wasserkocher-lucznik-wk-2503-compact-schwarz-1l-1100-w\/"},"modified":"2026-03-22T21:19:36","modified_gmt":"2026-03-22T20:19:36","slug":"elektrischer-wasserkocher-lucznik-wk-2503-compact-schwarz-1l-1100-w","status":"publish","type":"product","link":"https:\/\/gltestm.webology.pl\/de\/produkt\/elektrischer-wasserkocher-lucznik-wk-2503-compact-schwarz-1l-1100-w\/","title":{"rendered":"Elektrischer Wasserkocher \u0141ucznik WK-2503 COMPACT+ Schwarz 1L 1100 W"},"content":{"rendered":"<p><strong>Eleganz und Sicherheit<\/strong><br \/>Dank des \u201eCool Touch\u201c-Geh\u00e4uses mit einem inneren Glask\u00f6rper und einer \u00e4u\u00dferen Schicht aus hochwertigem Kunststoff bleibt der Wasserkocher nicht nur optisch ansprechend, sondern sorgt auch f\u00fcr eine sichere Nutzung. Das doppelte Sicherheitssystem schaltet das Ger\u00e4t nach dem Kochen automatisch ab und sch\u00fctzt vor Trockenlauf.<\/p>\n<p><strong>Erweiterte Funktionalit\u00e4t<\/strong><br \/>Das digitale Display erm\u00f6glicht pr\u00e4zise Temperatureinstellungen in f\u00fcnf Stufen: 40 \u00b0C, 70 \u00b0C, 80 \u00b0C, 90 \u00b0C und 100 \u00b0C, perfekt f\u00fcr jede Art von Getr\u00e4nk. Zus\u00e4tzlich erh\u00f6hen die Warmhaltefunktion (bis zu 2 Stunden) und die Memory-Funktion den Nutzungskomfort.<\/p>\n<p><strong>Kompakt und praktisch<\/strong><br \/>Mit einem Fassungsverm\u00f6gen von 1,0 Litern ist der WK-2503 COMPACT+ ideal f\u00fcr den t\u00e4glichen Gebrauch, sei es in der K\u00fcche oder im B\u00fcro. Der herausnehmbare Kalkfilter sorgt f\u00fcr sauberes Wasser, und seine einfache Reinigung garantiert langanhaltende Zufriedenheit. Der Wasserkocher verf\u00fcgt zudem \u00fcber eine Wasserstandsanzeige und ein verdecktes, flaches Heizelement aus Edelstahl.<\/p>\n<p><strong>Ergonomisches Design<\/strong><br \/>Ein automatisches \u00d6ffnen des Deckels per Knopfdruck, die 360\u00b0-Drehbasis und ein Kabelaufbewahrungsfach machen die Nutzung des Wasserkochers besonders komfortabel und intuitiv.<\/p>\n<p><strong>Technische Daten<\/strong><\/p>\n<ul>\n<li>Leistung: 900\u20131100 W<\/li>\n<li>Fassungsverm\u00f6gen: 1,0 Liter<\/li>\n<li>F\u00fcnf Temperatureinstellungen: 40 \u00b0C, 70 \u00b0C, 80 \u00b0C, 90 \u00b0C, 100 \u00b0C<\/li>\n<li>Warmhaltefunktion (bis zu 2 Stunden)<\/li>\n<li>Memory-Funktion<\/li>\n<li>Doppeltes Sicherheitssystem<\/li>\n<li>Kalkfilter (herausnehmbar und leicht zu reinigen)<\/li>\n<li>360\u00b0-Drehbasis<\/li>\n<li>Kabelaufbewahrung<\/li>\n<li>Farbe: Schwarz<\/li>\n<li>Garantie: 24 Monate<\/li>\n<li>Bedienungsanleitung auf Polnisch, Englisch und Ukrainisch<\/li>\n<\/ul>\n<p>Bestellen Sie noch heute und genie\u00dfen Sie eine neue Qualit\u00e4t Ihrer t\u00e4glichen Getr\u00e4nke mit dem Wasserkocher \u0141ucznik WK-2503 COMPACT+!<\/p>\n","protected":false},"excerpt":{"rendered":"<p>Erleben Sie Modernit\u00e4t und Funktionalit\u00e4t mit dem elektrischen Wasserkocher \u0141ucznik WK-2503 COMPACT+ in elegantem Schwarz. Die perfekte Kombination aus Stil und Praktikabilit\u00e4t, ideal f\u00fcr alle Liebhaber hei\u00dfer Getr\u00e4nke.<\/p>\n","protected":false},"featured_media":13752,"comment_status":"open","ping_status":"closed","template":"","meta":[],"product_brand":[],"product_cat":[835],"product_tag":[],"class_list":{"0":"post-18220","1":"product","2":"type-product","3":"status-publish","4":"has-post-thumbnail","6":"product_cat-czajniki","8":"first","9":"outofstock","10":"taxable","11":"shipping-taxable","12":"purchasable","13":"product-type-simple"},"_links":{"self":[{"href":"https:\/\/gltestm.webology.pl\/de\/wp-json\/wp\/v2\/product\/18220","targetHints":{"allow":["GET"]}}],"collection":[{"href":"https:\/\/gltestm.webology.pl\/de\/wp-json\/wp\/v2\/product"}],"about":[{"href":"https:\/\/gltestm.webology.pl\/de\/wp-json\/wp\/v2\/types\/product"}],"replies":[{"embeddable":true,"href":"https:\/\/gltestm.webology.pl\/de\/wp-json\/wp\/v2\/comments?post=18220"}],"version-history":[{"count":0,"href":"https:\/\/gltestm.webology.pl\/de\/wp-json\/wp\/v2\/product\/18220\/revisions"}],"wp:featuredmedia":[{"embeddable":true,"href":"https:\/\/gltestm.webology.pl\/de\/wp-json\/wp\/v2\/media\/13752"}],"wp:attachment":[{"href":"https:\/\/gltestm.webology.pl\/de\/wp-json\/wp\/v2\/media?parent=18220"}],"wp:term":[{"taxonomy":"product_brand","embeddable":true,"href":"https:\/\/gltestm.webology.pl\/de\/wp-json\/wp\/v2\/product_brand?post=18220"},{"taxonomy":"product_cat","embeddable":true,"href":"https:\/\/gltestm.webology.pl\/de\/wp-json\/wp\/v2\/product_cat?post=18220"},{"taxonomy":"product_tag","embeddable":true,"href":"https:\/\/gltestm.webology.pl\/de\/wp-json\/wp\/v2\/product_tag?post=18220"}],"curies":[{"name":"wp","href":"https:\/\/api.w.org\/{rel}","templated":true}]}}