{"id":18212,"date":"2026-03-18T22:05:32","date_gmt":"2026-03-18T21:05:32","guid":{"rendered":"https:\/\/gltestm.webology.pl\/produkt\/lucznik-mini-naehmaschine-2\/"},"modified":"2026-03-22T21:19:34","modified_gmt":"2026-03-22T20:19:34","slug":"lucznik-mini-naehmaschine-2","status":"publish","type":"product","link":"https:\/\/gltestm.webology.pl\/de\/produkt\/lucznik-mini-naehmaschine-2\/","title":{"rendered":"Lucznik Mini N\u00e4hmaschine"},"content":{"rendered":"<h2><strong>N\u00e4hmaschine f\u00fcr Kinder Lucznik MINI<\/strong> &#8211; ein sch\u00f6ner Anfang des N\u00e4habenteuers!<\/h2>\n<p>Die Lucznik-Mini-Maschine bietet eine Reihe von <strong>Vereinfachungen und Annehmlichkeiten<\/strong> sowie ein <strong>h\u00fcbsches Design<\/strong>, was sie zu einem perfekten Geschenk f\u00fcr jedes <strong>kreative Kind<\/strong> macht. Sie bietet nicht nur stundenlangen <strong>Spa\u00df<\/strong>, sondern f\u00f6rdert auch die Entwicklung der Auge-Hand-Koordination, des \u00e4sthetischen Empfindens und der Fantasie. Und dank seiner soliden Verarbeitung und der Liebe zum Detail wird er den Kindern lange Zeit dienen. <\/p>\n<p>Trotz ihrer kompakten Gr\u00f6\u00dfe ist sie kein Spielzeug, sondern <strong>eine voll funktionsf\u00e4hige <\/strong>N\u00e4hmaschine &#8211; ideal f\u00fcr die ersten N\u00e4harbeiten mit einfachen Materialien und die <strong>Entwicklung von Hobbys<\/strong>. Wenn Ihr Kind davon tr\u00e4umt, Modedesigner zu werden, oder handwerkliche Arbeiten liebt, wird dies ein traumhaftes Geschenk f\u00fcr es sein.<\/p>\n<p>F\u00fcr die Maschine k\u00f6nnen, passend zur Funktionalit\u00e4t der Maschine, Schnappf\u00fc\u00dfe am Matic-Griff angebracht werden.<\/p>\n<h2>Die wichtigsten Eigenschaften<\/h2>\n<ul>\n<li><strong>kleine<\/strong> Abmessungen, <strong>geringes<\/strong> Gewicht<\/li>\n<li>sehr <strong>einfache Bedienung<\/strong><\/li>\n<li><strong>12 N\u00e4hprogramme<\/strong><\/li>\n<li>stiche: <strong>gerade, Zickzack, verdeckt<\/strong><\/li>\n<li><strong>nadelschutz zum Schutz der Finger<\/strong><\/li>\n<li><strong>r\u00fcckw\u00e4rtsn\u00e4hen<\/strong><\/li>\n<li>einfaches Fadenschneiden<\/li>\n<li><strong>automatischer N\u00e4hmodus<\/strong> (ohne Fu\u00dfanlasser, mit Schieberegler)<\/li>\n<li>einstellung der Fadenspannung<\/li>\n<li>drehgreifer (leichtes Einsetzen der Spule)<\/li>\n<li>knopflochfunktion<\/li>\n<li>lED-Beleuchtung<\/li>\n<li>tragegriff<\/li>\n<li>automatische Fadenr\u00fcckspulung auf der Spule<\/li>\n<li>netz- oder Batteriestromversorgung (4 aa-Batterien)<\/li>\n<\/ul>\n<h2>Mitgeliefertes Zubeh\u00f6r<\/h2>\n<ul>\n<li>schwarzer Faden<\/li>\n<li>wei\u00dfer Faden<\/li>\n<li>metallbodenspulen 2 Stk.<\/li>\n<li>einf\u00e4dler<\/li>\n<li>ersatznadel<\/li>\n<li>netzger\u00e4t 6 V 1200 mA<\/li>\n<li>fu\u00dfregler<\/li>\n<li>fingerschutz<\/li>\n<li>universalfu\u00df<\/li>\n<\/ul>\n<h2>12 N\u00e4hprogramme und einfache Bedienung mit einem Drehknopf<\/h2>\n<p>Unser Ziel war es, die Maschine so einfach wie m\u00f6glich zu gestalten, um den Einstieg in das N\u00e4hen zu erleichtern und den jungen Designer nicht zu entmutigen. Die Mini hat nur zwei Kn\u00f6pfe, so dass es unm\u00f6glich ist, sich in ihrer Bedienung zu verlieren. Mit dem ersten Knopf w\u00e4hlen wir eines von <strong>12 N\u00e4hprogrammen<\/strong>, deren Aussehen wir auf dem Geh\u00e4use der Maschine \u00fcberpr\u00fcfen k\u00f6nnen. Mit dem zweiten Knopf k\u00f6nnen wir bei Bedarf die Fadenspannung einstellen.<\/p>\n<h2>Zwei M\u00f6glichkeiten, die Maschine mit Strom zu versorgen<\/h2>\n<p>Die Lucznik Mini-Maschine kann ohne<strong><strong> Stromanschluss<\/strong> <\/strong>verwendet<strong>und <\/strong>\u00fcberallhin mitgenommen werden (z. B. in die Schule, zu au\u00dferschulischen Aktivit\u00e4ten oder zu Freunden), da sie mit<strong> 4 AA-Batterien<\/strong> betrieben werden kann<strong>.<\/strong><\/p>\n<h2>Sicheres N\u00e4hen lernen<\/h2>\n<p>Die Lucznik Mini N\u00e4hmaschine ist mit einem <strong>Fingerschutz<\/strong> ausgestattet <strong>, der um die Nadel herum angebracht ist<\/strong>. Dank dieses Schutzes ist die Sicherheit des Kindes bei der Arbeit mit der N\u00e4hmaschine viel gr\u00f6\u00dfer &#8211; wir k\u00f6nnen beruhigt sein, denn die kleinen Finger werden nicht versehentlich in den Bereich der Nadel geraten.<\/p>\n<h2>Automatischer N\u00e4hmodus<\/h2>\n<p>Um die Vorbereitungen zum N\u00e4hen zu erleichtern, haben wir die Mini mit einem<strong> Drehgreifer<\/strong> ausgestattet, der das Einsetzen der Spule in die Trommel der Maschine erleichtert. Aus demselben Grund haben wir eine <strong>automatische N\u00e4hfunktion <\/strong>hinzugef\u00fcgt <strong>, die <\/strong>bisher nur bei elektronischen Maschinen verf\u00fcgbar war. Sie erm\u00f6glicht es Ihnen, zwischen manuellem oder fu\u00dfgesteuertem N\u00e4hen zu w\u00e4hlen, je nach Bequemlichkeit, Vorliebe und den individuellen manuellen und motorischen F\u00e4higkeiten Ihres Kindes. Bei Bedarf k\u00f6nnen Sie den Fu\u00dfanlasser der Archer Mini einfach abnehmen und <strong>die Maschine mit dem Schieberegler steuern. <\/strong>Die Position L ( <em>niedrig<\/em>) bedeutet langsames automatisches N\u00e4hen, w\u00e4hrend die Position H ( <em>hoch<\/em>) schnelles N\u00e4hen bedeutet.<\/p>\n<p>Die Wahl zwischen den <strong>beiden N\u00e4hgeschwindigkeiten<\/strong> der Maschine und die M\u00f6glichkeit, langsames N\u00e4hen einzustellen,<strong> erh\u00f6ht die Sicherheit<\/strong> bei der Bedienung und erleichtert das \u00dcben. Mit der Langsamkeitseinstellung wird die Maschine auch bei versehentlichem zu starkem Dr\u00fccken des Reglers nicht so schnell wie m\u00f6glich.<\/p>\n<h2>Eine Reihe von Zubeh\u00f6r f\u00fcr den Einstieg<\/h2>\n<p>Die Lucznik Mini verf\u00fcgt \u00fcber einen bequem zug\u00e4nglichen<strong> R\u00fcckw\u00e4rtsn\u00e4hhebel <\/strong><strong>, <\/strong>eine eingebaute<strong><strong>Zubeh\u00f6rschublade<\/strong><\/strong>, einen <strong> <strong>Fadenschneider<\/strong>, der <\/strong> <strong>sicher<\/strong> im Geh\u00e4use der untergebracht ist, und einen praktischen<strong><strong> Tragegriff<\/strong><\/strong> f\u00fcr den einfachen Transport. Au\u00dferdem ist sie mit einer<strong> LED-Beleuchtung<\/strong> \u00fcber dem Arbeitsbereich ausgestattet, die es erleichtert, den Stich genau zu sehen und bei schlechten Lichtverh\u00e4ltnissen zu arbeiten.<\/p>\n<h2>Ordnungsgem\u00e4\u00dfer Betrieb der Maschine<\/h2>\n<p>Um einen <strong>ordnungsgem\u00e4\u00dfen<\/strong> Betrieb der Maschine zu gew\u00e4hrleisten, sollten Sie <span><strong>nur Unterfadenspulen aus Metall<\/strong><\/span> verwenden. Die Verwendung von <strong>Kunststoffspulen<\/strong> kann zu Funktionsst\u00f6rungen oder sogar zu <strong>Sch\u00e4den an<\/strong> der Maschine f\u00fchren.<\/p>\n<h2>50% Rabatt auf Metallspulen in einer Box<\/h2>\n<p>Kaufen Sie diese Maschine zusammen mit einem Satz von <strong><a href=\"https:\/\/galerialucznik.pl\/pl\/products\/czesci-i-akcesoria\/akcesoria-do-maszyn-do-szycia\/szpulki-na-nici\/metalowa-szpulka-do-maszyny-do-szycia-zestaw-25-szt-w-pudelku-1513.html\" target=\"_blank\" rel=\"noopener\">25 Metallspulen in einer Schachtel mit 50% Rabatt<\/a><\/strong>. Legen Sie beide Produkte in den <strong>Warenkorb<\/strong> und <strong>der Rabatt<\/strong> wird <strong>automatisch berechnet<\/strong>. Das Angebot ist nicht mit anderen Aktionen kombinierbar und gilt nur f\u00fcr <strong>1 Spulenset<\/strong> pro Bestellung.<\/p>\n<h2>24-monatige Garantie<\/h2>\n<p>Die<strong>Maschine<\/strong> Lucznik<strong>Mini<\/strong> wird mit einer 24-monatigen Garantie und einer Bedienungsanleitung in polnischer Sprache geliefert, die Sie vor der Benutzung des Ger\u00e4ts lesen sollten.<\/p>\n","protected":false},"excerpt":{"rendered":"<p>Miniaturn\u00e4hmaschine f\u00fcr Kinder mit einem Nadelschutz, der die Sicherheit bei der Benutzung erh\u00f6ht. Klein, leicht und tragbar &#8211; kann mit Batterien betrieben werden!<\/p>\n","protected":false},"featured_media":15485,"comment_status":"open","ping_status":"closed","template":"","meta":[],"product_brand":[],"product_cat":[790],"product_tag":[],"class_list":{"0":"post-18212","1":"product","2":"type-product","3":"status-publish","4":"has-post-thumbnail","6":"product_cat-maszyny-do-szycia-tradycyjne","8":"first","9":"instock","10":"taxable","11":"shipping-taxable","12":"purchasable","13":"product-type-simple"},"_links":{"self":[{"href":"https:\/\/gltestm.webology.pl\/de\/wp-json\/wp\/v2\/product\/18212","targetHints":{"allow":["GET"]}}],"collection":[{"href":"https:\/\/gltestm.webology.pl\/de\/wp-json\/wp\/v2\/product"}],"about":[{"href":"https:\/\/gltestm.webology.pl\/de\/wp-json\/wp\/v2\/types\/product"}],"replies":[{"embeddable":true,"href":"https:\/\/gltestm.webology.pl\/de\/wp-json\/wp\/v2\/comments?post=18212"}],"version-history":[{"count":0,"href":"https:\/\/gltestm.webology.pl\/de\/wp-json\/wp\/v2\/product\/18212\/revisions"}],"wp:featuredmedia":[{"embeddable":true,"href":"https:\/\/gltestm.webology.pl\/de\/wp-json\/wp\/v2\/media\/15485"}],"wp:attachment":[{"href":"https:\/\/gltestm.webology.pl\/de\/wp-json\/wp\/v2\/media?parent=18212"}],"wp:term":[{"taxonomy":"product_brand","embeddable":true,"href":"https:\/\/gltestm.webology.pl\/de\/wp-json\/wp\/v2\/product_brand?post=18212"},{"taxonomy":"product_cat","embeddable":true,"href":"https:\/\/gltestm.webology.pl\/de\/wp-json\/wp\/v2\/product_cat?post=18212"},{"taxonomy":"product_tag","embeddable":true,"href":"https:\/\/gltestm.webology.pl\/de\/wp-json\/wp\/v2\/product_tag?post=18212"}],"curies":[{"name":"wp","href":"https:\/\/api.w.org\/{rel}","templated":true}]}}