{"id":18208,"date":"2026-03-18T22:05:32","date_gmt":"2026-03-18T21:05:32","guid":{"rendered":"https:\/\/gltestm.webology.pl\/produkt\/lucznik-mini-blue-naehmaschine-2\/"},"modified":"2026-03-22T21:19:32","modified_gmt":"2026-03-22T20:19:32","slug":"lucznik-mini-blue-naehmaschine-2","status":"publish","type":"product","link":"https:\/\/gltestm.webology.pl\/de\/produkt\/lucznik-mini-blue-naehmaschine-2\/","title":{"rendered":"Lucznik Mini Blue N\u00e4hmaschine"},"content":{"rendered":"<h2>Mini Blue l\u00e4dt Sie in das magische Land des N\u00e4hens ein!<\/h2>\n<p>Sie ist <strong>klein<\/strong> und <strong>leicht<\/strong>, und dank des bequemen <strong>Griffs<\/strong> wird Ihre Kleine sie \u00fcberallhin mitnehmen. Kleine Adepten der N\u00e4hkunst werden es gerade wegen seiner geringen Gr\u00f6\u00dfe und echten &#8222;erwachsenen&#8220; Funktionen lieben. F\u00fcr das Aussehen nat\u00fcrlich auch, aber die F\u00e4higkeiten der J\u00fcngsten in der Bogenfamilie N\u00e4hmaschine ist jedoch ein zentrales Thema. Wir sind zuversichtlich, dass die Mini Blue Maschine schnell die Herzen (nicht nur) der Kinder erobern wird.<\/p>\n<p>Ja, Sie haben richtig gedacht &#8211; die Mini Blue ist die Zwillingsschwester unserer Mini, obwohl sich die &#8222;M\u00e4dchen&#8220; nat\u00fcrlich subtil unterscheiden. Das sieht man \u00fcbrigens schon auf den ersten Blick. Ja, ja &#8211; das ist das Farbschema, von dem wir hier sprechen. Na ja, und Mini Blue ist j\u00fcnger, aber \u00fcber das Alter ist es wohl nicht angebracht, zu sprechen. Und im Ernst, der gr\u00f6\u00dfte Vorteil dieser Maschine ist die Tatsache, dass sie mit <strong>n\u00fctzlichen Funktionen<\/strong> ausgestattet wurde, die auch die Standardmodelle der &#8222;Erwachsenen&#8220;-N\u00e4hmaschinen haben, aber aufgrund ihrer geringeren Gr\u00f6\u00dfe und der intuitiven Bedienung ist sie perfekt f\u00fcr <strong>j\u00fcngere Schneider<\/strong>, d.h. f\u00fcr <strong>Kinder<\/strong> und <strong>Jugendliche<\/strong>. Wir wissen auch, dass Miniaturn\u00e4hmaschinen oft von Anf\u00e4ngern gew\u00e4hlt werden, die gerade erst mit dem N\u00e4hen angefangen haben.<\/p>\n<p>Die Mini Blue ist daher eine ideale <strong>Geschenkidee<\/strong> f\u00fcr angehende Designerinnen und Designer, die sich mit ihr in N\u00e4hschlachten messen k\u00f6nnen. Sie wird auch all jenen gefallen, die ihre Leidenschaft <strong>weiterentwickeln<\/strong> wollen, denn sie wird mit ihnen Schritt halten und sie in das Zauberland des N\u00e4hens einf\u00fchren. Und das Wichtigste: Die <strong>spezielle Kunststoffabdeckung<\/strong>, die die Nadel sch\u00fctzt, sorgt daf\u00fcr, dass kleine Finger beim N\u00e4hen sicher sind.<\/p>\n<h2><strong>Die wichtigsten Eigenschaften von Mini Blue<\/strong><\/h2>\n<ul>\n<li>kleine Abmessungen, geringes Gewicht<\/li>\n<li>sehr <strong>einfache Bedienung<\/strong><\/li>\n<li>12 N\u00e4hprogramme<\/li>\n<li>stiche: gerade, Zickzack, verdeckt<\/li>\n<li><strong>nadelschutz<\/strong> zum Schutz Ihrer Finger<\/li>\n<li>r\u00fcckw\u00e4rtsn\u00e4hen<\/li>\n<li>automatisches Aufspulen des Fadens auf der Spule<\/li>\n<li>einfaches Fadenabschneiden<\/li>\n<li><strong>automatischer N\u00e4hmodus<\/strong> (ohne Fu\u00dfanlasser, mit Schieberegler)<\/li>\n<li>einstellung der Fadenspannung<\/li>\n<li>drehgreifer (leichtes Einsetzen der Spule)<\/li>\n<li>lED-Beleuchtung<\/li>\n<li>tragegriff<\/li>\n<\/ul>\n<h2>Standard-Ausstattung<\/h2>\n<ul>\n<li>2 Oberfadenspulen (wei\u00dfer und schwarzer Faden)<\/li>\n<li>2 Metall-Unterfadenspulen (wei\u00dfer und schwarzer Faden)<\/li>\n<li>2 Nadeln<\/li>\n<li>einf\u00e4dler<\/li>\n<li>fingerschutz<\/li>\n<li>universalfu\u00df<\/li>\n<li>knopflochfu\u00df<\/li>\n<li>fu\u00dfgeschwindigkeitsregler (Pedal)<\/li>\n<li>netzger\u00e4t<\/li>\n<\/ul>\n<h2>Mini Blue N\u00e4hmaschine &#8211; Ihr Kind wird sie lieben!<\/h2>\n<p>Die Mini Blue N\u00e4hmaschine wurde in erster Linie <strong>f\u00fcr Kinder<\/strong> entwickelt, die gerne Puppen und Teddyb\u00e4ren anziehen, Kleidung entwerfen oder Dinge kreieren, die mit der Verwirklichung ihrer Leidenschaften zu tun haben. Erstes selbstst\u00e4ndiges N\u00e4hen auf der Grundlage eines einfachen Stanzst\u00fccks? Diese Maschine ist perfekt daf\u00fcr! Unsere kleine Mini Blue verf\u00fcgt \u00fcber <strong>12 N\u00e4hprogramme<\/strong>, genau das Richtige, um Ihr N\u00e4habenteuer zu beginnen. Zumal Sie mit ihrer Hilfe mit <strong>Geradstich<\/strong>, <strong>Zickzack<\/strong> und <strong>Coverstich<\/strong> n\u00e4hen k\u00f6nnen.<\/p>\n<h2>Zwei Geschwindigkeiten beim automatischen N\u00e4hen<\/h2>\n<p>Apropos N\u00e4hen &#8211; und das ist das Wichtigste &#8211; die Mini Blue verf\u00fcgt \u00fcber eine sehr n\u00fctzliche und lebenserleichternde Option des <strong>automatischen N\u00e4hens<\/strong>. Und die gibt es in zwei Geschwindigkeiten:<\/p>\n<ul>\n<li><strong>langsam (niedrig)<\/strong> &#8211; f\u00fcr diejenigen, die zum ersten Mal n\u00e4hen und f\u00fcr diejenigen, die sich beim N\u00e4hen mehr konzentrieren wollen (z. B. bei einem Projekt, das mehr Pr\u00e4zision erfordert),<\/li>\n<li><strong>schnell (hoch)<\/strong> &#8211; f\u00fcr etwas fortgeschrittenere kleine Schneiderinnen oder wenn Sie ein gr\u00f6\u00dferes St\u00fcck Stoff zu n\u00e4hen haben.<\/li>\n<\/ul>\n<p>An dieser Stelle m\u00f6chten wir gleich darauf hinweisen: Unabh\u00e4ngig vom Alter eines kleinen (oder etwas \u00e4lteren) N\u00e4hanf\u00e4ngers sollte <strong>die automatische N\u00e4hoption<\/strong> nicht gef\u00fcrchtet werden. Sie hilft wirklich sehr, vor allem, wenn man das N\u00e4hen gerade erst lernt und noch kein Gef\u00fchl f\u00fcr den Umgang mit <strong>dem Fu\u00dfanlasser<\/strong> hat. Denn, f\u00fcr eine richtige Maschine ist Schluss, die Mini Blue l\u00e4sst sich auch mit dem <strong>Fu\u00dfanlasser<\/strong>, den viele umgangssprachlich als Pedal bezeichnen, pr\u00e4zise steuern. Nat\u00fcrlich ist er bei dieser Maschine etwas <strong>kleiner<\/strong> und mehr an Kinderf\u00fc\u00dfe angepasst.<\/p>\n<h2>R\u00fcckw\u00e4rtsn\u00e4hfunktion<\/h2>\n<p>Wie es sich f\u00fcr eine richtige N\u00e4hmaschine geh\u00f6rt, verf\u00fcgt die Mini Blue \u00fcber eine <strong>R\u00fcckw\u00e4rtsn\u00e4hfunktion<\/strong>, die beim <strong>Beenden eines Stiches<\/strong> unersetzlich ist. Mit Hilfe dieser Funktion kann Ihr Kind den Stich \u00e4sthetisch abschlie\u00dfen und <strong>ihn gleichzeitig vor dem Ausrei\u00dfen sch\u00fctzen<\/strong>. So kann sie sicher sein, dass die erste Naht <strong>lange<\/strong> h\u00e4lt und zu einem unbezahlbaren Erbst\u00fcck wird.<\/p>\n<h2>Der Freiarm macht die Arbeit einfacher und schneller<\/h2>\n<p>Dar\u00fcber hinaus ist die Mini Blue mit einem <strong>Freiarm<\/strong> ausgestattet, der zwar nicht so &#8222;gro\u00df&#8220; ist wie die Standardmaschinen oder sogar die Lena 2019, aber dennoch sehr n\u00fctzlich. Er erledigt seine Aufgabe sehr gut, wenn es darum geht, <strong>schmale<\/strong> <strong>Kleidungsst\u00fccke<\/strong> wie \u00c4rmel oder Beine <strong>zu s\u00e4umen<\/strong>. Dadurch wird die Arbeit viel einfacher und schneller. So k\u00f6nnen junge Designerinnen und Designer ihre Ideen schneller verwirklichen und ihre Kreativit\u00e4t und Fantasie bei der Erstellung neuer Werke entwickeln.<\/p>\n<p><strong>Der an der Maschine angebrachte Fu\u00df zum S\u00e4umen von Knopfl\u00f6chern<\/strong> ist ebenfalls sehr gefragt. Zwar k\u00f6nnen Knopfl\u00f6cher auch mit einem Universalfu\u00df ges\u00e4umt werden, aber mit diesem gelingt es viel besser.<\/p>\n<h2>N\u00fctzliche Funktionen der Mini Blue Maschine <\/h2>\n<p>Zu den Funktionen, die das Leben leichter machen, geh\u00f6rt das <strong>automatische Aufspulen des Fadens<\/strong> auf der Spule &#8211; so hat Ihr Kind nicht nur schnell den Dreh raus (im wahrsten Sinne des Wortes), sondern kann auch sicher sein, dass der Faden richtig &#8222;fest&#8220; aufgespult ist. F\u00fcr junge Schneiderinnen und Schneider gibt es auch <strong>einen Fadenschneider<\/strong>, den wir geschickt im Geh\u00e4use versteckt haben. Er wird vor allem dann n\u00fctzlich sein, wenn die Schere aus dem Blickfeld verschwindet. Und wie Sie wissen, ist in der Hektik der Arbeit alles m\u00f6glich.<\/p>\n<h2>Mini Blue Babymaschine &#8211; Sicherheit und Komfort bei der Arbeit<\/h2>\n<p>Mini Blue vereint zwei sehr wichtige Eigenschaften in sich: Einerseits ist sie eine<strong> voll funktionsf\u00e4hige N\u00e4hmaschine<\/strong> (mit echten, &#8222;erwachsenen&#8220; Funktionen), andererseits wurde sie so angepasst, dass <strong>Kinder<\/strong>, die sie benutzen, <strong>100% sicher<\/strong> sind. Das liegt an der <strong>speziellen Kunststoffabdeckung, die die Nadel umgibt<\/strong> und die kleinen Finger sowohl bei ihren ersten N\u00e4hversuchen als auch bei komplizierteren Projekten <strong>sch\u00fctzt<\/strong>. Sie m\u00fcssen also nicht bef\u00fcrchten, dass sich Ihr Kind beim N\u00e4hen in den Stoff schneidet. Selbst wenn es schnell und kr\u00e4ftig n\u00e4ht, was bei Kindern durchaus nicht unm\u00f6glich ist.<\/p>\n<h2>Moderne LED-Beleuchtung<\/h2>\n<p>Die Sicherheit, aber auch der Komfort bei der Benutzung der Mini Blue Maschine wird durch die <strong>im Geh\u00e4use eingebaute LED-Beleuchtung<\/strong> erh\u00f6ht. Sie macht nicht nur das N\u00e4hfeld <strong>gut sichtbar<\/strong>, sondern schont auch die Augen Ihres Kindes. Schlie\u00dflich muss die kleine N\u00e4herin oder der kleine Schneider sein Augenlicht nicht anstrengen, um zu sehen, was sie oder er gerade tut.<\/p>\n<h2>Zubeh\u00f6rschublade im Korpus<\/h2>\n<p>Wenn wir schon von Bequemlichkeit sprechen, d\u00fcrfen wir die <strong>praktische<\/strong>, <strong>ausziehbare<\/strong> Schublade im <strong>Korpus<\/strong> nicht vergessen. Darin k\u00f6nnen Sie das wichtigste Zubeh\u00f6r aufbewahren, so dass es immer griffbereit ist.<\/p>\n<h2>Mini Blue &#8211; geschaffen, um die Leidenschaften der Kinder zu f\u00f6rdern<\/h2>\n<p>Die<strong>intuitive<\/strong> und <strong>einfache Bedienung<\/strong> unserer neuesten Maschine f\u00fcr Kinder wird die jungen Designer, die von der eigenen Herstellung immer fortschrittlicherer Projekte fasziniert sind, von ihrer Leidenschaft f\u00fcr das Schneidern mitrei\u00dfen. Dadurch entwickeln sie nicht nur ihre Kreativit\u00e4t, sondern verbessern auch ihre <strong>Hand-Augen-Koordination<\/strong>(d.h. ihre <strong>Auge-Hand-Koordination<\/strong>) erheblich. All dies gibt ihnen die M\u00f6glichkeit, von klein auf vielseitige F\u00e4higkeiten zu entwickeln.<\/p>\n<h2>Polnische Anleitungen erleichtern den Einstieg in das N\u00e4habenteuer<\/h2>\n<p>Nat\u00fcrlich wird Mini Blue mit einer <strong>Anleitung<\/strong> in <strong>polnischer<\/strong> Sprache geliefert, die <strong>Ihr Kind<\/strong> mit <strong>jeder Seite<\/strong> in das magische Land des N\u00e4hens <strong>einf\u00fchrt<\/strong>. Denn auf diesen Seiten versuchen wir zu <strong>erkl\u00e4ren<\/strong>, wie die Maschine aufgebaut ist, wie sie funktioniert und mit welchen Funktionen wir sie ausgestattet haben. Auf den letzten Seiten finden Sie auch eine <strong>2-Jahres-Garantie<\/strong>, die ab dem Tag des Kaufs berechnet wird. <\/p>\n<p>Also, lassen Sie sich \u00fcberreden und nehmen Sie Ihr Kind mit ins Magic Sewing Land? Wir versichern Ihnen, dass es ein fantastisches Abenteuer sein wird!<\/p>\n<h2>Richtige Bedienung der Maschine<\/h2>\n<p>Um <strong>einen korrekten<\/strong> Betrieb der Maschine zu gew\u00e4hrleisten, verwenden Sie <span><strong>nur Unterfadenspulen aus Metall<\/strong><\/span>. Die Verwendung von <strong>Kunststoffspulen<\/strong> kann zu Fehlfunktionen oder sogar <strong>Sch\u00e4den an der Maschine<\/strong> f\u00fchren.<\/p>\n<h2>24-monatige Haus-zu-Haus-Garantie<\/h2>\n<p>DieMini<span>Blue Maschine wird mit <\/span><strong>einer 24-monatigen Haus <\/strong>-zu-Haus-Garantie<span>geliefert <\/span><strong>. <\/strong>Eine T\u00fcr-zu-T\u00fcr-Garantie bedeutet, dass Sie <strong>einen Kurier<\/strong> beauftragen k\u00f6nnen, der <strong>die Maschine von zu Hause ab<\/strong> holt und nach der Reparatur <strong>zu Ihnen zur\u00fcckbringt<\/strong>, wenn etwas passiert, das Sie nicht selbst beheben k\u00f6nnen. Wir hoffen jedoch, dass Sie diese M\u00f6glichkeit nicht in Anspruch nehmen m\u00fcssen.<\/p>\n<p><strong>Handbuch in polnischer Sprache &#8211; <\/strong> Sie sollten<span>es lesen, bevor Sie das Ger\u00e4t benutzen, damit Sie seine M\u00f6glichkeiten sicher und bestimmungsgem\u00e4\u00df nutzen k\u00f6nnen.<\/span><\/p>\n","protected":false},"excerpt":{"rendered":"<p>Mini Blue wird die N\u00e4hwelt erobern! Diese Miniaturn\u00e4hmaschine ist klein, handlich und hat eine spezielle Abdeckung, die die Finger der Kinder sch\u00fctzt. \u00dcbrigens auch die der Erwachsenen!<\/p>\n","protected":false},"featured_media":13715,"comment_status":"open","ping_status":"closed","template":"","meta":[],"product_brand":[],"product_cat":[790],"product_tag":[],"class_list":{"0":"post-18208","1":"product","2":"type-product","3":"status-publish","4":"has-post-thumbnail","6":"product_cat-maszyny-do-szycia-tradycyjne","8":"first","9":"outofstock","10":"taxable","11":"shipping-taxable","12":"purchasable","13":"product-type-simple"},"_links":{"self":[{"href":"https:\/\/gltestm.webology.pl\/de\/wp-json\/wp\/v2\/product\/18208","targetHints":{"allow":["GET"]}}],"collection":[{"href":"https:\/\/gltestm.webology.pl\/de\/wp-json\/wp\/v2\/product"}],"about":[{"href":"https:\/\/gltestm.webology.pl\/de\/wp-json\/wp\/v2\/types\/product"}],"replies":[{"embeddable":true,"href":"https:\/\/gltestm.webology.pl\/de\/wp-json\/wp\/v2\/comments?post=18208"}],"version-history":[{"count":0,"href":"https:\/\/gltestm.webology.pl\/de\/wp-json\/wp\/v2\/product\/18208\/revisions"}],"wp:featuredmedia":[{"embeddable":true,"href":"https:\/\/gltestm.webology.pl\/de\/wp-json\/wp\/v2\/media\/13715"}],"wp:attachment":[{"href":"https:\/\/gltestm.webology.pl\/de\/wp-json\/wp\/v2\/media?parent=18208"}],"wp:term":[{"taxonomy":"product_brand","embeddable":true,"href":"https:\/\/gltestm.webology.pl\/de\/wp-json\/wp\/v2\/product_brand?post=18208"},{"taxonomy":"product_cat","embeddable":true,"href":"https:\/\/gltestm.webology.pl\/de\/wp-json\/wp\/v2\/product_cat?post=18208"},{"taxonomy":"product_tag","embeddable":true,"href":"https:\/\/gltestm.webology.pl\/de\/wp-json\/wp\/v2\/product_tag?post=18208"}],"curies":[{"name":"wp","href":"https:\/\/api.w.org\/{rel}","templated":true}]}}