{"id":18188,"date":"2026-03-18T22:05:30","date_gmt":"2026-03-18T21:05:30","guid":{"rendered":"https:\/\/gltestm.webology.pl\/produkt\/compact-lucznik-master-craft-fadenset\/"},"modified":"2026-03-22T21:19:26","modified_gmt":"2026-03-22T20:19:26","slug":"compact-lucznik-master-craft-fadenset","status":"publish","type":"product","link":"https:\/\/gltestm.webology.pl\/de\/produkt\/compact-lucznik-master-craft-fadenset\/","title":{"rendered":"COMPACT \u0141ucznik MASTER CRAFT Fadenset"},"content":{"rendered":"<div>\n<div>\n<h2>Entdecken Sie die Kraft der Farbe in Ihrem N\u00e4hzimmer mit dem Master Craft COMPACT Fadenset!<\/h2>\n<p>In einer Welt, in der jedes Detail z\u00e4hlt, sind Pr\u00e4zision und Qualit\u00e4t der Schl\u00fcssel zum Erfolg. Das <strong>\u0141ucznik Mastercraft Compact<\/strong> N\u00e4hfadenset ist die ideale L\u00f6sung f\u00fcr alle, die nicht nur Funktionalit\u00e4t, sondern auch \u00c4sthetik sch\u00e4tzen. Dieses Set wurde speziell f\u00fcr Liebhaber der <strong>Mastercraft<\/strong>-Maschinenserie zusammengestellt und ist ein echtes Must-have in jedem N\u00e4hzimmer.<\/p>\n<h2>Warum sollten Sie sich f\u00fcr das Mastercraft Compact Fadenset entscheiden?<\/h2>\n<p><strong>Die perfekte Erg\u00e4nzung f\u00fcr Ihre N\u00e4hmaschine<\/strong> Dieses Set ist die perfekte Erg\u00e4nzung f\u00fcr die <strong>\u0141ucznik Mastercraft<\/strong> Maschinenserie. Die F\u00e4den wurden so konzipiert, dass sie perfekt mit deren Mechanismen zusammenarbeiten und ein reibungsloses und problemloses N\u00e4hen gew\u00e4hrleisten. Sie garantieren Pr\u00e4zision, glatte Stiche und dauerhafte Verbindungen, sodass jedes Projekt bis ins kleinste Detail ausgearbeitet wird.<\/p>\n<p><strong>Sorgf\u00e4ltig ausgew\u00e4hlte Farben<\/strong> Das <strong>Mastercraft Compact<\/strong> Set ist eine sorgf\u00e4ltig ausgew\u00e4hlte Farbpalette. Sie finden darin 10 Spulen mit F\u00e4den in abwechslungsreichen und gleichzeitig harmonischen Farbt\u00f6nen, die Ihnen die Umsetzung sowohl klassischer als auch gewagterer Projekte erm\u00f6glichen. Erdt\u00f6ne, elegantes Grau und universelles Wei\u00df sind eine Palette, die niemals aus der Mode kommt.<\/p>\n<p><strong>Qualit\u00e4t, auf die Sie sich verlassen k\u00f6nnen<\/strong> <strong>\u0141ucznik<\/strong>-F\u00e4den stehen f\u00fcr Qualit\u00e4t und Haltbarkeit. Ihre St\u00e4rke verhindert, dass sie w\u00e4hrend der Arbeit rei\u00dfen, und die optimale Verzwirnung der Fasern sorgt f\u00fcr eine reibungslose F\u00fchrung durch alle Fadenf\u00fchrer der Maschine. Egal, ob Sie mit empfindlichen oder dickeren Materialien arbeiten, diese F\u00e4den werden jeder Herausforderung gerecht. Es ist eine Investition in Pr\u00e4zision und Zuverl\u00e4ssigkeit, die sich bei jedem Projekt auszahlt.<\/p>\n<h2>Schl\u00fcsselinformationen:<\/h2>\n<ul>\n<li>\n<p><strong>Produkt:<\/strong> N\u00e4hfadenset<\/p>\n<\/li>\n<li>\n<p><strong>Marke:<\/strong> \u0141ucznik<\/p>\n<\/li>\n<li>\n<p><strong>Serie:<\/strong> Compact<\/p>\n<\/li>\n<li>\n<p><strong>Anzahl der Spulen:<\/strong> 10<\/p>\n<\/li>\n<li>\n<p><strong>Spulenl\u00e4nge:<\/strong> 220 m<\/p>\n<\/li>\n<li>\n<p><strong>Typ:<\/strong> 120<\/p>\n<\/li>\n<li>\n<p><strong>Material:<\/strong> Polyester<\/p>\n<\/li>\n<li>\n<p><strong>Dtex-Bezeichnung:<\/strong> 320 dtex, NM 70-80<\/p>\n<\/li>\n<li>\n<p><strong>Rei\u00dfkraft:<\/strong> 850 cN<\/p>\n<\/li>\n<\/ul>\n<\/div>\n<\/div>\n","protected":false},"excerpt":{"rendered":"<p>Entdecken Sie das \u0141ucznik Master Craft Compact Polyester-Fadenset, ideal f\u00fcr Ihre N\u00e4hmaschine. 10 Spulen in modischen Farbt\u00f6nen garantieren pr\u00e4zise Stiche und langlebige Projekte. Ein Muss in jeder Werkstatt! 10 Spulen mit je 220 Metern, St\u00e4rke 120.<\/p>\n","protected":false},"featured_media":14333,"comment_status":"open","ping_status":"closed","template":"","meta":[],"product_brand":[],"product_cat":[710],"product_tag":[],"class_list":{"0":"post-18188","1":"product","2":"type-product","3":"status-publish","4":"has-post-thumbnail","6":"product_cat-nici-do-maszyn","8":"first","9":"instock","10":"taxable","11":"shipping-taxable","12":"purchasable","13":"product-type-simple"},"_links":{"self":[{"href":"https:\/\/gltestm.webology.pl\/de\/wp-json\/wp\/v2\/product\/18188","targetHints":{"allow":["GET"]}}],"collection":[{"href":"https:\/\/gltestm.webology.pl\/de\/wp-json\/wp\/v2\/product"}],"about":[{"href":"https:\/\/gltestm.webology.pl\/de\/wp-json\/wp\/v2\/types\/product"}],"replies":[{"embeddable":true,"href":"https:\/\/gltestm.webology.pl\/de\/wp-json\/wp\/v2\/comments?post=18188"}],"version-history":[{"count":0,"href":"https:\/\/gltestm.webology.pl\/de\/wp-json\/wp\/v2\/product\/18188\/revisions"}],"wp:featuredmedia":[{"embeddable":true,"href":"https:\/\/gltestm.webology.pl\/de\/wp-json\/wp\/v2\/media\/14333"}],"wp:attachment":[{"href":"https:\/\/gltestm.webology.pl\/de\/wp-json\/wp\/v2\/media?parent=18188"}],"wp:term":[{"taxonomy":"product_brand","embeddable":true,"href":"https:\/\/gltestm.webology.pl\/de\/wp-json\/wp\/v2\/product_brand?post=18188"},{"taxonomy":"product_cat","embeddable":true,"href":"https:\/\/gltestm.webology.pl\/de\/wp-json\/wp\/v2\/product_cat?post=18188"},{"taxonomy":"product_tag","embeddable":true,"href":"https:\/\/gltestm.webology.pl\/de\/wp-json\/wp\/v2\/product_tag?post=18188"}],"curies":[{"name":"wp","href":"https:\/\/api.w.org\/{rel}","templated":true}]}}