{"id":18184,"date":"2026-03-18T22:05:30","date_gmt":"2026-03-18T21:05:30","guid":{"rendered":"https:\/\/gltestm.webology.pl\/produkt\/lucznik-fadensatz-schwarzweiss-maxi\/"},"modified":"2026-03-22T21:19:24","modified_gmt":"2026-03-22T20:19:24","slug":"lucznik-fadensatz-schwarzweiss-maxi","status":"publish","type":"product","link":"https:\/\/gltestm.webology.pl\/de\/produkt\/lucznik-fadensatz-schwarzweiss-maxi\/","title":{"rendered":"Lucznik Fadensatz: Schwarz&#038;Wei\u00df Maxi"},"content":{"rendered":"<h2>Klassiker in jedem Haushalt<\/h2>\n<p>Black&amp;White ist ein praktisches Garnset, das f\u00fcr jede N\u00e4herin zu Hause n\u00fctzlich ist &#8211; egal, ob sie einen Kleiderschrank umgestaltet, schnelle Reparaturen durchf\u00fchrt oder neue Projekte entwirft. Das Set enth\u00e4lt <strong>10 Spulen<\/strong> mit je <strong>5<\/strong> <strong>wei\u00dfen und schwarzen F\u00e4den<\/strong>, also in den universellsten Grundfarben.  <\/p>\n<h2>Garantierte Qualit\u00e4t <\/h2>\n<p>Die<strong>Lucznik Black&amp;White F\u00e4den<\/strong> sind f\u00fcr das N\u00e4hen auf <strong>allen Haushaltsmaschinen<\/strong> geeignet. Sie sind <strong>aus 100% Polyester<\/strong> mit hoher Festigkeit hergestellt. Dank der verwendeten Materialien halten sie den Belastungen beim N\u00e4hen gut stand, ohne dass die Gefahr besteht, dass sie versehentlich brechen und die Maschine neu eingef\u00e4delt werden muss.<\/p>\n<p>Die L\u00e4nge einer Spule betr\u00e4gt <strong>500 m<\/strong> &#8211; so wird Ihre Arbeit nicht durch ein unerwartetes Ende des Fadens unterbrochen. Wichtig ist, dass unsere <strong>F\u00e4den<\/strong> dank der urspr\u00fcnglichen gezwirnten Struktur <strong>nicht ausfransen<\/strong> oder <strong>fusseln<\/strong>. <strong>Die glatte Webart<\/strong> erm\u00f6glicht ein freies Einf\u00e4deln durch alle F\u00fchrungen, was die Arbeit extrem reibungslos macht. Jede Spule ist auf einer d\u00fcnnen Kunststoffspule mit praktischem Boden auf beiden Seiten aufgewickelt.<\/p>\n<p>Die Sicherheit von Produkten, die mit unserem K\u00f6rper in Ber\u00fchrung kommen, ist uns sehr wichtig. Deshalb bestehen unsere F\u00e4den aus <strong>hypoallergenem Material<\/strong> und werden <strong>ohne den Einsatz von giftigen und reizenden Chemikalien<\/strong> hergestellt. Das macht die mit unseren F\u00e4den gen\u00e4hten Projekte <strong>sicher f\u00fcr<\/strong> Ihre <strong>Gesundheit<\/strong> und die Ihrer Liebsten und freundlich f\u00fcr die empfindliche Haut von Allergikern. <\/p>\n<h2>Breite Anwendung <\/h2>\n<p><strong>Das Lucznik Black&amp;White Garnset<\/strong> eignet sich nicht nur zum N\u00e4hen mit der Maschine, sondern auch zum N\u00e4hen <strong>mit der Hand<\/strong>, <strong>Ausbessern<\/strong> und <strong>Sticken<\/strong>. Es ist eine gro\u00dfe Hilfe bei schnellen \u00c4nderungen oder Reparaturen von Kleidungsst\u00fccken. Das Set mit 10 wei\u00dfen und schwarzen Spulen ist ein Basisset, das jede N\u00e4herin vorr\u00e4tig haben sollte. <\/p>\n<p><img decoding=\"async\" src=\"\/data\/include\/cms\/nici\/blackampwhite.jpg\" alt=\"nici czarne bia\u0142e \u0142ucznik\" width=\"1000\" \/><\/p>\n","protected":false},"excerpt":{"rendered":"<p>10 Spulen mit strapazierf\u00e4higem Garn in universellen Farben &#8211; schwarz und wei\u00df &#8211; sind ein absolutes Muss im Haushalt jeder N\u00e4herin. 500 m L\u00e4nge, glatte Bindung und eine St\u00e4rke von 120 garantieren langes und reibungsloses Arbeiten. Nicht ohne Bedeutung ist<\/p>\n","protected":false},"featured_media":13832,"comment_status":"open","ping_status":"closed","template":"","meta":[],"product_brand":[],"product_cat":[710],"product_tag":[],"class_list":{"0":"post-18184","1":"product","2":"type-product","3":"status-publish","4":"has-post-thumbnail","6":"product_cat-nici-do-maszyn","8":"first","9":"instock","10":"taxable","11":"shipping-taxable","12":"purchasable","13":"product-type-simple"},"_links":{"self":[{"href":"https:\/\/gltestm.webology.pl\/de\/wp-json\/wp\/v2\/product\/18184","targetHints":{"allow":["GET"]}}],"collection":[{"href":"https:\/\/gltestm.webology.pl\/de\/wp-json\/wp\/v2\/product"}],"about":[{"href":"https:\/\/gltestm.webology.pl\/de\/wp-json\/wp\/v2\/types\/product"}],"replies":[{"embeddable":true,"href":"https:\/\/gltestm.webology.pl\/de\/wp-json\/wp\/v2\/comments?post=18184"}],"version-history":[{"count":0,"href":"https:\/\/gltestm.webology.pl\/de\/wp-json\/wp\/v2\/product\/18184\/revisions"}],"wp:featuredmedia":[{"embeddable":true,"href":"https:\/\/gltestm.webology.pl\/de\/wp-json\/wp\/v2\/media\/13832"}],"wp:attachment":[{"href":"https:\/\/gltestm.webology.pl\/de\/wp-json\/wp\/v2\/media?parent=18184"}],"wp:term":[{"taxonomy":"product_brand","embeddable":true,"href":"https:\/\/gltestm.webology.pl\/de\/wp-json\/wp\/v2\/product_brand?post=18184"},{"taxonomy":"product_cat","embeddable":true,"href":"https:\/\/gltestm.webology.pl\/de\/wp-json\/wp\/v2\/product_cat?post=18184"},{"taxonomy":"product_tag","embeddable":true,"href":"https:\/\/gltestm.webology.pl\/de\/wp-json\/wp\/v2\/product_tag?post=18184"}],"curies":[{"name":"wp","href":"https:\/\/api.w.org\/{rel}","templated":true}]}}