{"id":18180,"date":"2026-03-18T22:05:30","date_gmt":"2026-03-18T21:05:30","guid":{"rendered":"https:\/\/gltestm.webology.pl\/produkt\/marilyn-2018-hd-naehmaschine-2\/"},"modified":"2026-03-22T21:19:22","modified_gmt":"2026-03-22T20:19:22","slug":"marilyn-2018-hd-naehmaschine-2","status":"publish","type":"product","link":"https:\/\/gltestm.webology.pl\/de\/produkt\/marilyn-2018-hd-naehmaschine-2\/","title":{"rendered":"Marilyn 2018 HD N\u00e4hmaschine"},"content":{"rendered":"<h2><strong>Marilyn 2018 N\u00e4hmaschine<\/strong> &#8211; einfach zu bedienen, zuverl\u00e4ssig im Betrieb<\/h2>\n<p>Hier ist die einzigartige, einzigartige und anmutige <strong>Marilyn HD 2018<\/strong>, aber lassen Sie sich nicht von ihrem charmanten Aussehen t\u00e4uschen! Marilyn ist eine Maschine mit &#8222;Power&#8220;, der Sie getrost alle Arten von Materialien anvertrauen k\u00f6nnen, von <strong>zarter Seide bis zu steifem Denim<\/strong>. <\/p>\n<h2>Wichtigste Merkmale<\/h2>\n<ul>\n<li><strong>99 Stiche (Geradstich<\/strong>, <strong>Overlockstich<\/strong>, Zickzackstich, Dreiecksstich, Trikotstich, <strong>elastischer<\/strong> Stich, Satinstich, verdeckter Dekorstich und viele andere)<\/li>\n<li><strong>automatisches N\u00e4hen<\/strong> (START\/STOP-Taste)<\/li>\n<li>einstellbare<strong> N\u00e4hgeschwindigkeit<\/strong> (Schieberegler, Fu\u00dfanlasser), <\/li>\n<li>automatisches  <strong>Knopflochn\u00e4hen<\/strong> <\/li>\n<li>automatisches <strong>Auf<\/strong>spulen des Fadens auf die Spule<\/li>\n<li>automatisches<strong> Einf\u00e4deln der Nadel<\/strong><\/li>\n<li>automatisches<strong> Anheben und Absenken der<\/strong> Nadel<\/li>\n<li>automatische<strong> Verriegelung<\/strong><\/li>\n<li><strong>hochheben <\/strong>des Fu\u00dfes<\/li>\n<li>r\u00fcckw\u00e4rtsn\u00e4hen<strong>(Taste<\/strong>)<\/li>\n<li>regulierung der Fadenspannung<\/li>\n<li>m\u00f6glichkeit der Stichver\u00e4nderung (L\u00e4nge, Breite)<\/li>\n<li>m\u00f6glichkeit des N\u00e4hens <strong>mit Doppelnadel<\/strong><\/li>\n<li>freiarm<\/li>\n<li>funktionen<strong> Warnung<\/strong><\/li>\n<li><strong>lED-Beleuchtung<\/strong><\/li>\n<\/ul>\n<h2>Inklusive Ausstattung<\/h2>\n<ul>\n<li><strong>universalfu\u00df<\/strong> (an der Maschine befestigt)<\/li>\n<li><strong>knopfloch-N\u00e4hfu\u00df<\/strong> <\/li>\n<li><strong>knopfann\u00e4hfu\u00df<\/strong> <\/li>\n<li>fu\u00df zum Aufn\u00e4hen von <strong>Rei\u00dfverschl\u00fcssen<\/strong><\/li>\n<li><strong>satinstichfu\u00df<\/strong> <\/li>\n<li><strong>prujka<\/strong><\/li>\n<li>anleitung zum Quilten<\/li>\n<li><strong>ersatznadeln 90 (3)<\/strong><\/li>\n<li><strong>ersatzspulen (3)<\/strong><\/li>\n<li>gro\u00dfe Spulenkappe<\/li>\n<li>kleine Spulenkappe<\/li>\n<li>staubschutzhaube<\/li>\n<li>schraubendreher<\/li>\n<li>filzpads f\u00fcr den Spulenstift<\/li>\n<li>zus\u00e4tzlicher Spulenstift<\/li>\n<\/ul>\n<h2>99 Stiche und stufenlos einstellbare Stichl\u00e4nge und -breite<\/h2>\n<p>Was kann die <strong>Marilyn HD 2018<\/strong> alles? Sie hat <strong>99 Stiche<\/strong> mit ihren individuellen Standardparametern in ihrem Speicher programmiert, so dass wir uns nicht jedes Mal, wenn wir unsere N\u00e4hweise \u00e4ndern, um die Einstellungen der Maschine k\u00fcmmern m\u00fcssen. Kein Hantieren mit Einstellr\u00e4dern &#8211; das macht sie ideal f\u00fcr weniger Eingeweihte und absolute Anf\u00e4nger.<\/p>\n<p>Wenn Sie jedoch die Standardeinstellungen f\u00fcr das spezielle Material, mit dem Sie arbeiten, \u00e4ndern m\u00f6chten, erm\u00f6glicht Ihnen die Maschine eine pr\u00e4zise, <strong>stufenlose Anpassung der<\/strong> einzelnen N\u00e4hparameter &#8211; einschlie\u00dflich <strong>Stichl\u00e4nge und -breite<\/strong>. Die Einstellungen<span>werden durch Eingabe der entsprechenden Werte auf dem gut lesbaren <\/span><strong>elektronischen Display<\/strong><span>ausgew\u00e4hlt <\/span><span>. Entgegen dem Anschein ist dies ein Kinderspiel!<\/span><\/p>\n<h2><span>Automatisches N\u00e4hen mit stufenloser Geschwindigkeitseinstellung<\/span><\/h2>\n<p>Im Gegensatz zu herk\u00f6mmlichen mechanischen Maschinen k\u00f6nnen Sie bei der Marilyn nicht nur \u00fcber den angebrachten <strong>Fu\u00dfanlasser<\/strong><span>, sondern auch \u00fcber <\/span><strong>die START\/STOP-Taste<\/strong><span>im Geh\u00e4use, was f\u00fcr viele Menschen bequemer ist<\/span><span>. Es ist ein bisschen so, als w\u00fcrde die Maschine &#8222;von selbst n\u00e4hen&#8220; &#8211; wir dr\u00fccken START und schon n\u00e4hen wir. <\/span><\/p>\n<p><span>Au\u00dferdem kann man bei der <\/span><strong>Marilyn HD 2018<\/strong> die<strong>N\u00e4hgeschwindigkeit<\/strong><span> dank eines deutlich gekennzeichneten Schiebereglers<\/span><span>manuell <\/span><strong>einstellen<\/strong><span>. Wenn das Ger\u00e4t von einer weniger erfahrenen Person bedient werden soll oder wir ein besonders kompliziertes St\u00fcck n\u00e4hen, k\u00f6nnen wir den Schieberegler einfach nach links schieben, damit die Nadel so langsam wie m\u00f6glich wird. Umgekehrt k\u00f6nnen Sie den Schieberegler nach rechts schieben, wenn Sie die N\u00e4hgeschwindigkeit erh\u00f6hen m\u00f6chten. Beim N\u00e4hen gr\u00f6\u00dferer Stofffl\u00e4chen (z. B. Bettw\u00e4sche oder Vorh\u00e4nge) k\u00f6nnen wir die Maschine einfach auf eine bestimmte N\u00e4hgeschwindigkeit einstellen, die N\u00e4hautomatik einschalten und nur kontrollieren, dass der Stich gerade entlang der vorgesehenen Linie verl\u00e4uft.<\/span><\/p>\n<h2><span>Funktionstasten zur Erleichterung des N\u00e4hens<\/span><\/h2>\n<p><span>Ein gro\u00dfer Vorteil der <strong>Marilyn<\/strong> sind die <strong>Funktionstasten<\/strong><span>, die das N\u00e4hen viel angenehmer machen und gleichzeitig Zeit sparen. <\/span><\/span><\/p>\n<ul>\n<li><span>Die<\/span><strong>vollautomatische <\/strong><span>Verriegelungstaste<\/span> , mit der Sie den<span> Anfang und das Ende eines Stichs mit einer Schleife versehen k\u00f6nnen, um zu verhindern, dass er ausrei\u00dft. Es ist nicht n\u00f6tig, am Anfang und am Ende des N\u00e4hvorgangs einen &#8222;Bolzen&#8220; zu setzen, um den Stich zu verriegeln. Dr\u00fccken Sie einfach die Taste und die Maschine wird jederzeit automatisch eine Schleife bilden.<\/span><\/li>\n<li><span><span>Mit der Taste zum <strong>automatischen Anheben der Nadel <\/strong>hingegen kann die Maschine auf <span>so programmiert werden, dass sie das N\u00e4hen immer mit angehobener oder im Stoff steckender Nadel beendet. Sie werden nie wieder vergessen, die Nadel anzuheben, bevor Sie einen Stich wechseln. Au\u00dferdem m\u00fcssen Sie nach dem N\u00e4hen nicht mehr mit dem Handrad hantieren.<\/span><\/span><\/span><\/li>\n<li>Wenn Sie den Stofftransport ausschalten m\u00fcssen (z. B. beim N\u00e4hen eines Knopfes oder beim Sticken), k\u00f6nnen Sie die Transportz\u00e4hne einfach zur\u00fcckziehen, indem Sie den speziellen <strong>Untertransportschalter<\/strong> der Maschine bet\u00e4tigen.<\/li>\n<li><span><span>F\u00fcr N\u00e4hanf\u00e4nger, denen beim N\u00e4hen oft der Faden rei\u00dft, und f\u00fcr Menschen mit schlechtem Sehverm\u00f6gen oder eingeschr\u00e4nkter Handfertigkeit ist die Funktion des <strong>automatischen Einf\u00e4delns<\/strong> an der Maschinennadel unverzichtbar. Das Anvisieren der \u00d6se entf\u00e4llt, das macht das Leben leichter, spart Zeit und Nerven!<\/span><\/span><\/li>\n<\/ul>\n<h2><span><strong>\u00dcbersichtliche Liste der verf\u00fcgbaren Stiche<\/strong><\/span><\/h2>\n<p><span>Die<strong>Marilyn HD 2018<\/strong> bietet Ihnen die M\u00f6glichkeit, eine breite Palette von Zierstichen, Stichen und Ornamenten zu bedienen. Schauen Sie sich nur an, wie viel Sch\u00f6nheit sie in sich birgt! Keine Angst, sich darin zu verlieren <span>&#8211; wir haben f\u00fcr Sie ein spezielles <\/span><strong>&#8222;pull-out&#8220;<\/strong> <span> vorbereitet<\/span><span>, das thematisch gruppierte Stiche mit ihren Nummern und Illustrationen enth\u00e4lt<\/span>.<span>Es kann bequem an der Oberseite der Maschine auf Augenh\u00f6he angebracht oder bei Bedarf herausgezogen werden.<\/span><\/span><\/p>\n<h2>Leiser Betrieb dank des Drehgreifers<\/h2>\n<p>Die<span><span><strong>Marilyn HD 2018<\/strong> verf\u00fcgt \u00fcber einen hochwertigen <strong>Drehgreifer<\/strong><span>, der im Gegensatz zum Schiffchengreifer einen<\/span><\/span><\/span> <span><span><strong>leiseren Betrieb<\/strong><\/span><\/span> <span><span><span>und eine einfachere Befestigung der unteren Spule in der Maschinentrommel <\/span><\/span><\/span><span><span><span> erm\u00f6glicht<\/span><\/span><\/span><span><span><span>. Durch die <strong>transparente Trommelabdeckung<\/strong> k\u00f6nnen Sie jederzeit sehen, wie viel Faden sich noch auf der unteren Spule der Maschine befindet. So werden Sie nie wieder von einem pl\u00f6tzlichen Stichende und einem Fadenende im ung\u00fcnstigsten Moment \u00fcberrascht. <\/span><\/span><\/span><\/p>\n<h2><span><span><span>Automatische Funktionen und moderne LED-Beleuchtung<\/span><\/span><\/span><\/h2>\n<p><span><span><span>Nat\u00fcrlich verf\u00fcgt die <strong>Marilyn<\/strong> auch \u00fcber Funktionen und Annehmlichkeiten, die f\u00fcr Maschinen einer niedrigeren Klasse angemessen sind, wie z. B.<\/span><\/span><\/span> <span><span><span> <span>LED-Beleuchtung<\/span><\/span><\/span><\/span> <span><span><span><span>\u00fcber dem Arbeitsbereich,<\/span><\/span><\/span><\/span> <span><span><span><strong>automatische<\/strong><strong>Knopflochs\u00e4umung<\/strong><\/span><\/span><\/span> <span><span><span><span>f\u00fcr Kn\u00f6pfe oder<\/span><\/span><\/span><\/span> <span><span><span><strong>R\u00fcckw\u00e4rtsn\u00e4hen.<\/strong><\/span><\/span><\/span> <span><span><span><span>Im ausziehbaren Fach der Maschine befindet sich ein Set<\/span><\/span><\/span><\/span> <span><span><span><strong>N\u00e4hzubeh\u00f6r <\/strong>und<strong> Maschinenwartung<\/strong><\/span><\/span><\/span>. <\/p>\n<h2>Metallteile der Maschine<\/h2>\n<p><span>Das Geh\u00e4use und die kleinen Komponenten der <\/span><span> <strong>Marilyn HD 2018<\/strong> wurden aus <\/span><strong>modernen Metalllegierungen<\/strong><span> hergestellt <\/span><span>, deren Eigenschaften den Bedingungen entsprechen, unter denen die Komponenten arbeiten oder potenziell ausgesetzt werden k\u00f6nnten. Ebenfalls im Inneren befindet sich die Hauptplatine mit ihrer Verkabelung &#8211; genau wie in einem Computer. Dadurch kann das Ger\u00e4t mit Tasten gesteuert werden und Informationen auf dem Bildschirm anzeigen.<\/span><\/p>\n<p><span><span><span>Die inneren <\/span><\/span><\/span><strong>Metallkomponenten<\/strong><span><span><span>von <\/span><\/span><\/span><span><span> Marilyn<\/span><\/span><strong>sind<\/strong><span>in <strong>einem leichten Geh\u00e4use<\/strong> aus Polykarbonat untergebracht, das den Schutz der Mechanik mit geringem Gewicht verbindet. So l\u00e4sst sich das Ger\u00e4t leicht von einem Ort zum anderen transportieren oder verstauen (z. B. in einem Schrank), wenn Sie es nicht mehr ben\u00f6tigen.<\/span><\/p>\n<h2><span><strong>24-monatige Garantie<\/strong><\/span><\/h2>\n<p><span><strong>Marilyn HD 2018<\/strong> wird mit einer zweij\u00e4hrigen Garantie geliefert. <\/span> Das Ger\u00e4t<span>wird <\/span> mit einer<strong>leicht verst\u00e4ndlichen Bedienungsanleitung<\/strong><span><span> in polnischer und englischer <\/span><\/span> Sprache<span>geliefert <\/span><span><span>, <\/span><\/span> die<span>Sie mit dem Ger\u00e4t vertraut macht und es Ihnen erm\u00f6glicht, seine M\u00f6glichkeiten voll auszusch\u00f6pfen. Wir erinnern Sie daran, dass es am besten ist, einen Blick in das Handbuch zu werfen, bevor Sie mit dem N\u00e4hen beginnen.<\/span><\/p>\n<p><span>Sparen Sie<\/span><\/p>\n<h2>Wartung der N\u00e4hmaschine. Schritt f\u00fcr Schritt.<\/h2>\n","protected":false},"excerpt":{"rendered":"<p>Leistungsstarke elektronische Maschine mit 99 Stichen, automatischer Stichendverriegelung, Nadelpositionsprogrammierung und automatischem N\u00e4hen. Sehen Sie ihre Sch\u00f6nheit, f\u00fchlen Sie ihre Kraft!<\/p>\n","protected":false},"featured_media":13095,"comment_status":"open","ping_status":"closed","template":"","meta":[],"product_brand":[],"product_cat":[790],"product_tag":[],"class_list":{"0":"post-18180","1":"product","2":"type-product","3":"status-publish","4":"has-post-thumbnail","6":"product_cat-maszyny-do-szycia-tradycyjne","8":"first","9":"instock","10":"taxable","11":"shipping-taxable","12":"purchasable","13":"product-type-simple"},"_links":{"self":[{"href":"https:\/\/gltestm.webology.pl\/de\/wp-json\/wp\/v2\/product\/18180","targetHints":{"allow":["GET"]}}],"collection":[{"href":"https:\/\/gltestm.webology.pl\/de\/wp-json\/wp\/v2\/product"}],"about":[{"href":"https:\/\/gltestm.webology.pl\/de\/wp-json\/wp\/v2\/types\/product"}],"replies":[{"embeddable":true,"href":"https:\/\/gltestm.webology.pl\/de\/wp-json\/wp\/v2\/comments?post=18180"}],"version-history":[{"count":0,"href":"https:\/\/gltestm.webology.pl\/de\/wp-json\/wp\/v2\/product\/18180\/revisions"}],"wp:featuredmedia":[{"embeddable":true,"href":"https:\/\/gltestm.webology.pl\/de\/wp-json\/wp\/v2\/media\/13095"}],"wp:attachment":[{"href":"https:\/\/gltestm.webology.pl\/de\/wp-json\/wp\/v2\/media?parent=18180"}],"wp:term":[{"taxonomy":"product_brand","embeddable":true,"href":"https:\/\/gltestm.webology.pl\/de\/wp-json\/wp\/v2\/product_brand?post=18180"},{"taxonomy":"product_cat","embeddable":true,"href":"https:\/\/gltestm.webology.pl\/de\/wp-json\/wp\/v2\/product_cat?post=18180"},{"taxonomy":"product_tag","embeddable":true,"href":"https:\/\/gltestm.webology.pl\/de\/wp-json\/wp\/v2\/product_tag?post=18180"}],"curies":[{"name":"wp","href":"https:\/\/api.w.org\/{rel}","templated":true}]}}