{"id":18164,"date":"2026-03-18T22:05:29","date_gmt":"2026-03-18T21:05:29","guid":{"rendered":"https:\/\/gltestm.webology.pl\/produkt\/lucznik-lena-naehmaschine-2019-2\/"},"modified":"2026-03-22T21:19:17","modified_gmt":"2026-03-22T20:19:17","slug":"lucznik-lena-naehmaschine-2019-2","status":"publish","type":"product","link":"https:\/\/gltestm.webology.pl\/de\/produkt\/lucznik-lena-naehmaschine-2019-2\/","title":{"rendered":"Lucznik Lena N\u00e4hmaschine 2019"},"content":{"rendered":"<h2>Mini-N\u00e4hmaschine f\u00fcr Kinder Lucznik Lena 2019<\/h2>\n<p>Mit dem N\u00e4hen ist es wie mit dem Fahrradfahren &#8211; irgendjemand muss es uns irgendwann beibringen, damit wir ein Leben lang Freude an dieser F\u00e4higkeit haben k\u00f6nnen. Wir alle erinnern uns an den magischen Moment, als wir unter den wachsamen Augen unserer Eltern zum ersten Mal die F\u00fc\u00dfe auf die Pedale setzten und mit zitternden H\u00e4nden den Lenker umklammerten. Ein, zwei, drei Versuche und&#8230; Erfolg!<\/p>\n<p>Dies ist ein Beispiel aus dem wirklichen Leben, das uns zeigt, dass die <strong>Kreativit\u00e4t<\/strong> und der <strong>Wissenshunger von<\/strong> Kleinkindern nur am Anfang unsere Unterst\u00fctzung brauchen, um sp\u00e4ter ihre Fl\u00fcgel auszubreiten. Die <a href=\"https:\/\/galerialucznik.pl\/pl\/menu\/dla-dzieci\/maszyny-dla-dzieci\/maszyny-do-szycia-724.html\" target=\"_blank\" rel=\"noopener\"><strong>Miniaturmaschine<\/strong><\/a> Lucznik Lena 2019 ist f\u00fcr <strong>einen kleinen N\u00e4hbegeisterten<\/strong> das, was Zusatzr\u00e4der f\u00fcr einen Radfahranf\u00e4nger sind. Sie helfen bei den ersten Schritten in einem neuen und spannenden Bereich.<\/p>\n<h2>Die wichtigsten Eigenschaften der Lena 2019 N\u00e4hmaschine<\/h2>\n<ul>\n<li><strong>16 N\u00e4hprogramme<\/strong><\/li>\n<li><strong>kleine<\/strong> Abmessungen, <strong>geringes<\/strong> Gewicht<\/li>\n<li>sehr <strong>einfache Bedienung <\/strong><strong>(ein Drehknopf zum Wechseln der Stiche<\/strong>)<\/li>\n<li>stiche: Geradstich, Zickzack, verdeckt<\/li>\n<li><strong>r\u00fcckw\u00e4rtsn\u00e4hen<\/strong> <\/li>\n<li>automatischer N\u00e4hmodus (ohne Fu\u00dfanlasser, mit Schieberegler)<\/li>\n<li><strong>automatisches<\/strong> Aufspulen des Fadens auf der Spule<\/li>\n<li>einstellung der Fadenspannung<\/li>\n<li>drehgreifer<strong>(leichtes Einsetzen der Spule)<\/strong><\/li>\n<li><strong>knopflochfunktion<\/strong> <\/li>\n<li><strong>lED-Beleuchtung<\/strong> <\/li>\n<li>matic-Griff &#8211; M\u00f6glichkeit der Verwendung von <strong>Schnappf\u00fc\u00dfen<\/strong><\/li>\n<li>integrierte <strong>Schublade<\/strong> f\u00fcr Zubeh\u00f6r<\/li>\n<\/ul>\n<h2> Standard-Ausstattung<\/h2>\n<ul>\n<li><strong>knopfloch-Knopflochfu\u00df<\/strong> <\/li>\n<li><strong>universal-Knopflochfu\u00df<\/strong> <\/li>\n<li><strong>fingersch\u00fctzer<\/strong><\/li>\n<li><strong>ersatznadel<\/strong><\/li>\n<li>fadenspule 2 St\u00fcck<\/li>\n<li>schwarzer Faden<\/li>\n<li>wei\u00dfer Faden<\/li>\n<li>nadeleinf\u00e4dler<\/li>\n<li>netzger\u00e4t 6 V 1200 mA + Fu\u00dfregler<\/li>\n<li><strong>zug\u00e4ngliches Handbuch<\/strong> in Polnisch<\/li>\n<\/ul>\n<h2>Lena ist Sicherheit und Freude am N\u00e4hen lernen von Anfang an<\/h2>\n<p>Der wichtigste <strong>Komfort<\/strong>, den die Lena-N\u00e4hmaschine bietet, ist der <strong>Schutz vor dem Einstechen in kleine Finger<\/strong> beim N\u00e4henlernen. Um die Kinderh\u00e4nde rund um die eingesetzte Nadel zu sch\u00fctzen, haben wir einen <strong>speziellen Schutz<\/strong> angebracht, so dass <strong>Sie sich<\/strong> als Elternteil w\u00e4hrend des gemeinsamen Unterrichts an der Maschine <strong>keine Sorgen<\/strong> um die Gesundheit Ihres Kindes <strong>machen<\/strong> m\u00fcssen. <\/p>\n<p>Au\u00dferdem befindet sich an der Seite der Maschine ein <strong>Fadenschneider in Form eines Schlitzes<\/strong>, in den Sie den Faden einf\u00fchren k\u00f6nnen, um ihn auf die gew\u00fcnschte L\u00e4nge zu schneiden. Der Fadenabschneider der Lenie 2019 ist <strong>durch eine spezielle Abdeckung gesch\u00fctzt, die verhindert, dass er ber\u00fchrt werden<\/strong> kann.<\/p>\n<h2>Mit der Lucznik Lena 2019 N\u00e4hmaschine war N\u00e4hen noch nie so einfach!<\/h2>\n<p>Ihre ersten N\u00e4hprojekte mit der Lucznik Lena N\u00e4hmaschine werden zu einem Brei mit Milch werden. Und das liegt an dem freundlichen Design der Lucznik Miniaturmaschine, mit dem Sie<strong> das N\u00e4hen ganz einfach einstellen<\/strong> k\u00f6nnen &#8211; von Geradstichen bis hin zu Zickzackstichen. Nur <strong>ein Drehknopf<\/strong> ist hier f\u00fcr die Umstellung zust\u00e4ndig, und die Sticharten sind auf dem Maschinengeh\u00e4use <strong>mit Zeichnungen<\/strong> und <strong>Zahlen<\/strong> gekennzeichnet.<\/p>\n<p>Die Lucznik Lena 2019 N\u00e4hmaschine kann ebenso gut ohne Fu\u00dfanlasser arbeiten. Der <strong>Automatikbetrieb<\/strong> funktioniert bei unserer Maschine in <strong>zwei<\/strong> Modi &#8211; <strong>langsamer<\/strong> und <strong>mittelschnell<\/strong>. So k\u00f6nnen die Kleinen lernen, zun\u00e4chst die Einstellungen selbst vorzunehmen und dann gleichzeitig die N\u00e4hgeschwindigkeit mit einem kleinen Pedal zu regulieren.<\/p>\n<h2>Leichte Maschine f\u00fcr die J\u00fcngsten<\/h2>\n<p>Das Miniaturprodukt der Marke Lucznik zeichnet sich durch sein <strong>geringes Gewicht<\/strong> und seine einfache Aufbewahrung aus. Au\u00dferdem k\u00f6nnen Sie die Maschine dank des komfortablen <strong>Griffs<\/strong> dorthin tragen, wo Sie am bequemsten n\u00e4hen wollen. Und wenn wir schon beim Thema Komfort sind &#8211; unsere Lena hat<strong> eine eingebaute Schublade<\/strong> f\u00fcr wichtiges Zubeh\u00f6r, mit zus\u00e4tzlichen Spulen, F\u00e4den, einem Knopflochfu\u00df und einem Einf\u00e4dler.<\/p>\n<h2>Kreative Geschenkidee f\u00fcr ein Kind<\/h2>\n<p>Warum ist die Lucznik Lena 2019 N\u00e4hmaschine <strong>ein geniales<\/strong> und <strong>entwicklungsf\u00e4higes<\/strong> Geschenk f\u00fcr Ihr Kind? Die Lucznik-N\u00e4hmaschine <strong>wurde mit Blick auf die Fantasie der Kinder entwickelt<\/strong> und ist ein Werkzeug, das die Kreativit\u00e4t der Kinder aktiv unterst\u00fctzt. Mit ihr lernt das Kleinkind nicht nur die <strong>geistige und k\u00f6rperliche Koordination<\/strong> bei der Arbeit mit einfachen, <strong>d\u00fcnnen Materialien<\/strong>, sondern erlangt auch die wertvolle F\u00e4higkeit, seine wunderbaren Ideen in die Tat umzusetzen, wie zum Beispiel bunte Puppenkleider oder weiche Kissen.<\/p>\n<h2>Richtige Bedienung der Maschine<\/h2>\n<p>Um den <strong>ordnungsgem\u00e4\u00dfen<\/strong> Betrieb der Maschine zu gew\u00e4hrleisten, verwenden Sie <span><strong>nur Unterfadenspulen aus Metall<\/strong><\/span>. Die Verwendung von <strong>Kunststoffspulen<\/strong> kann zu Fehlfunktionen oder sogar <strong>Sch\u00e4den an der Maschine<\/strong> f\u00fchren.<\/p>\n<h2>24-monatige Garantie<\/h2>\n<p>Die Maschine wird mit <strong>einer 24-monatigen Haus-zu-Haus-Garantie<\/strong> und einem farbigen Handbuch in Polnisch und Englisch geliefert. Das Handbuch sollte vor der ersten Benutzung des Ger\u00e4ts gelesen werden.<\/p>\n","protected":false},"excerpt":{"rendered":"<p>Lena 2019 ist eine kleine, automatische, einfach zu bedienende und sch\u00f6n gestaltete Lucznik-Maschine, die speziell f\u00fcr Kinder entwickelt wurde. Mit ihr wird Ihr Kind sicher und mit Freude die Grundlagen des N\u00e4hens erlernen.<\/p>\n","protected":false},"featured_media":13243,"comment_status":"open","ping_status":"closed","template":"","meta":[],"product_brand":[],"product_cat":[790],"product_tag":[],"class_list":{"0":"post-18164","1":"product","2":"type-product","3":"status-publish","4":"has-post-thumbnail","6":"product_cat-maszyny-do-szycia-tradycyjne","8":"first","9":"instock","10":"taxable","11":"shipping-taxable","12":"purchasable","13":"product-type-simple"},"_links":{"self":[{"href":"https:\/\/gltestm.webology.pl\/de\/wp-json\/wp\/v2\/product\/18164","targetHints":{"allow":["GET"]}}],"collection":[{"href":"https:\/\/gltestm.webology.pl\/de\/wp-json\/wp\/v2\/product"}],"about":[{"href":"https:\/\/gltestm.webology.pl\/de\/wp-json\/wp\/v2\/types\/product"}],"replies":[{"embeddable":true,"href":"https:\/\/gltestm.webology.pl\/de\/wp-json\/wp\/v2\/comments?post=18164"}],"version-history":[{"count":0,"href":"https:\/\/gltestm.webology.pl\/de\/wp-json\/wp\/v2\/product\/18164\/revisions"}],"wp:featuredmedia":[{"embeddable":true,"href":"https:\/\/gltestm.webology.pl\/de\/wp-json\/wp\/v2\/media\/13243"}],"wp:attachment":[{"href":"https:\/\/gltestm.webology.pl\/de\/wp-json\/wp\/v2\/media?parent=18164"}],"wp:term":[{"taxonomy":"product_brand","embeddable":true,"href":"https:\/\/gltestm.webology.pl\/de\/wp-json\/wp\/v2\/product_brand?post=18164"},{"taxonomy":"product_cat","embeddable":true,"href":"https:\/\/gltestm.webology.pl\/de\/wp-json\/wp\/v2\/product_cat?post=18164"},{"taxonomy":"product_tag","embeddable":true,"href":"https:\/\/gltestm.webology.pl\/de\/wp-json\/wp\/v2\/product_tag?post=18164"}],"curies":[{"name":"wp","href":"https:\/\/api.w.org\/{rel}","templated":true}]}}