{"id":18160,"date":"2026-03-18T22:05:28","date_gmt":"2026-03-18T21:05:28","guid":{"rendered":"https:\/\/gltestm.webology.pl\/produkt\/naehmaschine-lucznik-teresa-2\/"},"modified":"2026-03-22T21:19:15","modified_gmt":"2026-03-22T20:19:15","slug":"naehmaschine-lucznik-teresa-2","status":"publish","type":"product","link":"https:\/\/gltestm.webology.pl\/de\/produkt\/naehmaschine-lucznik-teresa-2\/","title":{"rendered":"N\u00e4hmaschine Lucznik Teresa"},"content":{"rendered":"<h2><strong>Lucznik Teresa N\u00e4hmaschine &#8211; ein zuverl\u00e4ssiges &#8222;M\u00e4dchen&#8220; f\u00fcr besondere Aufgaben!<\/strong><\/h2>\n<p>Zartes, minimalistisches Design? Lassen Sie sich davon nicht t\u00e4uschen! Unsere Archer Teresa  ist wirklich eine<strong>starke &#8222;K\u00e4mpferin&#8220; &#8211; effektiv und zuverl\u00e4ssig<\/strong>. Sie ist eine vielseitige <a href=\"https:\/\/galerialucznik.pl\/\" target=\"_blank\" rel=\"noopener\">N\u00e4hmaschine<\/a>, die die rechte Hand und der Stolz selbst der anspruchsvollsten Heimn\u00e4herin sein wird. Sie erm\u00f6glicht das N\u00e4hen mit bis zu <strong>34 Stichen<\/strong>, einschlie\u00dflich elastischer Stiche und <strong>Overlockstiche<\/strong>, sowie das bequeme <strong>N\u00e4hen mit einer Doppelnadel<\/strong>. Gleichzeitig hat sie eine sehr <strong>einfache Bedienung<\/strong>, unterst\u00fctzt durch ein <strong>automatisches Einf\u00e4delsystem<\/strong>.<\/p>\n<p>Die N\u00e4hmaschine Teresa ist unsere  Hommage an<strong>die legend\u00e4ren Lucznik-N\u00e4hmaschinen aus den 1980er Jahren<\/strong>, die in fast jedem polnischen Haushalt zu finden waren &#8211; und oft noch sind. Oftmals leisten sie bis heute treue Dienste.<\/p>\n<h2>Wichtigste Merkmale<\/h2>\n<ul>\n<li><strong>34 Stiche<\/strong> (Geradstich, <strong>Overlock<\/strong>, Zickzack, Trikotstich, elastischer Stich, Satinstich, verdeckter Zierstich und viele andere)<\/li>\n<li>automatisches Knopflochs\u00e4umen<\/li>\n<li>automatisches Aufspulen des Fadens auf der Spule<\/li>\n<li><strong>automatisches Einf\u00e4deln der Nadel<\/strong><\/li>\n<li>einstellung der Fadenspannung<\/li>\n<li>m\u00f6glichkeit der Stichver\u00e4nderung (L\u00e4nge, Breite)<\/li>\n<li><strong>hohe<\/strong> Fu\u00dfl\u00fcftung<\/li>\n<li>m\u00f6glichkeit des N\u00e4hens <strong>mit Doppelnadel<\/strong><\/li>\n<li>freiarm<\/li>\n<li>r\u00fcckw\u00e4rtsn\u00e4hen (Hebel)<\/li>\n<li><strong>lED-Beleuchtung<\/strong><\/li>\n<li>solide, <strong>Metall<\/strong> Komponenten<\/li>\n<\/ul>\n<h2><strong>Mitgeliefertes Zubeh\u00f6r<\/strong><\/h2>\n<div>\n<ul>\n<li>\n<div><strong>Universalfu\u00df<\/strong> (an der Maschine montiert)<\/div>\n<\/li>\n<li>\n<div><strong>Knopfloch-N\u00e4hfu\u00df<\/strong> <\/div>\n<\/li>\n<li>\n<p> <strong>Knopfann\u00e4hfu\u00df<\/strong><\/li>\n<li>Fu\u00df zum Aufn\u00e4hen von <strong>Rei\u00dfverschl\u00fcssen<\/strong><\/li>\n<li><strong>90 Nadeln (3 St\u00fcck)<\/strong><\/li>\n<li>ersatzspulen   (3 St\u00fcck)<\/li>\n<li>r\u00fcsche<\/li>\n<li>\u00f6l<\/li>\n<li>schraubendreher<\/li>\n<li>transporter-Absperrplatte<\/li>\n<li><strong>steppf\u00fchrung<\/strong><\/li>\n<li><strong>staubschutzh\u00fclle<\/strong> <\/li>\n<\/ul>\n<\/div>\n<h2><strong>Archer Teresa &#8211; Sie werden auch von ihrem Innenleben begeistert sein&#8230;<\/strong><\/h2>\n<p>Die Technologie hat sich weiterentwickelt, so dass die von uns hergestellten Maschinen heute kleiner und leichter sind und viel leiser arbeiten als ihre hervorragenden Vorg\u00e4ngerinnen. Sie sind aber genauso zuverl\u00e4ssig und bew\u00e4hren sich &#8211; wie diese &#8211; an vielen Fronten.  Eine<strong>Multitasking-Maschine f\u00fcr besondere Aufgaben<\/strong>? Teresa ist ein Hit!<\/p>\n<p>Die N\u00e4hmaschine Lucznik &#8222;Teresa&#8220; ist ein Ideal, das <strong>die Einfachheit der Bedienung und Robustheit der Verarbeitung mit der Funktionalit\u00e4t von Ger\u00e4ten des 21. Jahrhunderts verbindet<\/strong>. Drei Eigenschaften, die alle N\u00e4herinnen zu sch\u00e4tzen wissen &#8211; unabh\u00e4ngig von Alter und Erfahrung. Teresa ist eine Maschine, die zum N\u00e4hen lernen geeignet ist, und gleichzeitig ein High-End-Ger\u00e4t, das zum N\u00e4hen einer breiten Palette von Materialien verwendet werden kann (von d\u00fcnnen und zarten, \u00fcber Stretch-Strick und klassische Baumwollstoffe, bis hin zu dickem und steifem Denim und Polstermaterialien).<\/p>\n<h2><strong>Lucznik Teresa &#8211; eine intuitive N\u00e4hmaschine f\u00fcr jedermann<\/strong><\/h2>\n<p>Teresa wurde mit \u00e4sthetischem Minimalismus entworfen &#8211; man muss sie nur ansehen, um herauszufinden, wie sie zu benutzen ist. An der Vorderseite des Geh\u00e4uses ist ein Schieber angebracht, mit dem Sie <strong>einfach und \u00fcbersichtlich <\/strong>einen Stich mit dem Einstellrad ausw\u00e4hlen k\u00f6nnen. \u00dcber dem Schieber befindet sich ein Knopf f\u00fcr <strong>die Stichl\u00e4nge <\/strong> (mit dem man den Stich feiner machen kann), ein Knopf zum Einstellen der <strong>Stichbreite<\/strong> und ein Fadenspannungseinsteller. Auf dem Geh\u00e4use ist auch ein <strong>Fadenweg<\/strong> markiert, der uns Schritt f\u00fcr Schritt zum richtigen Einf\u00e4deln der Maschine f\u00fchrt.<\/p>\n<p>Mit Hilfe der Funktion zur <strong>Einstellung der Stichbreite<\/strong> k\u00f6nnen Sie den <strong>perfekten Stich<\/strong>f\u00fcr die Struktur des gew\u00e4hlten Stoffes erstellen und die Nadelposition beim N\u00e4hen eines Geradstichs anpassen (und mehr). Auch die Einstellungen f\u00fcr das <strong>N\u00e4hen mit einer Doppelnadel <\/strong>lassen sich einfacher und pr\u00e4ziser vornehmen <strong>. <\/strong>Apropos Doppelnadel &#8211; es ist auch erw\u00e4hnenswert, dass die Teresa <strong>zwei eingebaute Metallstifte <\/strong>f\u00fcr Fadenspulen hat, um genau diese Art des N\u00e4hens weiter zu erleichtern. Damit die Maschine bei der Aufbewahrung gut gesch\u00fctzt ist, lassen sich die Stifte schnell und bequem hineinschieben und bei Bedarf wieder herausziehen<\/p>\n<p>Wir wissen sehr gut, wie l\u00e4stig es ist, den Faden immer wieder auf das Nadel\u00f6hr richten zu m\u00fcssen, und wie sehr es von der weiteren Arbeit abhalten kann. Deshalb haben wir in die Teresa <strong>einen automatischen <\/strong>Fadeneinf\u00e4dler eingebaut, den Sie einfach nur dr\u00fccken und den Faden anbringen m\u00fcssen. Diese Funktion wird auch von Menschen mit schlechtem Sehverm\u00f6gen und eingeschr\u00e4nkter Handgeschicklichkeit gesch\u00e4tzt werden.<\/p>\n<p>Dank der Funktion des <strong>automatischen Knopflochsaums<\/strong> wiederum wird diese T\u00e4tigkeit mit der Teresa zum reinen Vergn\u00fcgen. Alles, was Sie tun m\u00fcssen, ist, den richtigen Fu\u00df zu setzen und die richtige Gr\u00f6\u00dfe des Knopflochs abzumessen, und die Maschine \u00fcbernimmt die ganze Arbeit f\u00fcr Sie. Ohne den Stich immer wieder zu \u00e4ndern, den Stoff neu zu ordnen und sich Sorgen zu machen, ob es nicht schief wird.<\/p>\n<h2><strong>N\u00e4hmaschine Lucznik Teresa &#8211; meistert jede Herausforderung!<\/strong><\/h2>\n<p>Die Teresa verf\u00fcgt \u00fcber <strong>34 Stiche, <\/strong>darunter eine gro\u00dfe Auswahl an Overlockstichen <strong>, <\/strong>die es Ihnen erm\u00f6glichen, dem Effekt einer gro\u00dfen Overlock n\u00e4her zu kommen. Sie erm\u00f6glicht auch das Kr\u00e4useln mit einem <strong>Coverstich<\/strong> und das N\u00e4hen mit dehnbaren Materialien nach Verwendung spezieller <strong>elastischer Stiche<\/strong>. Auf der &#8222;Teresa&#8220;-Stichtabelle, die sich bequem in Augenh\u00f6he befindet, finden Sie auch <strong>Zierstiche<\/strong> (z. B. Muschelstich), <strong>Trikotstich<\/strong>, Zweigstich, Schleifenstich, Kreuzstich, Dreifachstich (z. B. elastischer Geradstich zum N\u00e4hen von Strickstoffen) und Unterw\u00e4schestich (auch bekannt als <strong>Dreifachstich<\/strong> &#8211; d. h. ein Stich, der beim N\u00e4hen in elastischen Stoffen von unsch\u00e4tzbarem Wert ist). <span><strong>Die Zahl der Stickmuster kann noch gr\u00f6\u00dfer werden<\/strong>, wenn Sie Ihrer Fantasie freien Lauf lassen und <\/span><strong>eine Doppelnadel<\/strong> <span>verwenden <\/span> &#8211;<span>denn viele der von &#8222;Teresa&#8220; angebotenen N\u00e4harten k\u00f6nnen auch im Doppelstich gen\u00e4ht werden. Ein sehr interessanter, k\u00fcnstlerischer Effekt wird durch die Verwendung von F\u00e4den in zwei kontrastierenden Farben erzielt. <\/span><\/p>\n<p>Die Maschine verf\u00fcgt \u00fcber eine <strong>Beleuchtung des Arbeitsfeldes<\/strong>, dank derer Sie jeden Stich und jedes Material genau beobachten k\u00f6nnen. Dar\u00fcber hinaus ist das Leuchtelement eine <strong>LED<\/strong>, die im Gegensatz zu einer normalen Gl\u00fchbirne ein st\u00e4rkeres und qualitativ besseres Licht erzeugt (obwohl sie das Auge schont), so dass Sie mehr Details sehen k\u00f6nnen.<\/p>\n<p>Das Geh\u00e4use und kleine Teile der Teresa bestehen aus <strong>modernen Metalllegierungen<\/strong>, deren Eigenschaften den Bedingungen entsprechen, unter denen die betreffenden Komponenten arbeiten oder m\u00f6glicherweise ausgesetzt werden k\u00f6nnten. Im Inneren befindet sich au\u00dferdem eine Verkabelung zur Beleuchtung des Arbeitsbereichs und des Stichsymbols. Die inneren <strong>Metallteile<\/strong> von Teresa sind von einem Geh\u00e4use aus zwei Arten von Polycarbonat-Kunststoff umgeben. Ihre Kn\u00f6pfe sind angenehm anzufassen, matt, rutschfest und liegen perfekt in der Hand. Das geschlossene Geh\u00e4use sch\u00fctzt ihr Inneres gut, und der bequeme Griff erm\u00f6glicht ein bequemes Tragen nach der Arbeit. <\/p>\n<h2>24-monatige Garantie<\/h2>\n<p>Auf die Lucznik<strong>Teresa Maschine<\/strong> gew\u00e4hren <strong>wir eine 24-monatige<\/strong> Garantie. Zum Lieferumfang geh\u00f6rt auch <strong>eine leicht verst\u00e4ndliche Bedienungsanleitung<\/strong> in polnischer und englischer Sprache, die Sie mit dem Ger\u00e4t vertraut macht und Ihnen erm\u00f6glicht, seine M\u00f6glichkeiten voll auszusch\u00f6pfen. Schauen Sie es sich unbedingt an, bevor Sie mit dem N\u00e4hen beginnen!<\/p>\n<h2>Wartung der N\u00e4hmaschine. Schritt f\u00fcr Schritt.<\/h2>\n","protected":false},"excerpt":{"rendered":"<p>Teresa ist eine klassische Haushaltsn\u00e4hmaschine, die mit robusten Metallteilen ausgestattet ist und im Overlock-Modus n\u00e4hen kann. Sie ist ideal zum N\u00e4hen mit einer Vielzahl von Materialien und verf\u00fcgt \u00fcber automatisches Einf\u00e4deln und automatisches Knopflo<\/p>\n","protected":false},"featured_media":15534,"comment_status":"open","ping_status":"closed","template":"","meta":[],"product_brand":[],"product_cat":[790],"product_tag":[],"class_list":{"0":"post-18160","1":"product","2":"type-product","3":"status-publish","4":"has-post-thumbnail","6":"product_cat-maszyny-do-szycia-tradycyjne","8":"first","9":"instock","10":"taxable","11":"shipping-taxable","12":"purchasable","13":"product-type-simple"},"_links":{"self":[{"href":"https:\/\/gltestm.webology.pl\/de\/wp-json\/wp\/v2\/product\/18160","targetHints":{"allow":["GET"]}}],"collection":[{"href":"https:\/\/gltestm.webology.pl\/de\/wp-json\/wp\/v2\/product"}],"about":[{"href":"https:\/\/gltestm.webology.pl\/de\/wp-json\/wp\/v2\/types\/product"}],"replies":[{"embeddable":true,"href":"https:\/\/gltestm.webology.pl\/de\/wp-json\/wp\/v2\/comments?post=18160"}],"version-history":[{"count":0,"href":"https:\/\/gltestm.webology.pl\/de\/wp-json\/wp\/v2\/product\/18160\/revisions"}],"wp:featuredmedia":[{"embeddable":true,"href":"https:\/\/gltestm.webology.pl\/de\/wp-json\/wp\/v2\/media\/15534"}],"wp:attachment":[{"href":"https:\/\/gltestm.webology.pl\/de\/wp-json\/wp\/v2\/media?parent=18160"}],"wp:term":[{"taxonomy":"product_brand","embeddable":true,"href":"https:\/\/gltestm.webology.pl\/de\/wp-json\/wp\/v2\/product_brand?post=18160"},{"taxonomy":"product_cat","embeddable":true,"href":"https:\/\/gltestm.webology.pl\/de\/wp-json\/wp\/v2\/product_cat?post=18160"},{"taxonomy":"product_tag","embeddable":true,"href":"https:\/\/gltestm.webology.pl\/de\/wp-json\/wp\/v2\/product_tag?post=18160"}],"curies":[{"name":"wp","href":"https:\/\/api.w.org\/{rel}","templated":true}]}}