{"id":18156,"date":"2026-03-18T22:05:28","date_gmt":"2026-03-18T21:05:28","guid":{"rendered":"https:\/\/gltestm.webology.pl\/produkt\/lucznik-zofia-ii-naehmaschine-2015-2\/"},"modified":"2026-03-22T21:19:03","modified_gmt":"2026-03-22T20:19:03","slug":"lucznik-zofia-ii-naehmaschine-2015-2","status":"publish","type":"product","link":"https:\/\/gltestm.webology.pl\/de\/produkt\/lucznik-zofia-ii-naehmaschine-2015-2\/","title":{"rendered":"Lucznik Zofia II N\u00e4hmaschine 2015"},"content":{"rendered":"<h2>\u0141ucznik Zofia II 2015 N\u00e4hmaschine &#8211; eine vielseitige N\u00e4hmaschine<\/h2>\n<p>Wenn Ihre F\u00e4higkeiten Ihre veraltete Ausr\u00fcstung bereits \u00fcberholt haben &#8211; dann ist es an der Zeit, sich mit einer leistungsf\u00e4higeren <strong>N\u00e4hmaschine \u0141ucznik Zofia II 2015<\/strong> zu besch\u00e4ftigen. Die Maschine der Marke \u0141ucznik erf\u00fcllt die Bed\u00fcrfnisse von aufstrebenden Heimanwendern, die eine hochwertige Maschine mit zus\u00e4tzlichen Funktionen suchen.<\/p>\n<p>Die Zofia II 2015 bietet die M\u00f6glichkeit, <strong>35 Stiche<\/strong> in der<strong> L\u00e4nge &#8211; bis zu 4 mm<\/strong> &#8211; und der <strong>Breite &#8211; bis zu 5 mm<\/strong>&#8211; einzustellen. Dar\u00fcber hinaus verf\u00fcgt die Maschine \u00fcber einen <strong>Freiarm<\/strong> und n\u00fctzliche Werkzeuge:<\/p>\n<ul>\n<li><strong>fu\u00dfdruckregler,<\/strong><\/li>\n<li><strong>integriertes Messer.<\/strong><\/li>\n<\/ul>\n<p>Zu ihren praktischen F\u00e4higkeiten geh\u00f6ren auch das R\u00fcckw\u00e4rtsn\u00e4hen und S\u00e4umen sowie die <strong>Overlock-Funktion<\/strong> f\u00fcr die perfekte Fertigstellung von Projekten.<\/p>\n<p>Der Bedienungskomfort der Maschine \u0141ucznik Zofia II 2015 h\u00e4ngt auch mit ihrer Verarbeitung zusammen, denn sie verf\u00fcgt \u00fcber einen <strong>praktischen<\/strong> <strong>Tragegriff<\/strong> und <strong>ein praktisches Staufach<\/strong> im Maschinengeh\u00e4use. Ein zus\u00e4tzlicher Vorteil ist die eingebaute <strong>LED-Beleuchtung<\/strong>, die ein pr\u00e4zises Arbeiten bei minimaler Au\u00dfenbeleuchtung erm\u00f6glicht.<\/p>\n<h2>Hauptmerkmale der Maschine<\/h2>\n<ul>\n<li><strong>35 Stiche <\/strong><\/li>\n<li>grundstiche, <strong>elastische<\/strong> Stiche, Overlockstiche, Zierstiche<\/li>\n<li>m\u00f6glichkeit zum N\u00e4hen <strong>mit Doppelnadel<\/strong><\/li>\n<li>unsichtbares Kantenfutter<strong>(verdeckter Stich<\/strong>)<\/li>\n<li><strong>freier<\/strong> Arm<\/li>\n<li>einstellung der <strong>Stichl\u00e4nge<\/strong> und <strong>-breite<\/strong>,<\/li>\n<li>einstellung des <strong>Fu\u00dfdrucks<\/strong> <\/li>\n<li>einstellung der <strong>Fadenspannung<\/strong> <\/li>\n<li><strong>r\u00fcckw\u00e4rtsn\u00e4hfunktion<\/strong> <\/li>\n<li><strong>halbautomatisches<\/strong> Knopflochsystem<\/li>\n<li><strong>pendelgreifer<\/strong> <\/li>\n<li>m\u00f6glichkeit der hohen Fu\u00dfl\u00fcftung<\/li>\n<li>ausgestattet mit allem notwendigen Zubeh\u00f6r<\/li>\n<li>automatisches R\u00fcckspulen des Fadens auf die untere Spule<\/li>\n<li>eingebaute <strong>LED-Beleuchtung<\/strong><\/li>\n<li><strong>tragegriff<\/strong> <\/li>\n<\/ul>\n<h2>Mitgeliefertes Zubeh\u00f6r<\/h2>\n<ul>\n<li><strong>universalfu\u00df<\/strong> <\/li>\n<li><strong>rei\u00dfverschlussfu\u00df<\/strong> <\/li>\n<li><strong>stanzfu\u00df<\/strong> <\/li>\n<li>aufrei\u00dfer<\/li>\n<li>\u00f6ler mit \u00d6l f\u00fcr die Wartung<\/li>\n<li><strong>3<\/strong> <strong>Ersatz-Universalnadeln<\/strong> 90\/14<\/li>\n<li><strong>3 Spulen<\/strong> f\u00fcr Unterfaden<\/li>\n<li>platte zur Abdeckung der Transportz\u00e4hne<\/li>\n<li><strong>2<\/strong> <strong>Fadenspulenwascher<\/strong> <\/li>\n<li>geschwindigkeitsregler mit Netzkabel<\/li>\n<li>2 Schraubendreher (klein und gro\u00df)<\/li>\n<li>staubschutzhaube<\/li>\n<\/ul>\n<h2>24-monatige Garantie<\/h2>\n<p>Die Maschine wird mit einer <strong>24-monatigen Garantie<\/strong> geliefert. Zum Lieferumfang geh\u00f6rt auch <strong>eine leicht verst\u00e4ndliche Bedienungsanleitung<\/strong> in polnischer und englischer Sprache, die Sie mit der Maschine vertraut macht und es Ihnen erm\u00f6glicht, ihre M\u00f6glichkeiten voll auszusch\u00f6pfen. Schauen Sie es sich unbedingt an, bevor Sie mit dem N\u00e4hen beginnen!<\/p>\n<h2>Wartung der N\u00e4hmaschine. Schritt f\u00fcr Schritt.<\/h2>\n","protected":false},"excerpt":{"rendered":"<p>Die Sophia II 2015 zeichnet sich durch ihr originelles Design und ihre gro\u00dfartigen technischen M\u00f6glichkeiten aus. Sie verf\u00fcgt \u00fcber die M\u00f6glichkeit, den Fu\u00dfdruck einzustellen und die Parameter der einzelnen Stiche zu \u00e4ndern, und gibt Ihnen gleichzeitig meh<\/p>\n","protected":false},"featured_media":15849,"comment_status":"open","ping_status":"closed","template":"","meta":[],"product_brand":[],"product_cat":[790],"product_tag":[],"class_list":{"0":"post-18156","1":"product","2":"type-product","3":"status-publish","4":"has-post-thumbnail","6":"product_cat-maszyny-do-szycia-tradycyjne","8":"first","9":"outofstock","10":"taxable","11":"shipping-taxable","12":"purchasable","13":"product-type-simple"},"_links":{"self":[{"href":"https:\/\/gltestm.webology.pl\/de\/wp-json\/wp\/v2\/product\/18156","targetHints":{"allow":["GET"]}}],"collection":[{"href":"https:\/\/gltestm.webology.pl\/de\/wp-json\/wp\/v2\/product"}],"about":[{"href":"https:\/\/gltestm.webology.pl\/de\/wp-json\/wp\/v2\/types\/product"}],"replies":[{"embeddable":true,"href":"https:\/\/gltestm.webology.pl\/de\/wp-json\/wp\/v2\/comments?post=18156"}],"version-history":[{"count":0,"href":"https:\/\/gltestm.webology.pl\/de\/wp-json\/wp\/v2\/product\/18156\/revisions"}],"wp:featuredmedia":[{"embeddable":true,"href":"https:\/\/gltestm.webology.pl\/de\/wp-json\/wp\/v2\/media\/15849"}],"wp:attachment":[{"href":"https:\/\/gltestm.webology.pl\/de\/wp-json\/wp\/v2\/media?parent=18156"}],"wp:term":[{"taxonomy":"product_brand","embeddable":true,"href":"https:\/\/gltestm.webology.pl\/de\/wp-json\/wp\/v2\/product_brand?post=18156"},{"taxonomy":"product_cat","embeddable":true,"href":"https:\/\/gltestm.webology.pl\/de\/wp-json\/wp\/v2\/product_cat?post=18156"},{"taxonomy":"product_tag","embeddable":true,"href":"https:\/\/gltestm.webology.pl\/de\/wp-json\/wp\/v2\/product_tag?post=18156"}],"curies":[{"name":"wp","href":"https:\/\/api.w.org\/{rel}","templated":true}]}}