{"id":18128,"date":"2026-03-18T22:05:26","date_gmt":"2026-03-18T21:05:26","guid":{"rendered":"https:\/\/gltestm.webology.pl\/produkt\/papierbeutel-fuer-staubsauger-ot-2022\/"},"modified":"2026-03-22T21:18:54","modified_gmt":"2026-03-22T20:18:54","slug":"papierbeutel-fuer-staubsauger-ot-2022","status":"publish","type":"product","link":"https:\/\/gltestm.webology.pl\/de\/produkt\/papierbeutel-fuer-staubsauger-ot-2022\/","title":{"rendered":"Papierbeutel f\u00fcr Staubsauger OT-2022"},"content":{"rendered":"<p><span>Der <strong>Papier-Staubsaugerbeutel<\/strong> <strong>OP-2022<\/strong> ist ein unverzichtbares Zubeh\u00f6r f\u00fcr alle Besitzer dieses Staubsaugermodells. Dank hochwertiger <strong>Materialien<\/strong> und <strong>solider<\/strong> <strong>Verarbeitung<\/strong> sorgt dieser Beutel f\u00fcr <strong>effizientes<\/strong> und <strong>hygienisches<\/strong> <strong>Staubsaugen<\/strong> und sch\u00fctzt gleichzeitig das Innere des Staubsaugers vor Verschmutzung.<\/span><\/p>\n<h2><span>Wichtigste Merkmale<\/span><\/h2>\n<ul>\n<li><strong>Umweltfreundliches<\/strong><strong> <strong>Material<\/strong>: <\/strong>Das f\u00fcr die Herstellung des Beutels verwendete Papier ist <strong>umweltfreundlich<\/strong> und <strong>recycelbar<\/strong>.<\/li>\n<li><strong>Mehrfachpackung<\/strong>: Durch den Kauf des Beutels im B\u00fcndel sparen Sie Geld<\/li>\n<li>\n<p><strong>Kompatibilit\u00e4t<\/strong>: Der Beutel ist<strong> perfekt<\/strong> auf das Staubsaugermodell OP-2022<strong> abgestimmt<\/strong>, so dass Sie sicher sein k\u00f6nnen, dass er perfekt zu Ihrem Ger\u00e4t passt und funktioniert.<\/p>\n<\/li>\n<li><strong>Fassungsverm\u00f6gen<\/strong>: Der Beutel hat ein <strong>Fassungsverm\u00f6gen von 2,5 Litern<\/strong>, was bedeutet, dass Sie l\u00e4nger staubsaugen k\u00f6nnen, bevor Sie ihn ersetzen m\u00fcssen. Das spart Zeit und reduziert die Anzahl der Unterbrechungen w\u00e4hrend der Reinigung.<\/li>\n<li><strong>Filtrationseffizienz<\/strong>: Das f\u00fcr diesen Beutel verwendete Papier f\u00e4ngt Staub und andere Partikel perfekt auf und verbessert die Luftqualit\u00e4t in Ihrer Wohnung.<\/li>\n<li><strong>Einfacher Austausch<\/strong>: Der Beutel ist<strong> leicht zu installieren und zu entfernen<\/strong>. In der Bedienungsanleitung des OT-2022 Staubsaugers finden Sie eine Schritt-f\u00fcr-Schritt-Anleitung, wie das geht.<\/li>\n<\/ul>\n","protected":false},"excerpt":{"rendered":"<p>Papierstaubbeutel f\u00fcr Staubsauger. Fassungsverm\u00f6gen 2,5 l. Einfacher und schneller Austausch. Effektive R\u00fcckhaltung von Staub und Schmutz. Kompatibel mit dem Lucznik OT-2022 Staubsauger.<\/p>\n","protected":false},"featured_media":13695,"comment_status":"open","ping_status":"closed","template":"","meta":[],"product_brand":[],"product_cat":[630],"product_tag":[],"class_list":{"0":"post-18128","1":"product","2":"type-product","3":"status-publish","4":"has-post-thumbnail","6":"product_cat-odkurzacze","8":"first","9":"instock","10":"taxable","11":"shipping-taxable","12":"purchasable","13":"product-type-simple"},"_links":{"self":[{"href":"https:\/\/gltestm.webology.pl\/de\/wp-json\/wp\/v2\/product\/18128","targetHints":{"allow":["GET"]}}],"collection":[{"href":"https:\/\/gltestm.webology.pl\/de\/wp-json\/wp\/v2\/product"}],"about":[{"href":"https:\/\/gltestm.webology.pl\/de\/wp-json\/wp\/v2\/types\/product"}],"replies":[{"embeddable":true,"href":"https:\/\/gltestm.webology.pl\/de\/wp-json\/wp\/v2\/comments?post=18128"}],"version-history":[{"count":0,"href":"https:\/\/gltestm.webology.pl\/de\/wp-json\/wp\/v2\/product\/18128\/revisions"}],"wp:featuredmedia":[{"embeddable":true,"href":"https:\/\/gltestm.webology.pl\/de\/wp-json\/wp\/v2\/media\/13695"}],"wp:attachment":[{"href":"https:\/\/gltestm.webology.pl\/de\/wp-json\/wp\/v2\/media?parent=18128"}],"wp:term":[{"taxonomy":"product_brand","embeddable":true,"href":"https:\/\/gltestm.webology.pl\/de\/wp-json\/wp\/v2\/product_brand?post=18128"},{"taxonomy":"product_cat","embeddable":true,"href":"https:\/\/gltestm.webology.pl\/de\/wp-json\/wp\/v2\/product_cat?post=18128"},{"taxonomy":"product_tag","embeddable":true,"href":"https:\/\/gltestm.webology.pl\/de\/wp-json\/wp\/v2\/product_tag?post=18128"}],"curies":[{"name":"wp","href":"https:\/\/api.w.org\/{rel}","templated":true}]}}