{"id":18124,"date":"2026-03-18T22:05:26","date_gmt":"2026-03-18T21:05:26","guid":{"rendered":"https:\/\/gltestm.webology.pl\/produkt\/lucznik-ha1-klassische-stoffnadeln\/"},"modified":"2026-03-22T21:18:52","modified_gmt":"2026-03-22T20:18:52","slug":"lucznik-ha1-klassische-stoffnadeln","status":"publish","type":"product","link":"https:\/\/gltestm.webology.pl\/de\/produkt\/lucznik-ha1-klassische-stoffnadeln\/","title":{"rendered":"Lucznik HA*1 klassische Stoffnadeln"},"content":{"rendered":"<p>Die vielseitigsten Nadeln, die wir in unserem Angebot haben. Perfekt zum N\u00e4hen von Naturstoffen (Baumwolle, Leinen, Wolle und deren Mischungen) und Stoffen aus Chemiefasern (Viskose und deren Derivate). Der Stich wird gleichm\u00e4\u00dfig, perfekt gerade und ohne \u00dcberstich gebildet.<\/p>\n<p>HA*1 Lucznik Universal-Stoffnadeln mit <strong>Halbflachkolben<\/strong> passen auf N\u00e4hmaschinen aus dem aktuellen Angebot sowie auf die Lucznik Overlocks FN 2-9, 620D, 720D-4, 820D-3 und 820D-5.<\/p>\n<p>HA*1 Lucznik-Nadeln sind zu <strong>5 St\u00fcck<\/strong> verpackt und werden in <strong>4 St\u00e4rken<\/strong> (von St\u00e4rke 70 bis St\u00e4rke 100) angeboten:<\/p>\n<ul>\n<li><strong>70\/10 &#8211; 1 St\u00fcck.<\/strong><\/li>\n<li><strong>80\/12 &#8211; 1 St\u00fcck.<\/strong><\/li>\n<li><strong>90\/14 &#8211; 2 St\u00fcck.<\/strong><\/li>\n<li><strong>100 &#8211; 1 St\u00fcck.<\/strong><\/li>\n<\/ul>\n<p>Bei der Wahl der Nadelgr\u00f6\u00dfe gilt die einfache Regel, immer die kleinstm\u00f6gliche Gr\u00f6\u00dfe zu w\u00e4hlen, um den gen\u00e4hten Stoff nicht unn\u00f6tig zu perforieren. Es ist jedoch zu bedenken, dass die Gr\u00f6\u00dfe der Nadel die Gr\u00f6\u00dfe der \u00d6se bestimmt, und die \u00d6se muss gro\u00df genug sein, damit sich der Faden frei bewegen kann.<\/p>\n<p><strong>MERKEN SIE SICH DAS!<\/strong><\/p>\n<p>\u00dcberpr\u00fcfen Sie die Nadelspitze regelm\u00e4\u00dfig. Wenn Sie Verschlei\u00dferscheinungen feststellen, ersetzen Sie die Nadel durch eine neue. Der Zustand der Nadel wirkt sich auf die Qualit\u00e4t des Stichs aus, eine besch\u00e4digte Nadelspitze kann den gen\u00e4hten Stoff besch\u00e4digen. Nadeln sollten in ihrer Originalverpackung aufbewahrt werden, um Besch\u00e4digungen zu vermeiden.<\/p>\n","protected":false},"excerpt":{"rendered":"<p>Die vielseitigsten, klassischen N\u00e4hmaschinennadeln. Perfekt zum N\u00e4hen von Naturstoffen, synthetischen Materialien und Kunstfasermaterialien.<\/p>\n","protected":false},"featured_media":13445,"comment_status":"open","ping_status":"closed","template":"","meta":[],"product_brand":[],"product_cat":[520],"product_tag":[],"class_list":{"0":"post-18124","1":"product","2":"type-product","3":"status-publish","4":"has-post-thumbnail","6":"product_cat-igly-do-maszyn","8":"first","9":"instock","10":"taxable","11":"shipping-taxable","12":"purchasable","13":"product-type-simple"},"_links":{"self":[{"href":"https:\/\/gltestm.webology.pl\/de\/wp-json\/wp\/v2\/product\/18124","targetHints":{"allow":["GET"]}}],"collection":[{"href":"https:\/\/gltestm.webology.pl\/de\/wp-json\/wp\/v2\/product"}],"about":[{"href":"https:\/\/gltestm.webology.pl\/de\/wp-json\/wp\/v2\/types\/product"}],"replies":[{"embeddable":true,"href":"https:\/\/gltestm.webology.pl\/de\/wp-json\/wp\/v2\/comments?post=18124"}],"version-history":[{"count":0,"href":"https:\/\/gltestm.webology.pl\/de\/wp-json\/wp\/v2\/product\/18124\/revisions"}],"wp:featuredmedia":[{"embeddable":true,"href":"https:\/\/gltestm.webology.pl\/de\/wp-json\/wp\/v2\/media\/13445"}],"wp:attachment":[{"href":"https:\/\/gltestm.webology.pl\/de\/wp-json\/wp\/v2\/media?parent=18124"}],"wp:term":[{"taxonomy":"product_brand","embeddable":true,"href":"https:\/\/gltestm.webology.pl\/de\/wp-json\/wp\/v2\/product_brand?post=18124"},{"taxonomy":"product_cat","embeddable":true,"href":"https:\/\/gltestm.webology.pl\/de\/wp-json\/wp\/v2\/product_cat?post=18124"},{"taxonomy":"product_tag","embeddable":true,"href":"https:\/\/gltestm.webology.pl\/de\/wp-json\/wp\/v2\/product_tag?post=18124"}],"curies":[{"name":"wp","href":"https:\/\/api.w.org\/{rel}","templated":true}]}}