{"id":18116,"date":"2026-03-18T22:05:25","date_gmt":"2026-03-18T21:05:25","guid":{"rendered":"https:\/\/gltestm.webology.pl\/produkt\/lucznik-gewindeset-must-have-compact\/"},"modified":"2026-03-22T21:18:49","modified_gmt":"2026-03-22T20:18:49","slug":"lucznik-gewindeset-must-have-compact","status":"publish","type":"product","link":"https:\/\/gltestm.webology.pl\/de\/produkt\/lucznik-gewindeset-must-have-compact\/","title":{"rendered":"Lucznik Gewindeset &#8211; Must Have Compact"},"content":{"rendered":"<h2><strong>Lucznik Gewinde Set: Must Have Kompakt<\/strong><\/h2>\n<p>Das<strong>Must-Have Set mit 10 Farben<\/strong> ist ein<strong>Muss<\/strong> f\u00fcr jede N\u00e4herin, sowohl im professionellen als auch im privaten Bereich. Eine Vielzahl von leuchtenden Farben, kombiniert mit essentiellen Farben wie Schwarz und Wei\u00df, garantieren, dass Sie f\u00fcr jede Aufgabe den richtigen Faden finden werden. Dies ist ein gro\u00dfartiges &#8222;Einsteiger&#8220;-Set, wenn Sie eine neue N\u00e4hmaschine kaufen. Es handelt sich um ein sehr einfaches Garnset, das f\u00fcr ein kleines Heimatelier unverzichtbar sein kann. <\/p>\n<h3>Lucznik-Garne &#8211; speziell f\u00fcr das N\u00e4hen mit der Maschine!<\/h3>\n<p>Die Lucznik-F\u00e4den <strong>wurden speziell f\u00fcr das N\u00e4hen auf der Maschine<\/strong> und die Belastungen, die beim Durchlaufen der verschiedenen Greifer und beim Herstellen von Stichen entstehen,<strong>entwickelt<\/strong>. Sie sind so strapazierf\u00e4hig, dass sie auch bei hektischer Arbeit an jedem Material, das Ihnen in die H\u00e4nde f\u00e4llt, nicht rei\u00dfen. Die <span>speziell entwickelte, <\/span><strong>optimale Drehung<\/strong><span> der Fasern l\u00e4sst den Faden reibungslos durch alle F\u00fchrungen laufen, und die praktischen <\/span><strong>Sockel auf beiden Seiten der Spule<\/strong><span> stabilisieren sie auf der Maschine<\/span>.<\/p>\n<h3>Ein Muss in jedem Schneideratelier<\/h3>\n<p>Die Farbpalette des <strong>Lucznik Must-Have<\/strong> Fadensets wurde so ausgew\u00e4hlt, dass sie so vielseitig wie m\u00f6glich ist und zu Ihren Produkten in den meisten Grundfarben passt. <strong>Dies ist ein ideales &#8222;Starter&#8220;-Set <\/strong>, das ein unverzichtbares Zubeh\u00f6r f\u00fcr Ihr Zuhause oder Ihr N\u00e4hatelier ist. Es enth\u00e4lt alle <strong>Grundfarben des Regenbogens sowie Schwarz und Wei\u00df<\/strong>. Nichts wird Sie davon abhalten, einzigartige, wunderbare Dinge zu kreieren, um die Sie jeder beneiden wird!<\/p>\n<p>Dank der sicheren<strong>Herstellung,<\/strong> und der Abwesenheit von giftigen oder reizenden Chemikalien, k\u00f6nnen Sie sicher f\u00fcr die ganze Familie n\u00e4hen.<\/p>\n","protected":false},"excerpt":{"rendered":"<p>Polyesterf\u00e4den von h\u00f6chster Qualit\u00e4t, die speziell f\u00fcr das N\u00e4hen mit der Maschine entwickelt wurden. In einem geschmackvollen Paket, in Prim\u00e4rfarben! 10 Spulen zu je 220 Metern, St\u00e4rke 120.<\/p>\n","protected":false},"featured_media":15430,"comment_status":"open","ping_status":"closed","template":"","meta":[],"product_brand":[],"product_cat":[710],"product_tag":[],"class_list":{"0":"post-18116","1":"product","2":"type-product","3":"status-publish","4":"has-post-thumbnail","6":"product_cat-nici-do-maszyn","8":"first","9":"instock","10":"taxable","11":"shipping-taxable","12":"purchasable","13":"product-type-simple"},"_links":{"self":[{"href":"https:\/\/gltestm.webology.pl\/de\/wp-json\/wp\/v2\/product\/18116","targetHints":{"allow":["GET"]}}],"collection":[{"href":"https:\/\/gltestm.webology.pl\/de\/wp-json\/wp\/v2\/product"}],"about":[{"href":"https:\/\/gltestm.webology.pl\/de\/wp-json\/wp\/v2\/types\/product"}],"replies":[{"embeddable":true,"href":"https:\/\/gltestm.webology.pl\/de\/wp-json\/wp\/v2\/comments?post=18116"}],"version-history":[{"count":0,"href":"https:\/\/gltestm.webology.pl\/de\/wp-json\/wp\/v2\/product\/18116\/revisions"}],"wp:featuredmedia":[{"embeddable":true,"href":"https:\/\/gltestm.webology.pl\/de\/wp-json\/wp\/v2\/media\/15430"}],"wp:attachment":[{"href":"https:\/\/gltestm.webology.pl\/de\/wp-json\/wp\/v2\/media?parent=18116"}],"wp:term":[{"taxonomy":"product_brand","embeddable":true,"href":"https:\/\/gltestm.webology.pl\/de\/wp-json\/wp\/v2\/product_brand?post=18116"},{"taxonomy":"product_cat","embeddable":true,"href":"https:\/\/gltestm.webology.pl\/de\/wp-json\/wp\/v2\/product_cat?post=18116"},{"taxonomy":"product_tag","embeddable":true,"href":"https:\/\/gltestm.webology.pl\/de\/wp-json\/wp\/v2\/product_tag?post=18116"}],"curies":[{"name":"wp","href":"https:\/\/api.w.org\/{rel}","templated":true}]}}