{"id":18112,"date":"2026-03-18T22:05:25","date_gmt":"2026-03-18T21:05:25","guid":{"rendered":"https:\/\/gltestm.webology.pl\/produkt\/haartrockner-hd-2400-mit-diffusor\/"},"modified":"2026-03-22T21:18:47","modified_gmt":"2026-03-22T20:18:47","slug":"haartrockner-hd-2400-mit-diffusor","status":"publish","type":"product","link":"https:\/\/gltestm.webology.pl\/de\/produkt\/haartrockner-hd-2400-mit-diffusor\/","title":{"rendered":"Haartrockner HD-2400 mit Diffusor"},"content":{"rendered":"<h2>Haartrockner \u0141ucznik HD-2400: Ihre Frisur unter Kontrolle!<\/h2>\n<p><span>Tr\u00e4umen Sie von perfekt gestyltem Haar,<\/span><span> voller Glanz und ohne Frizz?<\/span><span> Der Haartrockner \u0141ucznik HD-2400 ist die Antwort auf Ihre Bed\u00fcrfnisse!<\/span><span> Dieses elegante,<\/span><span> schokoladen-goldene Modell ist eine Kombination aus hoher Leistung,<\/span><span> innovativen Technologien und durchdachten L\u00f6sungen,<\/span><span> die das Haartrocknen zu einem wahren Vergn\u00fcgen machen werden.<\/span><\/p>\n<h2>Schnelles Trocknen, sch\u00f6ne Ergebnisse<\/h2>\n<p><span>Vergessen Sie langes und anstrengendes Trocknen!<\/span><span> Dank seiner beeindruckenden Leistung von 2000-2400W garantiert der Haartrockner \u0141ucznik HD-2400 Express-Ergebnisse,<\/span><span> selbst bei dickem und langem Haar.<\/span><span> Er ist die ideale L\u00f6sung f\u00fcr alle,<\/span><span> die Wert auf Zeit und Effizienz legen.<\/span><\/p>\n<h2>Ionisationstechnologie: Verabschieden Sie sich von Frizz!<\/h2>\n<p><span>Schluss mit statisch aufgeladenem und krausem Haar!<\/span><span> Der Haartrockner \u0141ucznik HD-2400 ist mit einer Ionisationsfunktion ausgestattet.<\/span><span> Millionen von negativen Ionen,<\/span><span> die w\u00e4hrend des Trocknens freigesetzt werden,<\/span><span> neutralisieren positive Ladungen,<\/span><span> wodurch Ihr Haar glatt,<\/span><span> gl\u00e4nzend und leichter zu handhaben wird.<\/span><span> Das ist das Geheimnis von gesund aussehenden,<\/span><span> perfekt gestylten Frisuren!<\/span><\/p>\n<h2>Volle Kontrolle \u00fcber das Styling<\/h2>\n<p><span>Mit drei Temperaturstufen und zwei Geschwindigkeitsstufen passt sich der Haartrockner \u0141ucznik HD-2400 jedem Haartyp und jedem Styling an.<\/span><span> Egal,<\/span><span> ob Sie sanftes Trocknen oder einen intensiven Luftstrom f\u00fcr schnelles Modellieren ben\u00f6tigen,<\/span><span> Sie haben die volle Kontrolle \u00fcber den Prozess.<\/span><span> Dar\u00fcber hinaus erm\u00f6glicht Ihnen die Kaltluftfunktion &#8222;Cool Shot&#8220;,<\/span><span> Ihre Frisur l\u00e4nger zu fixieren und so ihre Haltbarkeit und ihr perfektes Aussehen den ganzen Tag \u00fcber zu gew\u00e4hrleisten.<\/span><\/p>\n<h2>Komfort und Funktionalit\u00e4t in Ihrer Hand<\/h2>\n<p><span>Der Haartrockner \u0141ucznik HD-2400 bietet nicht nur hervorragende Parameter,<\/span><span> sondern auch Benutzerfreundlichkeit.<\/span><span> Der klappbare Griff macht die Aufbewahrung des Ger\u00e4ts extrem einfach \u2013 perfekt f\u00fcr ein kleines Badezimmer und auf Reisen.<\/span><span> Zus\u00e4tzlich erm\u00f6glicht die praktische Aufh\u00e4nge\u00f6se eine bequeme Aufbewahrung in Reichweite.<\/span><span> Das Ger\u00e4t ist auch mit einem \u00dcberhitzungsschutz ausgestattet,<\/span><span> der Sicherheit und eine lange Lebensdauer des Haartrockners gew\u00e4hrleistet.<\/span><\/p>\n<h2>Zubeh\u00f6r f\u00fcr perfektes Styling<\/h2>\n<p><span>Im Lieferumfang des Haartrockners \u0141ucznik HD-2400 sind zwei wichtige Stylingaufs\u00e4tze enthalten:<\/span><\/p>\n<ul>\n<li><strong>Konzentratord\u00fcse<\/strong><span> \u2013 ideal zum pr\u00e4zisen Trocknen und Gl\u00e4tten der Haare,<\/span><span> erleichtert das Erstellen spezifischer Frisuren.<\/span><\/li>\n<li><strong>Diffusor<\/strong><span> \u2013 unverzichtbar f\u00fcr Besitzerinnen von gewelltem und lockigem Haar,<\/span><span> hilft,<\/span><span> die nat\u00fcrliche Locke zu betonen und Volumen zu verleihen,<\/span><span> w\u00e4hrend gleichzeitig Frizz verhindert wird.<\/span><\/li>\n<\/ul>\n<h2>Design, das begeistert<\/h2>\n<p><span>Der Haartrockner \u0141ucznik HD-2400 besticht durch seinen eleganten,<\/span><span> schokoladenfarbenen Satin-Ton in Kombination mit goldenen Akzenten.<\/span><span> Er ist eine stilvolle Erg\u00e4nzung f\u00fcr Ihr Badezimmer,<\/span><span> die Ihren Stil und Ihre Liebe zum Detail unterstreicht.<\/span><\/p>\n<h2>Wichtigste Informationen auf einen Blick:<\/h2>\n<ul>\n<li><strong>Maximale Leistung:<\/strong><span> 2000-2400W<\/span><\/li>\n<li><strong>Funktionen:<\/strong><span> Ionisation,<\/span><span> Kaltluft &#8222;Cool Shot&#8220;,<\/span><span> \u00dcberhitzungsschutz<\/span><\/li>\n<li><strong>Einstellungen:<\/strong><span> 3 Temperaturstufen,<\/span><span> 2 Geschwindigkeitsstufen<\/span><\/li>\n<li><strong>Design:<\/strong><span> Klappbarer Griff,<\/span><span> Aufh\u00e4nge\u00f6se,<\/span><span> schokoladen-goldene Farbe<\/span><\/li>\n<li><strong>Kabell\u00e4nge:<\/strong><span> 1,<\/span><span>64 m<\/span><\/li>\n<li><strong>Produktgewicht:<\/strong><span> 0,<\/span><span>52 kg (netto)<\/span><\/li>\n<li><strong>Produktabmessungen (L x B x H):<\/strong><span> 25,<\/span><span>0 x 8,<\/span><span>5 x 28,<\/span><span>0 cm<\/span><\/li>\n<li><strong>Zubeh\u00f6r im Lieferumfang:<\/strong><span> Konzentratord\u00fcse,<\/span><span> Diffusor<\/span><\/li>\n<li><strong>Garantie:<\/strong><span> 24 Monate<\/span><\/li>\n<\/ul>\n","protected":false},"excerpt":{"rendered":"<p>\u0141ucznik HD-2400: Der Haartrockner, der Ihr Haar verwandelt! Leistung, Ionisation und Stil in einem \u2013 f\u00fcr eine perfekte Frisur jeden Tag.<\/p>\n","protected":false},"featured_media":13075,"comment_status":"open","ping_status":"closed","template":"","meta":[],"product_brand":[],"product_cat":[680],"product_tag":[],"class_list":{"0":"post-18112","1":"product","2":"type-product","3":"status-publish","4":"has-post-thumbnail","6":"product_cat-suszarki-do-wlosow","8":"first","9":"instock","10":"taxable","11":"shipping-taxable","12":"purchasable","13":"product-type-simple"},"_links":{"self":[{"href":"https:\/\/gltestm.webology.pl\/de\/wp-json\/wp\/v2\/product\/18112","targetHints":{"allow":["GET"]}}],"collection":[{"href":"https:\/\/gltestm.webology.pl\/de\/wp-json\/wp\/v2\/product"}],"about":[{"href":"https:\/\/gltestm.webology.pl\/de\/wp-json\/wp\/v2\/types\/product"}],"replies":[{"embeddable":true,"href":"https:\/\/gltestm.webology.pl\/de\/wp-json\/wp\/v2\/comments?post=18112"}],"version-history":[{"count":0,"href":"https:\/\/gltestm.webology.pl\/de\/wp-json\/wp\/v2\/product\/18112\/revisions"}],"wp:featuredmedia":[{"embeddable":true,"href":"https:\/\/gltestm.webology.pl\/de\/wp-json\/wp\/v2\/media\/13075"}],"wp:attachment":[{"href":"https:\/\/gltestm.webology.pl\/de\/wp-json\/wp\/v2\/media?parent=18112"}],"wp:term":[{"taxonomy":"product_brand","embeddable":true,"href":"https:\/\/gltestm.webology.pl\/de\/wp-json\/wp\/v2\/product_brand?post=18112"},{"taxonomy":"product_cat","embeddable":true,"href":"https:\/\/gltestm.webology.pl\/de\/wp-json\/wp\/v2\/product_cat?post=18112"},{"taxonomy":"product_tag","embeddable":true,"href":"https:\/\/gltestm.webology.pl\/de\/wp-json\/wp\/v2\/product_tag?post=18112"}],"curies":[{"name":"wp","href":"https:\/\/api.w.org\/{rel}","templated":true}]}}