{"id":18088,"date":"2026-03-18T22:05:22","date_gmt":"2026-03-18T21:05:22","guid":{"rendered":"https:\/\/gltestm.webology.pl\/produkt\/selbstaufrollendes-massband-gaensebluemchen\/"},"modified":"2026-03-22T21:18:37","modified_gmt":"2026-03-22T20:18:37","slug":"selbstaufrollendes-massband-gaensebluemchen","status":"publish","type":"product","link":"https:\/\/gltestm.webology.pl\/de\/produkt\/selbstaufrollendes-massband-gaensebluemchen\/","title":{"rendered":"Selbstaufrollendes Ma\u00dfband G\u00c4NSEBL\u00dcMCHEN"},"content":{"rendered":"<h2>Gerollter Schneider-Zentimeter<\/h2>\n<p>Ein kleiner <strong>aufgerollter Zentimeter<\/strong> in Form eines <strong>niedlichen Herzens<\/strong> ist ein praktischer und kompakter Schl\u00fcsselanh\u00e4nger, den man immer bei sich haben kann. Dieses kleine Gadget ist nicht nur niedlich, sondern auch \u00e4u\u00dferst funktionell.<\/p>\n<h2>Produktvorteile<\/h2>\n<ul>\n<li>Herzform: Der Zentimeter hat eine einzigartige Form in Form eines Herzens, was ihn nicht nur zu einem <strong>n\u00fctzlichen Werkzeug<\/strong> macht, sondern auch zu <strong>einer charmanten Erg\u00e4nzung<\/strong> f\u00fcr Ihre Schl\u00fcssel.<\/li>\n<li><strong>Doppelseitig<\/strong>: Der Zentimeter ist <strong>doppelseitig<\/strong>, d. h. Sie finden auf ihm Einheiten sowohl in <strong>Zentimetern (cm)<\/strong> als auch in <strong>Zoll (Inch)<\/strong>. So k\u00f6nnen Sie ganz einfach in beiden Einheitensystemen messen.<\/li>\n<li><strong>L\u00e4nge<\/strong>: Dieser kleine Zentimeter kann bis zu <strong>150 Zentimeter<\/strong>lang werden.<\/li>\n<li><strong>Kompakte Gr\u00f6\u00dfe<\/strong>: Mit einer <strong>Gr\u00f6\u00dfe von 5 x 5<\/strong> Zentimetern passt er leicht an Ihren Schl\u00fcssel oder in Ihre Tasche.<\/li>\n<li><strong>Strapazierf\u00e4higer Kunststoff<\/strong>: Der Zentimeter ist aus strapazierf\u00e4higem Kunststoff gefertigt, er ist <strong>robust<\/strong> und <strong>langlebig<\/strong>.<\/li>\n<\/ul>\n<p>Der 150 cm lange einziehbare Zentimeter ist <strong>das perfekte <\/strong>Produkt f\u00fcr alle, die ein<strong> praktisches Werkzeug zum Messen<\/strong> ben\u00f6tigen, aber gleichzeitig ein<strong> niedliches Accessoire<\/strong> in Form eines Herzens bei sich tragen m\u00f6chten. Mit diesem einziehbaren Meter, werden Sie immer bereit sein, Messungen zu nehmen, egal wo Sie sind.<\/p>\n","protected":false},"excerpt":{"rendered":"<p>Selbstaufrollendes Schneiderma\u00dfband 150 cm. Misst in cm und Zoll. Kompakte Gr\u00f6\u00dfe 5&#215;5 cm. Hellgrau mit einer zarten wei\u00dfen Blume \u2013 praktisch und stilvoll.<\/p>\n","protected":false},"featured_media":14240,"comment_status":"open","ping_status":"closed","template":"","meta":[],"product_brand":[],"product_cat":[755],"product_tag":[],"class_list":{"0":"post-18088","1":"product","2":"type-product","3":"status-publish","4":"has-post-thumbnail","6":"product_cat-miary-linijki-i-cyrkle","8":"first","9":"instock","10":"taxable","11":"shipping-taxable","12":"purchasable","13":"product-type-simple"},"_links":{"self":[{"href":"https:\/\/gltestm.webology.pl\/de\/wp-json\/wp\/v2\/product\/18088","targetHints":{"allow":["GET"]}}],"collection":[{"href":"https:\/\/gltestm.webology.pl\/de\/wp-json\/wp\/v2\/product"}],"about":[{"href":"https:\/\/gltestm.webology.pl\/de\/wp-json\/wp\/v2\/types\/product"}],"replies":[{"embeddable":true,"href":"https:\/\/gltestm.webology.pl\/de\/wp-json\/wp\/v2\/comments?post=18088"}],"version-history":[{"count":0,"href":"https:\/\/gltestm.webology.pl\/de\/wp-json\/wp\/v2\/product\/18088\/revisions"}],"wp:featuredmedia":[{"embeddable":true,"href":"https:\/\/gltestm.webology.pl\/de\/wp-json\/wp\/v2\/media\/14240"}],"wp:attachment":[{"href":"https:\/\/gltestm.webology.pl\/de\/wp-json\/wp\/v2\/media?parent=18088"}],"wp:term":[{"taxonomy":"product_brand","embeddable":true,"href":"https:\/\/gltestm.webology.pl\/de\/wp-json\/wp\/v2\/product_brand?post=18088"},{"taxonomy":"product_cat","embeddable":true,"href":"https:\/\/gltestm.webology.pl\/de\/wp-json\/wp\/v2\/product_cat?post=18088"},{"taxonomy":"product_tag","embeddable":true,"href":"https:\/\/gltestm.webology.pl\/de\/wp-json\/wp\/v2\/product_tag?post=18088"}],"curies":[{"name":"wp","href":"https:\/\/api.w.org\/{rel}","templated":true}]}}