{"id":18072,"date":"2026-03-18T22:05:21","date_gmt":"2026-03-18T21:05:21","guid":{"rendered":"https:\/\/gltestm.webology.pl\/produkt\/stabmixer-jk-1500-titan-schwarz-extra-stark\/"},"modified":"2026-03-22T21:18:31","modified_gmt":"2026-03-22T20:18:31","slug":"stabmixer-jk-1500-titan-schwarz-extra-stark","status":"publish","type":"product","link":"https:\/\/gltestm.webology.pl\/de\/produkt\/stabmixer-jk-1500-titan-schwarz-extra-stark\/","title":{"rendered":"STABMIXER JK-1500 TITAN SCHWARZ EXTRA STARK"},"content":{"rendered":"<p>Erleben Sie die Kraft unseres <strong>JK-1500W Titanium Black Extra Strong<\/strong> Stabmixers, der mit <strong>einem leistungsstarken Motor<\/strong> ausgestattet ist, der es Ihnen erm\u00f6glicht, <strong>Zutaten<\/strong> <strong>schnell<\/strong> und <strong>effizient<\/strong> zu <strong>p\u00fcrieren<\/strong>, zu <strong>mixen<\/strong> und zu <strong>zerkleinern<\/strong>. Unser Ger\u00e4t garantiert <strong>Zuverl\u00e4ssigkeit<\/strong> und erm\u00f6glicht es Ihnen, selbst <strong>die h\u00e4rtesten Zutaten<\/strong> (einschlie\u00dflich <strong>Eis<\/strong>) m\u00fchelos zu p\u00fcrieren, um <strong>cremige Saucen<\/strong>, <strong>samtige Suppen<\/strong> oder <strong>Smoothies<\/strong> zuzubereiten. Die stahlschwarze Farbe und die Konstruktion aus Edelstahl sorgen f\u00fcr Langlebigkeit und Eleganz.<\/p>\n<h2>Die wichtigsten Merkmale unseres 1500-W-Stabmixers<\/h2>\n<ul>\n<li><strong>Titan-verst\u00e4rkte 4-Speichen-Goldklinge<\/strong><\/li>\n<li>Fu\u00dfplatte mit <strong>Nylonschutz zum Schutz des Gef\u00e4\u00dfes<\/strong> vor Kratzern und Lebensmittelspritzern<\/li>\n<li>Zuverl\u00e4ssiger, leistungsstarker <strong>1500-W-Motor<\/strong><\/li>\n<li>stufenlos <strong>einstellbare<\/strong><strong>15<\/strong> Geschwindigkeiten<\/li>\n<li><strong>TURBO&#8220;-Funktion<\/strong><\/li>\n<li><strong>Ger\u00e4uscharmer<\/strong> Betrieb<\/li>\n<li>Leicht zu reinigen<\/li>\n<li><strong>Ergonomisch geformter<\/strong> Griff (liegt perfekt in der Hand)<\/li>\n<li>Robuste Konstruktion<\/li>\n<li>24 Monate Garantie<\/li>\n<li>Gebrauchsanweisung in Polnisch, Englisch und Ukrainisch<\/li>\n<\/ul>\n<h2>Gold-Titan-Klinge<\/h2>\n<p>Dank <strong>seiner robusten Klinge<\/strong>, die aus <strong>vier Armen<\/strong> besteht und mit <strong>Titan<\/strong> verst\u00e4rkt ist, ist unser JK-1500W Titanium Black Extra Strong Stabmixer f\u00fcr<strong> jede Herausforderung der kulinarischen Welt<\/strong> bereit. Diese Klinge eignet sich hervorragend zum <strong>Zerkleinern von Eis<\/strong> f\u00fcr k\u00f6stliche Getr\u00e4nke und zum P\u00fcrieren <strong>der h\u00e4rtesten Zutaten<\/strong>, wie <strong>N\u00fcsse<\/strong> oder rohes <strong>Gem\u00fcse<\/strong>. Diese Funktion bietet noch mehr Vielseitigkeit und die M\u00f6glichkeit, eine Vielzahl von Gerichten und Getr\u00e4nken zuzubereiten. So k\u00f6nnen Sie im Handumdrehen den perfekten Smoothie aus gefrorenen Fr\u00fcchten oder ein k\u00f6stliches Eissorbet zubereiten.<\/p>\n<h2>Pr\u00e4zise Geschwindigkeitsregelung<\/h2>\n<p>Mit der<strong>stufenlosen Geschwindigkeitsregelung in 15 Stufen<\/strong> k\u00f6nnen Sie die Leistung des <strong>JK-1500W Titanium Black Extra Strong<\/strong> Stabmixers an eine Vielzahl von Zutaten und Bed\u00fcrfnissen anpassen. Ganz gleich, ob Sie <strong>Zutaten schonend p\u00fcrieren<\/strong> oder <strong>schnell zerkleinern<\/strong> m\u00f6chten, unser Stabmixer erf\u00fcllt Ihre Erwartungen problemlos.<\/p>\n<p><strong>Mit der mechanischen Geschwindigkeitsregelung<\/strong> k\u00f6nnen Sie den Mixvorgang pr\u00e4zise steuern, um bei jedem Gericht perfekte, wiederholbare Ergebnisse zu erzielen.<\/p>\n<h2>Volle Leistung auf Knopfdruck<\/h2>\n<p>Die<strong>Turbofunktion<\/strong> ist ein zus\u00e4tzlicher Bonus, der den JK-1500W Titanium Black Extra Strong Stabmixer zu <strong>einem unverzichtbaren Werkzeug in der K\u00fcche<\/strong> macht. Sie erm\u00f6glicht es Ihnen, Ihre Lieblingsspeisen und -getr\u00e4nke noch <strong>schneller<\/strong> und <strong>effizienter<\/strong> zuzubereiten, wodurch Sie wertvolle Zeit und Energie sparen.<\/p>\n<h2>Ger\u00e4uscharm, bequem und effizient<\/h2>\n<p>Dank <strong>seines fortschrittlichen Designs<\/strong> arbeitet unser <strong>1500-Watt-Stabmixer<\/strong> nicht nur <strong>effizient<\/strong>, sondern auch <strong>leise<\/strong>, so dass Sie sich ohne l\u00e4stige Ger\u00e4usche auf den Genuss des Kochens konzentrieren k\u00f6nnen. Dar\u00fcber hinaus sorgt die <strong>ergonomische Form des Griffs<\/strong> f\u00fcr eine <strong>bequeme<\/strong> und <strong>komfortable<\/strong> Handhabung. <strong>Der Klingenschutz aus Nylon<\/strong> <strong>sch\u00fctzt Ihre Utensilien vor Kratzern<\/strong>, und die Form des Schutzes selbst <strong>verhindert<\/strong> effektiv, dass <strong>die p\u00fcrierten Lebensmittel spritzen<\/strong>. So k\u00f6nnen Sie nicht nur einen gro\u00dfartigen Geschmack genie\u00dfen, sondern auch in Ihrer K\u00fcche f\u00fcr Ordnung sorgen.<\/p>\n<h2>Mehrzweck-Funktionalit\u00e4t<\/h2>\n<p>Unser Mixer ist nicht nur ein Ger\u00e4t zum <strong>P\u00fcrieren<\/strong> von <strong>Obst<\/strong> und <strong>Gem\u00fcse<\/strong>. Mit seinen <strong>Funktionen zum Zerkleinern<\/strong>, Hacken und Mixen von <strong>Eis<\/strong> k\u00f6nnen Sie ganz einfach eine Vielzahl von Gerichten und Getr\u00e4nken zubereiten, um Ihre G\u00e4ste zu begeistern. Die M\u00f6glichkeiten sind nahezu unbegrenzt und die einzige Grenze ist Ihre kulinarische Fantasie.<\/p>\n<h2>Gebrauchsanweisung in 3 Sprachen und 2 Jahre Garantie<\/h2>\n<p>Sie finden eine Bedienungsanleitung in <strong>Polnisch<\/strong>, <strong>Englisch<\/strong> und <strong>Ukrainisch<\/strong>, so dass Sie das Ger\u00e4t unabh\u00e4ngig von Ihren Sprachvorlieben leicht bedienen k\u00f6nnen. Die detaillierten<strong> Schritt-f\u00fcr-Schritt-Erkl\u00e4rungen<\/strong> stellen sicher, dass auch Anf\u00e4nger in der Lage sind, alle Funktionen des 1500-Watt-Stabmixers zu nutzen. Au\u00dferdem bieten wir Ihnen eine <strong>24-monatige Garantie<\/strong>, damit Sie sich keine Sorgen machen m\u00fcssen.<\/p>\n","protected":false},"excerpt":{"rendered":"<p>Erleben Sie die Kraft unseres JK-1500W Titanium Black Extra Strong Stabmixers, der mit einem leistungsstarken Motor ausgestattet ist, der es Ihnen erm\u00f6glicht, Zutaten schnell und effizient zu mischen, zu mixen und zu hacken. Unser Ger\u00e4t garantiert Zuverl\u00e4<\/p>\n","protected":false},"featured_media":13451,"comment_status":"open","ping_status":"closed","template":"","meta":[],"product_brand":[],"product_cat":[840],"product_tag":[],"class_list":{"0":"post-18072","1":"product","2":"type-product","3":"status-publish","4":"has-post-thumbnail","6":"product_cat-blendery","8":"first","9":"instock","10":"taxable","11":"shipping-taxable","12":"purchasable","13":"product-type-simple"},"_links":{"self":[{"href":"https:\/\/gltestm.webology.pl\/de\/wp-json\/wp\/v2\/product\/18072","targetHints":{"allow":["GET"]}}],"collection":[{"href":"https:\/\/gltestm.webology.pl\/de\/wp-json\/wp\/v2\/product"}],"about":[{"href":"https:\/\/gltestm.webology.pl\/de\/wp-json\/wp\/v2\/types\/product"}],"replies":[{"embeddable":true,"href":"https:\/\/gltestm.webology.pl\/de\/wp-json\/wp\/v2\/comments?post=18072"}],"version-history":[{"count":0,"href":"https:\/\/gltestm.webology.pl\/de\/wp-json\/wp\/v2\/product\/18072\/revisions"}],"wp:featuredmedia":[{"embeddable":true,"href":"https:\/\/gltestm.webology.pl\/de\/wp-json\/wp\/v2\/media\/13451"}],"wp:attachment":[{"href":"https:\/\/gltestm.webology.pl\/de\/wp-json\/wp\/v2\/media?parent=18072"}],"wp:term":[{"taxonomy":"product_brand","embeddable":true,"href":"https:\/\/gltestm.webology.pl\/de\/wp-json\/wp\/v2\/product_brand?post=18072"},{"taxonomy":"product_cat","embeddable":true,"href":"https:\/\/gltestm.webology.pl\/de\/wp-json\/wp\/v2\/product_cat?post=18072"},{"taxonomy":"product_tag","embeddable":true,"href":"https:\/\/gltestm.webology.pl\/de\/wp-json\/wp\/v2\/product_tag?post=18072"}],"curies":[{"name":"wp","href":"https:\/\/api.w.org\/{rel}","templated":true}]}}