{"id":18068,"date":"2026-03-18T22:05:20","date_gmt":"2026-03-18T21:05:20","guid":{"rendered":"https:\/\/gltestm.webology.pl\/produkt\/stabmixer-jk-1500-titan-silber-extra-stark\/"},"modified":"2026-03-22T21:18:29","modified_gmt":"2026-03-22T20:18:29","slug":"stabmixer-jk-1500-titan-silber-extra-stark","status":"publish","type":"product","link":"https:\/\/gltestm.webology.pl\/de\/produkt\/stabmixer-jk-1500-titan-silber-extra-stark\/","title":{"rendered":"STABMIXER JK-1500 TITAN SILBER EXTRA STARK"},"content":{"rendered":"<p>Holen Sie sich einen hochmodernen <strong>1500-Watt-Stabmixer<\/strong> in Ihre K\u00fcche, mit dem Sie Zutaten <strong>schnell<\/strong> und <strong>effizient<\/strong> <strong>p\u00fcrieren<\/strong>, <strong>mixen<\/strong> und <strong>zerkleinern<\/strong> k\u00f6nnen.<\/p>\n<p>Mit unserem zuverl\u00e4ssigen Stabmixer der Serie JK-1500 k\u00f6nnen Sie m\u00fchelos cremige Saucen, samtige Suppen und Smoothies zubereiten. Sein eleganter <strong>stahlsilberner<\/strong> Farbton und die hochwertige <strong>Edelstahlverarbeitung<\/strong> tragen zu seiner <strong>Langlebigkeit<\/strong> und seinem stilvollen Aussehen bei.<\/p>\n<h2>Die wichtigsten Merkmale unseres JK-1500 Titanium Silver Extra Strong Stabmixers<\/h2>\n<ul>\n<li>Zuverl\u00e4ssiger, leistungsstarker <strong>1500-W-Motor<\/strong><\/li>\n<li><strong>Titanium-verst\u00e4rktes 4-Speichen-Goldmesser<\/strong><\/li>\n<li>Fu\u00dfplatte mit <strong>Becherschutz<\/strong> <strong>zum Schutz vor Lebensmittelspritzern<\/strong> <\/li>\n<li><strong>15-stufige variable Geschwindigkeitsregelung<\/strong><\/li>\n<li><strong>TURBO<\/strong>&#8222;-Funktion<\/li>\n<li><strong>Ger\u00e4uscharmer<\/strong> Betrieb<\/li>\n<li><strong>Leicht zu<\/strong> reinigen<\/li>\n<li><strong>Ergonomisch<\/strong> <strong>geformter<\/strong> Griff (liegt perfekt in der Hand)<\/li>\n<li>Robuste Konstruktion<\/li>\n<li>24 Monate Garantie<\/li>\n<li>Gebrauchsanweisung in Polnisch, Englisch und Ukrainisch<\/li>\n<\/ul>\n<h2>Die Klinge ist bereit f\u00fcr eine Herausforderung<\/h2>\n<p>Unser Mixer ist mit einer <strong>robusten<\/strong> <strong>Titanium-Klinge<\/strong> ausgestattet, die aus <strong>vier Armen<\/strong> besteht und selbst die <strong>h\u00e4rtesten Zutaten<\/strong> wie <strong>N\u00fcsse<\/strong> oder <strong>rohes Gem\u00fcse<\/strong> verarbeiten kann.<\/p>\n<p>Mit der F\u00e4higkeit, <strong>Eis zu zerkleinern<\/strong>, wird unser JK-1500 Titanium Silver Extra Strong Mixer noch <strong>vielseitiger<\/strong> und erm\u00f6glicht Ihnen die schnelle Zubereitung einer Vielzahl von Speisen und Getr\u00e4nken. Sie k\u00f6nnen ganz einfach perfekte <strong>Smoothies<\/strong> aus <strong>gefrorenen Fr\u00fcchten<\/strong> und k\u00f6stliche <strong>Eisdesserts<\/strong> zubereiten.<\/p>\n<h2>Gr\u00f6\u00dferer Beh\u00e4lter &#8211; mehr M\u00f6glichkeiten<\/h2>\n<p>Dank des <strong>gr\u00f6\u00dferen Fassungsverm\u00f6gens des<\/strong> Mixbechers k\u00f6nnen Sie schnell gr\u00f6\u00dfere Portionen leckerer Smoothies oder Cremesuppen f\u00fcr die ganze Familie zubereiten. Die spezielle <strong>Form des<\/strong> <strong>Bechers<\/strong> <strong>verhindert<\/strong>, dass der Inhalt beim Mixen <strong>spritzt<\/strong>, was die Verwendung des Mixers noch bequemer macht und <strong>Ihre K\u00fcche sauber h\u00e4lt<\/strong>.<\/p>\n<h2>Pr\u00e4zise Geschwindigkeitsregelung<\/h2>\n<p>Unser JK-1500 Titanium Silver Extra Strong Mixer verf\u00fcgt \u00fcber eine <strong>stufenlose Geschwindigkeitsregelung in 15 Stufen<\/strong>, so dass Sie das Ger\u00e4t auf die unterschiedlichsten Zutaten und Bed\u00fcrfnisse abstimmen k\u00f6nnen. Die <strong>mechanische Geschwindigkeitsregelung<\/strong> garantiert nicht nur jedes Mal <strong>hervorragende Ergebnisse<\/strong>, sondern auch eine <strong>intuitive<\/strong> und <strong>zufriedenstellende<\/strong> <strong>Bedienung<\/strong>.<\/p>\n<h2>Volle Leistung 1500 W<\/h2>\n<p>Mit der <strong>Turbofunktion<\/strong> wird unser Mixer noch leistungsst\u00e4rker und vielseitiger. So erhalten Sie im <strong>Handumdrehen<\/strong> die perfekte Konsistenz Ihrer Gerichte, egal ob Sie eine cremige Suppe, einen samtigen Smoothie oder eine dicke So\u00dfe zubereiten m\u00f6chten.<\/p>\n<h2>Leise, komfortabel, effektiv<\/h2>\n<p>Dank seines fortschrittlichen Designs und seiner <strong>ergonomischen Form<\/strong> liegt unser Mixer perfekt in der Hand und sorgt f\u00fcr Komfort bei der Verwendung. Er arbeitet <strong>effektiv<\/strong> und <strong>leise<\/strong>, so dass Sie beim Kochen eine ruhige Atmosph\u00e4re genie\u00dfen k\u00f6nnen.<\/p>\n<h2>Multifunktionalit\u00e4t in Ihren H\u00e4nden<\/h2>\n<p>Unser JK-1500 Titanium Silver Extra Strong Mixer ist nicht nur ein Ger\u00e4t zum P\u00fcrieren von Obst und Gem\u00fcse. Mit seinen <strong>Funktionen zum Zerkleinern<\/strong>, Hacken und Mixen von <strong>Eis<\/strong> k\u00f6nnen Sie problemlos eine Vielzahl von <strong>Gerichten<\/strong> und <strong>Getr\u00e4nken<\/strong> zubereiten, um <strong>Ihre G\u00e4ste zu begeistern<\/strong>. Die M\u00f6glichkeiten sind nahezu <strong>unbegrenzt<\/strong> und die einzige Grenze ist Ihre kulinarische Fantasie.<\/p>\n<h2>Gebrauchsanweisung in 3 Sprachen und 2 Jahre Garantie<\/h2>\n<p>Die <strong>Bedienungsanleitung<\/strong> ist in <strong>Polnisch<\/strong>, <strong>Englisch<\/strong> und <strong>Ukrainisch<\/strong> verfasst, so dass Sie das Ger\u00e4t unabh\u00e4ngig von Ihren Sprachvorlieben leicht bedienen k\u00f6nnen. Die detaillierten Schritt-f\u00fcr-Schritt-Erkl\u00e4rungen sorgen daf\u00fcr, dass auch Anf\u00e4nger alle M\u00f6glichkeiten unseres Mixers nutzen k\u00f6nnen. Au\u00dferdem bieten wir Ihnen eine <strong>24-monatige Garantie<\/strong>, die Ihnen Sicherheit gibt.<\/p>\n","protected":false},"excerpt":{"rendered":"<p>Ein leistungsstarker Stabmixer mit 1500 Watt Leistung. mit Titanium verst\u00e4rkte 4-Speichen-Klinge. Zerkleinert Eis. Turbo-Funktion. 15-stufige variable Geschwindigkeitsregelung. Becherf\u00f6rmiger Fu\u00df verhindert das Verspritzen von Lebensmitteln.<\/p>\n","protected":false},"featured_media":15648,"comment_status":"open","ping_status":"closed","template":"","meta":[],"product_brand":[],"product_cat":[840],"product_tag":[],"class_list":{"0":"post-18068","1":"product","2":"type-product","3":"status-publish","4":"has-post-thumbnail","6":"product_cat-blendery","8":"first","9":"instock","10":"taxable","11":"shipping-taxable","12":"purchasable","13":"product-type-simple"},"_links":{"self":[{"href":"https:\/\/gltestm.webology.pl\/de\/wp-json\/wp\/v2\/product\/18068","targetHints":{"allow":["GET"]}}],"collection":[{"href":"https:\/\/gltestm.webology.pl\/de\/wp-json\/wp\/v2\/product"}],"about":[{"href":"https:\/\/gltestm.webology.pl\/de\/wp-json\/wp\/v2\/types\/product"}],"replies":[{"embeddable":true,"href":"https:\/\/gltestm.webology.pl\/de\/wp-json\/wp\/v2\/comments?post=18068"}],"version-history":[{"count":0,"href":"https:\/\/gltestm.webology.pl\/de\/wp-json\/wp\/v2\/product\/18068\/revisions"}],"wp:featuredmedia":[{"embeddable":true,"href":"https:\/\/gltestm.webology.pl\/de\/wp-json\/wp\/v2\/media\/15648"}],"wp:attachment":[{"href":"https:\/\/gltestm.webology.pl\/de\/wp-json\/wp\/v2\/media?parent=18068"}],"wp:term":[{"taxonomy":"product_brand","embeddable":true,"href":"https:\/\/gltestm.webology.pl\/de\/wp-json\/wp\/v2\/product_brand?post=18068"},{"taxonomy":"product_cat","embeddable":true,"href":"https:\/\/gltestm.webology.pl\/de\/wp-json\/wp\/v2\/product_cat?post=18068"},{"taxonomy":"product_tag","embeddable":true,"href":"https:\/\/gltestm.webology.pl\/de\/wp-json\/wp\/v2\/product_tag?post=18068"}],"curies":[{"name":"wp","href":"https:\/\/api.w.org\/{rel}","templated":true}]}}