{"id":18064,"date":"2026-03-18T22:05:20","date_gmt":"2026-03-18T21:05:20","guid":{"rendered":"https:\/\/gltestm.webology.pl\/produkt\/stabmixer-jk-1200-titan-schwarz-stark\/"},"modified":"2026-03-22T21:18:27","modified_gmt":"2026-03-22T20:18:27","slug":"stabmixer-jk-1200-titan-schwarz-stark","status":"publish","type":"product","link":"https:\/\/gltestm.webology.pl\/de\/produkt\/stabmixer-jk-1200-titan-schwarz-stark\/","title":{"rendered":"STABMIXER JK-1200 TITAN SCHWARZ STARK"},"content":{"rendered":"<p>Entdecken Sie die Kraft eines <strong>1200-Watt-Stabmixers mit Hochleistungsmotor<\/strong> zum P\u00fcrieren, Mixen und Zerkleinern von Zutaten <strong>im<\/strong> <strong>Handumdrehen<\/strong>. <strong>Die Zuverl\u00e4ssigkeit des<\/strong> <strong>JK-1200W Titanium Black Strong<\/strong> Stabmixers sorgt daf\u00fcr, dass Sie selbst <strong>die schwierigsten Zutaten<\/strong> m\u00fchelos zu cremigen <strong>Saucen<\/strong>, <strong>samtigen Suppen<\/strong> oder <strong>Smoothies<\/strong> verarbeiten k\u00f6nnen. Die stahlschwarze Farbe steht f\u00fcr Eleganz, w\u00e4hrend die Edelstahlkonstruktion f\u00fcr Langlebigkeit und Widerstandsf\u00e4higkeit gegen Besch\u00e4digungen sorgt.<\/p>\n<h2>Hauptmerkmale des Stabmixers<\/h2>\n<ul>\n<li>zuverl\u00e4ssiger, leistungsstarker <strong>1200-W-Motor<\/strong><\/li>\n<li><strong>titanverst\u00e4rkte 4-armige Goldklinge<\/strong><\/li>\n<li><strong>fu\u00dfplatte mit Nylonschutz zum Schutz der Sch\u00fcssel vor Kratzern<\/strong> und Lebensmittelspritzern<\/li>\n<li><strong>15<\/strong> Geschwindigkeitsstufen stufenlos einstellbar<\/li>\n<li><strong>tURBO-Funktion<\/strong><\/li>\n<li><strong>leiser Betrieb<\/strong><\/li>\n<li><strong>leicht zu<\/strong> reinigen<\/li>\n<li><strong>ergonomisch geformter<\/strong> Griff (liegt perfekt in der Hand)<\/li>\n<li>robuste Konstruktion<\/li>\n<li>24 Monate Garantie<\/li>\n<li>anleitung in Polnisch, Englisch und Ukrainisch<\/li>\n<\/ul>\n<h2>Gold-Titan-Klinge<\/h2>\n<p>Ausgestattet mit einer <strong>titanverst\u00e4rkten<\/strong> <strong>4-Speichen-Klinge<\/strong> ist unser<strong> 1200-Watt-Stabmixer<\/strong> f\u00fcr jede kulinarische Herausforderung ger\u00fcstet. Mit dieser <strong>Klinge k\u00f6nnen Sie Eis<\/strong> f\u00fcr k\u00f6stliche Wintergetr\u00e4nke zerkleinern und die schwierigsten Zutaten wie <strong>N\u00fcsse<\/strong> oder <strong>rohes Gem\u00fcse<\/strong> mixen <strong>.<\/strong> So k\u00f6nnen Sie im Handumdrehen den<strong> perfekten Smoothie<\/strong> aus gefrorenen Fr\u00fcchten oder ein k\u00f6stliches Eissorbet zubereiten. Die <strong>Eiscrush-Funktion<\/strong> sorgt f\u00fcr noch mehr Vielseitigkeit und die M\u00f6glichkeit, eine Vielzahl von Gerichten und Getr\u00e4nken zuzubereiten.<\/p>\n<h2>Pr\u00e4zise Geschwindigkeitsregelung<\/h2>\n<p><strong>mit der 15-stufigen, stufenlosen Geschwindigkeitsregelung<\/strong> k\u00f6nnen Sie die Leistung des Mixers an eine Vielzahl von Zutaten und Bed\u00fcrfnissen anpassen. Ganz gleich, ob Sie <strong>Zutaten<\/strong> <strong>schonend p\u00fcrieren<\/strong> oder <strong>schnell zerkleinern<\/strong> m\u00f6chten, unser 1200-Watt-Stabmixer wird Ihre Erwartungen problemlos erf\u00fcllen. <strong>Mit der mechanischen Geschwindigkeitsregelung<\/strong> k\u00f6nnen Sie den Mixvorgang <strong>pr\u00e4zise steuern<\/strong> und so bei jedem Gericht perfekte Ergebnisse erzielen.<\/p>\n<h2>Stille, bitte!<\/h2>\n<p>Dank <strong>seines fortschrittlichen Designs<\/strong> arbeitet <strong>der 1200-Watt-Stabmixer<\/strong> nicht nur <strong>effektiv<\/strong>, sondern auch <strong>leise<\/strong>. <strong>Der leise Betrieb des Ger\u00e4ts<\/strong> erm\u00f6glicht es Ihnen, sich ganz auf den Genuss des Kochens zu konzentrieren, ohne st\u00f6rende Ger\u00e4usche, und macht ihn zum perfekten Begleiter f\u00fcr jedes K\u00fcchenabenteuer. <strong>Der Nylonfu\u00df<\/strong>, <strong>der das Kochgeschirr<\/strong> vor <strong>Kratzern<\/strong> und <strong>Lebensmittelspritzern<\/strong> sch\u00fctzt, erh\u00f6ht den Bedienkomfort zus\u00e4tzlich.<\/p>\n<h2>Eigenschaften<\/h2>\n<p><strong>Der JK-1200W Titanium Black Strong Hand Blender<\/strong> ist nicht nur ein Ger\u00e4t zum P\u00fcrieren von <strong>Obst<\/strong> und <strong>Gem\u00fcse<\/strong>. Mit seinen Funktionen zum <strong>Zerkleinern<\/strong>, <strong>Hacken<\/strong> und <strong>Mixen<\/strong> von <strong>Eis<\/strong> k\u00f6nnen Sie problemlos eine Vielzahl von Gerichten und Getr\u00e4nken zubereiten, um Ihre G\u00e4ste zu begeistern. Mit diesen Funktionen sind Ihrer kulinarischen Fantasie keine Grenzen gesetzt.<\/p>\n<h2>Gebrauchsanweisung in 3 Sprachen und 2 Jahre Garantie<\/h2>\n<p>Die <strong>Bedienungsanleitung<\/strong> ist in <strong>Polnisch<\/strong>, <strong>Englisch<\/strong> und Ukrainisch verfasst, so dass Sie das Ger\u00e4t unabh\u00e4ngig von Ihren Sprachvorlieben leicht bedienen k\u00f6nnen. <strong>Die detaillierten Schritt-f\u00fcr-Schritt-Erkl\u00e4rungen<\/strong> sorgen daf\u00fcr, dass auch Anf\u00e4nger alle M\u00f6glichkeiten unseres <strong>1200-Watt-Stabmixers<\/strong> nutzen <strong>k\u00f6nnen<\/strong>. Au\u00dferdem bieten wir Ihnen eine <strong>24-monatige Garantie<\/strong>, die Ihnen Sicherheit gibt.<\/p>\n","protected":false},"excerpt":{"rendered":"<p>Entdecken Sie die Kraft eines 1200-Watt-Stabmixers mit Hochleistungsmotor zum Mixen, P\u00fcrieren und Zerkleinern von Zutaten im Handumdrehen. Die Zuverl\u00e4ssigkeit des JK-1200W Titanium Black Strong Stabmixers sorgt daf\u00fcr, dass Sie m\u00fchelos nawe<\/p>\n","protected":false},"featured_media":14650,"comment_status":"open","ping_status":"closed","template":"","meta":[],"product_brand":[],"product_cat":[840],"product_tag":[],"class_list":{"0":"post-18064","1":"product","2":"type-product","3":"status-publish","4":"has-post-thumbnail","6":"product_cat-blendery","8":"first","9":"instock","10":"taxable","11":"shipping-taxable","12":"purchasable","13":"product-type-simple"},"_links":{"self":[{"href":"https:\/\/gltestm.webology.pl\/de\/wp-json\/wp\/v2\/product\/18064","targetHints":{"allow":["GET"]}}],"collection":[{"href":"https:\/\/gltestm.webology.pl\/de\/wp-json\/wp\/v2\/product"}],"about":[{"href":"https:\/\/gltestm.webology.pl\/de\/wp-json\/wp\/v2\/types\/product"}],"replies":[{"embeddable":true,"href":"https:\/\/gltestm.webology.pl\/de\/wp-json\/wp\/v2\/comments?post=18064"}],"version-history":[{"count":0,"href":"https:\/\/gltestm.webology.pl\/de\/wp-json\/wp\/v2\/product\/18064\/revisions"}],"wp:featuredmedia":[{"embeddable":true,"href":"https:\/\/gltestm.webology.pl\/de\/wp-json\/wp\/v2\/media\/14650"}],"wp:attachment":[{"href":"https:\/\/gltestm.webology.pl\/de\/wp-json\/wp\/v2\/media?parent=18064"}],"wp:term":[{"taxonomy":"product_brand","embeddable":true,"href":"https:\/\/gltestm.webology.pl\/de\/wp-json\/wp\/v2\/product_brand?post=18064"},{"taxonomy":"product_cat","embeddable":true,"href":"https:\/\/gltestm.webology.pl\/de\/wp-json\/wp\/v2\/product_cat?post=18064"},{"taxonomy":"product_tag","embeddable":true,"href":"https:\/\/gltestm.webology.pl\/de\/wp-json\/wp\/v2\/product_tag?post=18064"}],"curies":[{"name":"wp","href":"https:\/\/api.w.org\/{rel}","templated":true}]}}