{"id":18060,"date":"2026-03-18T22:05:20","date_gmt":"2026-03-18T21:05:20","guid":{"rendered":"https:\/\/gltestm.webology.pl\/produkt\/stabmixer-jk-1200-titan-silber-stark\/"},"modified":"2026-03-22T21:18:26","modified_gmt":"2026-03-22T20:18:26","slug":"stabmixer-jk-1200-titan-silber-stark","status":"publish","type":"product","link":"https:\/\/gltestm.webology.pl\/de\/produkt\/stabmixer-jk-1200-titan-silber-stark\/","title":{"rendered":"STABMIXER JK-1200 TITAN SILBER STARK"},"content":{"rendered":"<p>Entdecken Sie die Kraft eines <strong>1200-Watt-Motors<\/strong> f\u00fcr <strong>schnelles<\/strong> und <strong>effizientes P\u00fcrieren<\/strong>, <strong>Mixen<\/strong> und <strong>Zerkleinern von<\/strong> Zutaten. Mit unserem <strong>JK-1200 Titanium Silver Strong<\/strong> Mixer k\u00f6nnen Sie m\u00fchelos cremige Saucen, samtige Suppen und Smoothies zubereiten.<\/p>\n<p>Der<strong>stahlsilberne<\/strong> Farbton und die Verarbeitung von<strong>hochwertigem<\/strong> Edelstahl sorgen nicht nur f\u00fcr Langlebigkeit, sondern auch f\u00fcr einen eleganten Look.<\/p>\n<h2>Die wichtigsten Merkmale des Stabmixers<\/h2>\n<ul>\n<li><strong>Zuverl\u00e4ssiger<\/strong>, leistungsstarker<strong> 1200-W-Motor<\/strong><\/li>\n<li><strong>Titaniumverst\u00e4rkte 4-armige Goldklinge<\/strong><\/li>\n<li>Fu\u00dfplatte mit Becherschutz <strong>zur Vermeidung von Lebensmittelspritzern<\/strong><\/li>\n<li><strong>15-stufige<\/strong> variable Geschwindigkeitsregelung<\/li>\n<li><strong>TURBO<\/strong>&#8222;-Funktion<\/li>\n<li>Ger\u00e4uscharmer Betrieb<\/li>\n<li><strong>Leicht zu reinigen<\/strong><\/li>\n<li><strong>Ergonomisch geformter Griff<\/strong> (liegt perfekt in der Hand)<\/li>\n<li>Robuste Konstruktion<\/li>\n<li>24 Monate Garantie<\/li>\n<li>Gebrauchsanweisung in Polnisch, Englisch und Ukrainisch<\/li>\n<\/ul>\n<h2>Eine Klinge, die der Herausforderung gewachsen ist<\/h2>\n<p>Dank seiner <strong>titanverst\u00e4rkten 4-armigen Klinge<\/strong> kann unser JK-1200 Titanium Silver Strong Mixer selbst mit den <strong>h\u00e4rtesten Zutaten<\/strong> wie <strong>N\u00fcssen<\/strong> oder <strong>rohem Gem\u00fcse<\/strong> umgehen. Mit der <strong>Ice-Crush-Funktion<\/strong> k\u00f6nnen Sie schnell k\u00f6stliche <strong>gefrorene Fruchtgetr\u00e4nke<\/strong> oder <strong>Eissorbets<\/strong> zubereiten.<\/p>\n<h2>Gr\u00f6\u00dferer Becher &#8211; mehr M\u00f6glichkeiten<\/h2>\n<p>Dank des <strong>gr\u00f6\u00dferen Fassungsverm\u00f6gens des Mixbechers<\/strong> k\u00f6nnen Sie schnell <strong>gr\u00f6\u00dfere Portionen<\/strong> leckerer Smoothies oder Suppen f\u00fcr die ganze Familie auf einmal zubereiten.<\/p>\n<p>Au\u00dferdem <strong>verhindert<\/strong> die <strong>spezielle Form des<\/strong> Bechers, dass der Inhalt beim Mixen <strong>herausspritzt<\/strong>, was die Verwendung des Mixers noch bequemer und <strong>die K\u00fcche sauberer<\/strong> macht.<\/p>\n<h2>Pr\u00e4zise Geschwindigkeitsregelung<\/h2>\n<p>Mit unserem JK-1200 Titanium Silver Strong Mixer haben Sie den Mixvorgang selbst in der Hand. Er <strong>bietet eine stufenlose Geschwindigkeitsregelung in 15 Stufen<\/strong>.<\/p>\n<p>Unabh\u00e4ngig von der Art der Zutaten oder der Konsistenz Ihres Gerichts k\u00f6nnen Sie unseren Mixer an Ihre Bed\u00fcrfnisse anpassen und jeden Mixschritt <strong>pr\u00e4zise steuern<\/strong>.<\/p>\n<p><strong>Die mechanische Geschwindigkeitsregelung<\/strong> sorgt nicht nur f\u00fcr perfekte Ergebnisse bei jedem Gericht, sondern macht die Verwendung unseres Mixers auch <strong>intuitiv<\/strong> und zufriedenstellend.<\/p>\n<h2>Leise, komfortabel, effizient<\/h2>\n<p>Dank seines <strong>fortschrittlichen Designs<\/strong> und seiner <strong>ergonomischen Form<\/strong> liegt er perfekt in der Hand und l\u00e4sst sich bequem bedienen. Er arbeitet <strong>effizient<\/strong> und <strong>leise<\/strong>, so dass Sie beim Kochen eine ruhige Atmosph\u00e4re genie\u00dfen k\u00f6nnen.<\/p>\n<p>Er ist ein unverzichtbarer Helfer, mit dem Sie k\u00f6stliche Gerichte ohne unn\u00f6tigen L\u00e4rm und Aufwand zubereiten k\u00f6nnen.<\/p>\n<h2>Multifunktionalit\u00e4t in Ihren H\u00e4nden<\/h2>\n<p>Als unverzichtbares Werkzeug in Ihrer K\u00fcche k\u00f6nnen Sie mit unserem Mixer nicht nur<strong> Obst<\/strong> und <strong>Gem\u00fcse<\/strong><strong> p\u00fcrieren<\/strong>, sondern auch <strong>Eis<\/strong> <strong>zerkleinern<\/strong> und eine Vielzahl von Zutaten <strong>mahlen<\/strong>.<\/p>\n<p>So k\u00f6nnen Sie ganz einfach leckere <strong>Smoothies<\/strong> aus Ihrem Lieblingsobst,<strong> cremige Gem\u00fcsesuppen<\/strong> oder <strong>erfrischende Eis-Cocktails<\/strong> zubereiten. Mit der Eiscrush-Funktion k\u00f6nnen Sie auch schnell <strong>kalte Getr\u00e4nke<\/strong> wie gefrorene Margaritas oder Fruchteis zubereiten.<\/p>\n<p>Ihren kulinarischen M\u00f6glichkeiten sind keine Grenzen gesetzt, denn unser <strong>JK-1200 Titanium Silver Strong<\/strong> Stabmixer ist bereit f\u00fcr jede Herausforderung, die Ihre kulinarische Fantasie an ihn stellt.<\/p>\n<h2>Gebrauchsanweisung in 3 Sprachen und 2 Jahre Garantie<\/h2>\n<p>Im Lieferumfang ist eine <strong>Bedienungsanleitung<\/strong> in <strong>Polnisch<\/strong>, <strong>Englisch<\/strong> und <strong>Ukrainisch<\/strong> enthalten. Au\u00dferdem bieten wir Ihnen <strong>eine 24-monatige Garantie<\/strong>, damit Sie unseren Mixer ganz beruhigt verwenden k\u00f6nnen.<\/p>\n","protected":false},"excerpt":{"rendered":"<p>Handmixer f\u00fcr die K\u00fcche mit 1200 Watt Leistung. mit Titanium verst\u00e4rkte 4-Speichen-Klinge. Zerkleinert Eis. Turbo-Funktion. 15-stufige variable Geschwindigkeitsregelung. Becherf\u00f6rmiger Fu\u00df verhindert das Verspritzen von Lebensmitteln.<\/p>\n","protected":false},"featured_media":14223,"comment_status":"open","ping_status":"closed","template":"","meta":[],"product_brand":[],"product_cat":[840],"product_tag":[],"class_list":{"0":"post-18060","1":"product","2":"type-product","3":"status-publish","4":"has-post-thumbnail","6":"product_cat-blendery","8":"first","9":"instock","10":"taxable","11":"shipping-taxable","12":"purchasable","13":"product-type-simple"},"_links":{"self":[{"href":"https:\/\/gltestm.webology.pl\/de\/wp-json\/wp\/v2\/product\/18060","targetHints":{"allow":["GET"]}}],"collection":[{"href":"https:\/\/gltestm.webology.pl\/de\/wp-json\/wp\/v2\/product"}],"about":[{"href":"https:\/\/gltestm.webology.pl\/de\/wp-json\/wp\/v2\/types\/product"}],"replies":[{"embeddable":true,"href":"https:\/\/gltestm.webology.pl\/de\/wp-json\/wp\/v2\/comments?post=18060"}],"version-history":[{"count":0,"href":"https:\/\/gltestm.webology.pl\/de\/wp-json\/wp\/v2\/product\/18060\/revisions"}],"wp:featuredmedia":[{"embeddable":true,"href":"https:\/\/gltestm.webology.pl\/de\/wp-json\/wp\/v2\/media\/14223"}],"wp:attachment":[{"href":"https:\/\/gltestm.webology.pl\/de\/wp-json\/wp\/v2\/media?parent=18060"}],"wp:term":[{"taxonomy":"product_brand","embeddable":true,"href":"https:\/\/gltestm.webology.pl\/de\/wp-json\/wp\/v2\/product_brand?post=18060"},{"taxonomy":"product_cat","embeddable":true,"href":"https:\/\/gltestm.webology.pl\/de\/wp-json\/wp\/v2\/product_cat?post=18060"},{"taxonomy":"product_tag","embeddable":true,"href":"https:\/\/gltestm.webology.pl\/de\/wp-json\/wp\/v2\/product_tag?post=18060"}],"curies":[{"name":"wp","href":"https:\/\/api.w.org\/{rel}","templated":true}]}}