{"id":18056,"date":"2026-03-18T22:05:19","date_gmt":"2026-03-18T21:05:19","guid":{"rendered":"https:\/\/gltestm.webology.pl\/produkt\/stabmixer-jk-1500-titan-schwarz-extra-stark-deluxe-set\/"},"modified":"2026-03-22T21:18:22","modified_gmt":"2026-03-22T20:18:22","slug":"stabmixer-jk-1500-titan-schwarz-extra-stark-deluxe-set","status":"publish","type":"product","link":"https:\/\/gltestm.webology.pl\/de\/produkt\/stabmixer-jk-1500-titan-schwarz-extra-stark-deluxe-set\/","title":{"rendered":"STABMIXER JK-1500 TITAN SCHWARZ EXTRA STARK DELUXE SET"},"content":{"rendered":"<p>Erleben Sie das Potenzial unseres <strong>JK-1500 Titanium Black Extra Strong Deluxe Set Stabmixers, der<\/strong> mit einem <strong>1500-W-Motor<\/strong> ausgestattet ist. Mit diesem <strong>extrastarken<\/strong> Ger\u00e4t k\u00f6nnen Sie nicht nur <strong>Zutaten<\/strong> <strong>schnell<\/strong> und <strong>effizient<\/strong> <strong>mixen<\/strong> und <strong>zerkleinern<\/strong>, sondern auch <strong>Zuverl\u00e4ssigkeit<\/strong> und <strong>Langlebigkeit<\/strong> gew\u00e4hrleisten.<\/p>\n<p>Er zerkleinert m\u00fchelos selbst <strong>die schwierigsten Zutaten<\/strong>, einschlie\u00dflich <strong>Eisw\u00fcrfeln<\/strong>, und erm\u00f6glicht so die Zubereitung einer Vielzahl von Gerichten, darunter <strong>cremige So\u00dfen<\/strong>, <strong>samtige Suppen<\/strong> oder <strong>sanfte Smoothies<\/strong>.<\/p>\n<p>Die stahlschwarze Farbe und die Verarbeitung <strong>aus Edelstahl<\/strong> verleihen ihm<strong> ein elegantes Aussehen<\/strong>, das sich nahtlos in jede K\u00fcche einf\u00fcgt. Das mitgelieferte <strong>Zubeh\u00f6r<\/strong> erh\u00f6ht die Vielseitigkeit des Ger\u00e4ts und erm\u00f6glicht es Ihnen, <strong>beim Kochen<\/strong> noch <strong>kreativer<\/strong> zu werden. Der <strong>JK-1500 Titanium Black Extra Strong Deluxe Set<\/strong> Stabmixer kombiniert <strong>Effizienz<\/strong> mit einem <strong>modernen Design<\/strong>.<\/p>\n<h2>Die wichtigsten Merkmale unseres Stabmixers mit Zubeh\u00f6rset<\/h2>\n<ul>\n<li><strong>zuverl\u00e4ssiger, leistungsstarker 1500-W-Motor<\/strong><\/li>\n<li><strong>titaniumverst\u00e4rkte 4-armige Goldklinge<\/strong><\/li>\n<li>inklusive Zubeh\u00f6r: <strong>Zerkleinerer mit 2-armiger Stahlklinge<\/strong> (600 ml), <strong>Mixbeh\u00e4lter<\/strong> (800 ml), <strong>Schneebesenaufsatz<\/strong><\/li>\n<li><strong>schneebesenfu\u00df mit Nylonschutz, um Kratzer und Spritzer von Lebensmitteln zu vermeiden<\/strong><\/li>\n<li>stufenlos einstellbare Geschwindigkeit,<strong>15<\/strong> Stufen<\/li>\n<li><strong>tURBO-Funktion<\/strong><\/li>\n<li><strong>leiser Betrieb<\/strong><\/li>\n<li><strong>leicht zu<\/strong> reinigen<\/li>\n<li><strong>ergonomisch geformter<\/strong> Griff (liegt perfekt in der Hand)<\/li>\n<li>robuste Konstruktion<\/li>\n<li>24 Monate Garantie<\/li>\n<li>anleitung in Polnisch, Englisch und Ukrainisch<\/li>\n<\/ul>\n<h2>Steigern Sie Ihr kulinarisches Potenzial<\/h2>\n<p>Sie erhalten nicht nur einen au\u00dfergew\u00f6hnlichen <strong>Stabmixer mit austauschbaren Aufs\u00e4tzen<\/strong>, sondern auch <strong>zus\u00e4tzliches Zubeh\u00f6r<\/strong>, das seine Vielseitigkeit und Funktionalit\u00e4t erh\u00f6ht.<\/p>\n<p>Zerkleinerer<strong>mit 2-armiger Stahlklinge<\/strong>: Dieser <strong>600 ml<\/strong> fassende Zerkleinerer ist das ideale Ger\u00e4t zum <strong>Zerkleinern von Fleisch<\/strong> und <strong>N\u00fcssen<\/strong> sowie zum <strong>P\u00fcrieren<\/strong> und <strong>Mixen<\/strong> von Lebensmitteln. Mit ihm k\u00f6nnen Sie <strong>schnell<\/strong> und <strong>einfach<\/strong> eine Vielzahl von Gerichten wie Pasten, So\u00dfen oder Dips zubereiten. Sparen Sie Zeit und Energie in der K\u00fcche.<\/p>\n<p><strong>Mixbeh\u00e4lter<\/strong>: Der <strong>800-ml-Beh\u00e4lter<\/strong> aus <strong>hochwertigem Kunststoff<\/strong> ist ideal f\u00fcr die Zubereitung <strong>gr\u00f6\u00dferer Portionen von Smoothies<\/strong>, <strong>Smoothies<\/strong> oder <strong>Suppen<\/strong>. So k\u00f6nnen Sie Ihre Lieblingsgetr\u00e4nke und -gerichte f\u00fcr die ganze Familie schnell und ohne zus\u00e4tzliche Utensilien zubereiten, was Platz spart und die Ordnung in Ihrer K\u00fcche erleichtert.<\/p>\n<p><strong>Schneebesenaufsatz<\/strong>: Dieser <strong>spezielle<\/strong> Schneebesenaufsatz ist ideal zum Schlagen von <strong>Sahne<\/strong>, <strong>Eiwei\u00df<\/strong> oder anderen Zutaten, die aufgeschlagen werden m\u00fcssen. Mit ihm k\u00f6nnen Sie im <strong>Handumdrehen<\/strong> <strong>Cremes<\/strong>, <strong>Mousse<\/strong> oder <strong>Baisers<\/strong> zubereiten und so Ihrer Kreativit\u00e4t in der K\u00fcche freien Lauf lassen und Ihre kulinarischen Bed\u00fcrfnisse befriedigen.<\/p>\n<h2>Titanium verst\u00e4rkte Klinge<\/h2>\n<p>Unser <strong>JK-1500 Titanium Black Extra Strong Deluxe Set<\/strong> Stabmixer mit austauschbaren Aufs\u00e4tzen ist mit <strong>einer robusten Klinge<\/strong> ausgestattet <strong>, die aus vier Armen besteht<\/strong> und <strong>mit Titan verst\u00e4rkt<\/strong> wurde. Diese Klinge eignet sich nicht nur zum <strong>Zerkleinern von Eis<\/strong> und zum <strong>P\u00fcrieren<\/strong> harter Zutaten, sondern ist auch bei der Zubereitung von Speisen vielseitig einsetzbar. So lassen sich <strong>Smoothies<\/strong> aus gefrorenen Fr\u00fcchten ebenso leicht zubereiten wie cremige Gem\u00fcsesuppen oder leckere So\u00dfen.<\/p>\n<p><strong>Die verst\u00e4rkte Klinge<\/strong> garantiert nicht nur <strong>hervorragende Mixergebnisse<\/strong>, sondern auch die <strong>Langlebigkeit<\/strong> und <strong>Leistung des<\/strong> Mixers.<\/p>\n<h2>Eiszerkleinerungsfunktion<\/h2>\n<p>Die zus\u00e4tzliche <strong>Eiscrush-Funktion<\/strong> macht unseren Mixer noch vielseitiger. Sie erm\u00f6glicht die schnelle Zubereitung einer Vielzahl von Gerichten und Getr\u00e4nken, wie zum Beispiel <strong>erfrischende Smoothies<\/strong> aus gefrorenen Fr\u00fcchten oder <strong>k\u00f6stliche Eissorbets<\/strong>. Das ist ideal f\u00fcr hei\u00dfe Sommertage, an denen Sie sich mit leckeren, gek\u00fchlten Getr\u00e4nken abk\u00fchlen m\u00f6chten.<\/p>\n<p><strong>Die Eiscrush-Funktion<\/strong> macht unseren Mixer zu einem <strong>unverzichtbaren K\u00fcchenhelfer<\/strong>, mit dem Sie Ihre Lieblingssnacks und -getr\u00e4nke in wenigen Augenblicken zubereiten k\u00f6nnen.<\/p>\n<h2>Klingenschutz aus Nylon sch\u00fctzt Ihre Utensilien<\/h2>\n<p>Dank des <strong>Klingenschutzes<\/strong> aus Nylon sch\u00fctzt unser Stabmixer mit Zubeh\u00f6rset Ihre Utensilien <strong>vor Kratzern<\/strong> und <strong>verhindert<\/strong> effektiv, <strong>dass Lebensmittel verspritzen<\/strong>. Diese Funktion schont nicht nur Ihr Geschirr, sondern <strong>h\u00e4lt<\/strong> auch <strong>Ihre K\u00fcche sauber<\/strong>, da Sie den Stabmixer nicht mehr nach jedem Gebrauch reinigen m\u00fcssen. Eine <strong>praktische L\u00f6sung<\/strong> f\u00fcr alle, die Wert auf <strong>Sauberkeit<\/strong> und <strong>\u00c4sthetik<\/strong> in ihrer K\u00fcche legen.<\/p>\n<h2>Pr\u00e4zise Geschwindigkeitsregelung<\/h2>\n<p>Dank der<strong>stufenlosen Geschwindigkeitsregelung in 15 Stufen<\/strong> k\u00f6nnen Sie die Leistung des Mixers an die unterschiedlichsten Zutaten und Bed\u00fcrfnisse anpassen. Ganz gleich, ob Sie Zutaten <strong>schonend p\u00fcrieren<\/strong> oder <strong>schnell<\/strong> <strong>zerkleinern<\/strong> m\u00f6chten, unser Stabmixer mit R\u00fchrwerk wird Ihre Erwartungen problemlos erf\u00fcllen. <strong>Mit der mechanischen Geschwindigkeitsregelung<\/strong> k\u00f6nnen Sie den Mixvorgang <strong>pr\u00e4zise<\/strong> steuern und so bei jedem Gericht perfekte Ergebnisse erzielen.<\/p>\n<h2>Turbo-Funktion<\/h2>\n<p>Ein weiteres Merkmal unseres<strong> JK-1500 Titanium Black Extra Strong Deluxe Set Mixers ist die Turbofunktion<\/strong>, die ihn noch vielseitiger und effektiver macht. Mit dieser Funktion k\u00f6nnen Sie Ihre Lieblingsspeisen und -getr\u00e4nke noch <strong>schneller<\/strong> und <strong>effizienter<\/strong> zubereiten und so <strong>wertvolle Zeit<\/strong> und <strong>Energie<\/strong> sparen. Ideal f\u00fcr alle, die bei der Zubereitung in der K\u00fcche Wert auf Schnelligkeit und Effizienz legen.<\/p>\n<h2>Ger\u00e4uschlosigkeit, Komfort, Effizienz<\/h2>\n<p>Das<strong>fortschrittliche Design<\/strong> und die <strong>ergonomische<\/strong> Form des Griffs sorgen f\u00fcr einen <strong>leisen<\/strong> und <strong>komfortablen<\/strong> <strong>Betrieb<\/strong> unseres Stabmixers mit Mixer. So k\u00f6nnen Sie sich ganz auf den Genuss des Kochens konzentrieren, ohne unn\u00f6tigen L\u00e4rm. Ein unverzichtbares Ger\u00e4t f\u00fcr alle, die Wert auf <strong>Komfort<\/strong> und <strong>Effizienz<\/strong> bei der K\u00fcchenzubereitung legen.<\/p>\n<h2>Multifunktionalit\u00e4t<\/h2>\n<p><strong>Der Stabmixer mit austauschbaren Aufs\u00e4tzen<\/strong> ist nicht nur ein Ger\u00e4t zum <strong>P\u00fcrieren von Obst<\/strong> und <strong>Gem\u00fcse<\/strong>, sondern auch zum <strong>Zerkleinern von Eis<\/strong> und zum <strong>Hacken von<\/strong> Zutaten. Er bietet somit eine breite Palette an M\u00f6glichkeiten f\u00fcr kulinarische Experimente, mit denen Sie<strong> eine Vielzahl von Gerichten<\/strong> und <strong>Getr\u00e4nken<\/strong><strong> zubereiten<\/strong> k\u00f6nnen, um Ihre G\u00e4ste zu begeistern. Er ist ein unverzichtbares Ger\u00e4t f\u00fcr alle, die Vielseitigkeit und Kreativit\u00e4t bei der K\u00fcchenzubereitung sch\u00e4tzen.<\/p>\n","protected":false},"excerpt":{"rendered":"<p>Erleben Sie das Potenzial unseres JK-1500 Titanium Black Extra Strong Deluxe Set Stabmixers, der mit einem 1500 W Motor ausgestattet ist. Mit diesem extrastarken Ger\u00e4t k\u00f6nnen Sie nicht nur schnell und effektiv p\u00fcrieren, mixen und zerkleinern<\/p>\n","protected":false},"featured_media":13347,"comment_status":"open","ping_status":"closed","template":"","meta":[],"product_brand":[],"product_cat":[840],"product_tag":[],"class_list":{"0":"post-18056","1":"product","2":"type-product","3":"status-publish","4":"has-post-thumbnail","6":"product_cat-blendery","8":"first","9":"outofstock","10":"taxable","11":"shipping-taxable","12":"purchasable","13":"product-type-simple"},"_links":{"self":[{"href":"https:\/\/gltestm.webology.pl\/de\/wp-json\/wp\/v2\/product\/18056","targetHints":{"allow":["GET"]}}],"collection":[{"href":"https:\/\/gltestm.webology.pl\/de\/wp-json\/wp\/v2\/product"}],"about":[{"href":"https:\/\/gltestm.webology.pl\/de\/wp-json\/wp\/v2\/types\/product"}],"replies":[{"embeddable":true,"href":"https:\/\/gltestm.webology.pl\/de\/wp-json\/wp\/v2\/comments?post=18056"}],"version-history":[{"count":0,"href":"https:\/\/gltestm.webology.pl\/de\/wp-json\/wp\/v2\/product\/18056\/revisions"}],"wp:featuredmedia":[{"embeddable":true,"href":"https:\/\/gltestm.webology.pl\/de\/wp-json\/wp\/v2\/media\/13347"}],"wp:attachment":[{"href":"https:\/\/gltestm.webology.pl\/de\/wp-json\/wp\/v2\/media?parent=18056"}],"wp:term":[{"taxonomy":"product_brand","embeddable":true,"href":"https:\/\/gltestm.webology.pl\/de\/wp-json\/wp\/v2\/product_brand?post=18056"},{"taxonomy":"product_cat","embeddable":true,"href":"https:\/\/gltestm.webology.pl\/de\/wp-json\/wp\/v2\/product_cat?post=18056"},{"taxonomy":"product_tag","embeddable":true,"href":"https:\/\/gltestm.webology.pl\/de\/wp-json\/wp\/v2\/product_tag?post=18056"}],"curies":[{"name":"wp","href":"https:\/\/api.w.org\/{rel}","templated":true}]}}