{"id":18040,"date":"2026-03-18T22:05:18","date_gmt":"2026-03-18T21:05:18","guid":{"rendered":"https:\/\/gltestm.webology.pl\/produkt\/fiskars-schere-fuer-kleine-kuenstler-panda\/"},"modified":"2026-03-22T21:18:16","modified_gmt":"2026-03-22T20:18:16","slug":"fiskars-schere-fuer-kleine-kuenstler-panda","status":"publish","type":"product","link":"https:\/\/gltestm.webology.pl\/de\/produkt\/fiskars-schere-fuer-kleine-kuenstler-panda\/","title":{"rendered":"Fiskars Schere f\u00fcr kleine K\u00fcnstler &#8211; Panda!"},"content":{"rendered":"<h2>Zweck der Schere<\/h2>\n<p>Scheren sind zum pr\u00e4zisen Schneiden von kleinen St\u00fccken aus verschiedenen Materialien gedacht. Sie eignen sich hervorragend zum Schneiden von Papier oder Stoff, wo eine klassische Schere \u00fcberfordert w\u00e4re. Ihre geringe Gr\u00f6\u00dfe und ihr geringes Gewicht sowie ihre scharfen Spitzen machen sie ideal f\u00fcr Stickarbeiten.<\/p>\n<h2>Andere Verwendungsm\u00f6glichkeiten<\/h2>\n<p>Man kann sie auch f\u00fcr alle Arten von Dekorationen oder Schreibwaren verwenden. Sie ist ideal zum Schneiden von B\u00e4ndern oder Schn\u00fcren sowie zum Ausschneiden verschiedener Formen aus Papier.<\/p>\n","protected":false},"excerpt":{"rendered":"<p>Schere f\u00fcr pr\u00e4zises Schneiden.<\/p>\n","protected":false},"featured_media":13264,"comment_status":"open","ping_status":"closed","template":"","meta":[],"product_brand":[],"product_cat":[770],"product_tag":[],"class_list":{"0":"post-18040","1":"product","2":"type-product","3":"status-publish","4":"has-post-thumbnail","6":"product_cat-nozyce-i-obcinaczki","8":"first","9":"instock","10":"taxable","11":"shipping-taxable","12":"purchasable","13":"product-type-simple"},"_links":{"self":[{"href":"https:\/\/gltestm.webology.pl\/de\/wp-json\/wp\/v2\/product\/18040","targetHints":{"allow":["GET"]}}],"collection":[{"href":"https:\/\/gltestm.webology.pl\/de\/wp-json\/wp\/v2\/product"}],"about":[{"href":"https:\/\/gltestm.webology.pl\/de\/wp-json\/wp\/v2\/types\/product"}],"replies":[{"embeddable":true,"href":"https:\/\/gltestm.webology.pl\/de\/wp-json\/wp\/v2\/comments?post=18040"}],"version-history":[{"count":0,"href":"https:\/\/gltestm.webology.pl\/de\/wp-json\/wp\/v2\/product\/18040\/revisions"}],"wp:featuredmedia":[{"embeddable":true,"href":"https:\/\/gltestm.webology.pl\/de\/wp-json\/wp\/v2\/media\/13264"}],"wp:attachment":[{"href":"https:\/\/gltestm.webology.pl\/de\/wp-json\/wp\/v2\/media?parent=18040"}],"wp:term":[{"taxonomy":"product_brand","embeddable":true,"href":"https:\/\/gltestm.webology.pl\/de\/wp-json\/wp\/v2\/product_brand?post=18040"},{"taxonomy":"product_cat","embeddable":true,"href":"https:\/\/gltestm.webology.pl\/de\/wp-json\/wp\/v2\/product_cat?post=18040"},{"taxonomy":"product_tag","embeddable":true,"href":"https:\/\/gltestm.webology.pl\/de\/wp-json\/wp\/v2\/product_tag?post=18040"}],"curies":[{"name":"wp","href":"https:\/\/api.w.org\/{rel}","templated":true}]}}