{"id":18032,"date":"2026-03-18T22:05:17","date_gmt":"2026-03-18T21:05:17","guid":{"rendered":"https:\/\/gltestm.webology.pl\/produkt\/tambour-aus-holz-15-cm\/"},"modified":"2026-03-22T21:18:13","modified_gmt":"2026-03-22T20:18:13","slug":"tambour-aus-holz-15-cm","status":"publish","type":"product","link":"https:\/\/gltestm.webology.pl\/de\/produkt\/tambour-aus-holz-15-cm\/","title":{"rendered":"Tambour aus Holz 15 cm"},"content":{"rendered":"<p><span>Ein Holztambour ist ein Gegenstand, der das Sticken erleichtert. Er besteht aus zwei h\u00f6lzernen Reifen, die zusammengespannt werden, w\u00e4hrend das dazwischen gespannte Material gedehnt wird. Au\u00dferdem ist der Tambour mit einem Metallknopf ausgestattet, mit dem Sie die Spannung des Stickmaterials einstellen k\u00f6nnen. <\/span><br \/><span>Der Innendurchmesser des Tambours ist 17 cm, die Breite betr\u00e4gt 1 cm.<\/span><\/p>\n","protected":false},"excerpt":{"rendered":"<p>Der Holztambour ist ein Gegenstand, der das Sticken erleichtert<\/p>\n","protected":false},"featured_media":15654,"comment_status":"open","ping_status":"closed","template":"","meta":[],"product_brand":[],"product_cat":[375],"product_tag":[],"class_list":{"0":"post-18032","1":"product","2":"type-product","3":"status-publish","4":"has-post-thumbnail","6":"product_cat-tamborki","8":"first","9":"instock","10":"taxable","11":"shipping-taxable","12":"purchasable","13":"product-type-simple"},"_links":{"self":[{"href":"https:\/\/gltestm.webology.pl\/de\/wp-json\/wp\/v2\/product\/18032","targetHints":{"allow":["GET"]}}],"collection":[{"href":"https:\/\/gltestm.webology.pl\/de\/wp-json\/wp\/v2\/product"}],"about":[{"href":"https:\/\/gltestm.webology.pl\/de\/wp-json\/wp\/v2\/types\/product"}],"replies":[{"embeddable":true,"href":"https:\/\/gltestm.webology.pl\/de\/wp-json\/wp\/v2\/comments?post=18032"}],"version-history":[{"count":0,"href":"https:\/\/gltestm.webology.pl\/de\/wp-json\/wp\/v2\/product\/18032\/revisions"}],"wp:featuredmedia":[{"embeddable":true,"href":"https:\/\/gltestm.webology.pl\/de\/wp-json\/wp\/v2\/media\/15654"}],"wp:attachment":[{"href":"https:\/\/gltestm.webology.pl\/de\/wp-json\/wp\/v2\/media?parent=18032"}],"wp:term":[{"taxonomy":"product_brand","embeddable":true,"href":"https:\/\/gltestm.webology.pl\/de\/wp-json\/wp\/v2\/product_brand?post=18032"},{"taxonomy":"product_cat","embeddable":true,"href":"https:\/\/gltestm.webology.pl\/de\/wp-json\/wp\/v2\/product_cat?post=18032"},{"taxonomy":"product_tag","embeddable":true,"href":"https:\/\/gltestm.webology.pl\/de\/wp-json\/wp\/v2\/product_tag?post=18032"}],"curies":[{"name":"wp","href":"https:\/\/api.w.org\/{rel}","templated":true}]}}