{"id":17976,"date":"2026-03-18T22:05:13","date_gmt":"2026-03-18T21:05:13","guid":{"rendered":"https:\/\/gltestm.webology.pl\/produkt\/elektronische-kuechenwaage-pt-852-ex-gewuerze\/"},"modified":"2026-03-22T21:17:55","modified_gmt":"2026-03-22T20:17:55","slug":"elektronische-kuechenwaage-pt-852-ex-gewuerze","status":"publish","type":"product","link":"https:\/\/gltestm.webology.pl\/de\/produkt\/elektronische-kuechenwaage-pt-852-ex-gewuerze\/","title":{"rendered":"Elektronische K\u00fcchenwaage PT-852 EX Gew\u00fcrze"},"content":{"rendered":"<h2>Elektronische K\u00fcchenwaage PT-852 EX<\/h2>\n<p>Die elektronische K\u00fcchenwaage PT-852 EX ist \u00e4u\u00dferst hilfreich bei der Zubereitung von Gerichten, die bestimmte Produktportionen erfordern. Sie ist ideal zum Abwiegen von Gew\u00fcrzen und Lebensmittelzutaten. Sie verf\u00fcgt \u00fcber ein ber\u00fchrungsempfindliches Bedienfeld. Die Glasplattform ist mit hochwertigen Sensoren und einem LCD-Display ausgestattet.<\/p>\n<h2>Wichtigste Merkmale<\/h2>\n<ul>\n<li>Funktionen: Ein\/Aus, automatische Abschaltung, Tara, Einheitenwechsel (Einheit), Anzeige f\u00fcr schwache Batterie<\/li>\n<li>Abmessungen: 20 x 18 cm<\/li>\n<li>Messbereich: 2-5000 g<\/li>\n<li>Messgenauigkeit: 1 g<\/li>\n<li>LED-Hintergrundbeleuchtung<\/li>\n<li>Ma\u00dfeinheiten: g, oz, lb, ml, Tasse<\/li>\n<li>Plattform aus geh\u00e4rtetem Glas<\/li>\n<li>Stromversorgung 2 x AAA-Batterien (im Lieferumfang enthalten)<\/li>\n<\/ul>\n<h2>24-monatige Garantie<\/h2>\n<p>Die Waage wird mit einer 24-monatigen Garantie und einer Anleitung in polnischer Sprache geliefert, die vor der Benutzung des Ger\u00e4ts gelesen werden sollte.<\/p>\n","protected":false},"excerpt":{"rendered":"<p>K\u00fcchenwaage mit Touchpanel. Plattform aus geh\u00e4rtetem Glas. Ideal zum Wiegen von Gew\u00fcrzen und Lebensmittelzutaten. Messbereich von 2-5000 g mit einer Genauigkeit von 1 g.<\/p>\n","protected":false},"featured_media":15346,"comment_status":"open","ping_status":"closed","template":"","meta":[],"product_brand":[],"product_cat":[805],"product_tag":[],"class_list":{"0":"post-17976","1":"product","2":"type-product","3":"status-publish","4":"has-post-thumbnail","6":"product_cat-wagi-kuchenne","8":"first","9":"outofstock","10":"taxable","11":"shipping-taxable","12":"purchasable","13":"product-type-simple"},"_links":{"self":[{"href":"https:\/\/gltestm.webology.pl\/de\/wp-json\/wp\/v2\/product\/17976","targetHints":{"allow":["GET"]}}],"collection":[{"href":"https:\/\/gltestm.webology.pl\/de\/wp-json\/wp\/v2\/product"}],"about":[{"href":"https:\/\/gltestm.webology.pl\/de\/wp-json\/wp\/v2\/types\/product"}],"replies":[{"embeddable":true,"href":"https:\/\/gltestm.webology.pl\/de\/wp-json\/wp\/v2\/comments?post=17976"}],"version-history":[{"count":0,"href":"https:\/\/gltestm.webology.pl\/de\/wp-json\/wp\/v2\/product\/17976\/revisions"}],"wp:featuredmedia":[{"embeddable":true,"href":"https:\/\/gltestm.webology.pl\/de\/wp-json\/wp\/v2\/media\/15346"}],"wp:attachment":[{"href":"https:\/\/gltestm.webology.pl\/de\/wp-json\/wp\/v2\/media?parent=17976"}],"wp:term":[{"taxonomy":"product_brand","embeddable":true,"href":"https:\/\/gltestm.webology.pl\/de\/wp-json\/wp\/v2\/product_brand?post=17976"},{"taxonomy":"product_cat","embeddable":true,"href":"https:\/\/gltestm.webology.pl\/de\/wp-json\/wp\/v2\/product_cat?post=17976"},{"taxonomy":"product_tag","embeddable":true,"href":"https:\/\/gltestm.webology.pl\/de\/wp-json\/wp\/v2\/product_tag?post=17976"}],"curies":[{"name":"wp","href":"https:\/\/api.w.org\/{rel}","templated":true}]}}