{"id":17944,"date":"2026-03-18T22:05:10","date_gmt":"2026-03-18T21:05:10","guid":{"rendered":"https:\/\/gltestm.webology.pl\/produkt\/pk-2018-elektrischer-glas-wasserkocher-weiss\/"},"modified":"2026-03-22T21:56:13","modified_gmt":"2026-03-22T20:56:13","slug":"pk-2018-elektrischer-glas-wasserkocher-weiss","status":"publish","type":"product","link":"https:\/\/gltestm.webology.pl\/de\/produkt\/pk-2018-elektrischer-glas-wasserkocher-weiss\/","title":{"rendered":"PK-2018 elektrischer Glas-Wasserkocher &#8211; wei\u00df"},"content":{"rendered":"<h2><strong>Premium-Wasserkocher PK 2018<\/strong><\/h2>\n<p>Es ist gut, sch\u00f6ne Dinge um sich herum zu haben &#8211; sie lassen uns besser und gl\u00fccklicher f\u00fchlen. Wenn dann noch ihre Sch\u00f6nheit mit Qualit\u00e4t kombiniert wird, erhalten Sie eine Kombination, die Ihnen h\u00f6chsten Komfort garantiert. Das ist der<strong>Wasserkocher<\/strong> <strong>\u0141ucznik Premium PK 2018<\/strong>.<\/p>\n<p>Schon der erste Blick auf den Wasserkocher \u0141ucznik Premium <strong>PK 2018<\/strong> gen\u00fcgt, um zu erkennen, dass wir es mit einem au\u00dfergew\u00f6hnlichen Ger\u00e4t zu tun haben. Dieser Eindruck wird vor allem durch <strong>schicke, dekorative Rillen des Geh\u00e4uses<\/strong> erweckt, die der Form seiner gesteppten St\u00fcmpfe \u00e4hneln. Sie wurden im Boden und am Deckel angebracht und vervollst\u00e4ndigen die Gesamtkomposition auf sch\u00f6ne Weise. Dies ist kein gew\u00f6hnlicher Wasserkocher &#8211; dies ist ein Wasserkocher mit Klasse! Stellen Sie ihn an einem prominenten Platz in Ihrer K\u00fcche auf, und er wird einen schicken Akzent setzen.<\/p>\n<p>Die <span>Qualit\u00e4t<\/span> <span>eines Elektroger\u00e4ts<\/span><span> wird in erster Linie durch die Qualit\u00e4t seiner <\/span><span>Komponenten<\/span><span>bestimmt<\/span><span>.<\/span><span>Deshalb haben wir uns entschieden, den Wasserkocher <strong>Lucznik Premium PK 2018<\/strong> mit<\/span> dem<strong>Strix-System<\/strong><span>auszustatten<\/span><span>, einer hochwertigen<\/span><span> Markensteuerung, die f\u00fcr die Energie\u00fcbertragung zwischen dem Ger\u00e4t und seiner Basis verantwortlich ist. Dank dieser L\u00f6sung ist die Lebensdauer des Ger\u00e4ts l\u00e4nger, was <\/span><span>nicht nur eine gr\u00f6\u00dfere Zufriedenheit f\u00fcr Sie bedeutet<\/span><span>, sondern <\/span><span>auch<\/span><span> Einsparungen <\/span>! <\/p>\n<p><strong>Die Heizung<\/strong> des Wasserkochers <strong>Lucznik Premium PK 2018<\/strong> ist geschickt <strong>im Edelstahlboden versteckt<\/strong>, so dass Sie den Inhalt des Glasbeh\u00e4lters vollst\u00e4ndig sehen k\u00f6nnen. Sobald Sie die Heizung einschalten, leuchtet sofort ein sanftes Licht von unten auf, das anzeigt, dass das Ger\u00e4t in Betrieb ist und den bemerkenswerten Anblick hervorhebt, den Sie gleich sehen werden. Wenn die Zeit vergeht und das Wasser zum Kochen kommt, entfaltet sich vor Ihren Augen ein wahres Spektakel aus Licht und Wasser.<\/p>\n<p><strong>Der runde, drehbare Sockel<\/strong> des Wasserkochers <strong>Lucznik Premium PK 2018 <\/strong>erm\u00f6glicht es Ihnen, ihn \u00fcberall in Ihrer K\u00fcche oder Ihrem B\u00fcro aufzustellen und den Griff bequem von beiden Seiten zu erreichen. Der Griff selbst ist so konzipiert, dass er Ihre Sicherheit maximiert. Er heizt sich nicht auf, liegt dank seiner Form gut in der Hand und minimiert das Risiko von Dampfverbrennungen. <\/p>\n<p>Die Sicherheit bei der Verwendung des <strong>Lucznik Premium PK 2018 <\/strong>Wasserkochers wird auch durch die <strong>\u00dcberhitzungsschutzfunktion<\/strong> erh\u00f6ht, die ein Durchbrennen des Mechanismus verhindern wird.<\/p>\n<p>Der Wassertank des Wasserkochers <strong>Lucznik Premium PK 2018 <\/strong>besteht <strong>aus Boro-Silizium-Glas <\/strong>, das sich durch eine hohe Toleranz gegen\u00fcber Temperaturschwankungen und Sto\u00dffestigkeit auszeichnet, so dass Sie sich keine Sorgen um seine Besch\u00e4digung w\u00e4hrend des normalen Gebrauchs machen m\u00fcssen. Dar\u00fcber hinaus ist es unm\u00f6glich, diesem Material eine au\u00dfergew\u00f6hnliche \u00c4sthetik, tadellose Transparenz und Gl\u00e4tte abzusprechen, was nicht nur das Aussehen verbessert, sondern auch die Reinigung<strong>des Wasserkochers schnell und v\u00f6llig problemlos<\/strong> macht. Die maximale Wassermenge, die der Tank des Wasserkochers zum Kochen bringt, betr\u00e4gt  1<strong>,7 Liter<\/strong>, was ausreicht, um f\u00fcnf mittelgro\u00dfe Tassen Kaffee oder Tee auf einmal zuzubereiten.<\/p>\n<p>DerLucznik<strong>Premium PK<\/strong><span>2018Wasserkocher <\/span><span> wird mit einer 24-monatigen Garantie und einer Bedienungsanleitung in <\/span><span> Polnisch und Englisch<\/span><span> geliefert <\/span>, die<span>Sie vor der Benutzung lesen sollten.<\/span><\/p>\n","protected":false},"excerpt":{"rendered":"<p>Dekorativer wei\u00dfer Wasserkocher aus Glas und mit einem versteckten Heizelement ausgestattet &#8211; schick und elegant in jeder K\u00fcche!<\/p>\n","protected":false},"featured_media":13830,"comment_status":"open","ping_status":"closed","template":"","meta":[],"product_brand":[],"product_cat":[835],"product_tag":[],"class_list":{"0":"post-17944","1":"product","2":"type-product","3":"status-publish","4":"has-post-thumbnail","6":"product_cat-czajniki","8":"first","9":"instock","10":"taxable","11":"shipping-taxable","12":"purchasable","13":"product-type-simple"},"_links":{"self":[{"href":"https:\/\/gltestm.webology.pl\/de\/wp-json\/wp\/v2\/product\/17944","targetHints":{"allow":["GET"]}}],"collection":[{"href":"https:\/\/gltestm.webology.pl\/de\/wp-json\/wp\/v2\/product"}],"about":[{"href":"https:\/\/gltestm.webology.pl\/de\/wp-json\/wp\/v2\/types\/product"}],"replies":[{"embeddable":true,"href":"https:\/\/gltestm.webology.pl\/de\/wp-json\/wp\/v2\/comments?post=17944"}],"version-history":[{"count":0,"href":"https:\/\/gltestm.webology.pl\/de\/wp-json\/wp\/v2\/product\/17944\/revisions"}],"wp:featuredmedia":[{"embeddable":true,"href":"https:\/\/gltestm.webology.pl\/de\/wp-json\/wp\/v2\/media\/13830"}],"wp:attachment":[{"href":"https:\/\/gltestm.webology.pl\/de\/wp-json\/wp\/v2\/media?parent=17944"}],"wp:term":[{"taxonomy":"product_brand","embeddable":true,"href":"https:\/\/gltestm.webology.pl\/de\/wp-json\/wp\/v2\/product_brand?post=17944"},{"taxonomy":"product_cat","embeddable":true,"href":"https:\/\/gltestm.webology.pl\/de\/wp-json\/wp\/v2\/product_cat?post=17944"},{"taxonomy":"product_tag","embeddable":true,"href":"https:\/\/gltestm.webology.pl\/de\/wp-json\/wp\/v2\/product_tag?post=17944"}],"curies":[{"name":"wp","href":"https:\/\/api.w.org\/{rel}","templated":true}]}}