{"id":17920,"date":"2026-03-18T22:05:09","date_gmt":"2026-03-18T21:05:09","guid":{"rendered":"https:\/\/gltestm.webology.pl\/produkt\/elektronische-badezimmerwaage-bs-973-w13\/"},"modified":"2026-03-22T21:17:24","modified_gmt":"2026-03-22T20:17:24","slug":"elektronische-badezimmerwaage-bs-973-w13","status":"publish","type":"product","link":"https:\/\/gltestm.webology.pl\/de\/produkt\/elektronische-badezimmerwaage-bs-973-w13\/","title":{"rendered":"Elektronische Badezimmerwaage BS-973 W13"},"content":{"rendered":"<h2>Elektronische Badezimmerwaage BS-973<\/h2>\n<p>Elektronische Badezimmerwaage mit einem Messbereich von <strong>0,1<\/strong> bis <strong>150 kg<\/strong> (oder<strong> 330 lb<\/strong> oder <strong>23,6<\/strong> deg) und einer Messgenauigkeit von <strong>100 Gramm<\/strong>.<\/p>\n<h2>Automatische Einschaltung und Selbstkalibrierung<\/h2>\n<p>Die elektronische Personenwaage BS-973 ist mit einem <strong>\u00fcbersichtlichen LCD-Display<\/strong> ausgestattet, kann <strong>sich selbst kalibrieren<\/strong> und wird nur mit einer <strong>einzigen CR2032-Lithiumbatterie<\/strong> betrieben. Sie verf\u00fcgt \u00fcber Alarmanzeigen f\u00fcr <strong>\u00dcberlastung<\/strong>, <strong>Batteriestatus<\/strong> und <strong>Messfehler<\/strong>. Die Waage schaltet sich <strong>automatisch ein<\/strong>, wenn Druck ausge\u00fcbt wird, und schaltet sich einige Sekunden nach Beendigung des Drucks <strong>automatisch aus<\/strong>.<\/p>\n<h2>Wichtigste Merkmale<\/h2>\n<ul>\n<li>Maximales Gewicht: <strong>150 kg<\/strong> (330 lb, 23,6 Grad)<\/li>\n<li>Oberfl\u00e4che: <strong>geh\u00e4rtetes Glas<\/strong><\/li>\n<li>Automatisches Ein- und Ausschalten<\/li>\n<li><strong>Selbstkalibrierend<\/strong><\/li>\n<li>Messung: kg, lb, st.<\/li>\n<li>Messwertanzeige: Display<\/li>\n<li>Art der Waage: elektronisch<\/li>\n<li>Stromversorgung: CR2032-Batterie (im Lieferumfang enthalten)<\/li>\n<li>Abmessungen: 30 x 30 cm<\/li>\n<\/ul>\n<h2>Geh\u00e4rtetes Glas mit \u00e4sthetisch ansprechender Fotofolie<\/h2>\n<p>Aus widerstandsf\u00e4higem, <strong>geh\u00e4rtetem Glas<\/strong> mit einer geschmackvollen und \u00e4sthetischen Fotofolie, die den Wiegevorgang angenehmer macht.<\/p>\n","protected":false},"excerpt":{"rendered":"<p>Personenwaage mit einer H\u00f6chstlast von 150 kg, mit Glasplattform und elektronischer LCD-Anzeige.<\/p>\n","protected":false},"featured_media":13656,"comment_status":"open","ping_status":"closed","template":"","meta":[],"product_brand":[],"product_cat":[880],"product_tag":[],"class_list":{"0":"post-17920","1":"product","2":"type-product","3":"status-publish","4":"has-post-thumbnail","6":"product_cat-wagi-lazienkowe","8":"first","9":"instock","10":"taxable","11":"shipping-taxable","12":"purchasable","13":"product-type-simple"},"_links":{"self":[{"href":"https:\/\/gltestm.webology.pl\/de\/wp-json\/wp\/v2\/product\/17920","targetHints":{"allow":["GET"]}}],"collection":[{"href":"https:\/\/gltestm.webology.pl\/de\/wp-json\/wp\/v2\/product"}],"about":[{"href":"https:\/\/gltestm.webology.pl\/de\/wp-json\/wp\/v2\/types\/product"}],"replies":[{"embeddable":true,"href":"https:\/\/gltestm.webology.pl\/de\/wp-json\/wp\/v2\/comments?post=17920"}],"version-history":[{"count":0,"href":"https:\/\/gltestm.webology.pl\/de\/wp-json\/wp\/v2\/product\/17920\/revisions"}],"wp:featuredmedia":[{"embeddable":true,"href":"https:\/\/gltestm.webology.pl\/de\/wp-json\/wp\/v2\/media\/13656"}],"wp:attachment":[{"href":"https:\/\/gltestm.webology.pl\/de\/wp-json\/wp\/v2\/media?parent=17920"}],"wp:term":[{"taxonomy":"product_brand","embeddable":true,"href":"https:\/\/gltestm.webology.pl\/de\/wp-json\/wp\/v2\/product_brand?post=17920"},{"taxonomy":"product_cat","embeddable":true,"href":"https:\/\/gltestm.webology.pl\/de\/wp-json\/wp\/v2\/product_cat?post=17920"},{"taxonomy":"product_tag","embeddable":true,"href":"https:\/\/gltestm.webology.pl\/de\/wp-json\/wp\/v2\/product_tag?post=17920"}],"curies":[{"name":"wp","href":"https:\/\/api.w.org\/{rel}","templated":true}]}}