{"id":17852,"date":"2026-03-18T22:05:01","date_gmt":"2026-03-18T21:05:01","guid":{"rendered":"https:\/\/gltestm.webology.pl\/produkt\/magnetische-unterlage-fuer-nadeln-und-stifte-2\/"},"modified":"2026-03-22T21:16:59","modified_gmt":"2026-03-22T20:16:59","slug":"magnetische-unterlage-fuer-nadeln-und-stifte-2","status":"publish","type":"product","link":"https:\/\/gltestm.webology.pl\/de\/produkt\/magnetische-unterlage-fuer-nadeln-und-stifte-2\/","title":{"rendered":"Magnetische Unterlage f\u00fcr Nadeln und Stifte"},"content":{"rendered":"<h2>Magnetische Unterlegscheibe<\/h2>\n<p>Dies ist ein Plastikpad, das im Inneren einen Magneten hat, so dass es alle kleinen Metallteile anzieht. Durch die ovale Form liegt das Pad perfekt in der Hand. Er eignet sich hervorragend als Unterlage f\u00fcr Nadeln, Stecknadeln, B\u00fcroklammern und andere metallische N\u00e4hutensilien.<\/p>\n<p>Es ist solide verarbeitet und \u00e4u\u00dferst praktisch. Das Pad l\u00e4sst Sie verlorene Nadeln vergessen und schafft einen sauberen, sicheren Arbeitsplatz.<\/p>\n","protected":false},"excerpt":{"rendered":"<p>Sehr n\u00fctzliche magnetische Unterlage f\u00fcr Nadeln und Stifte, um ein versehentliches Versch\u00fctten von Nadeln, Stiften oder Sicherheitsnadeln zu verhindern<\/p>\n","protected":false},"featured_media":13432,"comment_status":"open","ping_status":"closed","template":"","meta":[],"product_brand":[],"product_cat":[740],"product_tag":[],"class_list":{"0":"post-17852","1":"product","2":"type-product","3":"status-publish","4":"has-post-thumbnail","6":"product_cat-szpilki-agrafki-i-poduszeczki","8":"first","9":"instock","10":"taxable","11":"shipping-taxable","12":"purchasable","13":"product-type-simple"},"_links":{"self":[{"href":"https:\/\/gltestm.webology.pl\/de\/wp-json\/wp\/v2\/product\/17852","targetHints":{"allow":["GET"]}}],"collection":[{"href":"https:\/\/gltestm.webology.pl\/de\/wp-json\/wp\/v2\/product"}],"about":[{"href":"https:\/\/gltestm.webology.pl\/de\/wp-json\/wp\/v2\/types\/product"}],"replies":[{"embeddable":true,"href":"https:\/\/gltestm.webology.pl\/de\/wp-json\/wp\/v2\/comments?post=17852"}],"version-history":[{"count":0,"href":"https:\/\/gltestm.webology.pl\/de\/wp-json\/wp\/v2\/product\/17852\/revisions"}],"wp:featuredmedia":[{"embeddable":true,"href":"https:\/\/gltestm.webology.pl\/de\/wp-json\/wp\/v2\/media\/13432"}],"wp:attachment":[{"href":"https:\/\/gltestm.webology.pl\/de\/wp-json\/wp\/v2\/media?parent=17852"}],"wp:term":[{"taxonomy":"product_brand","embeddable":true,"href":"https:\/\/gltestm.webology.pl\/de\/wp-json\/wp\/v2\/product_brand?post=17852"},{"taxonomy":"product_cat","embeddable":true,"href":"https:\/\/gltestm.webology.pl\/de\/wp-json\/wp\/v2\/product_cat?post=17852"},{"taxonomy":"product_tag","embeddable":true,"href":"https:\/\/gltestm.webology.pl\/de\/wp-json\/wp\/v2\/product_tag?post=17852"}],"curies":[{"name":"wp","href":"https:\/\/api.w.org\/{rel}","templated":true}]}}