{"id":17828,"date":"2026-03-18T22:05:00","date_gmt":"2026-03-18T21:05:00","guid":{"rendered":"https:\/\/gltestm.webology.pl\/produkt\/entkalker-fuer-espressomaschine-wasserkocher-buegeleisen-2\/"},"modified":"2026-03-22T21:16:53","modified_gmt":"2026-03-22T20:16:53","slug":"entkalker-fuer-espressomaschine-wasserkocher-buegeleisen-2","status":"publish","type":"product","link":"https:\/\/gltestm.webology.pl\/de\/produkt\/entkalker-fuer-espressomaschine-wasserkocher-buegeleisen-2\/","title":{"rendered":"Entkalker f\u00fcr Espressomaschine, Wasserkocher, B\u00fcgeleisen"},"content":{"rendered":"<p>Haben Ihr <strong>B\u00fcgeleisen<\/strong>, Ihr <strong>Wasserkocher<\/strong>, Ihre <strong>Kaffeemaschine<\/strong> und andere kleine Haushaltsger\u00e4te mit<strong> hartn\u00e4ckigem Kalk<\/strong> zu k\u00e4mpfen? <strong>Lucznik Entkalker<\/strong> ist die <strong>L\u00f6sung<\/strong>, nach der Sie suchen! Das <strong>500 mldetergent<\/strong>wurde <strong>speziell<\/strong> f\u00fcr Ger\u00e4te entwickelt, die zur Bildung von <strong>Kalkablagerungen<\/strong> neigen.<\/p>\n<h2>Kampf gegen Kalk an mehreren Fronten<\/h2>\n<p>Mit dem \u0141ucznik-Entkalker k\u00f6nnen Sie <strong>Kalkablagerungen<\/strong> auf verschiedenen Oberfl\u00e4chen <strong>wirksam entfernen<\/strong>, Haushaltsger\u00e4te <strong>auffrischen<\/strong> und ihre <strong>volle Leistungsf\u00e4higkeit<\/strong> wiederherstellen. Bei <strong>regelm\u00e4\u00dfiger Anwendung<\/strong> dieses Produkts k\u00f6nnen Sie nicht nur <strong>hartn\u00e4ckige Ablagerungen<\/strong> beseitigen, sondern auch die <strong>Lebensdauer<\/strong> Ihrer wertvollen Ger\u00e4te <strong>verl\u00e4ngern<\/strong>.<\/p>\n<h2>Bequeme Fl\u00fcssigform f\u00fcr pr\u00e4zise Anwendung<\/h2>\n<p>Lucznik Entkalker ist eine <strong>universelle L\u00f6sung<\/strong> f\u00fcr viele kleine Haushaltsger\u00e4te. Dank seiner fl\u00fcssigen Formel k\u00f6nnen Sie ihn <strong>einfach<\/strong> und <strong>pr\u00e4zise<\/strong> auf die <strong>Problemstellen<\/strong> auftragen, um eine effektive Wirkung zu erzielen. Egal, ob es sich um ein B\u00fcgeleisen, einen Wasserkocher, eine Kaffeemaschine oder ein anderes Ger\u00e4t handelt, dieser Entkalker wird Ihre Bed\u00fcrfnisse erf\u00fcllen.<\/p>\n<p>Mit einem<strong> Fassungsverm\u00f6gen von 500 ml<\/strong> ist der Lucznik-Entkalker <strong>eine effiziente L\u00f6sung<\/strong>, die \u00fcber einen l\u00e4ngeren Zeitraum verwendet werden kann. So k\u00f6nnen Sie ihn \u00fcber einen l\u00e4ngeren Zeitraum verwenden, und eine Packung reicht f\u00fcr <strong>mehrere Anwendungen<\/strong>.<\/p>\n<h2>Sorgen Sie f\u00fcr eine l\u00e4ngere Lebensdauer Ihrer Haushaltsger\u00e4te<\/h2>\n<p>Das Produkt ist eine Marke von Lucznik, die <strong>hohe Qualit\u00e4t<\/strong> und <strong>effektive<\/strong> Leistung garantiert. Der Entkalker ist in <strong>fl\u00fcssiger Form<\/strong> erh\u00e4ltlich, wodurch er einfach anzuwenden ist und eine gleichm\u00e4\u00dfige Abdeckung der Oberfl\u00e4che gew\u00e4hrleistet. Nutzen Sie den Lucznik-Entkalker und erfreuen Sie sich viele Jahre lang an<strong> effizienten Haushaltsger\u00e4ten<\/strong>!<\/p>\n<p>Investieren Sie in den <strong>Lucznik-Entkalker<\/strong> und genie\u00dfen Sie <strong>die Effizienz<\/strong> Ihrer <strong>Haushaltsger\u00e4te<\/strong>, ohne sich Gedanken \u00fcber Kalkablagerungen zu machen!<\/p>\n","protected":false},"excerpt":{"rendered":"<p>Universalfl\u00fcssigkeit zum Entkalken von Wasserkochern, B\u00fcgeleisen oder Kaffeemaschinen. Effiziente Formel und sichere Formel. Fassungsverm\u00f6gen 500 ml. Verbessert die Leistung und verl\u00e4ngert die Lebensdauer von Haushaltsger\u00e4ten.<\/p>\n","protected":false},"featured_media":14277,"comment_status":"open","ping_status":"closed","template":"","meta":[],"product_brand":[],"product_cat":[650],"product_tag":[],"class_list":{"0":"post-17828","1":"product","2":"type-product","3":"status-publish","4":"has-post-thumbnail","6":"product_cat-pozostale","8":"first","9":"instock","10":"taxable","11":"shipping-taxable","12":"purchasable","13":"product-type-simple"},"_links":{"self":[{"href":"https:\/\/gltestm.webology.pl\/de\/wp-json\/wp\/v2\/product\/17828","targetHints":{"allow":["GET"]}}],"collection":[{"href":"https:\/\/gltestm.webology.pl\/de\/wp-json\/wp\/v2\/product"}],"about":[{"href":"https:\/\/gltestm.webology.pl\/de\/wp-json\/wp\/v2\/types\/product"}],"replies":[{"embeddable":true,"href":"https:\/\/gltestm.webology.pl\/de\/wp-json\/wp\/v2\/comments?post=17828"}],"version-history":[{"count":0,"href":"https:\/\/gltestm.webology.pl\/de\/wp-json\/wp\/v2\/product\/17828\/revisions"}],"wp:featuredmedia":[{"embeddable":true,"href":"https:\/\/gltestm.webology.pl\/de\/wp-json\/wp\/v2\/media\/14277"}],"wp:attachment":[{"href":"https:\/\/gltestm.webology.pl\/de\/wp-json\/wp\/v2\/media?parent=17828"}],"wp:term":[{"taxonomy":"product_brand","embeddable":true,"href":"https:\/\/gltestm.webology.pl\/de\/wp-json\/wp\/v2\/product_brand?post=17828"},{"taxonomy":"product_cat","embeddable":true,"href":"https:\/\/gltestm.webology.pl\/de\/wp-json\/wp\/v2\/product_cat?post=17828"},{"taxonomy":"product_tag","embeddable":true,"href":"https:\/\/gltestm.webology.pl\/de\/wp-json\/wp\/v2\/product_tag?post=17828"}],"curies":[{"name":"wp","href":"https:\/\/api.w.org\/{rel}","templated":true}]}}