{"id":17824,"date":"2026-03-18T22:04:59","date_gmt":"2026-03-18T21:04:59","guid":{"rendered":"https:\/\/gltestm.webology.pl\/produkt\/dekostifte-laenge-45-mm-knopf\/"},"modified":"2026-03-22T21:16:51","modified_gmt":"2026-03-22T20:16:51","slug":"dekostifte-laenge-45-mm-knopf","status":"publish","type":"product","link":"https:\/\/gltestm.webology.pl\/de\/produkt\/dekostifte-laenge-45-mm-knopf\/","title":{"rendered":"Dekostifte L\u00e4nge 45 mm Knopf"},"content":{"rendered":"<h2><strong>Was sind die besonderen Merkmale von Schneiderpins?<\/strong><\/h2>\n<p>Eine dekorative Anstecknadel mit einem Kopf in Form eines Knopfes ist ein unkonventionelles Accessoire, das durch sein Aussehen besticht. Sie eignet sich hervorragend als originelle Dekoration zum Anstecken von Schmuck oder f\u00fcr Arrangements in Blumenstr\u00e4u\u00dfen aus lebenden Blumen.<\/p>\n<h2><strong>Abmessungen der Brosche mit Glaskopf<\/strong><\/h2>\n<p>Abmessungen:<\/p>\n<ul>\n<li>L\u00e4nge: <strong>45 mm<\/strong><\/li>\n<li>Durchmesser des Drahtes: <strong>0,6 mm<\/strong><\/li>\n<li>Durchmesser des Ornaments: <strong>11 mm<\/strong><\/li>\n<li>Inhalt der Packung: <strong>50 Stk.<\/strong><\/li>\n<li>Gewicht: <strong>18 g<\/strong><\/li>\n<\/ul>\n<h2><strong>Anzahl der Stifte in der Packung<\/strong><\/h2>\n<p>Die Stifte sind in einer Kunststoffbox verpackt. In der Packung sind 18 g Stifte enthalten, das sind etwa 50 St\u00fcck.<\/p>\n","protected":false},"excerpt":{"rendered":"<p>Satz Stoffnadeln mit Glaskopf in Kunststoffbox, 34 mm lang.  80 St\u00fcck. 12 g.<\/p>\n","protected":false},"featured_media":12933,"comment_status":"open","ping_status":"closed","template":"","meta":[],"product_brand":[],"product_cat":[740],"product_tag":[],"class_list":{"0":"post-17824","1":"product","2":"type-product","3":"status-publish","4":"has-post-thumbnail","6":"product_cat-szpilki-agrafki-i-poduszeczki","8":"first","9":"instock","10":"taxable","11":"shipping-taxable","12":"purchasable","13":"product-type-simple"},"_links":{"self":[{"href":"https:\/\/gltestm.webology.pl\/de\/wp-json\/wp\/v2\/product\/17824","targetHints":{"allow":["GET"]}}],"collection":[{"href":"https:\/\/gltestm.webology.pl\/de\/wp-json\/wp\/v2\/product"}],"about":[{"href":"https:\/\/gltestm.webology.pl\/de\/wp-json\/wp\/v2\/types\/product"}],"replies":[{"embeddable":true,"href":"https:\/\/gltestm.webology.pl\/de\/wp-json\/wp\/v2\/comments?post=17824"}],"version-history":[{"count":0,"href":"https:\/\/gltestm.webology.pl\/de\/wp-json\/wp\/v2\/product\/17824\/revisions"}],"wp:featuredmedia":[{"embeddable":true,"href":"https:\/\/gltestm.webology.pl\/de\/wp-json\/wp\/v2\/media\/12933"}],"wp:attachment":[{"href":"https:\/\/gltestm.webology.pl\/de\/wp-json\/wp\/v2\/media?parent=17824"}],"wp:term":[{"taxonomy":"product_brand","embeddable":true,"href":"https:\/\/gltestm.webology.pl\/de\/wp-json\/wp\/v2\/product_brand?post=17824"},{"taxonomy":"product_cat","embeddable":true,"href":"https:\/\/gltestm.webology.pl\/de\/wp-json\/wp\/v2\/product_cat?post=17824"},{"taxonomy":"product_tag","embeddable":true,"href":"https:\/\/gltestm.webology.pl\/de\/wp-json\/wp\/v2\/product_tag?post=17824"}],"curies":[{"name":"wp","href":"https:\/\/api.w.org\/{rel}","templated":true}]}}