{"id":17820,"date":"2026-03-18T22:04:59","date_gmt":"2026-03-18T21:04:59","guid":{"rendered":"https:\/\/gltestm.webology.pl\/produkt\/einfaedler-fuer-faden-blume\/"},"modified":"2026-03-22T21:16:50","modified_gmt":"2026-03-22T20:16:50","slug":"einfaedler-fuer-faden-blume","status":"publish","type":"product","link":"https:\/\/gltestm.webology.pl\/de\/produkt\/einfaedler-fuer-faden-blume\/","title":{"rendered":"Einf\u00e4dler f\u00fcr Faden &#8211; Blume"},"content":{"rendered":"<h2><strong>Anwendung des Einf\u00e4dlers<\/strong><\/h2>\n<p><span>Der praktische Fadeneinf\u00e4dler ist ein schneller und bequemer Verb\u00fcndeter f\u00fcr N\u00e4hbegeisterte. Dank der speziell entworfenen Kunststoffblume liegt er perfekt in der Hand und erm\u00f6glicht es Ihnen, den Faden leicht in die Ohren einzuf\u00e4deln. Er ist nicht nur ein Zeitsparer, sondern auch ein praktischer Helfer bei jedem N\u00e4hprojekt.<\/span><\/p>\n<h2><strong>Abmessungen des Einf\u00e4dlers<\/strong><\/h2>\n<ul>\n<li>Drahtl\u00e4nge: <strong>20 mm<\/strong><\/li>\n<li>Gesamtl\u00e4nge: <strong>45<\/strong> mm<\/li>\n<li>Durchmesser der Blume: <strong>23 mm<\/strong><\/li>\n<\/ul>\n<h2><strong>So erleichtern Sie sich das Einf\u00e4deln mit diesem Produkt<\/strong><\/h2>\n<p>Um den Faden auf die Nadel zu f\u00e4deln, wird zun\u00e4chst das \u00d6hr in das Nadel\u00f6hr eingef\u00fchrt. Ziehen Sie dann den Faden durch das \u00d6hr und ziehen Sie schlie\u00dflich das \u00d6hr zusammen mit dem Faden aus dem Nadel\u00f6hr heraus. Geschafft!<\/p>\n","protected":false},"excerpt":{"rendered":"<p>Einf\u00e4dler aus Metall mit einem blumenf\u00f6rmigen Griff. Erleichtert das Einf\u00e4deln des Fadens durch das Nadel\u00f6hr.<\/p>\n","protected":false},"featured_media":15765,"comment_status":"open","ping_status":"closed","template":"","meta":[],"product_brand":[],"product_cat":[775],"product_tag":[],"class_list":{"0":"post-17820","1":"product","2":"type-product","3":"status-publish","4":"has-post-thumbnail","6":"product_cat-inne-narzedzia-i-akcesoria","8":"first","9":"instock","10":"taxable","11":"shipping-taxable","12":"purchasable","13":"product-type-simple"},"_links":{"self":[{"href":"https:\/\/gltestm.webology.pl\/de\/wp-json\/wp\/v2\/product\/17820","targetHints":{"allow":["GET"]}}],"collection":[{"href":"https:\/\/gltestm.webology.pl\/de\/wp-json\/wp\/v2\/product"}],"about":[{"href":"https:\/\/gltestm.webology.pl\/de\/wp-json\/wp\/v2\/types\/product"}],"replies":[{"embeddable":true,"href":"https:\/\/gltestm.webology.pl\/de\/wp-json\/wp\/v2\/comments?post=17820"}],"version-history":[{"count":0,"href":"https:\/\/gltestm.webology.pl\/de\/wp-json\/wp\/v2\/product\/17820\/revisions"}],"wp:featuredmedia":[{"embeddable":true,"href":"https:\/\/gltestm.webology.pl\/de\/wp-json\/wp\/v2\/media\/15765"}],"wp:attachment":[{"href":"https:\/\/gltestm.webology.pl\/de\/wp-json\/wp\/v2\/media?parent=17820"}],"wp:term":[{"taxonomy":"product_brand","embeddable":true,"href":"https:\/\/gltestm.webology.pl\/de\/wp-json\/wp\/v2\/product_brand?post=17820"},{"taxonomy":"product_cat","embeddable":true,"href":"https:\/\/gltestm.webology.pl\/de\/wp-json\/wp\/v2\/product_cat?post=17820"},{"taxonomy":"product_tag","embeddable":true,"href":"https:\/\/gltestm.webology.pl\/de\/wp-json\/wp\/v2\/product_tag?post=17820"}],"curies":[{"name":"wp","href":"https:\/\/api.w.org\/{rel}","templated":true}]}}