{"id":17792,"date":"2026-03-18T22:04:57","date_gmt":"2026-03-18T21:04:57","guid":{"rendered":"https:\/\/gltestm.webology.pl\/produkt\/salz-pfeffer-und-gewuerzmuehle-pm-201-c-auslass\/"},"modified":"2026-03-22T21:16:41","modified_gmt":"2026-03-22T20:16:41","slug":"salz-pfeffer-und-gewuerzmuehle-pm-201-c-auslass","status":"publish","type":"product","link":"https:\/\/gltestm.webology.pl\/de\/produkt\/salz-pfeffer-und-gewuerzmuehle-pm-201-c-auslass\/","title":{"rendered":"Salz-, Pfeffer- und Gew\u00fcrzm\u00fchle PM-201 C Auslass"},"content":{"rendered":"<h2><strong>Salz-, Pfeffer- und Gew\u00fcrzm\u00fchle PM-201 C<\/strong><strong><br \/><\/strong><\/h2>\n<p>Die Salz-, Pfeffer- und Gew\u00fcrzm\u00fchle PM-201<strong>C<\/strong> mit<strong> Keramikmechanismus<\/strong> verf\u00fcgt \u00fcber eine<strong> einstellbare Mahlst\u00e4rke<\/strong>, so dass Sie die f\u00fcr Sie richtige Kornst\u00e4rke w\u00e4hlen k\u00f6nnen. Sie ist ideal zum Mahlen von Salz, Pfeffer, Koriander und anderen Gew\u00fcrzen. Das elegante und stilvolle Design f\u00fcgt sich perfekt in den Hintergrund Ihrer K\u00fcche ein.<\/p>\n<h2>Auslass<\/h2>\n<ul>\n<li>zur\u00fcckgegebenes Produkt<\/li>\n<li>offene Verpackung<\/li>\n<\/ul>\n","protected":false},"excerpt":{"rendered":"<p>Elegant und stilvoll, perfekt &#8211; Die Salz-, Pfeffer- und Gew\u00fcrzm\u00fchle PM-201 C ist perfekt zum Mahlen verschiedener Gew\u00fcrze. Sie ist mit einem Keramikmechanismus ausgestattet, hat eine einstellbare Mahlst\u00e4rke<\/p>\n","protected":false},"featured_media":14768,"comment_status":"open","ping_status":"closed","template":"","meta":[],"product_brand":[],"product_cat":[825],"product_tag":[],"class_list":{"0":"post-17792","1":"product","2":"type-product","3":"status-publish","4":"has-post-thumbnail","6":"product_cat-mlynki","8":"first","9":"instock","10":"taxable","11":"shipping-taxable","12":"purchasable","13":"product-type-simple"},"_links":{"self":[{"href":"https:\/\/gltestm.webology.pl\/de\/wp-json\/wp\/v2\/product\/17792","targetHints":{"allow":["GET"]}}],"collection":[{"href":"https:\/\/gltestm.webology.pl\/de\/wp-json\/wp\/v2\/product"}],"about":[{"href":"https:\/\/gltestm.webology.pl\/de\/wp-json\/wp\/v2\/types\/product"}],"replies":[{"embeddable":true,"href":"https:\/\/gltestm.webology.pl\/de\/wp-json\/wp\/v2\/comments?post=17792"}],"version-history":[{"count":0,"href":"https:\/\/gltestm.webology.pl\/de\/wp-json\/wp\/v2\/product\/17792\/revisions"}],"wp:featuredmedia":[{"embeddable":true,"href":"https:\/\/gltestm.webology.pl\/de\/wp-json\/wp\/v2\/media\/14768"}],"wp:attachment":[{"href":"https:\/\/gltestm.webology.pl\/de\/wp-json\/wp\/v2\/media?parent=17792"}],"wp:term":[{"taxonomy":"product_brand","embeddable":true,"href":"https:\/\/gltestm.webology.pl\/de\/wp-json\/wp\/v2\/product_brand?post=17792"},{"taxonomy":"product_cat","embeddable":true,"href":"https:\/\/gltestm.webology.pl\/de\/wp-json\/wp\/v2\/product_cat?post=17792"},{"taxonomy":"product_tag","embeddable":true,"href":"https:\/\/gltestm.webology.pl\/de\/wp-json\/wp\/v2\/product_tag?post=17792"}],"curies":[{"name":"wp","href":"https:\/\/api.w.org\/{rel}","templated":true}]}}