{"id":17780,"date":"2026-03-18T22:04:57","date_gmt":"2026-03-18T21:04:57","guid":{"rendered":"https:\/\/gltestm.webology.pl\/produkt\/sg-515-usb-reise-schallzahnbuerste-steckdose\/"},"modified":"2026-03-22T21:16:38","modified_gmt":"2026-03-22T20:16:38","slug":"sg-515-usb-reise-schallzahnbuerste-steckdose","status":"publish","type":"product","link":"https:\/\/gltestm.webology.pl\/de\/produkt\/sg-515-usb-reise-schallzahnbuerste-steckdose\/","title":{"rendered":"SG-515 USB-Reise-Schallzahnb\u00fcrste Steckdose"},"content":{"rendered":"<p>Ein technologisch fortschrittliches Produkt f\u00fcr Pflege und Mundhygiene. Die Reisevariante erm\u00f6glicht das Aufladen \u00fcber ein <strong>USB-Kabel<\/strong>. Das ist besonders praktisch auf Reisen &#8211; Sie k\u00f6nnen die Zahnb\u00fcrste aufladen, indem Sie sie an Ihren Laptop, eine Powerbank und sogar an einige Tablet- oder Telefonmodelle anschlie\u00dfen!<\/p>\n<h2><strong>Steckdose<\/strong><\/h2>\n<ul>\n<li>zur\u00fcckgegebenes Produkt (unbenutzt)<\/li>\n<li>offene Verpackung<\/li>\n<\/ul>\n<p>Dank der aktiven Bleaching-Fasern von <strong>DUPONT<\/strong> und einem speziellen Programm entfernt <strong>die SG-515<\/strong> Zahnb\u00fcrste Zahnstein mit gr\u00f6\u00dferer Effizienz als andere <strong>Handzahnb\u00fcrsten<\/strong>. Erm\u00f6glicht wird dies durch die oszillierende Wirkung des Ger\u00e4ts und <strong>38.000 Bewegungen pro Minute<\/strong>.<\/p>\n<p>Der gesamte Zahnbelag wird gr\u00fcndlich entfernt und der Zahnschmelz bleibt intakt.<\/p>\n<h2><strong>Wichtigste Merkmale<\/strong><\/h2>\n<ul>\n<li><strong>38.000 Bewegungen\/Min.<\/strong><\/li>\n<li><strong>2 austauschbare Auf<\/strong> s\u00e4tze im Lieferumfang enthalten<\/li>\n<li><strong>3 Modi<\/strong>: Aufhellung, Reinigung, Massage<\/li>\n<li>anzeige der Reinigungszeit<\/li>\n<li>automatische Abschaltung nach 2 Min.<\/li>\n<li><strong>wasserdicht<\/strong> (IPX6-Standard)<\/li>\n<li>wiederaufladbare Stromversorgung<\/li>\n<li><strong>uSB-Ladung<\/strong> <\/li>\n<\/ul>\n<h2><strong>3 Reinigungsmodi<\/strong><\/h2>\n<p>Das Ger\u00e4t massiert aktiv das Zahnfleisch und verbessert dessen Durchblutung, so dass es nicht zu Gewebeverletzungen oder Blutungen nach der Anwendung kommt. Die <strong>Schallzahnb\u00fcrste <\/strong>hat drei Betriebsmodi&#8220;<\/p>\n<ul>\n<li><strong>whitening<\/strong> (zur Entfernung von Flecken)<\/li>\n<li><strong> reinigungsmodus<\/strong> (f\u00fcr den t\u00e4glichen, normalen Gebrauch)<\/li>\n<li><strong>massage<\/strong> (f\u00fcr eine sanfte Zahnfleischmassage)<\/li>\n<\/ul>\n<h2>Timer, der die Putzzeit misst<\/h2>\n<p>Die Zahnb\u00fcrste weist Sie alle <strong>30 Sekunden<\/strong> darauf hin, den zu reinigenden Bereich im Mund zu wechseln. <strong>Nach 2 Minuten Dauerbetrieb schaltet sich das Ger\u00e4t automatisch ab<\/strong>.<\/p>\n<h2>Auswechselbare Aufs\u00e4tze im Lieferumfang enthalten<\/h2>\n<p>Im Lieferumfang sind ein Sockel, ein Kabel und <strong>zwei austauschbare Zahnb\u00fcrstenaufs\u00e4tze<\/strong>enthalten. Durch den Schallbetrieb der <strong>Zahnb\u00fcrste<\/strong> nutzen sich die Aufs\u00e4tze schneller ab als bei herk\u00f6mmlichen Zahnb\u00fcrsten. Zahn\u00e4rzte empfehlen, die Aufs\u00e4tze<strong> alle 3 Monate<\/strong> auszutauschen.<\/p>\n<h2>USB-Aufladung<\/h2>\n<p>Die Zahnb\u00fcrste wird \u00fcber einen USB-Anschluss aufgeladen. Das Netzkabel ist in der Packung enthalten. Beachten Sie jedoch, dass in der Verpackung <strong>kein<\/strong> Adapter f\u00fcr eine 220-V-Steckdose enthalten ist.<\/p>\n<p><strong>Aufladen der Reisezahnb\u00fcrste<\/strong><\/p>\n<p><strong>Die Zahn <\/strong>b\u00fcrste verf\u00fcgt \u00fcber einen <strong>wiederaufladbaren Lithium-Ionen-Akku<\/strong>, der bei richtiger Behandlung eine lange Lebensdauer gew\u00e4hrleistet. Am besten ist es, den Akku nicht vollst\u00e4ndig entladen zu lassen und die Zahnb\u00fcrste anzuschlie\u00dfen, sobald sie signalisiert, dass sie aufgeladen werden muss. Stecken Sie die Zahnb\u00fcrste nur so lange ein, wie es dauert, den Akku vollst\u00e4ndig aufzuladen.<\/p>\n<p>Am besten laden Sie die Zahnb\u00fcrste auf, indem Sie <strong>sie an einen Laptop anschlie\u00dfen<\/strong> &#8211; dann sollte die Ladezeit den Angaben in der Gebrauchsanweisung entsprechen. Wenn Sie ein Ladeger\u00e4t f\u00fcr ein anderes Ger\u00e4t (z. B. ein Telefon) w\u00e4hlen, beachten Sie die folgenden Empfehlungen:<\/p>\n<ul>\n<li>500-mA-Ladeger\u00e4t (etwa 40 Minuten)<\/li>\n<li>1-A-Ladeger\u00e4t (ca. 20 Minuten)<\/li>\n<\/ul>\n<p>Verwenden Sie keine Ladeger\u00e4te mit h\u00f6herer Stromst\u00e4rke oder Schnellladekabel, da dies den Akku besch\u00e4digen kann.<\/p>\n<h2>24-monatige Garantie<\/h2>\n<p>Das Ger\u00e4t wird mit <strong>einer 24-monatigen Garantie<\/strong> und einer <strong>Anleitung in polnischer Sprache<\/strong> geliefert.<\/p>\n<h2><strong>Warum ist eine Schallzahnb\u00fcrste das beste Ger\u00e4t f\u00fcr die t\u00e4gliche Zahnpflege?<\/strong><\/h2>\n<p>Wenige Dinge im Erscheinungsbild eines Menschen fallen mehr ins Auge als ein breites und schneewei\u00dfes L\u00e4cheln. Ein sch\u00f6nes L\u00e4cheln ist jedoch in erster Linie ein gesundes L\u00e4cheln.  Um beim Zahnarzt nie unangenehme Worte wie &#8222;Parodontitis&#8220;, &#8222;Bohren&#8220; oder &#8222;Karies&#8220; zu h\u00f6ren, ist (neben regelm\u00e4\u00dfigen Kontrolluntersuchungen) eine richtige und t\u00e4gliche Mundhygiene unerl\u00e4sslich &#8211; die Z\u00e4hne sollten gr\u00fcndlich geputzt und mit Zahnseide gereinigt werden. Auch das Reinigen der Zunge und das Sp\u00fclen des Mundes wird empfohlen. Jeder von uns scheint dies zu wissen, und doch haben 9 von 10 Polen Probleme mit Karies. Das bedeutet wiederum, dass wir etwas falsch machen.<\/p>\n<p>Eine <strong>elektrische<\/strong> Zahnb\u00fcrste oder <strong>Schallzahnb\u00fcrste<\/strong> kann hier Abhilfe schaffen. <strong>Elektrische Zahnb\u00fcrsten<\/strong> sind schon seit langem auf dem Markt und daher weithin bekannt, aber <strong>die Schallzahnb\u00fcrste<\/strong> ist so etwas wie eine Neuheit. Und wie funktioniert eine<strong> Schallzahnb\u00fcrste<\/strong>? Ihre Funktionsweise beruht auf der Kombination von zwei Elementen: der Ausf\u00fchrung von Streichbewegungen und der Aussendung von Hochfrequenz-Schallwellen.<\/p>\n<p>Die Borsten des Ger\u00e4ts bewegen sich mit einer Geschwindigkeit von mehr als 38.000 Bewegungen pro Minute. Das ist wirklich viel &#8211; bei bekannteren elektrischen Zahnb\u00fcrsten sind es normalerweise etwa 8.000 Bewegungen pro Minute. In Verbindung mit den ausgesendeten Schallwellen entsteht so eine so genannte Aktivwolke, die man sich als eine Art &#8222;reinigendes Kraftfeld&#8220; vorstellen kann Dabei handelt es sich um einen Bereich, der sich 3-5 mm von der Spitze der Fasern aus erstreckt und eine einfache und effiziente Reinigung schwer zug\u00e4nglicher Stellen im Mund erm\u00f6glicht.<\/p>\n<p>Was ist daran so toll? Nun, <strong>eine Schallzahnb\u00fcrste<\/strong> reinigt nicht nur die schwer zug\u00e4nglichen Bereiche des Mundes, wie z. B. die Zahnzwischenr\u00e4ume, sondern auch den Bereich um die Zahnspange perfekt. Sie reinigt die Z\u00e4hne sowohl von Speiseresten als auch (bei regelm\u00e4\u00dfiger Anwendung) von festen Verunreinigungen wie Zahnstein, Plaque oder Ablagerungen aus Kaffee und Tee.<\/p>\n<p>Was ebenso wichtig ist: Dank der sanften Borsten und der streichenden Bewegungen f\u00fchrt das Z\u00e4hneputzen <strong>mit einem Schallger\u00e4t<\/strong> nicht zu Zahnfleischr\u00fcckgang, was besonders wichtig ist, wenn Sie viele Jahre lang ein sch\u00f6nes und nat\u00fcrliches L\u00e4cheln bewahren wollen, und au\u00dferdem k\u00f6nnen <strong>Schallzahnb\u00fcrsten<\/strong> erfolgreich von Menschen verwendet werden, die an Parodontitis leiden.<\/p>\n","protected":false},"excerpt":{"rendered":"<p>Die elektronische Schallzahnb\u00fcrste SG-515 ist ein Hightech-Produkt f\u00fcr Pflege und Mundhygiene. Sie wird \u00fcber einen USB-Micro-B-Anschluss aufgeladen und eignet sich sowohl f\u00fcr den t\u00e4glichen Gebrauch als auch f\u00fcr Reisen.<\/p>\n","protected":false},"featured_media":13908,"comment_status":"open","ping_status":"closed","template":"","meta":[],"product_brand":[],"product_cat":[885],"product_tag":[],"class_list":{"0":"post-17780","1":"product","2":"type-product","3":"status-publish","4":"has-post-thumbnail","6":"product_cat-szczoteczki-soniczne","8":"first","9":"outofstock","10":"taxable","11":"shipping-taxable","12":"purchasable","13":"product-type-simple"},"_links":{"self":[{"href":"https:\/\/gltestm.webology.pl\/de\/wp-json\/wp\/v2\/product\/17780","targetHints":{"allow":["GET"]}}],"collection":[{"href":"https:\/\/gltestm.webology.pl\/de\/wp-json\/wp\/v2\/product"}],"about":[{"href":"https:\/\/gltestm.webology.pl\/de\/wp-json\/wp\/v2\/types\/product"}],"replies":[{"embeddable":true,"href":"https:\/\/gltestm.webology.pl\/de\/wp-json\/wp\/v2\/comments?post=17780"}],"version-history":[{"count":0,"href":"https:\/\/gltestm.webology.pl\/de\/wp-json\/wp\/v2\/product\/17780\/revisions"}],"wp:featuredmedia":[{"embeddable":true,"href":"https:\/\/gltestm.webology.pl\/de\/wp-json\/wp\/v2\/media\/13908"}],"wp:attachment":[{"href":"https:\/\/gltestm.webology.pl\/de\/wp-json\/wp\/v2\/media?parent=17780"}],"wp:term":[{"taxonomy":"product_brand","embeddable":true,"href":"https:\/\/gltestm.webology.pl\/de\/wp-json\/wp\/v2\/product_brand?post=17780"},{"taxonomy":"product_cat","embeddable":true,"href":"https:\/\/gltestm.webology.pl\/de\/wp-json\/wp\/v2\/product_cat?post=17780"},{"taxonomy":"product_tag","embeddable":true,"href":"https:\/\/gltestm.webology.pl\/de\/wp-json\/wp\/v2\/product_tag?post=17780"}],"curies":[{"name":"wp","href":"https:\/\/api.w.org\/{rel}","templated":true}]}}