{"id":17776,"date":"2026-03-18T22:04:56","date_gmt":"2026-03-18T21:04:56","guid":{"rendered":"https:\/\/gltestm.webology.pl\/produkt\/schallzahnbuerste-sg-508-outlet\/"},"modified":"2026-03-22T21:56:11","modified_gmt":"2026-03-22T20:56:11","slug":"schallzahnbuerste-sg-508-outlet","status":"publish","type":"product","link":"https:\/\/gltestm.webology.pl\/de\/produkt\/schallzahnbuerste-sg-508-outlet\/","title":{"rendered":"Schallzahnb\u00fcrste SG-508 Outlet"},"content":{"rendered":"<h2><strong>Schallzahnb\u00fcrste SG-508<\/strong><\/h2>\n<p>Die<strong>elektronische Schallzahnb\u00fcrsteSG-508<\/strong> ist ein technologisch fortschrittliches Produkt f\u00fcr die Pflege und Mundhygiene. Dank ihrer Wirkungsweise, den aktiven Whitening-Fasern und den speziellen Programmen entfernt die <strong>Schallzahnb\u00fcrste<\/strong> Plaque mit gr\u00f6\u00dferer Effizienz als herk\u00f6mmliche Handzahnb\u00fcrsten oder elektrische Zahnb\u00fcrsten.<\/p>\n<h2><strong>Steckdose<\/strong><\/h2>\n<ul>\n<li>zur\u00fcckgegebenes Produkt (unbenutzt)<\/li>\n<li>ge\u00f6ffnete Verpackung<\/li>\n<\/ul>\n<p>Dies wird dadurch erm\u00f6glicht, dass das Ger\u00e4t Vibrationsbewegungen mit <strong>34.000 Bewegungen pro Minute<\/strong> ausf\u00fchrt. In Kombination mit den emittierten Schallwellen entsteht so eine so genannte aktive Wolke, die sich 3 bis 5 mm von der Spitze der Fasern aus erstreckt und eine \u00e4u\u00dferst effektive Reinigung schwer erreichbarer Stellen im Mund erm\u00f6glicht.  S\u00e4mtliche Plaque wird gr\u00fcndlich entfernt und der Zahnschmelz bleibt intakt. <\/p>\n<p>S\u00e4mtliche Plaque wird gr\u00fcndlich entfernt und der Zahnschmelz bleibt intakt. <\/p>\n<h2><strong>Wichtigste Merkmale<\/strong><\/h2>\n<ul>\n<li><strong>34.000 Bewegungen\/Min.<\/strong><\/li>\n<li>anzeige<strong>(Timer<\/strong>) der <strong>Reinigungszeit<\/strong> (z\u00e4hlt alle 30 Sekunden herunter)<\/li>\n<li><strong>automatische Abschaltung<\/strong> nach 2 Minuten<\/li>\n<li><strong>3 Modi<\/strong>: <strong>Aufhellung<\/strong>, normal und <strong>sanft<\/strong> (f\u00fcr <strong>empfindliche<\/strong> Z\u00e4hne)<\/li>\n<li><strong>wasserdicht<\/strong> (IPX6-Standard)<\/li>\n<li>wiederaufladbare Stromversorgung<\/li>\n<li>bis zu <strong>80 Minuten<\/strong> Dauerbetrieb<\/li>\n<li>inklusive<strong>induktivem Ladeger\u00e4t<\/strong> <\/li>\n<li><strong>2 austauschbare<\/strong> Aufs\u00e4tze <strong>im<\/strong> Lieferumfang enthalten<\/li>\n<\/ul>\n<h2>3 Betriebsmodi f\u00fcr h\u00f6chste Anspr\u00fcche<\/h2>\n<p>Das Ger\u00e4t massiert aktiv das Zahnfleisch und verbessert so die Durchblutung des Zahnfleisches, so dass es nach der Anwendung nicht zu Gewebeverletzungen oder Blutungen kommt. Die Schallzahnb\u00fcrste hat <strong>drei Betriebsmodi:<\/strong><\/p>\n<ul>\n<li><strong>whitening <\/strong>(zur Entfernung von Verf\u00e4rbungen)<\/li>\n<li><strong>normaler <\/strong> Modus (f\u00fcr den normalen t\u00e4glichen Gebrauch)<\/li>\n<li><strong>sanfter <\/strong> Modus (f\u00fcr empfindliche Z\u00e4hne)<\/li>\n<\/ul>\n<h2><strong>Timer, der die Zeit des Z\u00e4hneputzens misst<\/strong><\/h2>\n<p><strong>Eingebauter Alarm <\/strong>, der w\u00e4hrend der Benutzung alle 30 Sekunden einen Signalton abgibt, wenn Sie den zu reinigenden Bereich Ihres Mundes wechseln m\u00fcssen, und das Ger\u00e4t schaltet sich <strong>nach 2 Minuten <\/strong>ununterbrochener Benutzung<strong> automatisch ab<\/strong><strong>.<\/strong><\/p>\n<h2><strong>2 austauschbare Aufs\u00e4tze und induktive Ladestation<\/strong><\/h2>\n<p>Die Zahnb\u00fcrste wird mit 2 <strong><a href=\"https:\/\/galerialucznik.pl\/product-pol-623-Koncowki-do-szczoteczki-sonicznej.html\" target=\"_blank\" rel=\"noopener\">austauschbaren<\/a> <\/strong> <strong>Zahnb\u00fcrstenaufs\u00e4tzen und <\/strong> <strong>einer induktiven Lad<\/strong> estation <strong><a href=\"https:\/\/galerialucznik.pl\/product-pol-623-Koncowki-do-szczoteczki-sonicznej.html\" target=\"_blank\" rel=\"noopener\">f\u00fcr die<\/a> <\/strong>Lucznik SG-508 Zahnb\u00fcrste geliefert. Zahn\u00e4rzte empfehlen, den Aufsatz der<strong> Schallzahnb\u00fcrste alle 3 Monate<\/strong> auszutauschen. Das Produkt ist f\u00fcr Personen<strong> ab 8<\/strong> Jahren geeignet.<\/p>\n<h2>24-monatige Garantie<\/h2>\n<p>Das Ger\u00e4t wird mit einer <strong>24-monatigen<\/strong> Garantie und einer <strong>Anleitung in polnischer<\/strong> Sprache geliefert.<\/p>\n<h2><strong>Warum ist eine Schallzahnb\u00fcrste das beste Ger\u00e4t f\u00fcr die t\u00e4gliche Zahnpflege?<\/strong><\/h2>\n<p>Wenige Dinge im Erscheinungsbild eines Menschen fallen mehr ins Auge als ein breites und schneewei\u00dfes L\u00e4cheln. Ein sch\u00f6nes L\u00e4cheln ist jedoch in erster Linie ein gesundes L\u00e4cheln.  Um beim Zahnarzt nie unangenehme Worte wie &#8222;Parodontitis&#8220;, &#8222;Bohren&#8220; oder &#8222;Karies&#8220; zu h\u00f6ren, ist (neben den regelm\u00e4\u00dfigen Kontrolluntersuchungen) eine richtige und t\u00e4gliche Mundhygiene unerl\u00e4sslich &#8211; die Z\u00e4hne sollten gr\u00fcndlich geputzt und mit Zahnseide gereinigt werden. Auch Zungenreinigung und Mundsp\u00fclung werden empfohlen. Jeder von uns scheint dies zu wissen, und doch haben 9 von 10 Polen Probleme mit Karies. Das wiederum bedeutet, dass wir etwas falsch machen.<\/p>\n<p>Eine <strong>elektrische<\/strong> Zahnb\u00fcrste oder <strong>Schallzahnb\u00fcrste<\/strong> kann hier Abhilfe schaffen. <strong>Elektrische Zahnb\u00fcrsten<\/strong> sind schon seit langem auf dem Markt und daher weithin bekannt, aber <strong>die Schallzahnb\u00fcrste<\/strong> ist so etwas wie eine Neuheit. Und wie funktioniert eine<strong> Schallzahnb\u00fcrste<\/strong>? Ihre Funktionsweise beruht auf der Kombination von zwei Elementen: der Ausf\u00fchrung von Streichbewegungen und der Aussendung von Hochfrequenz-Schallwellen.<\/p>\n<p>Die Borsten des Ger\u00e4ts bewegen sich mit einer Geschwindigkeit von mehr als 30.000 Bewegungen pro Minute. Das ist wirklich viel &#8211; bei bekannteren elektrischen Zahnb\u00fcrsten sind es normalerweise etwa 8.000 Bewegungen pro Minute. In Verbindung mit den ausgesendeten Schallwellen entsteht so eine so genannte aktive Wolke, die man sich als eine Art &#8222;reinigendes Kraftfeld&#8220; vorstellen kann Dabei handelt es sich um einen Bereich, der sich 3-5 mm von der Spitze der Fasern aus erstreckt und eine einfache und effiziente Reinigung schwer zug\u00e4nglicher Stellen im Mund erm\u00f6glicht. <\/p>\n<p>Was ist daran so toll? Nun, <strong>eine Schallzahnb\u00fcrste<\/strong> reinigt nicht nur schwer zug\u00e4ngliche Stellen im Mund, wie die Zahnzwischenr\u00e4ume, sondern auch den Bereich um Zahnspangen herum. Sie reinigt die Z\u00e4hne sowohl von Speiseresten als auch (bei regelm\u00e4\u00dfiger Anwendung) von festen Verunreinigungen wie Zahnstein, Plaque oder Ablagerungen aus Kaffee und Tee. <\/p>\n<p>Was ebenso wichtig ist: Dank der sanften Borsten und der streichenden Bewegungen f\u00fchrt das Z\u00e4hneputzen <strong>mit einem Schallger\u00e4t<\/strong> nicht zu Zahnfleischr\u00fcckgang, was besonders wichtig ist, wenn Sie viele Jahre lang ein sch\u00f6nes und nat\u00fcrliches L\u00e4cheln bewahren wollen, und au\u00dferdem k\u00f6nnen <strong>Schallzahnb\u00fcrsten<\/strong> erfolgreich von Menschen verwendet werden, die an Parodontitis leiden.<\/p>\n","protected":false},"excerpt":{"rendered":"<p>Die induktionsgeladene elektronische Schallzahnb\u00fcrste SG508 ist ein Hightech-Produkt f\u00fcr Pflege und Mundhygiene. Sie entfernt Zahnstein mit gr\u00f6\u00dferer Effizienz als andere Handzahnb\u00fcrsten.<\/p>\n","protected":false},"featured_media":13541,"comment_status":"open","ping_status":"closed","template":"","meta":[],"product_brand":[],"product_cat":[885],"product_tag":[],"class_list":{"0":"post-17776","1":"product","2":"type-product","3":"status-publish","4":"has-post-thumbnail","6":"product_cat-szczoteczki-soniczne","8":"first","9":"instock","10":"taxable","11":"shipping-taxable","12":"purchasable","13":"product-type-simple"},"_links":{"self":[{"href":"https:\/\/gltestm.webology.pl\/de\/wp-json\/wp\/v2\/product\/17776","targetHints":{"allow":["GET"]}}],"collection":[{"href":"https:\/\/gltestm.webology.pl\/de\/wp-json\/wp\/v2\/product"}],"about":[{"href":"https:\/\/gltestm.webology.pl\/de\/wp-json\/wp\/v2\/types\/product"}],"replies":[{"embeddable":true,"href":"https:\/\/gltestm.webology.pl\/de\/wp-json\/wp\/v2\/comments?post=17776"}],"version-history":[{"count":0,"href":"https:\/\/gltestm.webology.pl\/de\/wp-json\/wp\/v2\/product\/17776\/revisions"}],"wp:featuredmedia":[{"embeddable":true,"href":"https:\/\/gltestm.webology.pl\/de\/wp-json\/wp\/v2\/media\/13541"}],"wp:attachment":[{"href":"https:\/\/gltestm.webology.pl\/de\/wp-json\/wp\/v2\/media?parent=17776"}],"wp:term":[{"taxonomy":"product_brand","embeddable":true,"href":"https:\/\/gltestm.webology.pl\/de\/wp-json\/wp\/v2\/product_brand?post=17776"},{"taxonomy":"product_cat","embeddable":true,"href":"https:\/\/gltestm.webology.pl\/de\/wp-json\/wp\/v2\/product_cat?post=17776"},{"taxonomy":"product_tag","embeddable":true,"href":"https:\/\/gltestm.webology.pl\/de\/wp-json\/wp\/v2\/product_tag?post=17776"}],"curies":[{"name":"wp","href":"https:\/\/api.w.org\/{rel}","templated":true}]}}