{"id":17740,"date":"2026-03-18T22:04:55","date_gmt":"2026-03-18T21:04:55","guid":{"rendered":"https:\/\/gltestm.webology.pl\/produkt\/lucznik-2-in-1-staubsauger-op-2018-outlet\/"},"modified":"2026-03-22T21:16:18","modified_gmt":"2026-03-22T20:16:18","slug":"lucznik-2-in-1-staubsauger-op-2018-outlet","status":"publish","type":"product","link":"https:\/\/gltestm.webology.pl\/de\/produkt\/lucznik-2-in-1-staubsauger-op-2018-outlet\/","title":{"rendered":"Lucznik 2-in-1 Staubsauger OP-2018 Outlet"},"content":{"rendered":"<h2>Bodenstaubsauger <strong>2in1 OP-2018<\/strong> &#8211; doppelte Saugkraft<strong><br \/><\/strong><\/h2>\n<p><strong>Der 2-in-1<\/strong> Staubsauger OP-2018 von up right ist eine erstaunliche Kombination aus <strong>einem Standstaubsauger<\/strong> und einem <strong>Handstaubsauger<\/strong>. Wenn Sie eine gr\u00f6\u00dfere Fl\u00e4che <strong>saugen<\/strong> m\u00fcssen, verwenden Sie <strong>den up <\/strong>right Staubsauger. F\u00fcr die Reinigung kleinerer oder schwer zug\u00e4nglicher Bereiche, den Innenraum Ihres Autos und f\u00fcr <strong>eine<\/strong><strong>gr\u00fcndliche<\/strong> <strong>Reinigung<\/strong> verwenden Sie den Handstaubsauger. Dank des schwenkbaren Designs und der 135- und 180-Grad-Bedienung k\u00f6nnen Sie fast jeden Bereich erreichen. Der klappbare Griff des <strong>OP-2018<\/strong> macht den Staubsauger kleiner, so dass Sie ihn nach getaner Arbeit in jeder Ecke verstauen k\u00f6nnen. Dank seiner kompakten Gr\u00f6\u00dfe, seines geringen Gewichts und des klappbaren Griffs l\u00e4sst sich dieses Ger\u00e4t ganz einfach verstauen.<\/p>\n<h2>Steckdose<\/h2>\n<ul>\n<li>zur\u00fcckgegebenes Produkt (unbenutzt)<\/li>\n<li>verpackung \u00f6ffnen<\/li>\n<\/ul>\n<h2>Die wichtigsten Merkmale des OP-2018 Staubsaugers<\/h2>\n<ul>\n<li>Bis zu <strong>38 Minuten Dauerbetrieb<\/strong> <\/li>\n<li><strong>2 Leistungsstufen <\/strong><\/li>\n<li>Bequemer <strong>Klappgriff<\/strong><\/li>\n<li>Arbeitswinkel: <strong>90<\/strong> Grad, <strong>135<\/strong> Grad, <strong>180<\/strong> Grad<\/li>\n<li>0.<strong>5 l Fassungsverm\u00f6gen des<\/strong> <strong>Staubbeh\u00e4lters<\/strong> <\/li>\n<li><strong>LED-Arbeitsplatzbeleuchtung<\/strong> <\/li>\n<li><strong>85 W<\/strong> Leistung<\/li>\n<li>Gewicht <strong>2,6 kg<\/strong><\/li>\n<li>Maximaler Ger\u00e4uschpegel <strong>80 dB<\/strong><\/li>\n<li>Stromversorgung wiederaufladbarer Lithium-Ionen-Akku mit einer Kapazit\u00e4t von <strong>2000 mAh<\/strong><\/li>\n<li>Aufladezeit 3-5 Stunden<\/li>\n<li><strong>24-monatige<\/strong> Garantie<\/li>\n<\/ul>\n<h2>Serienm\u00e4\u00dfige Ausstattung<\/h2>\n<ul>\n<li>netzadapter<\/li>\n<li>abnehmbarer <strong>Handsauger<\/strong><\/li>\n<li><strong>polsterd\u00fcse<\/strong> <\/li>\n<li><strong>fugend\u00fcse<\/strong> <\/li>\n<li>gebrauchsanweisung<\/li>\n<\/ul>\n<h2>Bodenstaubsauger2in1<strong>OP-2018<\/strong> &#8211; detaillierte Produktinformationen<\/h2>\n<p>Der <strong>2-in-1-Hochleistungsstaubsauger <\/strong>OP-2018 hat 2 Leistungsstufen (maximale Leistung <strong>85 W<\/strong>). Bei hoher Geschwindigkeit l\u00e4uft der Staubsauger bis zu 18 Minuten, w\u00e4hrend er bei niedriger Geschwindigkeit bis zu 38 Minuten l\u00e4uft<strong>. 3-5 Stunden dauert es,<\/strong><strong>ihn<\/strong><strong>vollst\u00e4ndig<\/strong><strong> aufzuladen<\/strong><strong>.<\/strong><strong>Der OP-2018 <\/strong>ist <strong>kabellos<\/strong>, so dass Sie ihn nach dem Aufladen in jedem Raum verwenden k\u00f6nnen. Am Fu\u00df der B\u00fcrste sind <strong>LED-Leuchten<\/strong> angebracht, so dass Sie noch leichter beurteilen k\u00f6nnen, ob eine Oberfl\u00e4che gut gereinigt wurde, insbesondere in weniger beleuchteten Bereichen. <\/p>\n<p>DerOP-2018<strong>2-in-1-Stielstaubsauger<\/strong> verf\u00fcgt \u00fcber einen leicht zu reinigenden <strong>Filter<\/strong>, der unter <strong>flie\u00dfendem Wasser<\/strong> abgewaschen und vor dem n\u00e4chsten Einsatz schnell getrocknet werden kann. Sein Staubbeh\u00e4lter hat ein Fassungsverm\u00f6gen von 0,5 Litern.<\/p>\n<p>Im Lieferumfang des <strong>Handstaubsaugers<\/strong> enthalten sind <strong>eine Schraubstockd\u00fcse<\/strong>, die sich ideal zum Saugen von Heizk\u00f6rpern oder Autoinnenr\u00e4umen eignet, und eine <strong>Polsterd\u00fcse<\/strong>, die sich hervorragend zum Saugen von Polstern und anderen Stoffen eignet, insbesondere wenn Sie unerw\u00fcnschte Haare oder Hautschuppen aus Ihrem Hausfell entfernen m\u00f6chten. Dank der Tatsache, dass <strong>der Polster<\/strong> abzieher unter Reibung elektrisiert wird, k\u00f6nnen Haare und Hautschuppen leicht daran haften bleiben, und Sie brauchen sich nicht mehr um diese R\u00fcckst\u00e4nde zu k\u00fcmmern, denn jetzt k\u00f6nnen Sie sie einfach und schnell reinigen.<\/p>\n<h2>24-monatige Garantie<\/h2>\n<p>DerOP-2018<strong>2-in-1 Sta<\/strong> ubsauger wird mit <strong>einer 24-monatigen Garantie<\/strong> und einer <strong>Bedienungsanleitung in polnischer Sprache<\/strong> geliefert, die Sie vor dem Gebrauch lesen sollten.<\/p>\n","protected":false},"excerpt":{"rendered":"<p>Der 2-in-1-Stielstaubsauger ist eine praktische Kombination aus einem Stielstaubsauger und einem Handstaubsauger. Ein praktisches Ger\u00e4t zum Saugen gr\u00f6\u00dferer Fl\u00e4chen und kleiner, schwer zug\u00e4nglicher R\u00e4ume.<\/p>\n","protected":false},"featured_media":15139,"comment_status":"open","ping_status":"closed","template":"","meta":[],"product_brand":[],"product_cat":[865],"product_tag":[],"class_list":{"0":"post-17740","1":"product","2":"type-product","3":"status-publish","4":"has-post-thumbnail","6":"product_cat-odkurzacze","8":"first","9":"instock","10":"taxable","11":"shipping-taxable","12":"purchasable","13":"product-type-simple"},"_links":{"self":[{"href":"https:\/\/gltestm.webology.pl\/de\/wp-json\/wp\/v2\/product\/17740","targetHints":{"allow":["GET"]}}],"collection":[{"href":"https:\/\/gltestm.webology.pl\/de\/wp-json\/wp\/v2\/product"}],"about":[{"href":"https:\/\/gltestm.webology.pl\/de\/wp-json\/wp\/v2\/types\/product"}],"replies":[{"embeddable":true,"href":"https:\/\/gltestm.webology.pl\/de\/wp-json\/wp\/v2\/comments?post=17740"}],"version-history":[{"count":0,"href":"https:\/\/gltestm.webology.pl\/de\/wp-json\/wp\/v2\/product\/17740\/revisions"}],"wp:featuredmedia":[{"embeddable":true,"href":"https:\/\/gltestm.webology.pl\/de\/wp-json\/wp\/v2\/media\/15139"}],"wp:attachment":[{"href":"https:\/\/gltestm.webology.pl\/de\/wp-json\/wp\/v2\/media?parent=17740"}],"wp:term":[{"taxonomy":"product_brand","embeddable":true,"href":"https:\/\/gltestm.webology.pl\/de\/wp-json\/wp\/v2\/product_brand?post=17740"},{"taxonomy":"product_cat","embeddable":true,"href":"https:\/\/gltestm.webology.pl\/de\/wp-json\/wp\/v2\/product_cat?post=17740"},{"taxonomy":"product_tag","embeddable":true,"href":"https:\/\/gltestm.webology.pl\/de\/wp-json\/wp\/v2\/product_tag?post=17740"}],"curies":[{"name":"wp","href":"https:\/\/api.w.org\/{rel}","templated":true}]}}