{"id":17728,"date":"2026-03-18T22:04:54","date_gmt":"2026-03-18T21:04:54","guid":{"rendered":"https:\/\/gltestm.webology.pl\/produkt\/patchworkfuss-mit-fuehrung\/"},"modified":"2026-03-22T21:16:15","modified_gmt":"2026-03-22T20:16:15","slug":"patchworkfuss-mit-fuehrung","status":"publish","type":"product","link":"https:\/\/gltestm.webology.pl\/de\/produkt\/patchworkfuss-mit-fuehrung\/","title":{"rendered":"Patchworkfu\u00df mit F\u00fchrung"},"content":{"rendered":"<h2>Patchworkfuss mit F\u00fchrung<\/h2>\n<p><span>Der Patchworkfu\u00df mit <strong>1\/4-Zoll-F\u00fchrung<\/strong> ist ein ideales Werkzeug zum Zusammenn\u00e4hen von Stoffen. Seine <strong>tief angesetzte<\/strong>, <strong>federbelastete<\/strong> <strong>F\u00fchrung<\/strong> f\u00fchrt den Fu\u00df pr\u00e4zise <strong>bis an die Stoffkante<\/strong> und sorgt so f\u00fcr eine <strong>gleichm\u00e4\u00dfige<\/strong> Naht und <strong>einen perfekten<\/strong> Sitz bei unterschiedlichen Stoffst\u00e4rken. Mit diesem Fu\u00df k\u00f6nnen Sie <strong>mehrere Stofflagen<\/strong>miteinander verbinden, egal ob Sie dies <strong>durch \u00dcberlappung<\/strong> oder mit der <strong>Knopflochmethode<\/strong> tun m\u00f6chten.<\/span><\/p>\n<h2>MATIC-Schnellverschluss-System<\/h2>\n<div>Der Fu\u00df passt auf alle Lucznik-Maschinen aus dem aktuellen Verkaufsprogramm. Der Fu\u00df ist f\u00fcr die meisten Haushaltsn\u00e4hmaschinen mit <a href=\"https:\/\/galerialucznik.pl\/search.php?text=matic\" target=\"_blank\" rel=\"noopener\"><strong>MATIC-Schnellbefestigung<\/strong><\/a> ausgelegt. Bei \u00e4lteren Maschinen, die nicht \u00fcber einen <strong><a href=\"https:\/\/galerialucznik.pl\/search.php?text=matic\" target=\"_blank\" rel=\"noopener\">Schnellbefestigungsgriff<\/a> verf\u00fcgen, <\/strong> ist es notwendig, diesen zu installieren.<\/div>\n<h2><strong>Beispiele von<\/strong><strong> Maschinen, zu denen der Fu\u00df passt<\/strong><\/h2>\n<ul>\n<li><strong>Lucznik<\/strong>: alle Maschinen aus dem aktuellen Angebot, wie Ewa 2014, Teresa, <a>Polonia 2018, <\/a><a>Sophia II 2015 <\/a><a>, Helena 2060, <\/a><a>Marilyn 2018 HD, <\/a>Kornelia 2005 und andere.<\/li>\n<li><strong>Archer<\/strong>: 884, 827, 877, 814, 864, 834, 833, 838 &#8211; <strong><a href=\"https:\/\/galerialucznik.pl\/pl\/products\/czesci-i-akcesoria\/stopki-i-lamowniki\/uchwyty-do-stopek\/uchwyt-matic-typ-niski-576.html\" target=\"_blank\" rel=\"noopener\">nur mit niedrigem Matic-Griff.<\/a><\/strong><\/li>\n<li><strong>Bogensch\u00fctze<\/strong> cl. 400 &#8211; <strong><a href=\"https:\/\/galerialucznik.pl\/pl\/products\/czesci-i-akcesoria\/stopki-i-lamowniki\/uchwyty-do-stopek\/uchwyt-matic-typ-wysoki-577.html\" target=\"_blank\" rel=\"noopener\">nur mit hohem Matic-Griff.<\/a><\/strong><\/li>\n<li><strong>Singer<\/strong>: 4411 HEAVY DUTY, 4423 HEAVY DUTY, 3221, Brilliance 6180, C44 und andere.<\/li>\n<li><strong>Singer<\/strong>: 814, 833, 518, 514 &#8211; <strong><a href=\"https:\/\/galerialucznik.pl\/pl\/products\/czesci-i-akcesoria\/stopki-i-lamowniki\/uchwyty-do-stopek\/uchwyt-matic-typ-niski-576.html\" target=\"_blank\" rel=\"noopener\">nur mit niedrigem Matic-Griff<\/a><\/strong><\/li>\n<li><strong>Janome<\/strong> mit Pendelschaft: 393, 415, 419S, E1015, JUNO J15, SAKURA 95 u.a.<\/li>\n<li><strong>Elna<\/strong> mit Pendelschaft: 160, 220, 3210 Jeans, 560 und andere.<\/li>\n<li><strong>Brother<\/strong>: NV-10, NV-35, NV-1250, 1100, 1800, VQ2, DS-140 u.a<\/li>\n<li><strong>Juki<\/strong>: HZL-27Z, 353, F400, F600 und andere<\/li>\n<li><strong>Minerva<\/strong>: B32, 250C, Decor Professional, Experience 1000 und andere.<\/li>\n<li><strong>Toyota<\/strong> mit Schiffchen und Drehgreifer: 21DES, SPA15R, SUPER JEANS 26, QUILT226, SPA34, JFS18<\/li>\n<\/ul>\n<p>Machen Sie vor dem eigentlichen N\u00e4hen immer <strong>eine Probe<\/strong>.<\/p>\n","protected":false},"excerpt":{"rendered":"<p>N\u00e4hfu\u00df f\u00fcr Patchwork und Quilting. Erleichtert das N\u00e4hen von Patchwork und das Verbinden von Stoffen mit Geradstich (Steppstich).<\/p>\n","protected":false},"featured_media":13356,"comment_status":"open","ping_status":"closed","template":"","meta":[],"product_brand":[],"product_cat":[450],"product_tag":[],"class_list":{"0":"post-17728","1":"product","2":"type-product","3":"status-publish","4":"has-post-thumbnail","6":"product_cat-stopki-do-maszyn","8":"first","9":"instock","10":"taxable","11":"shipping-taxable","12":"purchasable","13":"product-type-simple"},"_links":{"self":[{"href":"https:\/\/gltestm.webology.pl\/de\/wp-json\/wp\/v2\/product\/17728","targetHints":{"allow":["GET"]}}],"collection":[{"href":"https:\/\/gltestm.webology.pl\/de\/wp-json\/wp\/v2\/product"}],"about":[{"href":"https:\/\/gltestm.webology.pl\/de\/wp-json\/wp\/v2\/types\/product"}],"replies":[{"embeddable":true,"href":"https:\/\/gltestm.webology.pl\/de\/wp-json\/wp\/v2\/comments?post=17728"}],"version-history":[{"count":0,"href":"https:\/\/gltestm.webology.pl\/de\/wp-json\/wp\/v2\/product\/17728\/revisions"}],"wp:featuredmedia":[{"embeddable":true,"href":"https:\/\/gltestm.webology.pl\/de\/wp-json\/wp\/v2\/media\/13356"}],"wp:attachment":[{"href":"https:\/\/gltestm.webology.pl\/de\/wp-json\/wp\/v2\/media?parent=17728"}],"wp:term":[{"taxonomy":"product_brand","embeddable":true,"href":"https:\/\/gltestm.webology.pl\/de\/wp-json\/wp\/v2\/product_brand?post=17728"},{"taxonomy":"product_cat","embeddable":true,"href":"https:\/\/gltestm.webology.pl\/de\/wp-json\/wp\/v2\/product_cat?post=17728"},{"taxonomy":"product_tag","embeddable":true,"href":"https:\/\/gltestm.webology.pl\/de\/wp-json\/wp\/v2\/product_tag?post=17728"}],"curies":[{"name":"wp","href":"https:\/\/api.w.org\/{rel}","templated":true}]}}