{"id":17724,"date":"2026-03-18T22:04:53","date_gmt":"2026-03-18T21:04:53","guid":{"rendered":"https:\/\/gltestm.webology.pl\/produkt\/patchworkfuss-mit-skala\/"},"modified":"2026-03-22T21:16:13","modified_gmt":"2026-03-22T20:16:13","slug":"patchworkfuss-mit-skala","status":"publish","type":"product","link":"https:\/\/gltestm.webology.pl\/de\/produkt\/patchworkfuss-mit-skala\/","title":{"rendered":"Patchworkfu\u00df mit Skala"},"content":{"rendered":"<h2>Patchwork-Fu\u00df <\/h2>\n<p>Dieser Fu\u00df ist ein <strong>unverzichtbares Werkzeug<\/strong> in der Welt des <strong>Patchwork-N\u00e4hens<\/strong>. Sein Hauptzweck ist es, das Zusammenn\u00e4hen <strong>verschiedener Stoffe zu erleichtern<\/strong> und sie zu <strong>pr\u00e4zisen N\u00e4hten<\/strong> zu verarbeiten. <\/p>\n<h2>Abstufung<\/h2>\n<p>Auf dem Fu\u00df befinden sich <strong>Lineale<\/strong>, die beim N\u00e4hen einen <strong>Bezugspunkt<\/strong> darstellen. Diese Lineale erleichtern es, die Gleichm\u00e4\u00dfigkeit der N\u00e4hte beizubehalten, was bei Patchworkarbeiten, bei denen es auf Genauigkeit ankommt, \u00e4u\u00dferst wichtig ist. Mit diesen Linealen k\u00f6nnen Sie die Position Ihrer Stoffe beim N\u00e4hen schnell und einfach anpassen, um <strong>perfekt ausgerichtete N\u00e4hte<\/strong> zu erzielen.<\/p>\n<h2>Besondere Form<\/h2>\n<p>Auch<strong>die Form des Fu\u00dfes<\/strong> spielt eine wichtige Rolle. Er ist speziell f\u00fcr eine <strong>perfekte Naht<\/strong> konzipiert. Dank dieser Fu\u00dfform wird der Stoff <strong>richtig geb\u00fcgelt<\/strong>, wodurch die Naht <strong>gleichm\u00e4\u00dfig<\/strong> und <strong>\u00e4sthetisch<\/strong> ansprechend wird.<\/p>\n<p>Dieses optimale Andr\u00fccken des Stoffes ist vor allem beim Zusammenn\u00e4hen von <strong>d\u00fcnnen<\/strong> oder <strong>flexiblen<\/strong> Stoffen, die sich beim N\u00e4hen leicht verschieben k\u00f6nnen, von entscheidender Bedeutung.<\/p>\n<h2>Zwei N\u00e4hkanten von 1\/4 und 1\/8 Zoll<\/h2>\n<p>Der Patchworkfu\u00df hat<strong> zwei verschiedene N\u00e4h<\/strong>kanten: <strong>1\/4 Zoll<\/strong> und <strong>1\/8 Zoll<\/strong>. Diese Markierungen helfen dabei, die <strong>Stoffkanten im richtigen Abstand zu<\/strong> halten <strong>,<\/strong> was bei der Erstellung von Patchworkbl\u00f6cken und -mustern \u00e4u\u00dferst wichtig ist.<\/p>\n<p>Mit diesen Kanten k\u00f6nnen Sie den Abstand zwischen der Naht und der Stoffkante genau kontrollieren, was zu perfekt bemessenen Patchworkst\u00fccken f\u00fchrt.<\/p>\n<h2>MATIC-Schnellbefestigungssystem<\/h2>\n<div>Der Fu\u00df passt auf alle Archer-Maschinen aus dem aktuellen Verkaufsprogramm. Der Fu\u00df ist f\u00fcr die meisten Haushaltsn\u00e4hmaschinen mit <a href=\"https:\/\/galerialucznik.pl\/search.php?text=matic\" target=\"_blank\" rel=\"noopener\"><strong>MATIC-Schnellbefestigung<\/strong><\/a> ausgelegt. Bei \u00e4lteren Maschinen, die nicht \u00fcber einen <strong><a href=\"https:\/\/galerialucznik.pl\/search.php?text=matic\" target=\"_blank\" rel=\"noopener\">Schnapphalter<\/a> verf\u00fcgen, <\/strong> ist es notwendig, diesen zu installieren.<\/div>\n<h2><strong>Beispiele von<\/strong><strong> Maschinen, zu denen der Fu\u00df passt<\/strong><\/h2>\n<ul>\n<li><strong>Lucznik<\/strong>: alle Maschinen aus dem aktuellen Angebot, wie Ewa 2014, Teresa, <a>Polonia 2018, <\/a><a>Sophia II 2015 <\/a><a>, Helena 2060, <\/a><a>Marilyn 2018 HD, <\/a>Kornelia 2005 und andere.<\/li>\n<li><strong>Archer<\/strong>: 884, 827, 877, 814, 864, 834, 833, 838 &#8211; <strong><a href=\"https:\/\/galerialucznik.pl\/pl\/products\/czesci-i-akcesoria\/stopki-i-lamowniki\/uchwyty-do-stopek\/uchwyt-matic-typ-niski-576.html\" target=\"_blank\" rel=\"noopener\">nur mit niedrigem Matic-Griff.<\/a><\/strong><\/li>\n<li><strong>Bogensch\u00fctze<\/strong> cl. 400 &#8211; <strong><a href=\"https:\/\/galerialucznik.pl\/pl\/products\/czesci-i-akcesoria\/stopki-i-lamowniki\/uchwyty-do-stopek\/uchwyt-matic-typ-wysoki-577.html\" target=\"_blank\" rel=\"noopener\">nur mit hohem Matic-Griff.<\/a><\/strong><\/li>\n<li><strong>Singer<\/strong>: 4411 HEAVY DUTY, 4423 HEAVY DUTY, 3221, Brilliance 6180, C44 und andere.<\/li>\n<li><strong>Singer<\/strong>: 814, 833, 518, 514 &#8211; <strong><a href=\"https:\/\/galerialucznik.pl\/pl\/products\/czesci-i-akcesoria\/stopki-i-lamowniki\/uchwyty-do-stopek\/uchwyt-matic-typ-niski-576.html\" target=\"_blank\" rel=\"noopener\">nur mit niedrigem Matic-Griff<\/a><\/strong><\/li>\n<li><strong>Janome<\/strong> mit Pendelschaft: 393, 415, 419S, E1015, JUNO J15, SAKURA 95 u.a.<\/li>\n<li><strong>Elna<\/strong> mit Pendelschaft: 160, 220, 3210 Jeans, 560 und andere.<\/li>\n<li><strong>Brother<\/strong>: NV-10, NV-35, NV-1250, 1100, 1800, VQ2, DS-140 u.a<\/li>\n<li><strong>Juki<\/strong>: HZL-27Z, 353, F400, F600 und andere<\/li>\n<li><strong>Minerva<\/strong>: B32, 250C, Decor Professional, Experience 1000 und andere.<\/li>\n<li><strong>Toyota<\/strong> mit Schiffchen und Drehgreifer: 21DES, SPA15R, SUPER JEANS 26, QUILT226, SPA34, JFS18<\/li>\n<\/ul>\n<p>Machen Sie vor dem eigentlichen N\u00e4hen immer <strong>eine Probe<\/strong>.<\/p>\n","protected":false},"excerpt":{"rendered":"<p>N\u00e4hfu\u00df f\u00fcr Patchwork und Quilting. Erleichtert das N\u00e4hen von Patchwork und das Verbinden von Stoffen mit Geradstich (Steppstich).<\/p>\n","protected":false},"featured_media":14554,"comment_status":"open","ping_status":"closed","template":"","meta":[],"product_brand":[],"product_cat":[450],"product_tag":[],"class_list":{"0":"post-17724","1":"product","2":"type-product","3":"status-publish","4":"has-post-thumbnail","6":"product_cat-stopki-do-maszyn","8":"first","9":"instock","10":"taxable","11":"shipping-taxable","12":"purchasable","13":"product-type-simple"},"_links":{"self":[{"href":"https:\/\/gltestm.webology.pl\/de\/wp-json\/wp\/v2\/product\/17724","targetHints":{"allow":["GET"]}}],"collection":[{"href":"https:\/\/gltestm.webology.pl\/de\/wp-json\/wp\/v2\/product"}],"about":[{"href":"https:\/\/gltestm.webology.pl\/de\/wp-json\/wp\/v2\/types\/product"}],"replies":[{"embeddable":true,"href":"https:\/\/gltestm.webology.pl\/de\/wp-json\/wp\/v2\/comments?post=17724"}],"version-history":[{"count":0,"href":"https:\/\/gltestm.webology.pl\/de\/wp-json\/wp\/v2\/product\/17724\/revisions"}],"wp:featuredmedia":[{"embeddable":true,"href":"https:\/\/gltestm.webology.pl\/de\/wp-json\/wp\/v2\/media\/14554"}],"wp:attachment":[{"href":"https:\/\/gltestm.webology.pl\/de\/wp-json\/wp\/v2\/media?parent=17724"}],"wp:term":[{"taxonomy":"product_brand","embeddable":true,"href":"https:\/\/gltestm.webology.pl\/de\/wp-json\/wp\/v2\/product_brand?post=17724"},{"taxonomy":"product_cat","embeddable":true,"href":"https:\/\/gltestm.webology.pl\/de\/wp-json\/wp\/v2\/product_cat?post=17724"},{"taxonomy":"product_tag","embeddable":true,"href":"https:\/\/gltestm.webology.pl\/de\/wp-json\/wp\/v2\/product_tag?post=17724"}],"curies":[{"name":"wp","href":"https:\/\/api.w.org\/{rel}","templated":true}]}}