{"id":17696,"date":"2026-03-18T22:04:52","date_gmt":"2026-03-18T21:04:52","guid":{"rendered":"https:\/\/gltestm.webology.pl\/produkt\/elektrische-fussfeile-at-15-steckdose\/"},"modified":"2026-03-22T21:56:07","modified_gmt":"2026-03-22T20:56:07","slug":"elektrische-fussfeile-at-15-steckdose","status":"publish","type":"product","link":"https:\/\/gltestm.webology.pl\/de\/produkt\/elektrische-fussfeile-at-15-steckdose\/","title":{"rendered":"Elektrische Fu\u00dffeile AT-15 Steckdose"},"content":{"rendered":"<h2><strong>Elektrische Fu\u00dffeile AT-15<\/strong><\/h2>\n<p>Gepflegte F\u00fc\u00dfe, die in Sommersandalen sch\u00f6n aussehen, sind ein Attribut jeder eleganten Frau. <strong>Die AT-15 Fu\u00dffeile<\/strong> erleichtert die Pedik\u00fcre zu Hause erheblich. Die schnellen Rotationen erm\u00f6glichen ein m\u00fcheloses, komfortables Peeling, \u00e4hnlich wie bei der Reinigung der Haut in einem professionellen Sch\u00f6nheitssalon. Die speziellen Peelingspitzen entfernen effektiv abgestorbene Haut, machen die Haut samtig glatt und bereiten sie auf weitere Hautpflegema\u00dfnahmen vor.<\/p>\n<p>Die<strong>AT-15-Fu\u00dffeile<\/strong> eignet sich auch sehr gut f\u00fcr die Behandlung verschiedener Arten von Fersenbeschwerden &#8211; nur wenige Minuten pro Tag machen Ihre F\u00fc\u00dfe so glatt und weich wie nie zuvor.<\/p>\n<h2>Wichtigste Eigenschaften<\/h2>\n<ul>\n<li>Entfernt <strong>verhornte Epidermis<\/strong><\/li>\n<li>Die Rotationsgeschwindigkeit<strong>der<\/strong> Peelingrolle betr\u00e4gt <strong>30 Mal pro Sekunde!<\/strong><\/li>\n<li>Mit <strong>Mikrogranulat<\/strong> beschichtete Rollen<\/li>\n<li><strong>Wasserdichtes Design von Feile und Rollen<\/strong><\/li>\n<li>Batteriebetrieben (Ladeger\u00e4t im Lieferumfang enthalten)<\/li>\n<li>Zubeh\u00f6r: <strong>2 austauschbare Rollen<\/strong>, B\u00fcrste, Ladeger\u00e4t, Gebrauchsanweisung auf Polnisch<\/li>\n<\/ul>\n<h2>Steckdose<\/h2>\n<ul>\n<li>zur\u00fcckgegebenes Produkt<strong>(neu<\/strong>)<\/li>\n<\/ul>\n<h2>Detaillierte Informationen \u00fcber das Produkt<\/h2>\n<p><strong>Die elektrische Fu\u00dffeile AT-15 <\/strong>ist eine revolution\u00e4re und schnelle Methode, um verh\u00e4rtete Haut zu entfernen, dank der <strong>mit Mikrogranulat \u00fcberzogenen Rollen<\/strong>, die sich bis zu <strong>30 Mal pro Sekunde drehen. <\/strong>Au\u00dferdem ist es eine sehr sichere Methode, da sie die F\u00fc\u00dfe nicht verletzt, im Gegensatz zu <strong>Metalls\u00e4gen <\/strong>oder anderen Ger\u00e4ten. <strong>Die AT-15 Fu\u00dffeile<\/strong> hat eine bequeme, ergonomische Form und eine wiederaufladbare Stromversorgung, die f\u00fcr <strong>30 Minuten<\/strong> Dauerbetrieb des Ger\u00e4ts ausreicht. Wenn der <span>Akku leer ist, kann die Feile \u00fcber ein Kabel mit Strom versorgt werden. Wir empfehlen, die Feile nach dem Gebrauch an das Ladeger\u00e4t anzuschlie\u00dfen, um sie vollst\u00e4ndig aufzuladen.<\/span><\/p>\n<p>Bei regelm\u00e4\u00dfiger Anwendung sorgt die Feile f\u00fcr ein<strong> perfektes Aussehen<\/strong> Ihrer <strong>F\u00fc\u00dfe<\/strong>, so dass Sie sie ohne Bedenken am Strand oder im Schwimmbad pr\u00e4sentieren k\u00f6nnen. Die Box enth\u00e4lt ein Ladeger\u00e4t, eine B\u00fcrste zum Reinigen der Rollen und <a href=\"https:\/\/galerialucznik.pl\/product-pol-377-Wymienne-rolki-do-pilnika-do-stop-AT14A-i-AT15.html\" target=\"_blank\" rel=\"noopener\"><strong>zwei austauschbare Rollen<\/strong><\/a>, die unter Wasser gewaschen werden k\u00f6nnen.<\/p>\n","protected":false},"excerpt":{"rendered":"<p>Die AT15-Fu\u00dffeile hat eine bequeme, ergonomische Form und ist mit einem wiederaufladbaren Netzteil ausgestattet.<\/p>\n","protected":false},"featured_media":14508,"comment_status":"open","ping_status":"closed","template":"","meta":[],"product_brand":[],"product_cat":[895],"product_tag":[],"class_list":{"0":"post-17696","1":"product","2":"type-product","3":"status-publish","4":"has-post-thumbnail","6":"product_cat-pilniki-i-frezarki-do-stop","8":"first","9":"outofstock","10":"taxable","11":"shipping-taxable","12":"purchasable","13":"product-type-simple"},"_links":{"self":[{"href":"https:\/\/gltestm.webology.pl\/de\/wp-json\/wp\/v2\/product\/17696","targetHints":{"allow":["GET"]}}],"collection":[{"href":"https:\/\/gltestm.webology.pl\/de\/wp-json\/wp\/v2\/product"}],"about":[{"href":"https:\/\/gltestm.webology.pl\/de\/wp-json\/wp\/v2\/types\/product"}],"replies":[{"embeddable":true,"href":"https:\/\/gltestm.webology.pl\/de\/wp-json\/wp\/v2\/comments?post=17696"}],"version-history":[{"count":0,"href":"https:\/\/gltestm.webology.pl\/de\/wp-json\/wp\/v2\/product\/17696\/revisions"}],"wp:featuredmedia":[{"embeddable":true,"href":"https:\/\/gltestm.webology.pl\/de\/wp-json\/wp\/v2\/media\/14508"}],"wp:attachment":[{"href":"https:\/\/gltestm.webology.pl\/de\/wp-json\/wp\/v2\/media?parent=17696"}],"wp:term":[{"taxonomy":"product_brand","embeddable":true,"href":"https:\/\/gltestm.webology.pl\/de\/wp-json\/wp\/v2\/product_brand?post=17696"},{"taxonomy":"product_cat","embeddable":true,"href":"https:\/\/gltestm.webology.pl\/de\/wp-json\/wp\/v2\/product_cat?post=17696"},{"taxonomy":"product_tag","embeddable":true,"href":"https:\/\/gltestm.webology.pl\/de\/wp-json\/wp\/v2\/product_tag?post=17696"}],"curies":[{"name":"wp","href":"https:\/\/api.w.org\/{rel}","templated":true}]}}