{"id":17692,"date":"2026-03-18T22:04:52","date_gmt":"2026-03-18T21:04:52","guid":{"rendered":"https:\/\/gltestm.webology.pl\/produkt\/jk-200-c-auslass-stabmixer\/"},"modified":"2026-03-22T21:16:05","modified_gmt":"2026-03-22T20:16:05","slug":"jk-200-c-auslass-stabmixer","status":"publish","type":"product","link":"https:\/\/gltestm.webology.pl\/de\/produkt\/jk-200-c-auslass-stabmixer\/","title":{"rendered":"JK-200 C Auslass-Stabmixer"},"content":{"rendered":"<h2><strong>Stabmixer JK-200 C<\/strong><\/h2>\n<p><strong>Ein Stabmixer <\/strong>ist ein recht einfaches Ger\u00e4t, das eine Vielzahl von Anforderungen erf\u00fcllen kann: von der Herstellung k\u00f6stlicher <strong>Smoothies<\/strong> \u00fcber <strong>Suppen und Cremes <\/strong> bis hin zur Zubereitung <strong>gesunder Pasten<\/strong>, z. B. aus Linsen, die Sie dann auf Ihr Lieblingsbrot geben k\u00f6nnen. Nat\u00fcrlich sind die M\u00f6glichkeiten noch viel gr\u00f6\u00dfer. Es h\u00e4ngt alles von Ihnen und Ihrem kreativen Einfallsreichtum in der K\u00fcche ab. Sie brauchen nicht einmal ein Rezept, um wunderbare und k\u00f6stliche Gerichte zu kreieren. Gem\u00fcse und Fr\u00fcchte nach Ihrem Geschmack gen\u00fcgen, und Ihr neuer <strong>Mixer <\/strong>wird die meiste Arbeit f\u00fcr Sie erledigen.<\/p>\n<h2><strong>Lucznik JK-200 C Stabmixer <\/strong><\/h2>\n<p><strong>Der JK200C<\/strong> Stabmixer zeichnet sich durch ein <strong>modernes<\/strong> <strong>Design<\/strong> aus, das ihn von anderen K\u00fcchenhelfern abhebt, durch ansprechende Farben, einen <strong>leisen Betrieb<\/strong>, der die Haushaltsmitglieder nicht st\u00f6rt, und eine einfache Bedienung.<\/p>\n<p><strong>Hauptmerkmale:<\/strong><\/p>\n<ul>\n<li>stabmixer<\/li>\n<li>klinge aus rostfreiem Stahl (INOX)<\/li>\n<li><strong>leicht zu reinigen<\/strong><\/li>\n<li>leistung von <strong>200 W<\/strong><\/li>\n<li>geh\u00e4use aus<strong> langlebigem<\/strong><strong> Kunststoff<\/strong><\/li>\n<\/ul>\n<h2>Vorteile f\u00fcr die Gesundheit<\/h2>\n<p><strong>Der P\u00fcrierstab<\/strong> ist das A und O f\u00fcr eine <strong>gesunde Ern\u00e4hrung<\/strong>. Die nahrhaften und schmackhaften Mahlzeiten, die Sie im <strong>Handumdrehen <\/strong>mit einem <strong>Stabmixer <\/strong>zubereiten, enthalten eine gro\u00dfe Menge an <strong>Vitaminen<\/strong> <strong>und Mineralien<\/strong>, die sich positiv auf Ihren K\u00f6rper auswirken. Dank der auf diese Weise zubereiteten Mahlzeiten <strong>werden Sie \u00fcberfl\u00fcssiges Gewicht verlieren<\/strong> und <strong>einen erholsameren und regenerierenderen Schlaf haben<\/strong>. <\/p>\n<h2><strong>Stabmixer JK-200 C<\/strong><\/h2>\n<p>Der Stabmixer JK-200<strong>C<\/strong> zeichnet sich durch sein <strong>modernes<\/strong> <strong>Design<\/strong> aus, das ihn von anderen K\u00fcchenutensilien unterscheidet, sowie durch seine ansprechenden Farben, seinen <strong>leisen Betrieb<\/strong>, der die Haushaltsmitglieder nicht st\u00f6rt, und seine einfache Handhabung. Das leichte Geh\u00e4use mit abnehmbarem Kunststoffaufsatz ist leicht zu reinigen, und seine ergonomische Form sorgt f\u00fcr einen bequemen und sicheren Halt beim Arbeiten.<\/p>\n<p>Die Klingen des<span> <strong>Mixers<\/strong> <\/span><span>sind aus Metall und machen das Ger\u00e4t <\/span>ideal f\u00fcr die Zubereitung von <strong>So\u00dfen<\/strong>, <strong>Suppen, Cremes<\/strong>, <strong>Smoothies<\/strong>, <strong>Getr\u00e4nken<\/strong> oder <strong>nahrhaften Babymahlzeiten<\/strong>. Sie k\u00f6nnen ihn auch zum Zerkleinern von weichem Obst und Gem\u00fcse sowie von <strong>Pasten<\/strong>, <strong>Kr\u00e4utern<\/strong>, <strong>Fleisch<\/strong>, <strong>N\u00fcssen<\/strong>, <strong>K\u00e4se<\/strong>, <strong>hartgekochten Eiern<\/strong> und <strong>Zwiebeln<\/strong> verwenden.<\/p>\n","protected":false},"excerpt":{"rendered":"<p>Der moderne Stabmixer ist mit Metallklingen ausgestattet und hat eine maximale Leistung von 200 Watt. Der P\u00fcrierstab ist sehr n\u00fctzlich bei der Aufrechterhaltung einer gesunden Ern\u00e4hrung. Dank ihm werden Sie sich um Ihre Gesundheit und Sch\u00f6nheit k\u00fcmmern. D<\/p>\n","protected":false},"featured_media":14177,"comment_status":"open","ping_status":"closed","template":"","meta":[],"product_brand":[],"product_cat":[840],"product_tag":[],"class_list":{"0":"post-17692","1":"product","2":"type-product","3":"status-publish","4":"has-post-thumbnail","6":"product_cat-blendery","8":"first","9":"instock","10":"taxable","11":"shipping-taxable","12":"purchasable","13":"product-type-simple"},"_links":{"self":[{"href":"https:\/\/gltestm.webology.pl\/de\/wp-json\/wp\/v2\/product\/17692","targetHints":{"allow":["GET"]}}],"collection":[{"href":"https:\/\/gltestm.webology.pl\/de\/wp-json\/wp\/v2\/product"}],"about":[{"href":"https:\/\/gltestm.webology.pl\/de\/wp-json\/wp\/v2\/types\/product"}],"replies":[{"embeddable":true,"href":"https:\/\/gltestm.webology.pl\/de\/wp-json\/wp\/v2\/comments?post=17692"}],"version-history":[{"count":0,"href":"https:\/\/gltestm.webology.pl\/de\/wp-json\/wp\/v2\/product\/17692\/revisions"}],"wp:featuredmedia":[{"embeddable":true,"href":"https:\/\/gltestm.webology.pl\/de\/wp-json\/wp\/v2\/media\/14177"}],"wp:attachment":[{"href":"https:\/\/gltestm.webology.pl\/de\/wp-json\/wp\/v2\/media?parent=17692"}],"wp:term":[{"taxonomy":"product_brand","embeddable":true,"href":"https:\/\/gltestm.webology.pl\/de\/wp-json\/wp\/v2\/product_brand?post=17692"},{"taxonomy":"product_cat","embeddable":true,"href":"https:\/\/gltestm.webology.pl\/de\/wp-json\/wp\/v2\/product_cat?post=17692"},{"taxonomy":"product_tag","embeddable":true,"href":"https:\/\/gltestm.webology.pl\/de\/wp-json\/wp\/v2\/product_tag?post=17692"}],"curies":[{"name":"wp","href":"https:\/\/api.w.org\/{rel}","templated":true}]}}