{"id":17660,"date":"2026-03-18T22:04:50","date_gmt":"2026-03-18T21:04:50","guid":{"rendered":"https:\/\/gltestm.webology.pl\/produkt\/die-am-6214-a-auslass-zuckerwattemaschine\/"},"modified":"2026-03-22T21:15:57","modified_gmt":"2026-03-22T20:15:57","slug":"die-am-6214-a-auslass-zuckerwattemaschine","status":"publish","type":"product","link":"https:\/\/gltestm.webology.pl\/de\/produkt\/die-am-6214-a-auslass-zuckerwattemaschine\/","title":{"rendered":"Die AM-6214 A Auslass-Zuckerwattemaschine"},"content":{"rendered":"<p>Die Zuckerwattemaschine ist ein wunderbares Ger\u00e4t, mit dessen Hilfe man ganz einfach zu <strong>Hause<\/strong> <strong>leckere Zuckerwatte<\/strong> zubereiten kann. Vor allem f\u00fcr Kinder ist dies nicht nur eine <strong>leckere<\/strong>, sondern auch eine <strong>lehrreiche <\/strong><strong>Erfahrung<\/strong>, da sie mit eigenen Augen sehen k\u00f6nnen, wie sie ihre <strong>Lieblingsspeise<\/strong> in ihrer eigenen K\u00fcche zubereiten. <\/p>\n<p>Eine Zuckerwattemaschine nur f\u00fcr sich selbst zu haben, in ihrem eigenen Zuhause&#8230;. Das ist wahrscheinlich der <strong>Traum eines jeden Kindes<\/strong>. Sie ist ein gro\u00dfartiges <strong>Geschenk<\/strong> und ein zuverl\u00e4ssiges Requisit auf jedem <strong>Kindergeburtstag<\/strong> und jeder Kinderparty &#8211; mit ihr werden Sie eine wirklich <strong>fabelhafte Party<\/strong> feiern. Mit der Zugabe von Farbstoff k\u00f6nnen Sie Zuckerwatte in vielen <strong>magischen Farben<\/strong> zaubern und den Kindern einen unglaublichen Spa\u00df bereiten. <\/p>\n<p>Wahrscheinlich kennen Sie <strong>Zuckerwatte<\/strong> noch aus Ihrer eigenen Kindheit oder aus amerikanischen Filmen. Wahrscheinlich haben Sie schon einmal dar\u00fcber nachgedacht, Zuckerwatte zu Hause herzustellen &#8211; schlie\u00dflich braucht man nur ein wenig Zucker! Wenn Sie sp\u00fcren, dass in Ihnen noch ein Kind schlummert, probieren Sie<span> dieses fantastische Spiel<\/span> aus, das Sie auf eine sch\u00f6ne Reise in eine Zeit mitnimmt, in der das Leben noch unbeschwert schien.<\/p>\n<h2>Wichtigste Merkmale<\/h2>\n<ul>\n<li>Vorbereitungszeit:<strong> 3-4 Minuten<\/strong><\/li>\n<li><strong>Sch\u00fcsseldurchmesser<\/strong>: <strong>27,5 cm<\/strong><\/li>\n<li><strong>Schutzh\u00fclle<\/strong> zur Erleichterung der Vorbereitung der Watte<strong>(verhindert, dass die Watte aus<\/strong>der Sch\u00fcssel <strong>herausbl\u00e4st<\/strong>)<\/li>\n<li><strong>Inklusive<\/strong> h\u00f6lzerne <strong>Essst\u00e4bchen<\/strong><\/li>\n<li>Inklusive<strong>Zucker-Messbecher<\/strong> <\/li>\n<li>Gummif\u00fc\u00dfe zur <strong>Stabilisierung<\/strong><\/li>\n<\/ul>\n<h2>Auslauf<\/h2>\n<ul>\n<li>produkt nach R\u00fcckgabe<\/li>\n<li>ge\u00f6ffnete Verpackung<\/li>\n<\/ul>\n<h2>Ein s\u00fc\u00dfes Erlebnis f\u00fcr Ihr Kind zu Hause!<\/h2>\n<p>Kinder lieben S\u00fc\u00dfigkeiten, und mit dem Zuckerwattemacher AM-6214-A k\u00f6nnen Sie in <strong>k\u00fcrzester<\/strong> Zeit <strong>leckere<\/strong> <strong>s\u00fc\u00dfe<\/strong> Snacks zubereiten. So k\u00f6nnen Ihre Kleinen den Geschmack ihrer Lieblingss\u00fc\u00dfigkeiten bequem zu Hause genie\u00dfen, <strong>ohne das Haus verlassen<\/strong> und Zuckerwattest\u00e4nde aufsuchen zu m\u00fcssen.<\/p>\n<h2>Schnelle und einfache Zubereitung von Zuckerwatte<\/h2>\n<p>Einer der wichtigsten Vorteile des<strong> AM-6214 A<\/strong> ist seine <strong>einfache Bedienung<\/strong>, die es Ihnen erm\u00f6glicht, Zuckerwatte <strong>schnell zu<\/strong> zubereiten. Sie m\u00fcssen nur das Ger\u00e4t einschalten, warten, bis es sich erhitzt hat, die <strong>richtige Menge<\/strong> Zucker hinzuf\u00fcgen und schon k\u00f6nnen Sie die k\u00f6stlichen wei\u00dfen Kugeln genie\u00dfen. So k\u00f6nnen auch j\u00fcngere Kinder in den Genuss kommen, Zuckerwatte <strong>selbst<\/strong> <strong>herzustellen<\/strong>. Hinweis: Wir empfehlen die Aufsicht von Erwachsenen!<\/p>\n<h2>Wie kann man Zuckerwatte zu Hause zubereiten?<\/h2>\n<p>Mit dem Ger\u00e4t k\u00f6nnen Sie<strong> Zuckerwatte<\/strong> in nur<strong> 3-4 Minuten<\/strong> zubereiten. F\u00fcr die Herstellung von <strong>Zuckerwatte<\/strong> braucht man nur <strong>normalen<\/strong> Zucker, und wenn man einen interessanten Geschmack oder eine interessante Farbe haben m\u00f6chte, kann man sie mit Lebensmittelfarbe herstellen.<\/p>\n<p><strong>Das Ger\u00e4t f\u00fcr<\/strong> Zuckerwatte <strong>AM-6214 A<\/strong> ist mit einer gro\u00dfen abnehmbaren<strong> Sch\u00fcssel mit einem Durchmesser von 27,5 cm<\/strong> ausgestattet, auf die <strong>ein Deckel <\/strong>gest\u00fclpt wird <strong>, um zu verhindern, dass die Zuckerwatte weggeblasen wird, <\/strong>so dass nicht einmal eine kleine Leckerei entweicht.<\/p>\n<p>Zum Set geh\u00f6ren au\u00dferdem <strong>Holzst\u00e4bchen<\/strong> und ein <strong>Zuckermessbecher<\/strong>. Das Ger\u00e4t verf\u00fcgt \u00fcber einen Ein\/Aus-Schalter sowie Gummif\u00fc\u00dfe f\u00fcr die Stabilit\u00e4t. <strong>Die Teile des Ger\u00e4ts d\u00fcrfen nicht in der Sp\u00fclmaschine gereinigt werden!<\/strong><\/p>\n","protected":false},"excerpt":{"rendered":"<p>Selbstgemachte Zuckerwatte ist ein wahr gewordener Traum f\u00fcr jedes Kleinkind und f\u00fcr Erwachsene, die noch ein Kind in sich haben. Mit dem Ger\u00e4t k\u00f6nnen Sie Zuckerwatte in nur 3-4 Minuten zubereiten. F\u00fcr die Herstellung von Zuckerwatte brauchen wir nur gew\u00f6<\/p>\n","protected":false},"featured_media":15190,"comment_status":"open","ping_status":"closed","template":"","meta":[],"product_brand":[],"product_cat":[820],"product_tag":[],"class_list":{"0":"post-17660","1":"product","2":"type-product","3":"status-publish","4":"has-post-thumbnail","6":"product_cat-popcorn-i-wata-cukrowa","8":"first","9":"instock","10":"taxable","11":"shipping-taxable","12":"purchasable","13":"product-type-simple"},"_links":{"self":[{"href":"https:\/\/gltestm.webology.pl\/de\/wp-json\/wp\/v2\/product\/17660","targetHints":{"allow":["GET"]}}],"collection":[{"href":"https:\/\/gltestm.webology.pl\/de\/wp-json\/wp\/v2\/product"}],"about":[{"href":"https:\/\/gltestm.webology.pl\/de\/wp-json\/wp\/v2\/types\/product"}],"replies":[{"embeddable":true,"href":"https:\/\/gltestm.webology.pl\/de\/wp-json\/wp\/v2\/comments?post=17660"}],"version-history":[{"count":0,"href":"https:\/\/gltestm.webology.pl\/de\/wp-json\/wp\/v2\/product\/17660\/revisions"}],"wp:featuredmedia":[{"embeddable":true,"href":"https:\/\/gltestm.webology.pl\/de\/wp-json\/wp\/v2\/media\/15190"}],"wp:attachment":[{"href":"https:\/\/gltestm.webology.pl\/de\/wp-json\/wp\/v2\/media?parent=17660"}],"wp:term":[{"taxonomy":"product_brand","embeddable":true,"href":"https:\/\/gltestm.webology.pl\/de\/wp-json\/wp\/v2\/product_brand?post=17660"},{"taxonomy":"product_cat","embeddable":true,"href":"https:\/\/gltestm.webology.pl\/de\/wp-json\/wp\/v2\/product_cat?post=17660"},{"taxonomy":"product_tag","embeddable":true,"href":"https:\/\/gltestm.webology.pl\/de\/wp-json\/wp\/v2\/product_tag?post=17660"}],"curies":[{"name":"wp","href":"https:\/\/api.w.org\/{rel}","templated":true}]}}