{"id":17656,"date":"2026-03-18T22:04:50","date_gmt":"2026-03-18T21:04:50","guid":{"rendered":"https:\/\/gltestm.webology.pl\/produkt\/am-6611-c-auslass-popcornmaschine\/"},"modified":"2026-03-22T21:56:05","modified_gmt":"2026-03-22T20:56:05","slug":"am-6611-c-auslass-popcornmaschine","status":"publish","type":"product","link":"https:\/\/gltestm.webology.pl\/de\/produkt\/am-6611-c-auslass-popcornmaschine\/","title":{"rendered":"AM-6611 C Auslass Popcornmaschine"},"content":{"rendered":"<p>Die Popcornmaschine AM 6611 C-23 ist ein ideales Ger\u00e4t f\u00fcr <strong>Kinder<\/strong>, Menschen, die gerne <strong>Popcorn<\/strong> f\u00fcr Filme machen, und alle, die <strong>einen gesunden Snack<\/strong> suchen. Mit Hilfe dieses Ger\u00e4ts kann jeder zu Hause <strong>leckeres<\/strong>, <strong>knuspriges<\/strong> und gesundes Popcorn zubereiten. Dies ist ein gro\u00dfartiges Ger\u00e4t f\u00fcr alle, die leckeres und gesundes Popcorn zu sch\u00e4tzen wissen. Mit diesem Ger\u00e4t k\u00f6nnen Sie<strong> ganz einfach<\/strong> eine <strong>gro\u00dfe Menge<\/strong> k\u00f6stlichen Popcorns zubereiten, das der perfekte Snack f\u00fcr <strong>Filme<\/strong>, <strong>Videospiele<\/strong> und andere Arten von <strong>Unterhaltung<\/strong> ist.<\/p>\n<p><img fetchpriority=\"high\" decoding=\"async\" src=\"\/data\/include\/cms\/.product\/3\/2\/23\/foto_1.jpg\" alt=\"Maszynka do popcornu AM-6611 C\" width=\"768\" height=\"480\" \/><\/p>\n<h2>Wichtigste Merkmale<\/h2>\n<ul>\n<li>zubereitung von Popcorn ohne Fett<\/li>\n<li>gro\u00dfes Fassungsverm\u00f6gen &#8211; fasst 50-60 g Maisk\u00f6rner<\/li>\n<li>zubereitungszeit des Popcorns &#8211; 3-4 Minuten<\/li>\n<li>kompakte Gr\u00f6\u00dfe<\/li>\n<li>sp\u00fclmaschinenfest (Messbecher und Deckel)<\/li>\n<\/ul>\n<p><strong>Auslauf<\/strong><\/p>\n<ul>\n<li>produkt nach R\u00fcckgabe<\/li>\n<li>ge\u00f6ffnete Packung<\/li>\n<\/ul>\n<p><img decoding=\"async\" src=\"\/data\/include\/cms\/.product\/3\/2\/23\/foto_5.jpg\" alt=\"Maszynka do popcornu AM-6611 C\" width=\"768\" height=\"480\" \/><\/p>\n<h2>Der perfekte Snack f\u00fcr eine Filmvorf\u00fchrung<\/h2>\n<p>F\u00fcr Kinder ist dieses Ger\u00e4t ein interessantes Spielzeug, mit dem sie ihren eigenen Snack mit ihrem Lieblingsgeschmack kreieren k\u00f6nnen. Andererseits werden diejenigen, die Popcorn im Kino lieben, den Geschmack und das Aroma der frisch zubereiteten K\u00f6rner zu sch\u00e4tzen wissen. F\u00fcr Feinschmecker empfehlen wir, das Popcorn nach dem Kochen mit Butter zu \u00fcbergie\u00dfen! Sie k\u00f6nnen die Butter schmelzen, w\u00e4hrend das Popcorn kocht, indem Sie sie in einen umgedrehten Popcorn-Messbecher geben.<\/p>\n<h2>Eine gesunde Alternative zu Chips<\/h2>\n<p>Einer der gr\u00f6\u00dften Vorteile dieses Popcornger\u00e4ts ist, dass kein Fett oder \u00d6l f\u00fcr die Herstellung ben\u00f6tigt wird. Das bedeutet, dass Sie einen gesunden Snack zubereiten k\u00f6nnen, der reich an Ballaststoffen, Vitaminen und Mineralien ist. Dies ist eine hervorragende Alternative zu fettigen Chips und anderen ungesunden Snacks.<\/p>\n<p><img decoding=\"async\" src=\"\/data\/include\/cms\/.product\/3\/2\/23\/foto_4.jpg\" alt=\"Maszynka do popcornu AM-6611 C\" width=\"768\" height=\"480\" \/><\/p>\n<h2>Einfach zu bedienen<\/h2>\n<p>Die Popcornmaschine AM 6611-C-23 ist sehr einfach zu bedienen. Geben Sie einfach die Maisk\u00f6rner in die Kammer, schalten Sie das Ger\u00e4t ein und in wenigen Minuten k\u00f6nnen Sie geschmackvolles Popcorn genie\u00dfen. Das Ger\u00e4t ist au\u00dferdem mit einer Warmhaltefunktion ausgestattet, so dass Sie eine gro\u00dfe Menge Popcorn auf einmal zubereiten und lange genie\u00dfen k\u00f6nnen.<\/p>\n<p><img loading=\"lazy\" decoding=\"async\" src=\"\/data\/include\/cms\/.product\/3\/2\/23\/foto_2.jpg\" alt=\"Maszynka do popcornu AM-6611 C\" width=\"768\" height=\"480\" \/><\/p>\n<h2>F\u00fcr Gro\u00df und Klein<\/h2>\n<p>Ideal f\u00fcr Familien, die gerne gemeinsam Filme oder Videospiele schauen. Kinder werden begeistert sein, wenn sie sehen, wie aus gew\u00f6hnlichen Maisk\u00f6rnern k\u00f6stliches Popcorn wird, und Erwachsene freuen sich, wenn sie ihren Lieben einen gesunden Snack anbieten k\u00f6nnen.<\/p>\n","protected":false},"excerpt":{"rendered":"<p>Eine selbstgemachte Popcornmaschine, die jeden Filmabend noch angenehmer macht. Mit dieser kompakten und einfach zu bedienenden Maschine f\u00fcr ger\u00f6steten Mais k\u00f6nnen Sie w\u00e4hrend einer Werbepause eine Ladung Popcorn zubereiten.<\/p>\n","protected":false},"featured_media":15266,"comment_status":"open","ping_status":"closed","template":"","meta":[],"product_brand":[],"product_cat":[820],"product_tag":[],"class_list":{"0":"post-17656","1":"product","2":"type-product","3":"status-publish","4":"has-post-thumbnail","6":"product_cat-popcorn-i-wata-cukrowa","8":"first","9":"instock","10":"taxable","11":"shipping-taxable","12":"purchasable","13":"product-type-simple"},"_links":{"self":[{"href":"https:\/\/gltestm.webology.pl\/de\/wp-json\/wp\/v2\/product\/17656","targetHints":{"allow":["GET"]}}],"collection":[{"href":"https:\/\/gltestm.webology.pl\/de\/wp-json\/wp\/v2\/product"}],"about":[{"href":"https:\/\/gltestm.webology.pl\/de\/wp-json\/wp\/v2\/types\/product"}],"replies":[{"embeddable":true,"href":"https:\/\/gltestm.webology.pl\/de\/wp-json\/wp\/v2\/comments?post=17656"}],"version-history":[{"count":0,"href":"https:\/\/gltestm.webology.pl\/de\/wp-json\/wp\/v2\/product\/17656\/revisions"}],"wp:featuredmedia":[{"embeddable":true,"href":"https:\/\/gltestm.webology.pl\/de\/wp-json\/wp\/v2\/media\/15266"}],"wp:attachment":[{"href":"https:\/\/gltestm.webology.pl\/de\/wp-json\/wp\/v2\/media?parent=17656"}],"wp:term":[{"taxonomy":"product_brand","embeddable":true,"href":"https:\/\/gltestm.webology.pl\/de\/wp-json\/wp\/v2\/product_brand?post=17656"},{"taxonomy":"product_cat","embeddable":true,"href":"https:\/\/gltestm.webology.pl\/de\/wp-json\/wp\/v2\/product_cat?post=17656"},{"taxonomy":"product_tag","embeddable":true,"href":"https:\/\/gltestm.webology.pl\/de\/wp-json\/wp\/v2\/product_tag?post=17656"}],"curies":[{"name":"wp","href":"https:\/\/api.w.org\/{rel}","templated":true}]}}