{"id":17652,"date":"2026-03-18T22:04:49","date_gmt":"2026-03-18T21:04:49","guid":{"rendered":"https:\/\/gltestm.webology.pl\/produkt\/luftfritteuse-multi-friteuse-af-2017-auslass\/"},"modified":"2026-03-22T21:56:04","modified_gmt":"2026-03-22T20:56:04","slug":"luftfritteuse-multi-friteuse-af-2017-auslass","status":"publish","type":"product","link":"https:\/\/gltestm.webology.pl\/de\/produkt\/luftfritteuse-multi-friteuse-af-2017-auslass\/","title":{"rendered":"Luftfritteuse Multi-Friteuse AF-2017 Auslass"},"content":{"rendered":"<h2><strong>Air Fryer fettfreie Multi-Fritteuse AF-2017<\/strong><\/h2>\n<p><strong>Die fettfreie<\/strong> Multi-Fritteuse<strong>AF-2017<\/strong> ist ein Ger\u00e4t, mit dem Sie bequem und schnell eine leckere und gesunde Mahlzeit aufw\u00e4rmen, auftauen oder sogar von Grund auf kochen k\u00f6nnen <strong>, ohne Fett zu verwenden<\/strong>.<\/p>\n<h2><strong>Auslass<\/strong><\/h2>\n<ul>\n<li>zur\u00fcckgegebenes Produkt<\/li>\n<li>offene Verpackung<\/li>\n<\/ul>\n<h2><strong>Funktionsprinzip der Air Fryer-Multifritteuse<\/strong><\/h2>\n<p>Der Prozess des Kochens von Lebensmitteln mit der Multi-Fritteuse ist auf eine schnelle thermische Verarbeitung ausgerichtet, das hei\u00dft, Sie k\u00f6nnen sie wie eine herk\u00f6mmliche Mikrowelle verwenden. Der Effekt ist jedoch ein anderer &#8211; denn die erhitzten Lebensmittel sind <strong>knusprig<\/strong> wie gebacken und <strong>gleichm\u00e4\u00dfig<\/strong> von allen Seiten <strong>erhitzt<\/strong> (bei einer w\u00e4hlbaren Temperatur von 80-200 Grad C). Das erinnert ein wenig an den Effekt, den man mit einem Backofen oder einer Bratpfanne erzielen kann, allerdings ben\u00f6tigt das Ger\u00e4t dazu kein Fett, und der gesamte Erhitzungsprozess basiert auf Hei\u00dfluft. Dieser Prozess \u00e4hnelt dem Toasten in einem Umluftofen, ist aber schneller, ohne nennenswerten Wasserverlust, und man <strong>muss nicht warten,<\/strong> bis er die richtige Temperatur erreicht hat. Au\u00dferdem wird bei dieser Methode der Fettgehalt um mindestens 80 % reduziert.<\/p>\n<h2><strong>Zubereitungsm\u00f6glichkeiten<br \/><\/strong><\/h2>\n<p>M\u00f6gen Sie warme, frische Br\u00f6tchen? Nichts leichter als das: 3 Minuten, und schon sind sie fertig. M\u00f6chten Sie schnell Gyros f\u00fcr Tortillas zubereiten? Es wird k\u00f6stlich werden \ud83d\ude42 Die Tortilla selbst wird nach der Zubereitung f\u00fcr eine Minute in die Kammer des Ger\u00e4ts geworfen, ohne dass Sie den Grill anwerfen m\u00fcssen. Der Toaster schaltet sich nach Ablauf der eingestellten Zeit <strong>automatisch ab<\/strong>, begleitet von <strong>einem Signalton<\/strong>. Und selbst wenn Sie ihn nicht h\u00f6ren und vergessen, die erhitzten Speisen herauszunehmen, machen Sie sich keine Sorgen &#8211; die thermoisolierte Kammer des Ger\u00e4ts verhindert, dass sie zu schnell abk\u00fchlen.<\/p>\n<p>Eines der besten Ergebnisse in diesem Ger\u00e4t sind <strong>fettfreie Pommes frites.<\/strong> Sie sind k\u00f6stlich, au\u00dfen knusprig und innen weich. W\u00e4ren sie nicht so fettig, k\u00f6nnte man sie kaum von der frittierten Variante unterscheiden. Auch die S\u00fc\u00dfkartoffelpommes sind fabelhaft geworden &#8211; wer wei\u00df, wie schwierig es ist, sie knusprig zu kochen, wird die Leistung des Toasters sicher zu sch\u00e4tzen wissen \ud83d\ude42 Eine tolle L\u00f6sung f\u00fcr alle, die Kinder haben, die Pommes frites lieben. Dank der Zubereitung im Toaster k\u00f6nnen sie beruhigt sein <strong>, was ihre Gesundheit angeht<\/strong>.<\/p>\n<p>Wenn Sie Lust haben, k\u00f6nnen Sie den <strong>Toaster<\/strong> nicht nur zum Aufw\u00e4rmen verwenden, sondern auch, um etwas Anspruchsvolleres zu backen &#8211; Koteletts, Fisch, Gyros, Aufl\u00e4ufe und sogar einen kleinen Kuchen oder Pfannkuchen. Das dem Ger\u00e4t beiliegende <strong>Rezeptheft <\/strong>erm\u00f6glicht es Ihnen, sich etwas Interessantes zum Kochen auszusuchen \ud83d\ude42<\/p>\n<h2>Detaillierte Informationen \u00fcber das Produkt<\/h2>\n<p>Die Heizkammer des Ger\u00e4ts l\u00e4sst sich mit einem <strong>praktischen Griff<\/strong> herausziehen. Im Inneren befindet sich ein Korb, den man nach der Zubereitung einer Mahlzeit leicht herausnehmen und reinigen oder einfach in die Sp\u00fclmaschine werfen kann. Der Korb ist mit einer speziellen Beschichtung versehen, dank derer Lebensmittel nicht <strong>an der Oberfl\u00e4che haften<\/strong> und <strong>leicht sauber zu halten<\/strong> sind. Er ist au\u00dferdem resistent gegen Chemikalien und hohe Temperaturen und <strong>reagiert nicht mit Lebensmitteln<\/strong>, so dass er gesundheitlich unbedenklich ist. Der <strong>Verriegelungsknopf am Korb<\/strong> verhindert ein versehentliches \u00d6ffnen und macht die Entnahme von Lebensmitteln sicherer.<\/p>\n<p>Durch die Verwendung <strong>einer Schnellheizplatte<\/strong> m\u00fcssen Sie nicht warten, bis das Ger\u00e4t aufgeheizt ist, denn sobald es eingesteckt wird, ist es sofort betriebsbereit.<\/p>\n","protected":false},"excerpt":{"rendered":"<p>Air Fryer fettfreie Multi-Fritteuse (auch bekannt als Fritteuse oder Friteuse), mit der Sie bequem und schnell eine leckere und gesunde Mahlzeit von Grund auf erhitzen, auftauen und sogar kochen k\u00f6nnen, ohne Fett zu verwenden.<\/p>\n","protected":false},"featured_media":13727,"comment_status":"open","ping_status":"closed","template":"","meta":[],"product_brand":[],"product_cat":[810],"product_tag":[],"class_list":{"0":"post-17652","1":"product","2":"type-product","3":"status-publish","4":"has-post-thumbnail","6":"product_cat-tostery-i-opiekacze","8":"first","9":"instock","10":"taxable","11":"shipping-taxable","12":"purchasable","13":"product-type-simple"},"_links":{"self":[{"href":"https:\/\/gltestm.webology.pl\/de\/wp-json\/wp\/v2\/product\/17652","targetHints":{"allow":["GET"]}}],"collection":[{"href":"https:\/\/gltestm.webology.pl\/de\/wp-json\/wp\/v2\/product"}],"about":[{"href":"https:\/\/gltestm.webology.pl\/de\/wp-json\/wp\/v2\/types\/product"}],"replies":[{"embeddable":true,"href":"https:\/\/gltestm.webology.pl\/de\/wp-json\/wp\/v2\/comments?post=17652"}],"version-history":[{"count":0,"href":"https:\/\/gltestm.webology.pl\/de\/wp-json\/wp\/v2\/product\/17652\/revisions"}],"wp:featuredmedia":[{"embeddable":true,"href":"https:\/\/gltestm.webology.pl\/de\/wp-json\/wp\/v2\/media\/13727"}],"wp:attachment":[{"href":"https:\/\/gltestm.webology.pl\/de\/wp-json\/wp\/v2\/media?parent=17652"}],"wp:term":[{"taxonomy":"product_brand","embeddable":true,"href":"https:\/\/gltestm.webology.pl\/de\/wp-json\/wp\/v2\/product_brand?post=17652"},{"taxonomy":"product_cat","embeddable":true,"href":"https:\/\/gltestm.webology.pl\/de\/wp-json\/wp\/v2\/product_cat?post=17652"},{"taxonomy":"product_tag","embeddable":true,"href":"https:\/\/gltestm.webology.pl\/de\/wp-json\/wp\/v2\/product_tag?post=17652"}],"curies":[{"name":"wp","href":"https:\/\/api.w.org\/{rel}","templated":true}]}}