{"id":17632,"date":"2026-03-18T22:04:48","date_gmt":"2026-03-18T21:04:48","guid":{"rendered":"https:\/\/gltestm.webology.pl\/produkt\/lucznik-jk-200-a-stabmixer-auslauf\/"},"modified":"2026-03-22T21:15:40","modified_gmt":"2026-03-22T20:15:40","slug":"lucznik-jk-200-a-stabmixer-auslauf","status":"publish","type":"product","link":"https:\/\/gltestm.webology.pl\/de\/produkt\/lucznik-jk-200-a-stabmixer-auslauf\/","title":{"rendered":"Lucznik JK-200 A Stabmixer Auslauf"},"content":{"rendered":"<p><strong>Der Stabmixer <\/strong><span>ist ein recht einfaches Ger\u00e4t, das eine Vielzahl von Anforderungen erf\u00fcllen kann: von der Zubereitung leckerer <\/span><strong>Smoothies<\/strong><span> und <\/span> Suppen-Cremes<span>bis hin zur Zubereitung <\/span><strong>gesunder Pasten<\/strong><span>, z. B. aus Linsen, die Sie dann auf Ihr Lieblingsbrot geben k\u00f6nnen. Nat\u00fcrlich sind die M\u00f6glichkeiten noch viel gr\u00f6\u00dfer. Es h\u00e4ngt alles von Ihnen und Ihrem kreativen Einfallsreichtum in der K\u00fcche ab. Sie brauchen nicht einmal ein Rezept, um wunderbare und k\u00f6stliche Gerichte zu kreieren. Gem\u00fcse und Fr\u00fcchte nach Ihrem Geschmack gen\u00fcgen, w\u00e4hrend Ihr neuer <\/span><strong>Stabmixer <\/strong><span>die meiste Arbeit f\u00fcr<\/span> Sie erledigt.<\/p>\n<h3><strong>JK-200 Ein Stabmixer <\/strong>&#8211; Vorteile f\u00fcr die Gesundheit<\/h3>\n<p>Ein <strong>Stabmixer <\/strong>kann <span>Ihr Verb\u00fcndeter bei der Einhaltung <\/span> einer<strong>gesunden Ern\u00e4hrung<\/strong> sein<span>.<\/span> Die<span> nahrhaften und schmackhaften Gerichte,<\/span> die<strong>instant <\/strong><span>Sie mit <\/span><strong>Stabmixer <\/strong><span>zubereiten<\/span><span>, enthalten eine gro\u00dfe Menge an <\/span><strong>Vitaminen<\/strong><strong>und Mineralien<\/strong><span>, die sich positiv auf Ihren K\u00f6rper auswirken. Dank der auf diese Weise zubereiteten Mahlzeiten <\/span><strong>werden Sie \u00fcberfl\u00fcssige Pfunde verlieren<\/strong><span>pfunde<\/span><strong>verlieren und<\/strong><strong>einen ruhigeren und erholsameren Schlaf bekommen<\/strong><span>.<\/span><\/p>\n<h3><strong>Stabmixer JK-200 A<\/strong> &#8211; Details zum Produkt<\/h3>\n<p>Der<strong>Stabmixer JK-200 A<\/strong> zeichnet sich durch <strong>modernes<\/strong> <strong>Design<\/strong> aus, das ihn von anderen K\u00fcchenaccessoires abhebt, durch ansprechende Farben, <strong>leisen<\/strong> <strong>Betrieb<\/strong>, ohne die Haushaltsmitglieder zu bel\u00e4stigen, und einfache Bedienung. Das leichte Geh\u00e4use mit abnehmbarer Kunststoffspitze ist leicht zu reinigen und liegt dank seiner ergonomischen Form beim Arbeiten bequem und sicher in der Hand.<\/p>\n<p><span>Die Klingen  des <\/span><span> <strong>Mixers<\/strong> sind aus Metall, so dass das Ger\u00e4t <\/span>perfekt f\u00fcr die Zubereitung von  Saucen,  Suppen-Cremes, <strong>Smoothies<\/strong>, <strong>Getr\u00e4nken<\/strong> oder <strong>nahrhaften Babymahlzeiten<\/strong> geeignet ist. Sie k\u00f6nnen ihn auch zum Zerkleinern von weichem Obst und Gem\u00fcse, sowie <strong>Pasten<\/strong>,  Kr\u00e4utern, <strong>Fleisch<\/strong>, <strong>N\u00fcssen<\/strong>, <strong>K\u00e4se<\/strong>, <strong>hartgekochten Eiern<\/strong> und <strong>Zwiebeln<\/strong> verwenden.<\/p>\n<h2>Festgestellte Defekte<\/h2>\n<ul>\n<li>produkt nach R\u00fcckgabe<\/li>\n<li>offene Verpackung<\/li>\n<\/ul>\n<p><span>Der<strong>Stabmixer JK-200 A<\/strong><span> hat <\/span><strong>24 Monate Garantie<\/strong><span> und eine Anleitung in polnischer Sprache, die vor dem Gebrauch des Produkts gelesen werden sollte<\/span>. <\/span><\/p>\n","protected":false},"excerpt":{"rendered":"<p>Ausgestattet mit einer Metallspitze und Klingen, kann der moderne Stabmixer mit einer maximalen Leistung von 200 Watt Ihr Freund werden, wenn es darum geht, sich gesund zu ern\u00e4hren. Er wird Ihnen helfen, sich um Ihre Gesundheit und Sch\u00f6nheit zu k\u00fcmmern.<\/p>\n","protected":false},"featured_media":15688,"comment_status":"open","ping_status":"closed","template":"","meta":[],"product_brand":[],"product_cat":[840],"product_tag":[],"class_list":{"0":"post-17632","1":"product","2":"type-product","3":"status-publish","4":"has-post-thumbnail","6":"product_cat-blendery","8":"first","9":"instock","10":"taxable","11":"shipping-taxable","12":"purchasable","13":"product-type-simple"},"_links":{"self":[{"href":"https:\/\/gltestm.webology.pl\/de\/wp-json\/wp\/v2\/product\/17632","targetHints":{"allow":["GET"]}}],"collection":[{"href":"https:\/\/gltestm.webology.pl\/de\/wp-json\/wp\/v2\/product"}],"about":[{"href":"https:\/\/gltestm.webology.pl\/de\/wp-json\/wp\/v2\/types\/product"}],"replies":[{"embeddable":true,"href":"https:\/\/gltestm.webology.pl\/de\/wp-json\/wp\/v2\/comments?post=17632"}],"version-history":[{"count":0,"href":"https:\/\/gltestm.webology.pl\/de\/wp-json\/wp\/v2\/product\/17632\/revisions"}],"wp:featuredmedia":[{"embeddable":true,"href":"https:\/\/gltestm.webology.pl\/de\/wp-json\/wp\/v2\/media\/15688"}],"wp:attachment":[{"href":"https:\/\/gltestm.webology.pl\/de\/wp-json\/wp\/v2\/media?parent=17632"}],"wp:term":[{"taxonomy":"product_brand","embeddable":true,"href":"https:\/\/gltestm.webology.pl\/de\/wp-json\/wp\/v2\/product_brand?post=17632"},{"taxonomy":"product_cat","embeddable":true,"href":"https:\/\/gltestm.webology.pl\/de\/wp-json\/wp\/v2\/product_cat?post=17632"},{"taxonomy":"product_tag","embeddable":true,"href":"https:\/\/gltestm.webology.pl\/de\/wp-json\/wp\/v2\/product_tag?post=17632"}],"curies":[{"name":"wp","href":"https:\/\/api.w.org\/{rel}","templated":true}]}}