{"id":17600,"date":"2026-03-18T22:04:46","date_gmt":"2026-03-18T21:04:46","guid":{"rendered":"https:\/\/gltestm.webology.pl\/produkt\/hd-410-s-haartrockner-auslass\/"},"modified":"2026-03-22T21:15:30","modified_gmt":"2026-03-22T20:15:30","slug":"hd-410-s-haartrockner-auslass","status":"publish","type":"product","link":"https:\/\/gltestm.webology.pl\/de\/produkt\/hd-410-s-haartrockner-auslass\/","title":{"rendered":"HD-410 S Haartrockner Auslass"},"content":{"rendered":"<p>Der Lucznik HD-410 S Haartrockner<strong>ist das perfekte Ger\u00e4t zum Trocknen<\/strong> und <strong>Stylen der<\/strong> Haare zu Hause. Er bietet viele Funktionen und Optionen, sodass Sie ihn an Ihre <strong>individuellen<\/strong> Bed\u00fcrfnisse anpassen k\u00f6nnen. Zweifellos ist er ein unverzichtbares Ger\u00e4t f\u00fcr alle, denen ihr Haar am Herzen liegt und die jeden Tag sch\u00f6n aussehen wollen.<\/p>\n<h2>Wichtigste Merkmale<\/h2>\n<ul>\n<li>Haartrockner mit Ionisierungsfunktion<\/li>\n<li>Styling und Formgebung mit Hei\u00df- und Kaltluft<\/li>\n<li>Zweistufige Steuerung der Gebl\u00e4segeschwindigkeit<\/li>\n<li>Hei\u00dfes und kaltes Blasen<\/li>\n<li>Inklusive Gebl\u00e4sekonzentrator<\/li>\n<li>Inklusive Diffusor<\/li>\n<li>Klappbarer Griff<\/li>\n<li>Halterung zum Aufh\u00e4ngen<\/li>\n<li>2200 Watt Leistung<\/li>\n<li>Satinierte Schokoladenfarbe<\/li>\n<\/ul>\n<h2> Defekte gefunden<\/h2>\n<ul>\n<li>zur\u00fcckgegebenes Produkt<\/li>\n<li>besch\u00e4digte Verpackung<\/li>\n<\/ul>\n<h2>Schnelles Trocknen<\/h2>\n<p>Der Trockner ist mit einem <strong>2.200-Watt-Motor<\/strong> ausgestattet und braucht daher viel weniger Zeit zum Trocknen der Haare als andere Trockner mit geringerer Leistung.<\/p>\n<h2>Zwei Gebl\u00e4sestufen und Temperaturregelung<\/h2>\n<p>Der Haartrockner verf\u00fcgt \u00fcber <strong>zwei Geschwindigkeitsstufen<\/strong> , mit denen Sie die Gebl\u00e4sest\u00e4rke einstellen k\u00f6nnen, und<strong> drei Stufen der Lufttemperaturregelung <\/strong>&#8211; die Kombination der st\u00e4rksten Einstellungen macht das Trocknen fast <strong>blitzschnell<\/strong>! Die Funktionsweise des Haartrockners kann an die individuellen Vorlieben und den Haartyp angepasst werden.<\/p>\n<h2>Warm- und Kaltblasen<\/h2>\n<p>Der Trockner verf\u00fcgt \u00fcber eine Funktion <strong>Temperaturregelung<\/strong>, mit der Sie die Einstellungen f\u00fcr verschiedene <strong>Haartypen<\/strong> anpassen k\u00f6nnen. Je nach den individuellen Bed\u00fcrfnissen kann die Temperatur auf niedrig, mittel oder hoch eingestellt werden. Am Ende des  Trocknens ist es ratsam, das Haar mit der <strong>Kaltluftfunktion<\/strong> des Trockners<strong>abzuk\u00fchlen<\/strong> und die Schuppenschicht des Haares zu schlie\u00dfen, um sein Aussehen weiter zu verbessern.<\/p>\n<h2>Ionisierungsfunktion<\/h2>\n<p>Der Trockner ist mit einer Ionisierungsfunktion ausgestattet, die die statische Aufladung der Haare reduziert und Frizz verhindert. Nach dem Trocknen <strong>Haare nicht elektrisieren<\/strong>, besser <strong>aussehen<\/strong> und besser <strong>stylen<\/strong>. Dies ist besonders wichtig f\u00fcr Menschen mit d\u00fcnnem und feinem Haar.<\/p>\n<h2>Inklusive Luftkonzentrator und Diffusor<\/h2>\n<p><strong>Diffusor<\/strong><\/p>\n<p>Der Diffusor ist perfekt f\u00fcr  gewelltes<strong>  oder<\/strong> <strong>gelocktes<\/strong> Haar. Er hilft , die Luft zu<strong>verteilen<\/strong> , um das Trocknen <strong>gleichm\u00e4\u00dfiger<\/strong> zu machen und <strong>die nat\u00fcrlichen<\/strong> Wellen oder Locken zu<strong>erhalten<\/strong>.<\/p>\n<p><strong>Konzentrator<\/strong><\/p>\n<p>Mit dem Konzentrator k\u00f6nnen <strong>Sie<\/strong> den <strong>Luftstrom<\/strong> auf einen einzigen Punkt<strong>konzentrieren<\/strong>, wodurch <strong>es einfacher wird,<\/strong> und <strong>Ihr Haar<\/strong><strong>zu stylen<\/strong>. Er kann verwendet werden, um  ein<strong>glattes<\/strong> und <strong>glattes<\/strong> Finish zu erzielen, z. B. nach der Verwendung einer B\u00fcrste.<\/p>\n<h2>Stilvoll und elegant<\/h2>\n<p>Die Verwendung des HD 410 Haartrockners ist dank seines <strong>eleganten Designs<\/strong> ein wahres Vergn\u00fcgen. Er ist mit einer speziellen <strong>griffigen<\/strong> und \u00e4sthetischen  <strong>Beschichtung<\/strong> in einer einzigartigen <strong>schokoladenfarbenen Satinierung<\/strong> versehen. <\/p>\n<h2>Zusammenklappbarer und ergonomischer Griff<\/h2>\n<p>Der Griff des Trockners ist <strong>anatomisch<\/strong> profiliert, so dass er perfekt in Ihrer Hand liegt und Sie den Luftstrom effektiv in die gew\u00fcnschte Richtung lenken k\u00f6nnen.<\/p>\n<h2>Handgriff zum Aufh\u00e4ngen des Trockners<\/h2>\n<p> Die integrierte   <strong>Aufh\u00e4nge\u00f6se<\/strong> erm\u00f6glicht es <strong>,<\/strong> den Trockner nach dem Gebrauch auf einen Kleiderb\u00fcgel im Badezimmer zu h\u00e4ngen, so dass<strong>er<\/strong> <strong>immer griffbereit ist<\/strong>.<\/p>\n<h2>24 Monate Garantie und Anleitung auf Polnisch.<\/h2>\n<p><span><strong>Der Trockner HD-410 S<\/strong> wird mit einer <span><strong>24-monatigen Garantie<\/strong><\/span><span> und einer Anleitung in pol<\/span>nischer Sprache geliefert, die<span> Sie vor der Benutzung lesen sollten<\/span>.<\/span><\/p>\n","protected":false},"excerpt":{"rendered":"<p>Ein leistungsstarker Haartrockner mit klappbarem Griff und Luftkonzentrator in einem sehr eleganten Design. Es hat zwei Arbeitsgeschwindigkeiten und drei Grad der Temperaturregelung<\/p>\n","protected":false},"featured_media":15002,"comment_status":"open","ping_status":"closed","template":"","meta":[],"product_brand":[],"product_cat":[890],"product_tag":[],"class_list":{"0":"post-17600","1":"product","2":"type-product","3":"status-publish","4":"has-post-thumbnail","6":"product_cat-suszarki","8":"first","9":"outofstock","10":"taxable","11":"shipping-taxable","12":"purchasable","13":"product-type-simple"},"_links":{"self":[{"href":"https:\/\/gltestm.webology.pl\/de\/wp-json\/wp\/v2\/product\/17600","targetHints":{"allow":["GET"]}}],"collection":[{"href":"https:\/\/gltestm.webology.pl\/de\/wp-json\/wp\/v2\/product"}],"about":[{"href":"https:\/\/gltestm.webology.pl\/de\/wp-json\/wp\/v2\/types\/product"}],"replies":[{"embeddable":true,"href":"https:\/\/gltestm.webology.pl\/de\/wp-json\/wp\/v2\/comments?post=17600"}],"version-history":[{"count":0,"href":"https:\/\/gltestm.webology.pl\/de\/wp-json\/wp\/v2\/product\/17600\/revisions"}],"wp:featuredmedia":[{"embeddable":true,"href":"https:\/\/gltestm.webology.pl\/de\/wp-json\/wp\/v2\/media\/15002"}],"wp:attachment":[{"href":"https:\/\/gltestm.webology.pl\/de\/wp-json\/wp\/v2\/media?parent=17600"}],"wp:term":[{"taxonomy":"product_brand","embeddable":true,"href":"https:\/\/gltestm.webology.pl\/de\/wp-json\/wp\/v2\/product_brand?post=17600"},{"taxonomy":"product_cat","embeddable":true,"href":"https:\/\/gltestm.webology.pl\/de\/wp-json\/wp\/v2\/product_cat?post=17600"},{"taxonomy":"product_tag","embeddable":true,"href":"https:\/\/gltestm.webology.pl\/de\/wp-json\/wp\/v2\/product_tag?post=17600"}],"curies":[{"name":"wp","href":"https:\/\/api.w.org\/{rel}","templated":true}]}}