{"id":17492,"date":"2026-03-18T22:04:42","date_gmt":"2026-03-18T21:04:42","guid":{"rendered":"https:\/\/gltestm.webology.pl\/produkt\/schneiderkreide-set-4-stueck-in-einer-schachtel\/"},"modified":"2026-03-22T21:59:59","modified_gmt":"2026-03-22T20:59:59","slug":"schneiderkreide-set-4-stueck-in-einer-schachtel","status":"publish","type":"product","link":"https:\/\/gltestm.webology.pl\/de\/produkt\/schneiderkreide-set-4-stueck-in-einer-schachtel\/","title":{"rendered":"Schneiderkreide-Set (4 St\u00fcck) in einer Schachtel"},"content":{"rendered":"<h2>Schneiderkreide &#8211; Ihr ideales Werkzeug zum <strong>perfekten Zeichnen von Schnitten<\/strong>!<\/h2>\n<p>Vergessen Sie die Schwierigkeiten beim Markieren von Mustern auf Stoff &#8211; mit der Schneiderkreide wird alles einfacher und pr\u00e4ziser. Dieses Produkt wurde speziell entwickelt, um Ihnen au\u00dfergew\u00f6hnliche Qualit\u00e4t und Komfort bei Ihrer Arbeit zu bieten.<\/p>\n<h2>Was macht diese Schneiderkreide so besonders?<\/h2>\n<ol>\n<li><strong>Pr\u00e4zises<\/strong> <strong>Zeichnen von<\/strong> Schnitten: Die Schneiderkreide wird zu Ihrem zuverl\u00e4ssigen Helfer f\u00fcr <strong>perfekte Schnitte<\/strong>. Dank ihres speziellen Designs und ihrer <strong>H\u00e4rte<\/strong> k\u00f6nnen Sie Schnitt- und <strong>N\u00e4hpunkte<\/strong> auf verschiedenen Materialien genau markieren.<\/li>\n<li><strong>Praktische Verpackung<\/strong>: Jede Packung Schneiderkreide enth\u00e4lt <strong>4 St\u00fcck<\/strong> (rot, wei\u00df, blau, gelb) in einem praktischen Kunststoffkoffer. So haben Sie immer gen\u00fcgend Kreide f\u00fcr Ihre Projekte zur Hand.<\/li>\n<li><strong>Einfaches<\/strong> Nachzeichnen von <strong>Mustern<\/strong>: Egal, ob Sie auf <strong>Strickstoffen<\/strong> oder <strong>Leinwand<\/strong> arbeiten, unsere Schneiderkreide liefert Ihnen <strong>klare Spuren<\/strong>, die es Ihnen leicht machen, Mustern zu folgen und notwendige <strong>Korrekturen<\/strong> vorzunehmen.<\/li>\n<\/ol>\n<p>Verschwenden Sie keine Zeit mehr mit Versuch und Irrtum! Lassen Sie sich von der un\u00fcbertroffenen Pr\u00e4zision und dem Komfort unserer Schneiderkreide mitrei\u00dfen. Machen Sie Ihre N\u00e4hprojekte noch professioneller und eindrucksvoller. Bestellen Sie noch heute und sehen Sie, wie unsere Schneiderkreide Ihren kreativen Prozess viel angenehmer machen wird!<\/p>\n<h2>Entfernen von Kreide von Materialien<\/h2>\n<p>Nach der Verwendung von Kreide haben wir festgestellt, dass die Spuren, die sie auf den Materialien hinterl\u00e4sst, <strong>nach dem Waschen schlecht<\/strong> verblassen. Dies gilt f\u00fcr blaue und gelbe Kreide, deren Linie nach dem Waschen auf dem Material sichtbar war.<\/p>\n","protected":false},"excerpt":{"rendered":"<p>Schneiderkreide in einer praktischen Box. 4 St\u00fcck.<\/p>\n","protected":false},"featured_media":14164,"comment_status":"open","ping_status":"closed","template":"","meta":[],"product_brand":[],"product_cat":[745],"product_tag":[],"class_list":{"0":"post-17492","1":"product","2":"type-product","3":"status-publish","4":"has-post-thumbnail","6":"product_cat-mydelka-krawieckie-i-ich-zamienniki","8":"first","9":"instock","10":"taxable","11":"shipping-taxable","12":"purchasable","13":"product-type-simple"},"_links":{"self":[{"href":"https:\/\/gltestm.webology.pl\/de\/wp-json\/wp\/v2\/product\/17492","targetHints":{"allow":["GET"]}}],"collection":[{"href":"https:\/\/gltestm.webology.pl\/de\/wp-json\/wp\/v2\/product"}],"about":[{"href":"https:\/\/gltestm.webology.pl\/de\/wp-json\/wp\/v2\/types\/product"}],"replies":[{"embeddable":true,"href":"https:\/\/gltestm.webology.pl\/de\/wp-json\/wp\/v2\/comments?post=17492"}],"version-history":[{"count":0,"href":"https:\/\/gltestm.webology.pl\/de\/wp-json\/wp\/v2\/product\/17492\/revisions"}],"wp:featuredmedia":[{"embeddable":true,"href":"https:\/\/gltestm.webology.pl\/de\/wp-json\/wp\/v2\/media\/14164"}],"wp:attachment":[{"href":"https:\/\/gltestm.webology.pl\/de\/wp-json\/wp\/v2\/media?parent=17492"}],"wp:term":[{"taxonomy":"product_brand","embeddable":true,"href":"https:\/\/gltestm.webology.pl\/de\/wp-json\/wp\/v2\/product_brand?post=17492"},{"taxonomy":"product_cat","embeddable":true,"href":"https:\/\/gltestm.webology.pl\/de\/wp-json\/wp\/v2\/product_cat?post=17492"},{"taxonomy":"product_tag","embeddable":true,"href":"https:\/\/gltestm.webology.pl\/de\/wp-json\/wp\/v2\/product_tag?post=17492"}],"curies":[{"name":"wp","href":"https:\/\/api.w.org\/{rel}","templated":true}]}}